{"id":14916,"date":"2025-11-17T18:41:21","date_gmt":"2025-11-17T15:41:21","guid":{"rendered":"https:\/\/mirekskursii.com\/?post_type=product&#038;p=14916\/"},"modified":"2025-11-17T18:57:08","modified_gmt":"2025-11-17T15:57:08","slug":"buggy-safari-turu-side","status":"publish","type":"product","link":"https:\/\/mirekskursii.com\/ekskursii\/baggi-safari-v-side\/","title":{"rendered":"Side Buggy Safari Turu \u2013 Off-Road Macera"},"content":{"rendered":"<h3 data-start=\"0\" data-end=\"15\">\ud83c\udfdd\ufe0f Genel Bak\u0131\u015f<\/h3>\n<p data-start=\"16\" data-end=\"280\">Side'de bir buggy safarisine \u00e7\u0131k\u0131n ve ger\u00e7ek bir off-road maceras\u0131n\u0131 deneyin! Tozlu orman yollar\u0131, da\u011f patikalar\u0131 ve k\u00fc\u00e7\u00fck nehirler boyunca otomatik bir buggy s\u00fcreceksiniz. Tur yeni ba\u015flayanlar ve aileler i\u00e7in uygundur: ehliyet ve deneyim gerekli de\u011fildir.<\/p>\n<h3 data-start=\"282\" data-end=\"298\">Dahil:<\/h3>\n<p data-start=\"299\" data-end=\"432\"><span style=\"color: #00ff00;\"><strong>\u2713<\/strong> <\/span>Otel transferi<br data-start=\"321\" data-end=\"324\" \/><span style=\"color: #00ff00;\"><strong>\u2713<\/strong> <\/span>Profesyonel e\u011fitmen ve e\u015flik<br data-start=\"369\" data-end=\"372\" \/><span style=\"color: #00ff00;\"><strong>\u2713<\/strong> <\/span>Tam sigorta kapsam\u0131<br data-start=\"399\" data-end=\"402\" \/><span style=\"color: #00ff00;\"><strong>\u2713<\/strong> <\/span>Koruyucu ekipman (kask)<\/p>\n<h3 data-start=\"434\" data-end=\"453\">Dahil de\u011fil:<\/h3>\n<p data-start=\"454\" data-end=\"574\"><span style=\"color: #ff0000;\"><strong>\u2717<\/strong> <\/span>Ki\u015fisel harcamalar (i\u00e7ecekler, at\u0131\u015ft\u0131rmal\u0131klar, foto\u011fraflar, bandanalar)<br data-start=\"510\" data-end=\"513\" \/><span style=\"color: #ff0000;\"><strong>\u2717<\/strong> <\/span>\u0130ste\u011fe ba\u011fl\u0131 banyo molas\u0131 ve ek hizmetler<\/p>\n<h3 data-start=\"576\" data-end=\"606\">\ud83c\udf1f Turun \u00f6ne \u00e7\u0131kan \u00f6zellikleri<\/h3>\n<p data-start=\"607\" data-end=\"929\">\ud83d\udd39 Side \u00e7evresindeki tozlu orman ve da\u011f yollar\u0131nda buggy s\u00fcrmek<br data-start=\"678\" data-end=\"681\" \/>\ud83d\udd39 Kolay nehir ge\u00e7i\u015fleri ve off-road b\u00f6l\u00fcmleri olan rotalar<br data-start=\"745\" data-end=\"748\" \/>\ud83d\udd39 Kullan\u0131m\u0131 kolay otomatik makineler - yeni ba\u015flayanlar i\u00e7in ideal<br data-start=\"817\" data-end=\"820\" \/>\ud83d\udd39 \u00c7iftler, aileler ve \u015firketler i\u00e7in e\u011flenceli aktif e\u011flence<br data-start=\"885\" data-end=\"888\" \/>\ud83d\udd39 G\u00fcnl\u00fck sabah ve \u00f6\u011fleden sonra gezileri<\/p>\n<h3 data-start=\"931\" data-end=\"955\">\ud83d\udcd6 Tam a\u00e7\u0131klama<\/h3>\n<p data-start=\"956\" data-end=\"1231\">Yolculu\u011funuz Side b\u00f6lgesindeki otelinizden safari buggy \u00fcss\u00fcne konforlu bir transferle ba\u015flar. Var\u0131\u015fta, e\u011fitmenleriniz size kask, k\u0131sa bir g\u00fcvenlik brifingi ve otomatik bir buggy'nin direksiyonunda kendinize g\u00fcvenmenizi sa\u011flamak i\u00e7in k\u0131sa bir test s\u00fcr\u00fc\u015f\u00fc sa\u011flayacakt\u0131r.<\/p>\n<p data-start=\"1233\" data-end=\"1588\">Ard\u0131ndan as\u0131l macera ba\u015fl\u0131yor: Rehberinizi tozlu orman yollar\u0131 boyunca, tepeler boyunca ve s\u0131\u011f dereler boyunca takip ederek Toros Da\u011flar\u0131'n\u0131n manzaras\u0131n\u0131n tad\u0131n\u0131 \u00e7\u0131kar\u0131yorsunuz. Rota boyunca dinlenmek, foto\u011fraf \u00e7ekmek ve istenirse y\u00fczmek i\u00e7in k\u0131sa molalar veriliyor. Turun sonunda \u00fcsse d\u00f6n\u00fcp birka\u00e7 dakika dinleniyorsunuz ve otelinize geri g\u00f6t\u00fcr\u00fcl\u00fcyorsunuz.<\/p>\n<h3 data-start=\"1590\" data-end=\"1612\">\ud83d\uddfa\ufe0f Tur g\u00fczergah\u0131<\/h3>\n<p data-start=\"1613\" data-end=\"1933\">\ud83d\udd39 Side b\u00f6lgesindeki otel ve apartlardan \u00e7it<br data-start=\"1661\" data-end=\"1664\" \/>\ud83d\udd39 Buggy \u00fcss\u00fcne var\u0131\u015f ve check-in<br data-start=\"1703\" data-end=\"1706\" \/>\ud83d\udd39 G\u00fcvenlik brifingi ve test s\u00fcr\u00fc\u015f\u00fc<br data-start=\"1756\" data-end=\"1759\" \/>\ud83d\udd39 Da\u011f ve orman parkurlar\u0131nda off-road gezisi<br data-start=\"1807\" data-end=\"1810\" \/>\ud83d\udd39 Dinlenme, foto\u011fraf ve banyo i\u00e7in k\u0131sa molalar (iste\u011fe ba\u011fl\u0131)<br data-start=\"1870\" data-end=\"1873\" \/>\ud83d\udd39 Buggy \u00fcss\u00fcne geri d\u00f6n\u00fcn<br data-start=\"1901\" data-end=\"1904\" \/>\ud83d\udd39 Otellere geri transfer<\/p>\n<h3 data-start=\"1935\" data-end=\"1963\">\u2139\ufe0f Faydal\u0131 bilgiler<\/h3>\n<p data-start=\"1964\" data-end=\"2302\">\ud83d\udd39 S\u00fcre: yakla\u015f\u0131k 3-4 saat (transfer dahil)<br data-start=\"2020\" data-end=\"2023\" \/>\ud83d\udd39 G\u00fcnde iki sefer: yakla\u015f\u0131k 09:00 ve 13:30 saatlerinde<br data-start=\"2073\" data-end=\"2076\" \/>\ud83d\udd39 Ehliyete gerek yok<br data-start=\"2110\" data-end=\"2113\" \/>\ud83d\udd39 \u00c7ocuklar ebeveynleriyle birlikte yolcu olarak kat\u0131labilir<br data-start=\"2180\" data-end=\"2183\" \/>\ud83d\udd39 Rahat eski k\u0131yafetler ve kapal\u0131 ayakkab\u0131lar tavsiye edilir<br data-start=\"2238\" data-end=\"2241\" \/>\ud83d\udd39 Rota hava ko\u015fullar\u0131na ba\u011fl\u0131 olarak de\u011fi\u015febilir<\/p>\n<h3 data-start=\"2304\" data-end=\"2330\">\ud83c\udf92 Yan\u0131n\u0131za ne almal\u0131s\u0131n\u0131z<\/h3>\n<p data-start=\"2331\" data-end=\"2505\">\ud83d\udd39 G\u00fcne\u015f g\u00f6zl\u00fc\u011f\u00fc ve g\u00fcne\u015f kremi<br data-start=\"2370\" data-end=\"2373\" \/>\ud83d\udd39 Toz i\u00e7in bir bandana veya y\u00fcz maskesi<br data-start=\"2410\" data-end=\"2413\" \/>\ud83d\udd39 Rahat k\u0131yafetler ve kapal\u0131 ayakkab\u0131lar<br data-start=\"2447\" data-end=\"2450\" \/>\ud83d\udd39 \u0130\u00e7ecekler, foto\u011fraflar ve ki\u015fisel harcamalar i\u00e7in k\u00fc\u00e7\u00fck bir miktar para<\/p>\n<h3 data-start=\"2507\" data-end=\"2531\">\ud83d\udeab \u015eunlar i\u00e7in uygun de\u011fildir<\/h3>\n<p data-start=\"2532\" data-end=\"2648\">\ud83d\udd39 Hamile kad\u0131nlar<br data-start=\"2553\" data-end=\"2556\" \/>\ud83d\udd39 Ciddi s\u0131rt veya kalp rahats\u0131zl\u0131klar\u0131 olan misafirler<br data-start=\"2608\" data-end=\"2611\" \/>\ud83d\udd39 Hareket kabiliyeti k\u0131s\u0131tl\u0131 ki\u015filer<\/p>\n<h3 data-start=\"2650\" data-end=\"2678\">\ud83d\udcb8 Fiyat ve rezervasyon<\/h3>\n<p data-start=\"2680\" data-end=\"2820\"><strong>\ud83d\udd39 \u015eimdi rezervasyon yap\u0131n - tur g\u00fcn\u00fc \u00f6deme yap\u0131n<\/strong><br data-start=\"2726\" data-end=\"2729\" \/>\ud83d\udd39 WhatsApp, Telegram, Viber \u00fczerinden bize ula\u015f\u0131n veya a\u015fa\u011f\u0131daki sipari\u015f formunu doldurun. \ud83d\udc47\ud83c\udffc<\/p>","protected":false},"excerpt":{"rendered":"<p>Side'de Buggy Safari, tozlu orman yollar\u0131nda ve tepelerde ge\u00e7en bir off-road maceras\u0131d\u0131r. Otel transferi, e\u011fitmen, ekipman dahildir. Yeni ba\u015flayanlar i\u00e7in uygundur.<\/p>","protected":false},"featured_media":14809,"comment_status":"open","ping_status":"closed","template":"","meta":[],"product_brand":[],"product_cat":[125],"product_tag":[110],"class_list":{"0":"post-14916","1":"product","2":"type-product","3":"status-publish","4":"has-post-thumbnail","6":"tour_phys-ekskursii-v-side","7":"product_cat-ekskursii-v-side","8":"product_tag-side","9":"pa_destination-ekskursii-v-side","11":"first","12":"instock","13":"sale","14":"shipping-taxable","15":"purchasable","16":"product-type-tour_phys"},"aioseo_notices":[],"_links":{"self":[{"href":"https:\/\/mirekskursii.com\/tr\/wp-json\/wp\/v2\/product\/14916","targetHints":{"allow":["GET"]}}],"collection":[{"href":"https:\/\/mirekskursii.com\/tr\/wp-json\/wp\/v2\/product"}],"about":[{"href":"https:\/\/mirekskursii.com\/tr\/wp-json\/wp\/v2\/types\/product"}],"replies":[{"embeddable":true,"href":"https:\/\/mirekskursii.com\/tr\/wp-json\/wp\/v2\/comments?post=14916"}],"wp:featuredmedia":[{"embeddable":true,"href":"https:\/\/mirekskursii.com\/tr\/wp-json\/wp\/v2\/media\/14809"}],"wp:attachment":[{"href":"https:\/\/mirekskursii.com\/tr\/wp-json\/wp\/v2\/media?parent=14916"}],"wp:term":[{"taxonomy":"product_brand","embeddable":true,"href":"https:\/\/mirekskursii.com\/tr\/wp-json\/wp\/v2\/product_brand?post=14916"},{"taxonomy":"product_cat","embeddable":true,"href":"https:\/\/mirekskursii.com\/tr\/wp-json\/wp\/v2\/product_cat?post=14916"},{"taxonomy":"product_tag","embeddable":true,"href":"https:\/\/mirekskursii.com\/tr\/wp-json\/wp\/v2\/product_tag?post=14916"}],"curies":[{"name":"wp","href":"https:\/\/api.w.org\/{rel}","templated":true}]}}