{"id":14915,"date":"2025-11-17T18:29:34","date_gmt":"2025-11-17T15:29:34","guid":{"rendered":"https:\/\/mirekskursii.com\/?post_type=product&#038;p=14915\/"},"modified":"2025-11-17T18:38:24","modified_gmt":"2025-11-17T15:38:24","slug":"the-land-of-legends-aquapark-side","status":"publish","type":"product","link":"https:\/\/mirekskursii.com\/ekskursii\/land-of-legends-akvapark-iz-side\/","title":{"rendered":"Side'den Land of Legends Aquapark \u2013 Transfer &amp; Bilet"},"content":{"rendered":"<h3 data-start=\"0\" data-end=\"14\">\ud83c\udfa2 \u0130nceleme<\/h3>\n<p data-start=\"15\" data-end=\"269\">Side ve \u00e7evresinden transferlerle Belek'teki The Land of Legends Su Park\u0131'nda tam bir g\u00fcn ge\u00e7irin. D\u00fczinelerce su kayd\u0131ra\u011f\u0131, Hyper Coaster, Typhoon Coaster, havuzlar ve Nickelodeon Land \u00e7ocuk alan\u0131 aileler ve adrenalin tutkunlar\u0131 i\u00e7in m\u00fckemmel bir g\u00fcn ge\u00e7irmenizi bekliyor.<\/p>\n<h3 data-start=\"271\" data-end=\"285\">Dahil:<\/h3>\n<p data-start=\"286\" data-end=\"455\"><span style=\"color: #00ff00;\"><strong>\u2713<\/strong> <\/span>Otel transferi<br data-start=\"308\" data-end=\"311\" \/><span style=\"color: #00ff00;\"><strong>\u2713<\/strong> <\/span>Efsaneler Diyar\u0131'na giri\u015f bileti\u00ab<br data-start=\"344\" data-end=\"347\" \/><span style=\"color: #00ff00;\"><strong>\u2713<\/strong> <\/span>Transferler s\u0131ras\u0131nda sigorta<br data-start=\"380\" data-end=\"383\" \/><span style=\"color: #00ff00;\"><strong>\u2713<\/strong> <\/span>Klimal\u0131 konforlu otob\u00fcs<br data-start=\"424\" data-end=\"427\" \/><span style=\"color: #00ff00;\"><strong>\u2713<\/strong> <\/span>Rehber: Rus\u00e7a, \u0130ngilizce<\/p>\n<h3 data-start=\"457\" data-end=\"474\">Dahil de\u011fil:<\/h3>\n<p data-start=\"475\" data-end=\"593\"><span style=\"color: #ff0000;\">\u2717<\/span> Yiyecek ve i\u00e7ecek<br data-start=\"490\" data-end=\"493\" \/><span style=\"color: #ff0000;\">\u2717<\/span> Foto\u011fraf ve video<br data-start=\"507\" data-end=\"510\" \/><span style=\"color: #ff0000;\">\u2717<\/span> Premium atraksiyonlar (\u00f6rn. yunuslarla y\u00fczme)<\/p>\n<h3 data-start=\"595\" data-end=\"625\">\ud83c\udf0a Turun \u00f6nemli noktalar\u0131<\/h3>\n<p data-start=\"626\" data-end=\"906\">\ud83d\udd39 62 metrelik Hyper Coaster dahil heyecan verici kayd\u0131raklar<br data-start=\"683\" data-end=\"686\" \/>\ud83d\udd39 43 metrelik Typhoon Coaster ve 40'\u0131n \u00fczerinde su kayd\u0131ra\u011f\u0131<br data-start=\"740\" data-end=\"743\" \/>\ud83d\udd39 S\u00fcnger Bob ve Paw Patrol karakterlerinin yer ald\u0131\u011f\u0131 Nickelodeon Land<br data-start=\"796\" data-end=\"799\" \/>\ud83d\udd39 Dalga havuzlar\u0131, tembel nehirler ve \u00e7ocuklar i\u00e7in alanlar<br data-start=\"850\" data-end=\"853\" \/>\ud83d\udd39 T\u00fcm aile i\u00e7in animasyon, g\u00f6steriler ve temal\u0131 alanlar<\/p>\n<h3 data-start=\"908\" data-end=\"932\">\ud83d\udcd6 Tam a\u00e7\u0131klama<\/h3>\n<p data-start=\"933\" data-end=\"1244\">G\u00fcn\u00fcn\u00fcz Side ve \u00e7evresindeki otelinizden Belek'teki The Land of Legends'a transfer ile ba\u015flayacakt\u0131r. Var\u0131\u015fta biletlerinizi alacak ve su park\u0131n\u0131 kendi ba\u015f\u0131n\u0131za ke\u015ffedeceksiniz: Hyper Coaster ve Typhoon Coaster'a binin, aile dostu olandan ekstrem olana kadar \u00e7e\u015fitli zorluklarda 40'tan fazla su kayd\u0131ra\u011f\u0131n\u0131 deneyimleyin.<\/p>\n<p data-start=\"1246\" data-end=\"1542\">\u00c7ocuklar en sevilen karakterleri, \u00e7ocuk havuzlar\u0131 ve g\u00fcvenli kayd\u0131raklar\u0131yla Nickelodeon Land'e bay\u0131lacak. G\u00fcn boyunca havuzlar\u0131n kenar\u0131nda dinlenebilir, g\u00fcne\u015flenebilir, g\u00f6sterilerin ve animasyonlar\u0131n tad\u0131n\u0131 \u00e7\u0131karabilirsiniz. E\u011flence dolu bir g\u00fcn\u00fcn ard\u0131ndan bir otob\u00fcs sizi alacak ve Side'deki otelinize rahat\u00e7a geri g\u00f6t\u00fcrecektir.<\/p>\n<h3 data-start=\"1544\" data-end=\"1566\">\ud83d\uddfa\ufe0f Tur g\u00fczergah\u0131<\/h3>\n<p data-start=\"1567\" data-end=\"1778\">\ud83d\udd39 Side ve \u00e7evresindeki otellerden ara\u00e7la alma<br data-start=\"1607\" data-end=\"1610\" \/>\ud83d\udd39 Belek'teki Efsaneler Diyar\u0131'na var\u0131\u015f<br data-start=\"1652\" data-end=\"1655\" \/>\ud83d\udd39 Su park\u0131 ve e\u011flence park\u0131nda serbest zaman (~5-6 saat)<br data-start=\"1719\" data-end=\"1722\" \/>\ud83d\udd39 Grubu \u00e7\u0131k\u0131\u015fta toplay\u0131n<br data-start=\"1745\" data-end=\"1748\" \/>\ud83d\udd39 Otellere d\u00f6n\u00fc\u015f transferi<\/p>\n<h3 data-start=\"1780\" data-end=\"1808\">\u2139\ufe0f Faydal\u0131 bilgiler<\/h3>\n<p data-start=\"1809\" data-end=\"2327\">\ud83d\udd39 S\u00fcre: ~7-8 saat (tam g\u00fcn tur)<br data-start=\"1867\" data-end=\"1870\" \/>\ud83d\udd39 \u00c7o\u011fu ya\u015f i\u00e7in uygun, orta d\u00fczeyde fiziksel aktivite<br data-start=\"1940\" data-end=\"1943\" \/>\ud83d\udd39 Kupon park bilet gi\u015fesinde kullan\u0131lmal\u0131d\u0131r<br data-start=\"1986\" data-end=\"1989\" \/>\ud83d\udd39 A\u00e7\u0131l\u0131\u015f saatleri ve g\u00f6steriler sezona ba\u011fl\u0131 olarak de\u011fi\u015febilir<br data-start=\"2048\" data-end=\"2051\" \/>\ud83d\udd39 Evcil hayvanlar\u0131n, d\u0131\u015far\u0131dan yiyecek ve i\u00e7eceklerin ve alkol\u00fcn parka getirilmesine izin verilmez<br data-start=\"2150\" data-end=\"2153\" \/>\ud83d\udd39 \u00dccretsiz seyahat eden 6 ya\u015f\u0131ndan k\u00fc\u00e7\u00fck \u00e7ocuklar\u0131n otob\u00fcste ayr\u0131 bir koltu\u011fu yoktur; tam dolu olduklar\u0131nda bir yeti\u015fkinin kuca\u011f\u0131na otururlar veya \u00f6nceden bir koltuk rezerve edilebilir<\/p>\n<h3 data-start=\"2329\" data-end=\"2355\">\ud83c\udf92 Yan\u0131n\u0131za ne almal\u0131s\u0131n\u0131z<\/h3>\n<p data-start=\"2356\" data-end=\"2526\">\ud83d\udd39 Mayo ve havlu.<br data-start=\"2380\" data-end=\"2383\" \/>\ud83d\udd39 Su ayakkab\u0131s\u0131 (tavsiye edilir)<br data-start=\"2414\" data-end=\"2417\" \/>\ud83d\udd39 G\u00fcne\u015f kremi, g\u00fcne\u015f g\u00f6zl\u00fc\u011f\u00fc ve \u015fapka<br data-start=\"2461\" data-end=\"2464\" \/>\ud83d\udd39 Yemek, foto\u011fraf ve ekstralar i\u00e7in biraz para<\/p>\n<h3 data-start=\"2528\" data-end=\"2552\">\ud83d\udeab \u015eunlar i\u00e7in uygun de\u011fildir<\/h3>\n<p data-start=\"2553\" data-end=\"2722\">\ud83d\udd39 Hamile kad\u0131nlar<br data-start=\"2574\" data-end=\"2577\" \/>\ud83d\udd39 Ciddi kardiyovask\u00fcler hastal\u0131\u011f\u0131 veya s\u0131n\u0131rl\u0131 hareket kabiliyeti olan ki\u015filer<br data-start=\"2662\" data-end=\"2665\" \/>\ud83d\udd39 Yo\u011fun su atraksiyonlar\u0131na tahamm\u00fcl edemeyen misafirler<\/p>\n<h3 data-start=\"2724\" data-end=\"2752\">\ud83d\udcb8 Fiyat ve rezervasyon<\/h3>\n<p data-start=\"2753\" data-end=\"2893\"><strong>\ud83d\udd39 \u015eimdi rezervasyon yap\u0131n - tur g\u00fcn\u00fc \u00f6deme yap\u0131n<\/strong><br data-start=\"2799\" data-end=\"2802\" \/>\ud83d\udd39 WhatsApp, Telegram, Viber \u00fczerinden bize ula\u015f\u0131n veya a\u015fa\u011f\u0131daki sipari\u015f formunu doldurun. \ud83d\udc47\ud83c\udffc<\/p>","protected":false},"excerpt":{"rendered":"<p>Side'den The Land of Legends Su Park\u0131 - transferler, bilet, dev kayd\u0131raklar, Nickelodeon Land ve havuzlar. Belek'te m\u00fckemmel bir aile g\u00fcn\u00fc, tur g\u00fcn\u00fc \u00f6deme.<\/p>","protected":false},"featured_media":12791,"comment_status":"open","ping_status":"closed","template":"","meta":[],"product_brand":[],"product_cat":[125],"product_tag":[110],"class_list":{"0":"post-14915","1":"product","2":"type-product","3":"status-publish","4":"has-post-thumbnail","6":"tour_phys-ekskursii-v-side","7":"product_cat-ekskursii-v-side","8":"product_tag-side","9":"pa_destination-ekskursii-v-side","11":"first","12":"instock","13":"sale","14":"shipping-taxable","15":"purchasable","16":"product-type-tour_phys"},"aioseo_notices":[],"_links":{"self":[{"href":"https:\/\/mirekskursii.com\/tr\/wp-json\/wp\/v2\/product\/14915","targetHints":{"allow":["GET"]}}],"collection":[{"href":"https:\/\/mirekskursii.com\/tr\/wp-json\/wp\/v2\/product"}],"about":[{"href":"https:\/\/mirekskursii.com\/tr\/wp-json\/wp\/v2\/types\/product"}],"replies":[{"embeddable":true,"href":"https:\/\/mirekskursii.com\/tr\/wp-json\/wp\/v2\/comments?post=14915"}],"wp:featuredmedia":[{"embeddable":true,"href":"https:\/\/mirekskursii.com\/tr\/wp-json\/wp\/v2\/media\/12791"}],"wp:attachment":[{"href":"https:\/\/mirekskursii.com\/tr\/wp-json\/wp\/v2\/media?parent=14915"}],"wp:term":[{"taxonomy":"product_brand","embeddable":true,"href":"https:\/\/mirekskursii.com\/tr\/wp-json\/wp\/v2\/product_brand?post=14915"},{"taxonomy":"product_cat","embeddable":true,"href":"https:\/\/mirekskursii.com\/tr\/wp-json\/wp\/v2\/product_cat?post=14915"},{"taxonomy":"product_tag","embeddable":true,"href":"https:\/\/mirekskursii.com\/tr\/wp-json\/wp\/v2\/product_tag?post=14915"}],"curies":[{"name":"wp","href":"https:\/\/api.w.org\/{rel}","templated":true}]}}