{"id":14912,"date":"2025-11-17T16:38:53","date_gmt":"2025-11-17T13:38:53","guid":{"rendered":"https:\/\/mirekskursii.com\/?post_type=product&#038;p=14912\/"},"modified":"2025-12-11T20:55:00","modified_gmt":"2025-12-11T17:55:00","slug":"yunus-gosterisi-yunuslarla-yuzme-side","status":"publish","type":"product","link":"https:\/\/mirekskursii.com\/ekskursii\/shou-delfinov-v-side\/","title":{"rendered":"Side Yunus G\u00f6sterisi ve Yunuslarla Y\u00fczme"},"content":{"rendered":"<h3 data-start=\"105\" data-end=\"120\">\ud83c\udfdd\ufe0f Genel Bak\u0131\u015f<\/h3>\n<p data-start=\"121\" data-end=\"414\">Side'deki yunus g\u00f6sterisinde e\u011flence dolu bir g\u00fcn ge\u00e7irin! Yunuslar\u0131n ve deniz aslanlar\u0131n\u0131n yer ald\u0131\u011f\u0131 renkli bir g\u00f6steri izleyin ve dilerseniz yunuslarla y\u00fczmeyi de ekleyin. Aileler, \u00e7iftler ve \u00e7ocuklar i\u00e7in ideal: Side, Kumk\u00f6y, Titrejeng\u00f6l ve Evrenseki otellerinden transferler fiyata dahildir.<\/p>\n<h3 data-start=\"416\" data-end=\"431\">Dahil:<\/h3>\n<p data-start=\"432\" data-end=\"576\"><span style=\"color: #00ff00;\"><strong>\u2713<\/strong> <\/span>Otel transferi<br data-start=\"454\" data-end=\"457\" \/><span style=\"color: #00ff00;\"><strong>\u2713<\/strong> <\/span>Yunus ve deniz aslan\u0131 g\u00f6sterisine giri\u015f<br data-start=\"496\" data-end=\"499\" \/><span style=\"color: #00ff00;\"><strong>\u2713<\/strong> <\/span>Profesyonel e\u011fitmenler ve personel deste\u011fi<br data-start=\"544\" data-end=\"547\" \/><span style=\"color: #00ff00;\"><strong>\u2713<\/strong> <\/span>Tam sigorta kapsam\u0131<\/p>\n<h3 data-start=\"578\" data-end=\"596\">Dahil de\u011fil:<\/h3>\n<p data-start=\"597\" data-end=\"698\"><span style=\"color: #ff0000;\"><strong>\u2717<\/strong> <\/span>Yunuslarla y\u00fczme (iste\u011fe ba\u011fl\u0131, ekstra \u00fccret)<br data-start=\"645\" data-end=\"648\" \/><span style=\"color: #ff0000;\"><strong>\u2717<\/strong> <\/span>Ki\u015fisel harcamalar, yiyecek ve i\u00e7ecekler<br data-start=\"679\" data-end=\"682\" \/><span style=\"color: #ff0000;\"><strong>\u2717<\/strong> <\/span>Foto\u011fraf ve video<\/p>\n<h3 data-start=\"700\" data-end=\"730\">\ud83c\udf1f Turun \u00f6ne \u00e7\u0131kan \u00f6zellikleri<\/h3>\n<p data-start=\"731\" data-end=\"1030\">\ud83d\udd39 1 saatlik muhte\u015fem yunus ve deniz aslan\u0131 g\u00f6sterisi<br data-start=\"786\" data-end=\"789\" \/>\ud83d\udd39 Yunuslarla iste\u011fe ba\u011fl\u0131 7-8 dakikal\u0131k y\u00fczme seans\u0131<br data-start=\"847\" data-end=\"850\" \/>\ud83d\udd39 Her ya\u015ftan misafir i\u00e7in g\u00fcvenli ve keyifli bir deneyim<br data-start=\"905\" data-end=\"908\" \/>\ud83d\udd39 \u00c7ocuklar ve yeti\u015fkinler i\u00e7in e\u011fitici ve e\u011flendirici program<br data-start=\"975\" data-end=\"978\" \/>\ud83d\udd39 Side b\u00f6lgesindeki otellerden konforlu transferler<\/p>\n<h3 data-start=\"1032\" data-end=\"1056\">\ud83d\udcd6 Tam a\u00e7\u0131klama<\/h3>\n<p data-start=\"1057\" data-end=\"1295\">Unutulmaz g\u00fcn\u00fcn\u00fcze Side'deki otelinizden ve yak\u0131nlardaki tatil beldelerinden konforlu bir transferle ba\u015flay\u0131n. K\u0131sa bir yolculuktan sonra, renkli bir canl\u0131 g\u00f6steri s\u0131ras\u0131nda yunuslar\u0131n ve deniz aslanlar\u0131n\u0131n ne kadar zeki, \u00e7evik ve oyuncu olduklar\u0131n\u0131 g\u00f6rece\u011finiz yunus park\u0131na varacaks\u0131n\u0131z.<\/p>\n<p data-start=\"1297\" data-end=\"1560\">Daha fazlas\u0131n\u0131 isteyenler i\u00e7in, profesyonel e\u011fitmenlerin g\u00f6zetiminde hayvanlarla birlikte havuzda yakla\u015f\u0131k 7-8 dakika s\u00fcren iste\u011fe ba\u011fl\u0131 bir \u00abYunuslarla Y\u00fczme\u00bb seans\u0131 vard\u0131r. Bu, 3 ya\u015f\u0131ndan b\u00fcy\u00fck \u00e7ocuklar (ebeveynleri e\u015fli\u011finde) ve yeti\u015fkinler i\u00e7in uygun b\u00fcy\u00fcl\u00fc bir deneyimdir.<\/p>\n<p data-start=\"1562\" data-end=\"1736\">G\u00f6steriden ve dilerseniz y\u00fczd\u00fckten sonra, foto\u011fraf veya video sat\u0131n almak ve hediyelik e\u015fya sat\u0131n almak i\u00e7in serbest zaman\u0131n\u0131z olacak. Daha sonra otelinize konforlu bir transferiniz olacak.<\/p>\n<h3 data-start=\"1738\" data-end=\"1760\">\ud83d\uddfa\ufe0f Tur g\u00fczergah\u0131<\/h3>\n<p data-start=\"1761\" data-end=\"2040\">\ud83d\udd39 Side ve \u00e7evresindeki otellerden ara\u00e7la alma<br data-start=\"1808\" data-end=\"1811\" \/>\ud83d\udd39 Dolphinarium'a var\u0131\u015f ve trib\u00fcnlerde konaklama<br data-start=\"1861\" data-end=\"1864\" \/>\ud83d\udd39 Yunus ve deniz aslan\u0131 g\u00f6sterisi (yakla\u015f\u0131k 1 saat)<br data-start=\"1911\" data-end=\"1914\" \/>\ud83d\udd39 \u0130ste\u011fe ba\u011fl\u0131: yunuslarla y\u00fczme seans\u0131<br data-start=\"1959\" data-end=\"1962\" \/>\ud83d\udd39 Foto\u011fraf ve hediyelik e\u015fya i\u00e7in serbest zaman<br data-start=\"2007\" data-end=\"2010\" \/>\ud83d\udd39 Otellere d\u00f6n\u00fc\u015f transferi<\/p>\n<h3 data-start=\"2042\" data-end=\"2070\">\u2139\ufe0f Faydal\u0131 bilgiler<\/h3>\n<p data-start=\"2071\" data-end=\"2438\">\ud83d\udd39 S\u00fcre: yakla\u015f\u0131k 4 saat (transfer dahil)<br data-start=\"2125\" data-end=\"2128\" \/>\ud83d\udd39 Y\u00fczme seans\u0131: Ki\u015fi ba\u015f\u0131 7-8 dakika<br data-start=\"2168\" data-end=\"2171\" \/>\ud83d\udd39 G\u00f6steriler g\u00fcnde iki kez yap\u0131l\u0131r (genellikle sabah ve \u00f6\u011fleden sonra)<br data-start=\"2226\" data-end=\"2229\" \/>\ud83d\udd39 Yunuslarla y\u00fczmek i\u00e7in \u00f6nceden rezervasyon yap\u0131lmal\u0131d\u0131r<br data-start=\"2284\" data-end=\"2287\" \/>\ud83d\udd39 Y\u00fczerken tak\u0131 veya sivri aksesuarlara izin verilmez<br data-start=\"2347\" data-end=\"2350\" \/>\ud83d\udd39 Epilepsi veya ciddi sa\u011fl\u0131k sorunlar\u0131 olan misafirlerin y\u00fczmesine izin verilmez<\/p>\n<h3 data-start=\"2440\" data-end=\"2466\">\ud83c\udf92 Yan\u0131n\u0131za ne almal\u0131s\u0131n\u0131z<\/h3>\n<p data-start=\"2467\" data-end=\"2656\">\ud83d\udd39 Mayo ve havlu (y\u00fcz\u00fcc\u00fcler i\u00e7in)<br data-start=\"2517\" data-end=\"2520\" \/>\ud83d\udd39 G\u00fcne\u015f g\u00f6zl\u00fc\u011f\u00fc ve \u015fapka<br data-start=\"2550\" data-end=\"2553\" \/>\ud83d\udd39 Ki\u015fisel foto\u011fraflar i\u00e7in kamera veya telefon<br data-start=\"2598\" data-end=\"2601\" \/>\ud83d\udd39 \u0130\u00e7ecekler, hediyelik e\u015fyalar ve foto\u011fraflar\/videolar i\u00e7in biraz para<\/p>\n<h3 data-start=\"2658\" data-end=\"2682\">\ud83d\udeab \u015eunlar i\u00e7in uygun de\u011fildir<\/h3>\n<p data-start=\"2683\" data-end=\"2840\">\ud83d\udd39 3 ya\u015f\u0131ndan k\u00fc\u00e7\u00fck \u00e7ocuklar (yunuslarla y\u00fczmelerine izin verilmez)<br data-start=\"2740\" data-end=\"2743\" \/>\ud83d\udd39 Epilepsi veya a\u011f\u0131r hastal\u0131\u011f\u0131 olan misafirler<br data-start=\"2791\" data-end=\"2794\" \/>\ud83d\udd39 Hareket kabiliyeti ciddi derecede k\u0131s\u0131tl\u0131 olan ki\u015filer<\/p>\n<h3 data-start=\"2842\" data-end=\"2870\">\ud83d\udcb8 Fiyat ve rezervasyon<\/h3>\n<p data-start=\"2871\" data-end=\"3011\"><strong>\ud83d\udd39 \u015eimdi rezervasyon yap\u0131n - tur g\u00fcn\u00fc \u00f6deme yap\u0131n<\/strong><br data-start=\"2917\" data-end=\"2920\" \/>\ud83d\udd39 WhatsApp, Telegram, Viber \u00fczerinden bize ula\u015f\u0131n veya a\u015fa\u011f\u0131daki sipari\u015f formunu doldurun. \ud83d\udc47\ud83c\udffc<\/p>","protected":false},"excerpt":{"rendered":"<p>Side'de otel transferli Yunus G\u00f6sterisi! Canl\u0131 performans, iste\u011fe ba\u011fl\u0131 yunuslarla y\u00fczme, aileler ve \u00e7ocuklar i\u00e7in harika bir program. \u00d6n \u00f6deme yapmadan rezervasyon yap\u0131n.<\/p>","protected":false},"featured_media":12886,"comment_status":"open","ping_status":"closed","template":"","meta":[],"product_brand":[],"product_cat":[125],"product_tag":[110],"class_list":{"0":"post-14912","1":"product","2":"type-product","3":"status-publish","4":"has-post-thumbnail","6":"tour_phys-ekskursii-v-side","7":"product_cat-ekskursii-v-side","8":"product_tag-side","9":"pa_destination-ekskursii-v-side","11":"first","12":"instock","13":"sale","14":"shipping-taxable","15":"purchasable","16":"product-type-tour_phys"},"aioseo_notices":[],"_links":{"self":[{"href":"https:\/\/mirekskursii.com\/tr\/wp-json\/wp\/v2\/product\/14912","targetHints":{"allow":["GET"]}}],"collection":[{"href":"https:\/\/mirekskursii.com\/tr\/wp-json\/wp\/v2\/product"}],"about":[{"href":"https:\/\/mirekskursii.com\/tr\/wp-json\/wp\/v2\/types\/product"}],"replies":[{"embeddable":true,"href":"https:\/\/mirekskursii.com\/tr\/wp-json\/wp\/v2\/comments?post=14912"}],"wp:featuredmedia":[{"embeddable":true,"href":"https:\/\/mirekskursii.com\/tr\/wp-json\/wp\/v2\/media\/12886"}],"wp:attachment":[{"href":"https:\/\/mirekskursii.com\/tr\/wp-json\/wp\/v2\/media?parent=14912"}],"wp:term":[{"taxonomy":"product_brand","embeddable":true,"href":"https:\/\/mirekskursii.com\/tr\/wp-json\/wp\/v2\/product_brand?post=14912"},{"taxonomy":"product_cat","embeddable":true,"href":"https:\/\/mirekskursii.com\/tr\/wp-json\/wp\/v2\/product_cat?post=14912"},{"taxonomy":"product_tag","embeddable":true,"href":"https:\/\/mirekskursii.com\/tr\/wp-json\/wp\/v2\/product_tag?post=14912"}],"curies":[{"name":"wp","href":"https:\/\/api.w.org\/{rel}","templated":true}]}}