{"id":14910,"date":"2025-11-17T15:52:41","date_gmt":"2025-11-17T12:52:41","guid":{"rendered":"https:\/\/mirekskursii.com\/?post_type=product&#038;p=14910\/"},"modified":"2026-04-02T17:53:16","modified_gmt":"2026-04-02T14:53:16","slug":"yamac-parasutu-side","status":"publish","type":"product","link":"https:\/\/mirekskursii.com\/ekskursii\/tandemniy-paraplan-iz-side\/","title":{"rendered":"Side Tandem Yama\u00e7 Para\u015f\u00fct\u00fc \u2013 E\u011fitmenle U\u00e7u\u015f"},"content":{"rendered":"<h3 data-start=\"56\" data-end=\"71\">\ud83c\udfdd\ufe0f Genel Bak\u0131\u015f<\/h3>\n<p data-start=\"72\" data-end=\"357\">Side sahili \u00fczerinde tandem yama\u00e7 para\u015f\u00fct\u00fc u\u00e7u\u015funu deneyimleyin: Yass\u0131 Tepe'den (yakla\u015f\u0131k 700 m) havalan\u0131n, Akdeniz'in, Side harabelerinin ve kumsallar\u0131n panoramik manzaras\u0131n\u0131 seyredin. Deneyim gerekmez - her \u015fey lisansl\u0131 bir pilot taraf\u0131ndan ger\u00e7ekle\u015ftirilir ve siz sadece 15-20 dakikal\u0131k u\u00e7u\u015fun ve adrenalinin tad\u0131n\u0131 \u00e7\u0131kar\u0131rs\u0131n\u0131z.<\/p>\n<h3 data-start=\"359\" data-end=\"375\">\u00a0Dahil:<\/h3>\n<p data-start=\"376\" data-end=\"589\"><span style=\"color: #00ff00;\"><strong>\u2713<\/strong> <\/span>Otel transferi<br data-start=\"401\" data-end=\"404\" \/><span style=\"color: #00ff00;\"><strong>\u2713<\/strong> <\/span>\u00a0Lisansl\u0131 profesyonel pilot<br data-start=\"445\" data-end=\"448\" \/><span style=\"color: #00ff00;\"><strong>\u2713<\/strong> <\/span>\u00a0Tam sigorta kapsam\u0131<br data-start=\"476\" data-end=\"479\" \/><span style=\"color: #00ff00;\"><strong>\u2713<\/strong> <\/span>\u00a0T\u00fcm u\u00e7u\u015f ve g\u00fcvenlik ekipmanlar\u0131<br data-start=\"514\" data-end=\"517\" \/><span style=\"color: #00ff00;\"><strong>\u2713<\/strong> <\/span>\u00a0Kalk\u0131\u015f noktas\u0131na 4\u00d74 transfer<br data-start=\"547\" data-end=\"550\" \/><span style=\"color: #00ff00;\"><strong>\u2713<\/strong> <\/span>\u00a0Kalk\u0131\u015f alan\u0131na giri\u015f bileti<\/p>\n<h3 data-start=\"591\" data-end=\"610\">\u00a0Dahil de\u011fil:<\/h3>\n<p data-start=\"611\" data-end=\"761\"><span style=\"color: #ff0000;\"><strong>\u2717<\/strong>\u00a0\u00a0<\/span>Ki\u015fisel harcamalar (i\u00e7ecekler, foto\u011fraflar, hediyelik e\u015fyalar)<br data-start=\"660\" data-end=\"663\" \/><span style=\"color: #ff0000;\"><strong>\u2717<\/strong>\u00a0\u00a0<\/span>\u00a0Profesyonel foto\u011fraflar ve videolar (sat\u0131n al\u0131nabilir)<br data-start=\"714\" data-end=\"717\" \/><span style=\"color: #ff0000;\"><strong>\u2717<\/strong>\u00a0\u00a0<\/span>\u00a0Talep \u00fczerine kad\u0131n pilot (+15\u20ac ek \u00fccret)<\/p>\n<h3 data-start=\"763\" data-end=\"793\">\ud83c\udf1f Turun \u00f6ne \u00e7\u0131kan \u00f6zellikleri<\/h3>\n<p data-start=\"794\" data-end=\"1112\">\ud83d\udd39 Side sahili \u00fczerinde tandem yama\u00e7 para\u015f\u00fct\u00fc<br data-start=\"845\" data-end=\"848\" \/>\ud83d\udd39 Yakla\u015f\u0131k 700 metre y\u00fckseklikten denizin, harabelerin ve plajlar\u0131n muhte\u015fem manzaras\u0131<br data-start=\"911\" data-end=\"914\" \/>\ud83d\udd39 Iasi Tepe tepesinden yumu\u015fak kalk\u0131\u015f ve sahile yumu\u015fak ini\u015f<br data-start=\"973\" data-end=\"976\" \/>\ud83d\udd39 Yeni ba\u015flayanlar i\u00e7in ideal - \u00f6nceden deneyim gerekmez<br data-start=\"1036\" data-end=\"1039\" \/>\ud83d\udd39 K\u0131sa tur s\u00fcresi - tatil program\u0131na s\u0131\u011fd\u0131rmas\u0131 kolay<\/p>\n<h3 data-start=\"1114\" data-end=\"1138\">\ud83d\udcd6 Tam a\u00e7\u0131klama<\/h3>\n<p data-start=\"1139\" data-end=\"1348\">Maceran\u0131z Side ve \u00e7evresindeki otelinizden transfer ile ba\u015flar. Yama\u00e7 para\u015f\u00fct\u00fc istasyonuna vard\u0131\u011f\u0131n\u0131zda, 4\u00d74 bir jipe transfer olacak ve Yass\u0131 Tepe'ye (deniz seviyesinden yakla\u015f\u0131k 700 metre y\u00fckseklikte) gideceksiniz.<\/p>\n<p data-start=\"1350\" data-end=\"1652\">K\u0131sa ama detayl\u0131 bir g\u00fcvenlik brifinginin ard\u0131ndan pilot ekipman\u0131n\u0131z\u0131 haz\u0131rlayacak ve siz birka\u00e7 ad\u0131m atacaks\u0131n\u0131z - ard\u0131ndan yama\u00e7 para\u015f\u00fct\u00fc sizi nazik\u00e7e havaya kald\u0131racak. 15-20 dakika boyunca sahil \u00fczerinde s\u00fcz\u00fclerek Akdeniz, Side antik kenti ve kumsal manzaralar\u0131n\u0131n keyfini \u00e7\u0131karacaks\u0131n\u0131z.<\/p>\n<p data-start=\"1654\" data-end=\"1842\">\u0130ni\u015f, u\u00e7u\u015f s\u0131ras\u0131nda \u00e7ekilen foto\u011fraf ve videolar\u0131 g\u00f6r\u00fcnt\u00fcleyebilece\u011finiz (iste\u011fe ba\u011fl\u0131 sat\u0131n alma) sahilde veya yak\u0131n\u0131nda ger\u00e7ekle\u015fir ve ard\u0131ndan canl\u0131 izlenimlerle otele d\u00f6nersiniz.<\/p>\n<h3 data-start=\"1844\" data-end=\"1866\">\ud83d\uddfa\ufe0f Tur g\u00fczergah\u0131<\/h3>\n<p data-start=\"1867\" data-end=\"2166\">\ud83d\udd39 Side ve \u00e7evresindeki otellerden ara\u00e7la alma<br data-start=\"1914\" data-end=\"1917\" \/>\ud83d\udd39 Yama\u00e7 para\u015f\u00fct\u00fc istasyonuna var\u0131\u015f<br data-start=\"1953\" data-end=\"1956\" \/>\ud83d\udd39 4\u00d74 jeep ile Iasi Tepe tepesine transfer (\u2248700 m)<br data-start=\"2008\" data-end=\"2011\" \/>\ud83d\udd39 G\u00fcvenlik brifingi ve ekipman haz\u0131rl\u0131\u011f\u0131<br data-start=\"2072\" data-end=\"2075\" \/>\ud83d\udd39 Tandem u\u00e7u\u015f (15-20 dakika)<br data-start=\"2107\" data-end=\"2110\" \/>\ud83d\udd39 Side Plaj\u0131'na ini\u015f<br data-start=\"2133\" data-end=\"2136\" \/>\ud83d\udd39 Otele d\u00f6n\u00fc\u015f transferi<\/p>\n<h3 data-start=\"2168\" data-end=\"2196\">\u2139\ufe0f Faydal\u0131 bilgiler<\/h3>\n<p data-start=\"2197\" data-end=\"2571\">\ud83d\udd39 Toplam s\u00fcre: yakla\u015f\u0131k 2-3 saat (transfer ile birlikte)<br data-start=\"2255\" data-end=\"2258\" \/>\ud83d\udd39 U\u00e7u\u015f s\u00fcresi: yakla\u015f\u0131k 15-20 dakika (hava ve ko\u015fullara ba\u011fl\u0131d\u0131r)<br data-start=\"2325\" data-end=\"2328\" \/>\ud83d\udd39 Hava elveri\u015fli oldu\u011funda her g\u00fcn 09:00 - 17:00 saatleri aras\u0131nda mevcuttur<br data-start=\"2391\" data-end=\"2394\" \/>\ud83d\udd39 Hava \u015fartlar\u0131na ba\u011fl\u0131 olarak t\u00fcm y\u0131l boyunca d\u00fczenlenir<br data-start=\"2452\" data-end=\"2455\" \/>\ud83d\udd39 Rahat k\u0131yafetler ve spor ayakkab\u0131lar tavsiye edilir<br data-start=\"2505\" data-end=\"2508\" \/>\ud83d\udd39 R\u00fczgar ve hava ko\u015fullar\u0131 nedeniyle olas\u0131 k\u00fc\u00e7\u00fck gecikmeler<\/p>\n<h3 data-start=\"2573\" data-end=\"2599\">\ud83c\udf92 Yan\u0131n\u0131za ne almal\u0131s\u0131n\u0131z<\/h3>\n<p data-start=\"2600\" data-end=\"2783\">\ud83d\udd39 Rahat k\u0131yafetler (\u015fort veya pantolon)<br data-start=\"2635\" data-end=\"2638\" \/>\ud83d\udd39 Spor\/sneaker ayakkab\u0131lar<br data-start=\"2670\" data-end=\"2673\" \/>\ud83d\udd39 G\u00fcne\u015f G\u00f6zl\u00fc\u011f\u00fc<br data-start=\"2695\" data-end=\"2698\" \/>\ud83d\udd39 R\u00fczgarl\u0131 havalarda hafif bir r\u00fczgarl\u0131k<br data-start=\"2736\" data-end=\"2739\" \/>\ud83d\udd39 Foto\u011fraf\/video veya ki\u015fisel harcamalar i\u00e7in para<\/p>\n<h3 data-start=\"2785\" data-end=\"2809\">\ud83d\udeab \u015eunlar i\u00e7in uygun de\u011fildir<\/h3>\n<p data-start=\"2810\" data-end=\"3020\">\ud83d\udd39 Alkol veya uyu\u015fturucu etkisi alt\u0131ndaki misafirler<br data-start=\"2873\" data-end=\"2876\" \/>\ud83d\udd39 Ciddi kardiyovask\u00fcler hastal\u0131\u011f\u0131 olan ki\u015filer<br data-start=\"2932\" data-end=\"2935\" \/>\ud83d\udd39 Ciddi omurga sorunlar\u0131 veya ciddi hareket bozukluklar\u0131 olan konuklar<\/p>\n<h3 data-start=\"3022\" data-end=\"3044\">\ud83d\udcb8 Fiyat ve rezervasyon<\/h3>\n<p data-start=\"3046\" data-end=\"3186\"><strong>\ud83d\udd39 \u015eimdi rezervasyon yap\u0131n - tur g\u00fcn\u00fc \u00f6deme yap\u0131n<\/strong><br data-start=\"3092\" data-end=\"3095\" \/>\ud83d\udd39 WhatsApp, Telegram, Viber \u00fczerinden bize ula\u015f\u0131n veya a\u015fa\u011f\u0131daki sipari\u015f formunu doldurun. \ud83d\udc47\ud83c\udffc<\/p>","protected":false},"excerpt":{"rendered":"<p>Side'de denizden ~700 m y\u00fckseklikten tandem yama\u00e7 para\u015f\u00fct\u00fc. Otel transferi, pilot, ekipman ve sigorta dahildir. Deneyim gerekmez - sadece u\u00e7un ve keyfini \u00e7\u0131kar\u0131n!<\/p>","protected":false},"featured_media":14787,"comment_status":"open","ping_status":"closed","template":"","meta":[],"product_brand":[],"product_cat":[125],"product_tag":[110],"class_list":{"0":"post-14910","1":"product","2":"type-product","3":"status-publish","4":"has-post-thumbnail","6":"tour_phys-ekskursii-v-side","7":"product_cat-ekskursii-v-side","8":"product_tag-side","9":"pa_destination-ekskursii-v-alanya","10":"pa_destination-ekskursii-v-side","12":"first","13":"instock","14":"sale","15":"shipping-taxable","16":"purchasable","17":"product-type-tour_phys"},"aioseo_notices":[],"_links":{"self":[{"href":"https:\/\/mirekskursii.com\/tr\/wp-json\/wp\/v2\/product\/14910","targetHints":{"allow":["GET"]}}],"collection":[{"href":"https:\/\/mirekskursii.com\/tr\/wp-json\/wp\/v2\/product"}],"about":[{"href":"https:\/\/mirekskursii.com\/tr\/wp-json\/wp\/v2\/types\/product"}],"replies":[{"embeddable":true,"href":"https:\/\/mirekskursii.com\/tr\/wp-json\/wp\/v2\/comments?post=14910"}],"wp:featuredmedia":[{"embeddable":true,"href":"https:\/\/mirekskursii.com\/tr\/wp-json\/wp\/v2\/media\/14787"}],"wp:attachment":[{"href":"https:\/\/mirekskursii.com\/tr\/wp-json\/wp\/v2\/media?parent=14910"}],"wp:term":[{"taxonomy":"product_brand","embeddable":true,"href":"https:\/\/mirekskursii.com\/tr\/wp-json\/wp\/v2\/product_brand?post=14910"},{"taxonomy":"product_cat","embeddable":true,"href":"https:\/\/mirekskursii.com\/tr\/wp-json\/wp\/v2\/product_cat?post=14910"},{"taxonomy":"product_tag","embeddable":true,"href":"https:\/\/mirekskursii.com\/tr\/wp-json\/wp\/v2\/product_tag?post=14910"}],"curies":[{"name":"wp","href":"https:\/\/api.w.org\/{rel}","templated":true}]}}