{"id":14907,"date":"2025-11-16T23:23:20","date_gmt":"2025-11-16T20:23:20","guid":{"rendered":"https:\/\/mirekskursii.com\/?post_type=product&#038;p=14907\/"},"modified":"2025-12-11T20:55:42","modified_gmt":"2025-12-11T17:55:42","slug":"antalya-tunel-akvaryum-turu-side","status":"publish","type":"product","link":"https:\/\/mirekskursii.com\/ekskursii\/antalya-tunnel-akvarium-iz-side\/","title":{"rendered":"Side'den Antalya T\u00fcnel Akvaryum Turu \u2013 Bilet Dahil"},"content":{"rendered":"<h3 data-start=\"53\" data-end=\"68\">\ud83c\udfdd\ufe0f Genel Bak\u0131\u015f<\/h3>\n<p data-start=\"69\" data-end=\"331\">Side ve Manavgat'tan Antalya Akvaryum T\u00fcnel Akvaryum'a yar\u0131m g\u00fcnl\u00fck uygun bir gezi ile seyahat edin. K\u00f6pekbal\u0131klar\u0131 ve y\u00fczlerce deniz canl\u0131s\u0131n\u0131n bulundu\u011fu 131 metrelik bir t\u00fcnel, temal\u0131 alanlar ve Kar D\u00fcnyas\u0131 sizi bekliyor - \u00e7ok fazla yorulmadan m\u00fckemmel bir aile gezisi.<\/p>\n<h3 data-start=\"333\" data-end=\"349\">\u00a0Dahil:<\/h3>\n<p data-start=\"350\" data-end=\"453\"><span style=\"color: #00ff00;\"><strong>\u2713<\/strong> <\/span>Otel transferi<br data-start=\"372\" data-end=\"375\" \/><span style=\"color: #00ff00;\"><strong>\u2713<\/strong> <\/span>Sigorta<br data-start=\"386\" data-end=\"389\" \/><span style=\"color: #00ff00;\"><strong>\u2713<\/strong> <\/span>Klimal\u0131 otob\u00fcs<br data-start=\"414\" data-end=\"417\" \/><span style=\"color: #00ff00;\"><strong>\u2713<\/strong> <\/span>Antalya Akvaryum'a giri\u015f bileti<\/p>\n<h3 data-start=\"455\" data-end=\"474\">\u00a0Dahil de\u011fil:<\/h3>\n<p data-start=\"475\" data-end=\"522\"><span style=\"color: #ff0000;\"><strong>\u2717<\/strong> <\/span>\u0130\u00e7ecekler<br data-start=\"484\" data-end=\"487\" \/><span style=\"color: #ff0000;\"><strong>\u2717<\/strong> <\/span>Ki\u015fisel harcamalar<\/p>\n<h3 data-start=\"524\" data-end=\"554\">\ud83c\udf0a Turun \u00f6nemli noktalar\u0131<\/h3>\n<p data-start=\"555\" data-end=\"823\">\ud83d\udd39 K\u00f6pekbal\u0131klar\u0131 ve egzotik bal\u0131klar\u0131n bulundu\u011fu 131 metrelik t\u00fcnel akvaryum<br data-start=\"623\" data-end=\"626\" \/>\ud83d\udd39 D\u00fcnyan\u0131n okyanuslar\u0131na ve denizlerine adanm\u0131\u015f tematik b\u00f6lgeler<br data-start=\"680\" data-end=\"683\" \/>\ud83d\udd39 Kar D\u00fcnyas\u0131 b\u00f6lgesi - yaz ortas\u0131nda k\u0131\u015f atmosferi<br data-start=\"731\" data-end=\"734\" \/>\ud83d\udd39 \u00c7ocuklu aileler i\u00e7in harika bir se\u00e7im<br data-start=\"770\" data-end=\"773\" \/>\ud83d\udd39 Side\/Manavgata b\u00f6lgesinden konforlu transfer<\/p>\n<h3 data-start=\"825\" data-end=\"849\">\ud83d\udcd6 Tam a\u00e7\u0131klama<\/h3>\n<p data-start=\"850\" data-end=\"1139\">Turunuz Side veya Manavgat'taki otelinizden Antalya'daki Antalya Akvaryum'a konforlu bir transferle ba\u015flar. Var\u0131\u015fta, d\u00fcnyan\u0131n en uzun t\u00fcnel akvaryumlar\u0131ndan birinde y\u00fcr\u00fcmek i\u00e7in bolca zaman\u0131n\u0131z olacak: k\u00f6pekbal\u0131klar\u0131, vatozlar ve d\u00fczinelerce tropikal bal\u0131k t\u00fcr\u00fc ba\u015f\u0131n\u0131z\u0131n \u00fczerinde y\u00fcz\u00fcyor.<\/p>\n<p data-start=\"1141\" data-end=\"1472\">Daha sonra farkl\u0131 denizler ve okyanuslarla ilgili temal\u0131 b\u00f6lgeleri ziyaret edebilir ve dilerseniz s\u0131cak bir g\u00fcnde bile k\u0131\u015f so\u011fu\u011funu hissedebilece\u011finiz kar ve buz d\u00fcnyas\u0131 olan Kar D\u00fcnyas\u0131'na da bakabilirsiniz. Bu, aileler i\u00e7in harika bir se\u00e7enektir: \u00e7ocuklar ilgili ve bilgilendirici olurken, yeti\u015fkinler konforun ve g\u00fczel tesislerin tad\u0131n\u0131 \u00e7\u0131kar\u0131r.<\/p>\n<p data-start=\"1474\" data-end=\"1589\">Akvaryumda yakla\u015f\u0131k 1,5-2 saat serbest zaman ge\u00e7irdikten sonra \u015fof\u00f6r\u00fcn\u00fczle bulu\u015facak ve otelinize geri d\u00f6neceksiniz.<\/p>\n<h3 data-start=\"1591\" data-end=\"1613\">\ud83d\uddfa\ufe0f Tur g\u00fczergah\u0131<\/h3>\n<p data-start=\"1614\" data-end=\"1849\">\ud83d\udd39 Side ve Manavgat'taki otellerden\/apartmanlardan alma<br data-start=\"1664\" data-end=\"1667\" \/>\ud83d\udd39 Antalya'ya seyahat ve Antalya Akvaryum'a var\u0131\u015f<br data-start=\"1717\" data-end=\"1720\" \/>\ud83d\udd39 T\u00fcnel Akvaryum ve Kar D\u00fcnyas\u0131'nda serbest zaman (yakla\u015f\u0131k 1,5-2 saat)<br data-start=\"1794\" data-end=\"1797\" \/>\ud83d\udd39 \u015eof\u00f6r ile bulu\u015fma ve otele d\u00f6n\u00fc\u015f transferi<\/p>\n<h3 data-start=\"1851\" data-end=\"1879\">\u2139\ufe0f Faydal\u0131 bilgiler<\/h3>\n<p data-start=\"1880\" data-end=\"2247\">\ud83d\udd39 S\u00fcre: yakla\u015f\u0131k 4 saat (yol ile)<br data-start=\"1927\" data-end=\"1930\" \/>\ud83d\udd39 Her ya\u015f i\u00e7in uygundur<br data-start=\"1960\" data-end=\"1963\" \/>\ud83d\udd39 \u00d6zel bir fiziksel e\u011fitim gerekmez<br data-start=\"2012\" data-end=\"2015\" \/>\ud83d\udd39 Baz\u0131 alanlarda fla\u015fl\u0131 foto\u011fraf \u00e7ekmek yasakt\u0131r<br data-start=\"2064\" data-end=\"2067\" \/>\ud83d\udd39 \u00dccretsiz seyahat eden \u00e7ocuklar\u0131n otob\u00fcste ayr\u0131 bir koltu\u011fu yoktur. Otob\u00fcs doluysa, bir yeti\u015fkinin kuca\u011f\u0131na otururlar veya \u00f6nceden ayr\u0131 bir koltuk rezerve edilebilir<\/p>\n<h3 data-start=\"2249\" data-end=\"2275\">\ud83c\udf92 Yan\u0131n\u0131za ne almal\u0131s\u0131n\u0131z<\/h3>\n<p data-start=\"2276\" data-end=\"2384\">\ud83d\udd39 Rahat ayakkab\u0131lar<br data-start=\"2292\" data-end=\"2295\" \/>\ud83d\udd39 At\u0131\u015ft\u0131rmal\u0131klar veya hediyelik e\u015fyalar i\u00e7in biraz nakit<br data-start=\"2339\" data-end=\"2342\" \/>\ud83d\udd39 Telefon veya kamera (fla\u015fs\u0131z)<\/p>\n<h3 data-start=\"2386\" data-end=\"2410\">\ud83d\udeab \u015eunlar i\u00e7in uygun de\u011fildir<\/h3>\n<p data-start=\"2411\" data-end=\"2482\">\ud83d\udd39 Ciddi hareket bozuklu\u011fu olan ki\u015filer<br data-start=\"2456\" data-end=\"2459\" \/>\ud83d\udd39 2 ya\u015f\u0131ndan k\u00fc\u00e7\u00fck bebekler<\/p>\n<h3 data-start=\"2484\" data-end=\"2512\">\ud83d\udcb8 Fiyat ve rezervasyon<\/h3>\n<p data-start=\"2514\" data-end=\"2654\"><strong>\ud83d\udd39 \u015eimdi rezervasyon yap\u0131n - tur g\u00fcn\u00fc \u00f6deme yap\u0131n<\/strong><br data-start=\"2560\" data-end=\"2563\" \/>\ud83d\udd39 WhatsApp, Telegram, Viber \u00fczerinden bize ula\u015f\u0131n veya a\u015fa\u011f\u0131daki sipari\u015f formunu doldurun. \ud83d\udc47\ud83c\udffc<\/p>","protected":false},"excerpt":{"rendered":"<p data-start=\"2449\" data-end=\"2592\">Side'den Antalya T\u00fcnel Akvaryum'a gezi: 131 metrelik t\u00fcnel, Kar D\u00fcnyas\u0131, transferler ve biletler dahil. Zorluk \u00e7ekmeden yar\u0131m g\u00fcnl\u00fck bir aile gezisi.<\/p>","protected":false},"featured_media":12743,"comment_status":"open","ping_status":"closed","template":"","meta":[],"product_brand":[],"product_cat":[125],"product_tag":[110],"class_list":{"0":"post-14907","1":"product","2":"type-product","3":"status-publish","4":"has-post-thumbnail","6":"tour_phys-ekskursii-v-side","7":"product_cat-ekskursii-v-side","8":"product_tag-side","9":"pa_destination-ekskursii-v-side","11":"first","12":"instock","13":"sale","14":"shipping-taxable","15":"purchasable","16":"product-type-tour_phys"},"aioseo_notices":[],"_links":{"self":[{"href":"https:\/\/mirekskursii.com\/tr\/wp-json\/wp\/v2\/product\/14907","targetHints":{"allow":["GET"]}}],"collection":[{"href":"https:\/\/mirekskursii.com\/tr\/wp-json\/wp\/v2\/product"}],"about":[{"href":"https:\/\/mirekskursii.com\/tr\/wp-json\/wp\/v2\/types\/product"}],"replies":[{"embeddable":true,"href":"https:\/\/mirekskursii.com\/tr\/wp-json\/wp\/v2\/comments?post=14907"}],"wp:featuredmedia":[{"embeddable":true,"href":"https:\/\/mirekskursii.com\/tr\/wp-json\/wp\/v2\/media\/12743"}],"wp:attachment":[{"href":"https:\/\/mirekskursii.com\/tr\/wp-json\/wp\/v2\/media?parent=14907"}],"wp:term":[{"taxonomy":"product_brand","embeddable":true,"href":"https:\/\/mirekskursii.com\/tr\/wp-json\/wp\/v2\/product_brand?post=14907"},{"taxonomy":"product_cat","embeddable":true,"href":"https:\/\/mirekskursii.com\/tr\/wp-json\/wp\/v2\/product_cat?post=14907"},{"taxonomy":"product_tag","embeddable":true,"href":"https:\/\/mirekskursii.com\/tr\/wp-json\/wp\/v2\/product_tag?post=14907"}],"curies":[{"name":"wp","href":"https:\/\/api.w.org\/{rel}","templated":true}]}}