{"id":14905,"date":"2025-11-16T21:54:52","date_gmt":"2025-11-16T18:54:52","guid":{"rendered":"https:\/\/mirekskursii.com\/?post_type=product&#038;p=14905\/"},"modified":"2025-12-11T20:57:03","modified_gmt":"2025-12-11T17:57:03","slug":"side-at-turu","status":"publish","type":"product","link":"https:\/\/mirekskursii.com\/ekskursii\/progulka-na-loshadyah-v-side\/","title":{"rendered":"Side At Turu \u2013 Do\u011fa ve Sahil Gezisi"},"content":{"rendered":"<h3 data-start=\"0\" data-end=\"14\">\ud83d\udc34 \u0130nceleme<\/h3>\n<p data-start=\"15\" data-end=\"280\">Side ve Manavgat'\u0131n pitoresk \u00e7evresinde rahatlat\u0131c\u0131 bir at gezintisinin keyfini \u00e7\u0131kar\u0131n. Orman, da\u011f yollar\u0131 veya sahil boyunca romantik bir g\u00fcn bat\u0131m\u0131 - seviyenize uygun do\u011fru rotay\u0131 se\u00e7in. Transfer, e\u011fitim ve kask dahil olan tur hem yeni ba\u015flayanlar hem de deneyimli biniciler i\u00e7in uygundur.<\/p>\n<h3 data-start=\"282\" data-end=\"298\">\u00a0Dahil:<\/h3>\n<p data-start=\"299\" data-end=\"470\"><span style=\"color: #00ff00;\"><strong>\u2713<\/strong> <\/span>Otel transferi<br data-start=\"321\" data-end=\"324\" \/><span style=\"color: #00ff00;\"><strong>\u2713<\/strong> <\/span>Profesyonel e\u011fitmen<br data-start=\"353\" data-end=\"356\" \/><span style=\"color: #00ff00;\"><strong>\u2713<\/strong> <\/span>Kask ve g\u00fcvenlik brifingi<br data-start=\"399\" data-end=\"402\" \/><span style=\"color: #00ff00;\"><strong>\u2713<\/strong> <\/span>Tam sigortal\u0131<br data-start=\"422\" data-end=\"425\" \/><span style=\"color: #00ff00;\"><strong>\u2713<\/strong> <\/span>1 saatlik veya 2 saatlik at s\u0131rt\u0131nda gezinti<\/p>\n<h3 data-start=\"472\" data-end=\"491\">\u00a0Dahil de\u011fil:<\/h3>\n<p data-start=\"492\" data-end=\"560\"><span style=\"color: #ff0000;\"><strong>\u2717<\/strong> <\/span>\u0130\u00e7ecekler<br data-start=\"525\" data-end=\"528\" \/><span style=\"color: #ff0000;\"><strong>\u2717<\/strong> <\/span>Ki\u015fisel harcamalar (foto\u011fraf, video)<\/p>\n<h3 data-start=\"562\" data-end=\"592\">\ud83c\udf1f Turun \u00f6ne \u00e7\u0131kan \u00f6zellikleri<\/h3>\n<p data-start=\"593\" data-end=\"925\">\ud83d\udd39 \u00c7am ormanlar\u0131, meyve bah\u00e7eleri ve k\u0131rsal parkurlarda at binme<br data-start=\"664\" data-end=\"667\" \/>\ud83d\udd39 \u0130yi e\u011fitilmi\u015f, nazik atlarla sakin arkada\u015fl\u0131k<br data-start=\"725\" data-end=\"728\" \/>\ud83d\udd39 Orman, da\u011f veya sahil rotas\u0131 se\u00e7me imkan\u0131<br data-start=\"785\" data-end=\"788\" \/>\ud83d\udd39 Sahilde 2 saatlik bir y\u00fcr\u00fcy\u00fc\u015f s\u0131ras\u0131nda nefes kesen g\u00fcn bat\u0131m\u0131<br data-start=\"847\" data-end=\"850\" \/>\ud83d\udd39 T\u00fcm seviyeler i\u00e7in uygundur - yolculuktan \u00f6nce temel e\u011fitim verilir<\/p>\n<h3 data-start=\"927\" data-end=\"951\">\ud83d\udcd6 Tam a\u00e7\u0131klama<\/h3>\n<div>Maceran\u0131z Side\/Manavgata b\u00f6lgesindeki otelinizden yerel bir at \u00e7iftli\u011fine konforlu bir transferle ba\u015flar. Var\u0131\u015fta, e\u011fitmeniniz taraf\u0131ndan kar\u015f\u0131lanacak, k\u0131sa bir g\u00fcvenlik brifingi verilecek, deneyiminize ve ruh halinize g\u00f6re e\u015fle\u015ftirilecek ve eyere rahat\u00e7a oturman\u0131za yard\u0131mc\u0131 olunacakt\u0131r.<\/div>\n<div>Ard\u0131ndan, parkurlardan biri boyunca at s\u0131rt\u0131nda gezintiye \u00e7\u0131kacaks\u0131n\u0131z:<\/div>\n<div data-start=\"1300\" data-end=\"1394\">Orman veya k\u0131r rotas\u0131 \u00e7am ormanlar\u0131, tarlalar ve narenciye bah\u00e7eleri aras\u0131nda huzurlu bir yolculuktur.<\/div>\n<div data-start=\"1397\" data-end=\"1470\">Da\u011f rotas\u0131 - \u00e7evrenin ve da\u011flar\u0131n manzaras\u0131n\u0131 sunan daha panoramik parkurlar.<\/div>\n<div data-start=\"1473\" data-end=\"1588\">Plaj g\u00fczergah\u0131 - g\u00fcn bat\u0131m\u0131 se\u00e7ene\u011fini se\u00e7erseniz, g\u00fcn bat\u0131m\u0131n\u0131n yumu\u015fak \u0131\u015f\u0131\u011f\u0131 ile deniz boyunca unutulmaz bir y\u00fcr\u00fcy\u00fc\u015f sizi bekliyor.<\/div>\n<div>2 saatlik se\u00e7enek genellikle k\u0131rsal\/orman k\u0131sm\u0131 ile plaj eri\u015fimini birle\u015ftirir - romantik bir ak\u015fam veya g\u00fczel foto\u011fraflar i\u00e7in m\u00fckemmeldir. Sonunda at ile foto\u011fraf \u00e7ektirebilir, biraz dinlenebilir ve ard\u0131ndan transfer ile otele d\u00f6nebilirsiniz.<\/div>\n<h3 data-start=\"1847\" data-end=\"1869\">\ud83d\uddfa\ufe0f Tur g\u00fczergah\u0131<\/h3>\n<p data-start=\"1870\" data-end=\"2189\">\ud83d\udd39 Side\/Manavgata b\u00f6lgesindeki otellerden \u00e7it<br data-start=\"1913\" data-end=\"1916\" \/>\ud83d\udd39 At \u00e7iftli\u011fine var\u0131\u015f ve e\u011fitmenle tan\u0131\u015fma<br data-start=\"1971\" data-end=\"1974\" \/>\ud83d\udd39 G\u00fcvenlik brifingi ve yolculuk i\u00e7in haz\u0131rl\u0131k<br data-start=\"2034\" data-end=\"2037\" \/>\ud83d\udd39 At binme (1 veya 2 saat - se\u00e7ilen se\u00e7ene\u011fe ba\u011fl\u0131 olarak)<br data-start=\"2111\" data-end=\"2114\" \/>\ud83d\udd39 Foto\u011fraf \u00e7ekmek ve dinlenmek i\u00e7in serbest zaman<br data-start=\"2156\" data-end=\"2159\" \/>\ud83d\udd39 Otele d\u00f6n\u00fc\u015f transferi<\/p>\n<h3 data-start=\"2191\" data-end=\"2219\">\u2139\ufe0f Faydal\u0131 bilgiler<\/h3>\n<p data-start=\"2220\" data-end=\"2585\">\ud83d\udd39 S\u00fcr\u00fc\u015f deneyimi gerekmez - temel e\u011fitim dahildir<br data-start=\"2282\" data-end=\"2285\" \/>\ud83d\udd39 Aktivitenin s\u00fcresi se\u00e7ilen se\u00e7ene\u011fe ba\u011fl\u0131d\u0131r (at s\u0131rt\u0131nda 1-2 saat + transfer)<br data-start=\"2376\" data-end=\"2379\" \/>\ud83d\udd39 Rahat, kapal\u0131 ayakkab\u0131lar ve rahat k\u0131yafetler \u00f6nerilir<br data-start=\"2439\" data-end=\"2442\" \/>\ud83d\udd39 Tur, hava ko\u015fullar\u0131na ba\u011fl\u0131 olarak g\u00fcnl\u00fck olarak ger\u00e7ekle\u015ftirilir<br data-start=\"2504\" data-end=\"2507\" \/>\ud83d\udd39 \u00c7ocuklar yeti\u015fkin g\u00f6zetiminde ve e\u011fitmenin izniyle kat\u0131labilir<\/p>\n<h3 data-start=\"2587\" data-end=\"2613\">\ud83c\udf92 Yan\u0131n\u0131za ne almal\u0131s\u0131n\u0131z<\/h3>\n<p data-start=\"2614\" data-end=\"2774\">\ud83d\udd39 Rahat k\u0131yafetler ve kapal\u0131 ayakkab\u0131lar<br data-start=\"2648\" data-end=\"2651\" \/>\ud83d\udd39 G\u00fcne\u015f g\u00f6zl\u00fckleri ve ba\u015fl\u0131klar<br data-start=\"2689\" data-end=\"2692\" \/>\ud83d\udd39 G\u00fcne\u015f Kremi<br data-start=\"2714\" data-end=\"2717\" \/>\ud83d\udd39 \u0130\u00e7ecekler, foto\u011fraflar veya ki\u015fisel harcamalar i\u00e7in k\u00fc\u00e7\u00fck bir miktar para<\/p>\n<h3 data-start=\"2776\" data-end=\"2800\">\ud83d\udeab \u015eunlar i\u00e7in uygun de\u011fildir<\/h3>\n<p data-start=\"2801\" data-end=\"2892\">\ud83d\udd39 Ciddi s\u0131rt veya boyun sorunlar\u0131 olan ki\u015filer<br data-start=\"2847\" data-end=\"2850\" \/>\ud83d\udd39 Hamile kad\u0131nlar<br data-start=\"2870\" data-end=\"2873\" \/>\ud83d\udd39 5 ya\u015f\u0131ndan k\u00fc\u00e7\u00fck \u00e7ocuklar<\/p>\n<h3 data-start=\"2894\" data-end=\"2922\">\ud83d\udcb8 Fiyat ve rezervasyon<\/h3>\n<p data-start=\"2924\" data-end=\"3064\"><strong>\ud83d\udd39 \u015eimdi rezervasyon yap\u0131n - tur g\u00fcn\u00fc \u00f6deme yap\u0131n<\/strong><br data-start=\"2970\" data-end=\"2973\" \/>\ud83d\udd39 WhatsApp, Telegram, Viber \u00fczerinden bize ula\u015f\u0131n veya a\u015fa\u011f\u0131daki sipari\u015f formunu doldurun. \ud83d\udc47\ud83c\udffc<\/p>","protected":false},"excerpt":{"rendered":"<p>Side'de at binme: orman, da\u011flar veya sahil boyunca g\u00fcn bat\u0131m\u0131. Transfer, talimat ve kask dahildir. Yeni ba\u015flayanlar ve deneyimli biniciler i\u00e7in m\u00fckemmel bir s\u00fcr\u00fc\u015f.<\/p>","protected":false},"featured_media":14906,"comment_status":"open","ping_status":"closed","template":"","meta":[],"product_brand":[],"product_cat":[125],"product_tag":[110],"class_list":{"0":"post-14905","1":"product","2":"type-product","3":"status-publish","4":"has-post-thumbnail","6":"tour_phys-ekskursii-v-side","7":"product_cat-ekskursii-v-side","8":"product_tag-side","9":"pa_destination-ekskursii-v-side","11":"first","12":"instock","13":"sale","14":"shipping-taxable","15":"purchasable","16":"product-type-tour_phys"},"aioseo_notices":[],"_links":{"self":[{"href":"https:\/\/mirekskursii.com\/tr\/wp-json\/wp\/v2\/product\/14905","targetHints":{"allow":["GET"]}}],"collection":[{"href":"https:\/\/mirekskursii.com\/tr\/wp-json\/wp\/v2\/product"}],"about":[{"href":"https:\/\/mirekskursii.com\/tr\/wp-json\/wp\/v2\/types\/product"}],"replies":[{"embeddable":true,"href":"https:\/\/mirekskursii.com\/tr\/wp-json\/wp\/v2\/comments?post=14905"}],"wp:featuredmedia":[{"embeddable":true,"href":"https:\/\/mirekskursii.com\/tr\/wp-json\/wp\/v2\/media\/14906"}],"wp:attachment":[{"href":"https:\/\/mirekskursii.com\/tr\/wp-json\/wp\/v2\/media?parent=14905"}],"wp:term":[{"taxonomy":"product_brand","embeddable":true,"href":"https:\/\/mirekskursii.com\/tr\/wp-json\/wp\/v2\/product_brand?post=14905"},{"taxonomy":"product_cat","embeddable":true,"href":"https:\/\/mirekskursii.com\/tr\/wp-json\/wp\/v2\/product_cat?post=14905"},{"taxonomy":"product_tag","embeddable":true,"href":"https:\/\/mirekskursii.com\/tr\/wp-json\/wp\/v2\/product_tag?post=14905"}],"curies":[{"name":"wp","href":"https:\/\/api.w.org\/{rel}","templated":true}]}}