{"id":14904,"date":"2025-11-16T21:39:42","date_gmt":"2025-11-16T18:39:42","guid":{"rendered":"https:\/\/mirekskursii.com\/?post_type=product&#038;p=14904\/"},"modified":"2026-04-13T19:26:27","modified_gmt":"2026-04-13T16:26:27","slug":"green-canyon-tekne-turu-alanya","status":"publish","type":"product","link":"https:\/\/mirekskursii.com\/ekskursii\/zelenyy-kanion-iz-alanya\/","title":{"rendered":"Alanya'dan Green Canyon Tekne Turu \u2013 Ye\u015fil Vadi Gezisi"},"content":{"rendered":"<h3 data-start=\"162\" data-end=\"176\">\ud83c\udf32 \u0130nceleme<\/h3>\n<p data-start=\"177\" data-end=\"466\">Alanya b\u00f6lgesinden Ye\u015fil Kanyon'a dinlendirici bir tam g\u00fcnl\u00fck geziye \u00e7\u0131k\u0131n. Toros Da\u011flar\u0131 aras\u0131ndaki z\u00fcmr\u00fct gibi sularda gezinecek, y\u00fczmek i\u00e7in duracak ve g\u00f6l kenar\u0131ndaki bir restoranda dinlendirici bir \u00f6\u011fle yeme\u011fi yiyeceksiniz. Aileler, \u00e7iftler ve \u015fehrin ko\u015fu\u015fturmacas\u0131ndan uzakla\u015fmak isteyen herkes i\u00e7in m\u00fckemmel bir tur.<\/p>\n<h3 data-start=\"468\" data-end=\"484\">\u00a0Dahil:<\/h3>\n<p data-start=\"485\" data-end=\"667\"><span style=\"color: #00ff00;\"><strong>\u2713<\/strong> <\/span>Otel transferi<br data-start=\"507\" data-end=\"510\" \/><span style=\"color: #00ff00;\"><strong>\u2713<\/strong> <\/span>Ye\u015fil Kanyon'da tekne turu<br data-start=\"549\" data-end=\"552\" \/><span style=\"color: #00ff00;\"><strong>\u2713<\/strong> <\/span>Rehber: Rus\u00e7a, \u0130ngilizce<br data-start=\"578\" data-end=\"581\" \/><span style=\"color: #00ff00;\"><strong>\u2713<\/strong> <\/span>G\u00f6l kenar\u0131nda bir restoranda \u00f6\u011fle yeme\u011fi<br data-start=\"615\" data-end=\"618\" \/><span style=\"color: #00ff00;\"><strong>\u2713<\/strong> <\/span>Alkols\u00fcz i\u00e7ecekler<br data-start=\"642\" data-end=\"645\" \/><span style=\"color: #00ff00;\"><strong>\u2713<\/strong> <\/span>Tam sigortal\u0131<\/p>\n<h3 data-start=\"669\" data-end=\"688\">\u00a0Dahil de\u011fil:<\/h3>\n<p data-start=\"689\" data-end=\"737\"><span style=\"color: #ff0000;\"><strong>\u2717<\/strong> <\/span>Ki\u015fisel harcamalar<br data-start=\"705\" data-end=\"708\" \/><span style=\"color: #ff0000;\"><strong>\u2717<\/strong> <\/span>Foto\u011fraf ve video (iste\u011fe ba\u011fl\u0131)<\/p>\n<h3 data-start=\"739\" data-end=\"769\">\ud83d\udea4 Turun \u00f6ne \u00e7\u0131kan \u00f6zellikleri<\/h3>\n<p data-start=\"770\" data-end=\"1019\">\ud83d\udd39 Ye\u015fil Kanyon'un turkuaz sular\u0131nda sakin bir yolculuk<br data-start=\"824\" data-end=\"827\" \/>\ud83d\udd39 Toros Da\u011flar\u0131 ve \u00e7am ormanlar\u0131n\u0131n pitoresk manzaras\u0131<br data-start=\"878\" data-end=\"881\" \/>\ud83d\udd39 Temiz tatl\u0131 suda banyo molalar\u0131<br data-start=\"926\" data-end=\"929\" \/>\ud83d\udd39 G\u00f6l kenar\u0131nda geleneksel T\u00fcrk \u00f6\u011fle yeme\u011fi<br data-start=\"966\" data-end=\"969\" \/>\ud83d\udd39 Aileler ve do\u011fa severler i\u00e7in m\u00fckemmel se\u00e7im<\/p>\n<h3 data-start=\"1021\" data-end=\"1045\">\ud83d\udcd6 Tam a\u00e7\u0131klama<\/h3>\n<p data-start=\"1046\" data-end=\"1309\">G\u00fcn\u00fcn\u00fcz Alanya b\u00f6lgesindeki (Oba, Tosmur, Kestel, Mahmutlar, Konakl\u0131, Avsallar, T\u00fcrkler, Okurcalar) otelinizden konforlu bir transfer ile ba\u015flayacakt\u0131r. Toros Da\u011flar\u0131'n\u0131n i\u00e7inden ge\u00e7en manzaral\u0131 bir yolda Oymap\u0131nar Baraj\u0131'na varacak ve burada geni\u015f bir gezi teknesine bineceksiniz.<\/p>\n<p data-start=\"1311\" data-end=\"1590\">Ye\u015fil Kanyon Gezisi sizi u\u00e7urumlar ve \u00e7am ormanlar\u0131yla \u00e7evrili z\u00fcmr\u00fct sulara g\u00f6t\u00fcr\u00fcr. Yol boyunca serinletici bir y\u00fczme ve en g\u00fczel noktalarda foto\u011fraf \u00e7ekmek i\u00e7in duraklar vard\u0131r. G\u00fcn ortas\u0131nda g\u00f6l kenar\u0131ndaki rahat bir restoranda dinlenecek ve lezzetli bir \u00f6\u011fle yeme\u011finin tad\u0131na bakacaks\u0131n\u0131z.<\/p>\n<p data-start=\"1592\" data-end=\"1797\">\u00d6\u011fle yeme\u011finden sonra, tur biraz daha yava\u015f seyir, y\u00fczme ve sessizli\u011fin ve do\u011fan\u0131n tad\u0131n\u0131 \u00e7\u0131karma ile devam eder. Turun sonunda tekne, Alanya b\u00f6lgesindeki otelinize geri g\u00f6t\u00fcr\u00fclece\u011finiz marinaya geri d\u00f6ner.<\/p>\n<h3 data-start=\"1799\" data-end=\"1821\">\ud83d\uddfa\ufe0f Tur g\u00fczergah\u0131<\/h3>\n<p data-start=\"1822\" data-end=\"2110\">\ud83d\udd39 Alanya b\u00f6lgesindeki otellerden\/dairelerden \u00e7it<br data-start=\"1870\" data-end=\"1873\" \/>\ud83d\udd39 Toros Da\u011flar\u0131 boyunca do\u011fal bir s\u00fcr\u00fc\u015f<br data-start=\"1914\" data-end=\"1917\" \/>\ud83d\udd39 Ye\u015fil Kanyon Tekne Turu<br data-start=\"1954\" data-end=\"1957\" \/>\ud83d\udd39 Banyo duraklar\u0131 ve foto\u011fraflar<br data-start=\"1994\" data-end=\"1997\" \/>\ud83d\udd39 G\u00f6l kenar\u0131nda bir restoranda \u00f6\u011fle yeme\u011fi<br data-start=\"2032\" data-end=\"2035\" \/>\ud83d\udd39 Kanyon boyunca d\u00f6n\u00fc\u015f yolculu\u011fu<br data-start=\"2063\" data-end=\"2066\" \/>\ud83d\udd39 Alanya b\u00f6lgesindeki otellere geri transfer<\/p>\n<h3 data-start=\"2112\" data-end=\"2140\">\u2139\ufe0f Faydal\u0131 bilgiler<\/h3>\n<p data-start=\"2141\" data-end=\"2480\">\ud83d\udd39 S\u00fcre: yakla\u015f\u0131k 7-8 saat (tam g\u00fcn tur)<br data-start=\"2198\" data-end=\"2201\" \/>\ud83d\udd39 Her ya\u015f i\u00e7in uygundur<br data-start=\"2231\" data-end=\"2234\" \/>\ud83d\udd39 Alanya b\u00f6lgesinden her g\u00fcn tur mevcuttur<br data-start=\"2277\" data-end=\"2280\" \/>\ud83d\udd39 Teknede can yelekleri ve g\u00f6lgelik alanlar bulunmaktad\u0131r<br data-start=\"2334\" data-end=\"2337\" \/>\ud83d\udd39 5 ya\u015f\u0131ndan k\u00fc\u00e7\u00fck \u00e7ocuklar \u00fccretsiz seyahat eder, ancak otob\u00fcs dolu oldu\u011funda ayr\u0131 bir koltuklar\u0131 yoktur (ayr\u0131ca \u00f6n rezervasyon yapt\u0131rabilirsiniz)<\/p>\n<h3 data-start=\"2482\" data-end=\"2508\">\ud83c\udf92 Yan\u0131n\u0131za ne almal\u0131s\u0131n\u0131z<\/h3>\n<p data-start=\"2509\" data-end=\"2693\">\ud83d\udd39 Mayo ve havlu.<br data-start=\"2533\" data-end=\"2536\" \/>\ud83d\udd39 G\u00fcne\u015f g\u00f6zl\u00fc\u011f\u00fc ve \u015fapka\/bere<br data-start=\"2572\" data-end=\"2575\" \/>\ud83d\udd39 G\u00fcne\u015f Kremi<br data-start=\"2597\" data-end=\"2600\" \/>\ud83d\udd39 Kamera veya ak\u0131ll\u0131 telefon<br data-start=\"2627\" data-end=\"2630\" \/>\ud83d\udd39 Ki\u015fisel harcamalar ve ekstralar i\u00e7in k\u00fc\u00e7\u00fck bir miktar para<\/p>\n<h3 data-start=\"2695\" data-end=\"2719\">\ud83d\udeab \u015eunlar i\u00e7in uygun de\u011fildir<\/h3>\n<p data-start=\"2720\" data-end=\"2847\">\ud83d\udd39 Hareket kabiliyeti ciddi derecede k\u0131s\u0131tl\u0131 olan ki\u015filer<br data-start=\"2763\" data-end=\"2766\" \/>\ud83d\udd39 Tekerlekli sandalye kullan\u0131c\u0131lar\u0131<br data-start=\"2801\" data-end=\"2804\" \/>\ud83d\udd39 Hareket hastal\u0131\u011f\u0131na kar\u015f\u0131 hassasiyeti y\u00fcksek olan misafirler<\/p>\n<h3 data-start=\"2849\" data-end=\"2877\">\ud83d\udcb8 Fiyat ve rezervasyon<\/h3>\n<p data-start=\"2879\" data-end=\"3019\"><strong>\ud83d\udd39 \u015eimdi rezervasyon yap\u0131n - tur g\u00fcn\u00fc \u00f6deme yap\u0131n<\/strong><br data-start=\"2925\" data-end=\"2928\" \/>\ud83d\udd39 WhatsApp, Telegram, Viber \u00fczerinden bize ula\u015f\u0131n veya a\u015fa\u011f\u0131daki sipari\u015f formunu doldurun. \ud83d\udc47\ud83c\udffc<\/p>","protected":false},"excerpt":{"rendered":"<p>Alanya'dan Ye\u015fil Kanyon: Oymap\u0131nar Baraj\u0131 boyunca rahatlat\u0131c\u0131 bir seyir, y\u00fczme, g\u00f6l k\u0131y\u0131s\u0131nda \u00f6\u011fle yeme\u011fi ve otel transferi. Aileler ve do\u011fa severler i\u00e7in ideal tur.<\/p>","protected":false},"featured_media":12848,"comment_status":"open","ping_status":"closed","template":"","meta":[],"product_brand":[],"product_cat":[123],"product_tag":[107],"class_list":{"0":"post-14904","1":"product","2":"type-product","3":"status-publish","4":"has-post-thumbnail","6":"tour_phys-ekskursii-v-alanya","7":"product_cat-ekskursii-v-antalya","8":"product_tag-antalya","9":"pa_destination-ekskursii-v-antalya","11":"first","12":"instock","13":"sale","14":"shipping-taxable","15":"purchasable","16":"product-type-tour_phys"},"aioseo_notices":[],"_links":{"self":[{"href":"https:\/\/mirekskursii.com\/tr\/wp-json\/wp\/v2\/product\/14904","targetHints":{"allow":["GET"]}}],"collection":[{"href":"https:\/\/mirekskursii.com\/tr\/wp-json\/wp\/v2\/product"}],"about":[{"href":"https:\/\/mirekskursii.com\/tr\/wp-json\/wp\/v2\/types\/product"}],"replies":[{"embeddable":true,"href":"https:\/\/mirekskursii.com\/tr\/wp-json\/wp\/v2\/comments?post=14904"}],"wp:featuredmedia":[{"embeddable":true,"href":"https:\/\/mirekskursii.com\/tr\/wp-json\/wp\/v2\/media\/12848"}],"wp:attachment":[{"href":"https:\/\/mirekskursii.com\/tr\/wp-json\/wp\/v2\/media?parent=14904"}],"wp:term":[{"taxonomy":"product_brand","embeddable":true,"href":"https:\/\/mirekskursii.com\/tr\/wp-json\/wp\/v2\/product_brand?post=14904"},{"taxonomy":"product_cat","embeddable":true,"href":"https:\/\/mirekskursii.com\/tr\/wp-json\/wp\/v2\/product_cat?post=14904"},{"taxonomy":"product_tag","embeddable":true,"href":"https:\/\/mirekskursii.com\/tr\/wp-json\/wp\/v2\/product_tag?post=14904"}],"curies":[{"name":"wp","href":"https:\/\/api.w.org\/{rel}","templated":true}]}}