{"id":14903,"date":"2025-11-16T21:30:05","date_gmt":"2025-11-16T18:30:05","guid":{"rendered":"https:\/\/mirekskursii.com\/?post_type=product&#038;p=14903\/"},"modified":"2025-12-11T21:10:01","modified_gmt":"2025-12-11T18:10:01","slug":"pamukkale-hierapolis-turu-alanya","status":"publish","type":"product","link":"https:\/\/mirekskursii.com\/ekskursii\/pamukkale-ierapolis-iz-alanya\/","title":{"rendered":"Pamukkale ve Hierapolis Turu \u2013 G\u00fcn\u00fcbirlik Alanya \u00c7\u0131k\u0131\u015fl\u0131"},"content":{"rendered":"<h3 data-start=\"0\" data-end=\"15\">\ud83c\udfdd\ufe0f Genel Bak\u0131\u015f<\/h3>\n<p data-start=\"16\" data-end=\"347\">Alanya ve yak\u0131n b\u00f6lgelerden g\u00fcn\u00fcbirlik bir turla Pamukkale ve antik Hierapolis'in beyaz badanal\u0131 teraslar\u0131n\u0131 ke\u015ffedin. Alanya b\u00f6lgesindeki otellerden (Mahmutlar, Konakl\u0131, Kestel, Okurcalar, vb.) konforlu bir transfer, termal travertenlerde y\u00fcr\u00fcy\u00fc\u015f, kal\u0131nt\u0131lar\u0131 gezme ve lezzetli bir a\u00e7\u0131k b\u00fcfe \u00f6\u011fle yeme\u011fi bu g\u00fcn\u00fc unutulmaz k\u0131lacakt\u0131r.<\/p>\n<h3 data-start=\"349\" data-end=\"365\">Dahil:<\/h3>\n<p data-start=\"366\" data-end=\"538\"><span style=\"color: #00ff00;\"><strong>\u2713<\/strong> <\/span>Otel transferi<br data-start=\"388\" data-end=\"391\" \/><span style=\"color: #00ff00;\"><strong>\u2713<\/strong> <\/span>Klimal\u0131 otob\u00fcs<br data-start=\"416\" data-end=\"419\" \/><span style=\"color: #00ff00;\"><strong>\u2713<\/strong> <\/span>Pamukkale ve Hierapolis giri\u015f \u00fccretleri<br data-start=\"459\" data-end=\"462\" \/><span style=\"color: #00ff00;\"><strong>\u2713<\/strong> <\/span>Tam sigortal\u0131<br data-start=\"482\" data-end=\"485\" \/><span style=\"color: #00ff00;\"><strong>\u2713<\/strong> <\/span>Rehber: Rus\u00e7a, \u0130ngilizce<br data-start=\"511\" data-end=\"514\" \/><span style=\"color: #00ff00;\"><strong>\u2713<\/strong> <\/span>\u00d6\u011fle yeme\u011fi (a\u00e7\u0131k b\u00fcfe)<\/p>\n<h3 data-start=\"540\" data-end=\"559\">Dahil de\u011fil:<\/h3>\n<p data-start=\"560\" data-end=\"619\"><span style=\"color: #ff0000;\"><strong>\u2717<\/strong> <\/span>Kleopatra'n\u0131n havuzunun giri\u015fi<br data-start=\"586\" data-end=\"589\" \/><span style=\"color: #ff0000;\"><strong>\u2717<\/strong> <\/span>Ki\u015fisel harcamalar<br data-start=\"605\" data-end=\"608\" \/><span style=\"color: #ff0000;\"><strong>\u2717<\/strong> <\/span>\u0130\u00e7ecekler<\/p>\n<h3 data-start=\"621\" data-end=\"651\">\ud83c\udf1f Turun \u00f6ne \u00e7\u0131kan \u00f6zellikleri<\/h3>\n<p data-start=\"652\" data-end=\"1016\">\ud83d\udd39 Pamukkale'nin beyaz travertenleri - T\u00fcrkiye'nin bir do\u011fa harikas\u0131<br data-start=\"711\" data-end=\"714\" \/>\ud83d\udd39 Roma tiyatrosu ve antik Hierapolis kal\u0131nt\u0131lar\u0131 turu<br data-start=\"766\" data-end=\"769\" \/>\ud83d\udd39 Kapl\u0131ca ve do\u011fal havuzlarda rahatlama<br data-start=\"830\" data-end=\"833\" \/>\ud83d\udd39 Kleopatra'n\u0131n havuzunda iste\u011fe ba\u011fl\u0131 y\u00fczme (ekstra \u00fccret)<br data-start=\"905\" data-end=\"908\" \/>\ud83d\udd39 Geleneksel T\u00fcrk a\u00e7\u0131k b\u00fcfe \u00f6\u011fle yeme\u011fi\u00ab<br data-start=\"964\" data-end=\"967\" \/>\ud83d\udd39 UNESCO D\u00fcnya Miras\u0131 Alan\u0131 Ziyareti<\/p>\n<h3 data-start=\"1018\" data-end=\"1042\">\ud83d\udcd6 Tam a\u00e7\u0131klama<\/h3>\n<div data-start=\"1043\" data-end=\"1295\">G\u00fcn\u00fcn\u00fcz Alanya b\u00f6lgesindeki otelinizden konforlu bir transferle ba\u015flayacak. Anadolu'nun pitoresk manzaralar\u0131 aras\u0131ndan ge\u00e7erek, g\u00f6z kama\u015ft\u0131r\u0131c\u0131 beyaz teraslar\u0131 ve \u015fifal\u0131 termal sular\u0131yla \u00fcnl\u00fc \u00abPamuk Kale\u00bb - Pamukkale'ye gideceksiniz.<\/div>\n<div data-start=\"1297\" data-end=\"1541\">Var\u0131\u015fta a\u00e7\u0131k b\u00fcfe \u00f6\u011fle yeme\u011finin tad\u0131n\u0131 \u00e7\u0131karacak ve ard\u0131ndan Pamukkale'nin mineral travertenlerinde bir y\u00fcr\u00fcy\u00fc\u015f yapacaks\u0131n\u0131z. Daha sonra Hierapolis antik kenti turunun tad\u0131n\u0131 \u00e7\u0131karacaks\u0131n\u0131z: Roma tiyatrosu, Apollon tap\u0131na\u011f\u0131, nekropol ve antik thermae kal\u0131nt\u0131lar\u0131.<\/div>\n<div data-start=\"1543\" data-end=\"1807\">Turdan sonra serbest zaman\u0131n\u0131z olacak: termal havuzlarda dinlenebilir veya dilerseniz Kleopatra'n\u0131n havuzunda y\u00fczebilirsiniz (ekstra \u00fccret). G\u00fcn\u00fcn sonunda grup, do\u011frudan otelinize transfer edilece\u011finiz Alanya b\u00f6lgesine d\u00f6n\u00fc\u015f yolculu\u011fu yapacakt\u0131r.<\/div>\n<h3 data-start=\"1809\" data-end=\"1831\">\ud83d\uddfa\ufe0f Tur g\u00fczergah\u0131<\/h3>\n<p data-start=\"1832\" data-end=\"2122\">\ud83d\udd39 Alanya b\u00f6lgesindeki otellerden \u00e7it<br data-start=\"1867\" data-end=\"1870\" \/>\ud83d\udd39 Pamukkale'ye Transfer<br data-start=\"1892\" data-end=\"1895\" \/>\ud83d\udd39 A\u00e7\u0131k b\u00fcfe \u00f6\u011fle yeme\u011fi\u00ab<br data-start=\"1918\" data-end=\"1921\" \/>\ud83d\udd39 Pamukkale travertenlerinde y\u00fcr\u00fcy\u00fc\u015f<br data-start=\"1957\" data-end=\"1960\" \/>\ud83d\udd39 Hierapolis kal\u0131nt\u0131lar\u0131 turu<br data-start=\"1993\" data-end=\"1996\" \/>\ud83d\udd39 Kleopatra'n\u0131n havuzunu ziyaret etmek i\u00e7in serbest zaman (iste\u011fe ba\u011fl\u0131)<br data-start=\"2060\" data-end=\"2063\" \/>\ud83d\udd39 Alanya b\u00f6lgesine d\u00f6n\u00fc\u015f transferi<br data-start=\"2098\" data-end=\"2101\" \/>\ud83d\udd39 Otellerde karaya \u00e7\u0131k\u0131\u015f<\/p>\n<h3 data-start=\"2124\" data-end=\"2152\">\u2139\ufe0f Faydal\u0131 bilgiler<\/h3>\n<p data-start=\"2153\" data-end=\"2499\">\ud83d\udd39 S\u00fcre: yakla\u015f\u0131k 12 saat<br data-start=\"2189\" data-end=\"2192\" \/>\ud83d\udd39 Hava ko\u015fullar\u0131 nedeniyle g\u00fczergah de\u011fi\u015febilir<br data-start=\"2240\" data-end=\"2243\" \/>\ud83d\udd39 Orta d\u00fczeyde fiziksel aktivite (y\u00fcr\u00fcy\u00fc\u015f, iste\u011fe ba\u011fl\u0131 y\u00fczme)<br data-start=\"2307\" data-end=\"2310\" \/>\ud83d\udd39 \u00dccretsiz seyahat eden 5 ya\u015f\u0131ndan k\u00fc\u00e7\u00fck \u00e7ocuklar\u0131n otob\u00fcste ayr\u0131 bir koltu\u011fu yoktur. Otob\u00fcs doluysa, bir yeti\u015fkinin kuca\u011f\u0131na otururlar veya \u00f6nceden ayr\u0131 bir koltuk rezerve edilebilir<\/p>\n<h3 data-start=\"2501\" data-end=\"2527\">\ud83c\udf92 Yan\u0131n\u0131za ne almal\u0131s\u0131n\u0131z<\/h3>\n<p data-start=\"2528\" data-end=\"2739\">\ud83d\udd39 Pasaport veya kimlik kart\u0131<br data-start=\"2565\" data-end=\"2568\" \/>\ud83d\udd39 Rahat y\u00fcr\u00fcy\u00fc\u015f ayakkab\u0131lar\u0131<br data-start=\"2595\" data-end=\"2598\" \/>\ud83d\udd39 G\u00fcne\u015f g\u00f6zl\u00fckleri ve ba\u015fl\u0131klar<br data-start=\"2636\" data-end=\"2639\" \/>\ud83d\udd39 Mayo ve havlu.<br data-start=\"2663\" data-end=\"2666\" \/>\ud83d\udd39 G\u00fcne\u015f Kremi<br data-start=\"2688\" data-end=\"2691\" \/>\ud83d\udd39 \u0130\u00e7ecekler ve ki\u015fisel harcamalar i\u00e7in nakit<\/p>\n<h3 data-start=\"2741\" data-end=\"2765\">\ud83d\udeab \u015eunlar i\u00e7in uygun de\u011fildir<\/h3>\n<p data-start=\"2766\" data-end=\"2843\">\ud83d\udd39 Hareket kabiliyeti k\u0131s\u0131tl\u0131 ki\u015filer<br data-start=\"2802\" data-end=\"2805\" \/>\ud83d\udd39 Ciddi hastal\u0131\u011f\u0131 olan misafirler<\/p>\n<h3 data-start=\"2845\" data-end=\"2873\">\ud83d\udcb8 Fiyat ve rezervasyon<\/h3>\n<p data-start=\"2875\" data-end=\"3015\"><strong>\ud83d\udd39 \u015eimdi rezervasyon yap\u0131n - tur g\u00fcn\u00fc \u00f6deme yap\u0131n<\/strong><br data-start=\"2921\" data-end=\"2924\" \/>\ud83d\udd39 WhatsApp, Telegram, Viber \u00fczerinden bize ula\u015f\u0131n veya a\u015fa\u011f\u0131daki sipari\u015f formunu doldurun. \ud83d\udc47\ud83c\udffc<\/p>","protected":false},"excerpt":{"rendered":"<p>Alanya'dan Pamukkale'ye tur: termal travertenler, Hierapolis kal\u0131nt\u0131lar\u0131, a\u00e7\u0131k b\u00fcfe \u00f6\u011fle yeme\u011fi, konforlu otel transferi ve Rus\u00e7a konu\u015fan rehber.<\/p>","protected":false},"featured_media":12575,"comment_status":"open","ping_status":"closed","template":"","meta":[],"product_brand":[],"product_cat":[126],"product_tag":[121],"class_list":{"0":"post-14903","1":"product","2":"type-product","3":"status-publish","4":"has-post-thumbnail","6":"tour_phys-ekskursii-v-alanya","7":"product_cat-ekskursii-v-alanya","8":"product_tag-alanya","9":"pa_destination-ekskursii-v-alanya","11":"first","12":"instock","13":"sale","14":"shipping-taxable","15":"purchasable","16":"product-type-tour_phys"},"aioseo_notices":[],"_links":{"self":[{"href":"https:\/\/mirekskursii.com\/tr\/wp-json\/wp\/v2\/product\/14903","targetHints":{"allow":["GET"]}}],"collection":[{"href":"https:\/\/mirekskursii.com\/tr\/wp-json\/wp\/v2\/product"}],"about":[{"href":"https:\/\/mirekskursii.com\/tr\/wp-json\/wp\/v2\/types\/product"}],"replies":[{"embeddable":true,"href":"https:\/\/mirekskursii.com\/tr\/wp-json\/wp\/v2\/comments?post=14903"}],"wp:featuredmedia":[{"embeddable":true,"href":"https:\/\/mirekskursii.com\/tr\/wp-json\/wp\/v2\/media\/12575"}],"wp:attachment":[{"href":"https:\/\/mirekskursii.com\/tr\/wp-json\/wp\/v2\/media?parent=14903"}],"wp:term":[{"taxonomy":"product_brand","embeddable":true,"href":"https:\/\/mirekskursii.com\/tr\/wp-json\/wp\/v2\/product_brand?post=14903"},{"taxonomy":"product_cat","embeddable":true,"href":"https:\/\/mirekskursii.com\/tr\/wp-json\/wp\/v2\/product_cat?post=14903"},{"taxonomy":"product_tag","embeddable":true,"href":"https:\/\/mirekskursii.com\/tr\/wp-json\/wp\/v2\/product_tag?post=14903"}],"curies":[{"name":"wp","href":"https:\/\/api.w.org\/{rel}","templated":true}]}}