{"id":14895,"date":"2025-11-16T21:11:14","date_gmt":"2025-11-16T18:11:14","guid":{"rendered":"https:\/\/mirekskursii.com\/?post_type=product&#038;p=14895\/"},"modified":"2026-04-13T19:26:27","modified_gmt":"2026-04-13T16:26:27","slug":"korsan-tekne-turu-alanya","status":"publish","type":"product","link":"https:\/\/mirekskursii.com\/ekskursii\/piratskiy-korabl-v-alanya\/","title":{"rendered":"Alanya Korsan Tekne Turu \u2013 Her \u015eey Dahil"},"content":{"rendered":"<h3 data-start=\"271\" data-end=\"288\">\ud83c\udff4\u200d\u2620\ufe0f Genel Bak\u0131\u015f<\/h3>\n<p data-start=\"289\" data-end=\"591\">Alanya sahil \u015feridini denizden g\u00f6rmenin en pop\u00fcler yollar\u0131ndan biri olan korsan gemisiyle Alanya'da bir deniz maceras\u0131na at\u0131l\u0131n. K\u0131z\u0131l Kule ve Alanya Kalesi manzaras\u0131, y\u00fczme molalar\u0131, animasyon ve k\u00f6p\u00fck partisinin yan\u0131 s\u0131ra her \u015fey dahil \u00f6\u011fle yeme\u011fi ve alkols\u00fcz i\u00e7eceklerin tad\u0131n\u0131 \u00e7\u0131karacaks\u0131n\u0131z.<\/p>\n<h3 data-start=\"593\" data-end=\"609\">\u00a0Dahil:<\/h3>\n<p data-start=\"610\" data-end=\"834\"><span style=\"color: #00ff00;\"><strong>\u2713<\/strong> <\/span>Otel transferi<br data-start=\"632\" data-end=\"635\" \/><span style=\"color: #00ff00;\"><strong>\u2713<\/strong> <\/span>Rehber: Rus\u00e7a, \u0130ngilizce<br data-start=\"661\" data-end=\"664\" \/><span style=\"color: #00ff00;\"><strong>\u2713<\/strong> <\/span>\u00d6\u011fle yeme\u011fi (\u0131zgara tavuk, pilav ve salata)<br data-start=\"699\" data-end=\"702\" \/><span style=\"color: #00ff00;\"><strong>\u2713<\/strong> <\/span>Alkols\u00fcz i\u00e7ecekler (su, kola, fanta, vb.)<br data-start=\"753\" data-end=\"756\" \/><span style=\"color: #00ff00;\"><strong>\u2713<\/strong> <\/span>K\u00f6p\u00fck partisi ve animasyon<br data-start=\"785\" data-end=\"788\" \/><span style=\"color: #00ff00;\"><strong>\u2713<\/strong> <\/span>Can yelekleri<br data-start=\"809\" data-end=\"812\" \/><span style=\"color: #00ff00;\"><strong>\u2713<\/strong> <\/span>Tam sigortal\u0131<\/p>\n<h3 data-start=\"836\" data-end=\"855\">\u00a0Dahil de\u011fil:<\/h3>\n<p data-start=\"856\" data-end=\"915\"><span style=\"color: #ff0000;\"><strong>\u2717<\/strong> <\/span>Alkoll\u00fc i\u00e7ecekler<br data-start=\"877\" data-end=\"880\" \/><span style=\"color: #ff0000;\"><strong>\u2717<\/strong> <\/span>Foto\u011fraf ve video<br data-start=\"894\" data-end=\"897\" \/><span style=\"color: #ff0000;\"><strong>\u2717<\/strong> <\/span>Ki\u015fisel harcamalar<\/p>\n<h3 data-start=\"917\" data-end=\"947\">\ud83c\udf1f Turun \u00f6ne \u00e7\u0131kan \u00f6zellikleri<\/h3>\n<p data-start=\"948\" data-end=\"1405\">\ud83d\udd39 K\u0131z\u0131l Kule, eski tersane ve kale surlar\u0131 manzaras\u0131 e\u015fli\u011finde Alanya'n\u0131n korsan sahil \u015feridinde gezinti<br data-start=\"1052\" data-end=\"1055\" \/>\ud83d\udd39 \u00dcnl\u00fc deniz ma\u011faralar\u0131na ziyaret: Korsanlar, A\u015f\u0131klar, Fosforlu Ma\u011fara ve \u015eeytan Ma\u011faras\u0131.<br data-start=\"1138\" data-end=\"1141\" \/>\ud83d\udd39 Berrak ve sakin sulara sahip Ulash plaj\u0131 da dahil olmak \u00fczere y\u00fczmek i\u00e7in birka\u00e7 durak<br data-start=\"1228\" data-end=\"1231\" \/>\ud83d\udd39 Her ya\u015ftan misafir i\u00e7in gemide k\u00f6p\u00fck partisi ve e\u011flence program\u0131<br data-start=\"1313\" data-end=\"1316\" \/>\ud83d\udd39 Do\u011fru ko\u015fullarda yunuslar\u0131 veya deniz kaplumba\u011falar\u0131n\u0131 g\u00f6rme f\u0131rsat\u0131<\/p>\n<h3 data-start=\"1407\" data-end=\"1431\">\ud83d\udcd6 Tam a\u00e7\u0131klama<\/h3>\n<p data-start=\"1432\" data-end=\"1650\">Maceran\u0131z Alanya b\u00f6lgesindeki otelinizden Alanya liman\u0131na transfer ile ba\u015flar. Var\u0131\u015fta du\u015flar\u0131, soyunma kabinleri ve g\u00fc\u00e7l\u00fc bir ses sistemi olan \u00fc\u00e7 g\u00fcverteli bir korsan gemisine bineceksiniz.<\/p>\n<p data-start=\"1652\" data-end=\"1966\">Saat 10:00 civar\u0131nda gemi denize a\u00e7\u0131l\u0131r ve K\u0131z\u0131l Kule, eski tersane ve Alanya Kalesi'ni ge\u00e7er - denizden muhte\u015fem foto\u011fraflar \u00e7ekmek i\u00e7in harika bir f\u0131rsat. Rota, do\u011fal olu\u015fumlara ve kayalara hayran kalabilece\u011finiz \u00fcnl\u00fc Korsanlar, A\u015f\u0131klar, Fosfor ve \u015eeytan ma\u011faralar\u0131na do\u011fru devam eder.<\/p>\n<p data-start=\"1968\" data-end=\"2280\">Berrak, sakin sular\u0131 ve pitoresk sahil \u015feridi ile bilinen pop\u00fcler Ulash Plaj\u0131 da dahil olmak \u00fczere g\u00fcn boyunca 3-4 y\u00fczme dura\u011f\u0131 planlanmaktad\u0131r. Siz g\u00fcvertede dinlenirken, g\u00fcne\u015flenirken veya m\u00fczik e\u015fli\u011finde dans ederken gemide lezzetli bir \u00f6\u011fle yeme\u011fi (\u0131zgara tavuk, pilav, salata) ve alkols\u00fcz i\u00e7ecekler servis edilir.<\/p>\n<p data-start=\"2282\" data-end=\"2416\">Denizde ge\u00e7en yo\u011fun bir g\u00fcn\u00fcn ard\u0131ndan gemi saat 15:00 civar\u0131nda Alanya liman\u0131na geri d\u00f6necek ve buradan konforlu bir \u015fekilde otelinize transfer edileceksiniz.<\/p>\n<h3 data-start=\"2418\" data-end=\"2440\">\ud83d\uddfa\ufe0f Tur g\u00fczergah\u0131<\/h3>\n<p data-start=\"2441\" data-end=\"2882\">\ud83d\udd39 Alanya b\u00f6lgesindeki otellerden\/dairelerden \u00e7it<br data-start=\"2489\" data-end=\"2492\" \/>\ud83d\udd39 Alanya liman\u0131na transfer<br data-start=\"2519\" data-end=\"2522\" \/>\ud83d\udd39 Sabah saat 10:00 civar\u0131nda deniz gezisi i\u00e7in hareket<br data-start=\"2564\" data-end=\"2567\" \/>\ud83d\udd39 K\u0131z\u0131l Kule ve eski tersanenin yan\u0131ndan ge\u00e7erken<br data-start=\"2615\" data-end=\"2618\" \/>\ud83d\udd39 Korsanlar, A\u015f\u0131klar, Fosfor ve \u015eeytan Ma\u011faras\u0131 deniz ma\u011faralar\u0131n\u0131 ke\u015ffetmek<br data-start=\"2686\" data-end=\"2689\" \/>\ud83d\udd39 Gemide \u00f6\u011fle yeme\u011fi<br data-start=\"2705\" data-end=\"2708\" \/>\ud83d\udd39 Y\u00fczme duraklar\u0131 (Ulash plaj\u0131 dahil)<br data-start=\"2759\" data-end=\"2762\" \/>\ud83d\udd39 Y\u00fczme ve dinlenme i\u00e7in ek molalar<br data-start=\"2807\" data-end=\"2810\" \/>\ud83d\udd39 Alanya liman\u0131na d\u00f6n\u00fc\u015f (~15:00)<br data-start=\"2849\" data-end=\"2852\" \/>\ud83d\udd39 Otellere d\u00f6n\u00fc\u015f transferi<\/p>\n<h3 data-start=\"2884\" data-end=\"2912\">\u2139\ufe0f Faydal\u0131 bilgiler<\/h3>\n<p data-start=\"2913\" data-end=\"3182\">\ud83d\udd39 S\u00fcre: yakla\u015f\u0131k 5-6 saat<br data-start=\"2950\" data-end=\"2953\" \/>\ud83d\udd39 Aileler, \u00e7iftler ve gruplar i\u00e7in uygundur<br data-start=\"2987\" data-end=\"2990\" \/>\ud83d\udd39 Gemide g\u00f6lgelik ve a\u00e7\u0131k g\u00fcne\u015flenme g\u00fcverteleri bulunmaktad\u0131r<br data-start=\"3125\" data-end=\"3128\" \/>\ud83d\udd39 Y\u00fcksek sezonda erken rezervasyon \u00f6nerilir<\/p>\n<h3 data-start=\"3184\" data-end=\"3210\">\ud83c\udf92 Yan\u0131n\u0131za ne almal\u0131s\u0131n\u0131z<\/h3>\n<p data-start=\"3211\" data-end=\"3415\">\ud83d\udd39 Mayo ve havlu.<br data-start=\"3235\" data-end=\"3238\" \/>\ud83d\udd39 G\u00fcne\u015f kremi, g\u00fcne\u015f g\u00f6zl\u00fc\u011f\u00fc ve \u015fapka<br data-start=\"3289\" data-end=\"3292\" \/>\ud83d\udd39 Telefonunuz veya kameran\u0131z i\u00e7in su ge\u00e7irmez k\u0131l\u0131f<br data-start=\"3342\" data-end=\"3345\" \/>\ud83d\udd39 Ekstra i\u00e7ecekler, foto\u011fraflar ve ki\u015fisel harcamalar i\u00e7in k\u00fc\u00e7\u00fck bir miktar para<\/p>\n<h3 data-start=\"3417\" data-end=\"3441\">\ud83d\udeab \u015eunlar i\u00e7in uygun de\u011fildir<\/h3>\n<p data-start=\"3442\" data-end=\"3506\">\ud83d\udd39 \u015eiddetli deniz tutmas\u0131 olan konuklar<br data-start=\"3480\" data-end=\"3483\" \/>\ud83d\udd39 Hamile kad\u0131nlar<\/p>\n<h3 data-start=\"3508\" data-end=\"3536\">\ud83d\udcb8 Fiyat ve rezervasyon<\/h3>\n<p data-start=\"3538\" data-end=\"3678\"><strong>\ud83d\udd39 \u015eimdi rezervasyon yap\u0131n - tur g\u00fcn\u00fc \u00f6deme yap\u0131n<\/strong><br data-start=\"3584\" data-end=\"3587\" \/>\ud83d\udd39 WhatsApp, Telegram, Viber \u00fczerinden bize ula\u015f\u0131n veya a\u015fa\u011f\u0131daki sipari\u015f formunu doldurun. \ud83d\udc47\ud83c\udffc<\/p>","protected":false},"excerpt":{"rendered":"<article class=\"text-token-text-primary w-full focus:outline-none [--shadow-height:45px] has-data-writing-block:pointer-events-none has-data-writing-block:-mt-(--shadow-height) has-data-writing-block:pt-(--shadow-height) [&amp;:has([data-writing-block])&gt;*]:pointer-events-auto [content-visibility:auto] supports-[content-visibility:auto]:[contain-intrinsic-size:auto_100lvh] scroll-mt-[calc(var(--header-height)+min(200px,max(70px,20svh)))]\" dir=\"auto\" tabindex=\"-1\" data-turn-id=\"request-691836cd-f880-8328-a590-c99ebec06edd-3\" data-testid=\"conversation-turn-84\" data-scroll-anchor=\"true\" data-turn=\"assistant\">\n<div class=\"text-base my-auto mx-auto pb-10 [--thread-content-margin:--spacing(4)] thread-sm:[--thread-content-margin:--spacing(6)] thread-lg:[--thread-content-margin:--spacing(16)] px-(--thread-content-margin)\">\n<div class=\"[--thread-content-max-width:40rem] thread-lg:[--thread-content-max-width:48rem] mx-auto max-w-(--thread-content-max-width) flex-1 group\/turn-messages focus-visible:outline-hidden relative flex w-full min-w-0 flex-col agent-turn\" tabindex=\"-1\">\n<div class=\"flex max-w-full flex-col grow\">\n<div class=\"min-h-8 text-message relative flex w-full flex-col items-end gap-2 text-start break-words whitespace-normal [.text-message+&amp;]:mt-1\" dir=\"auto\" data-message-author-role=\"assistant\" data-message-id=\"4604497e-bd6b-4f1f-a874-8cfbc2515a0d\" data-message-model-slug=\"gpt-5-1-thinking\">\n<div class=\"flex w-full flex-col gap-1 empty:hidden first:pt-[1px]\">\n<div class=\"markdown prose dark:prose-invert w-full break-words light markdown-new-styling\">\n<p data-start=\"2753\" data-end=\"2929\" data-is-last-node=\"\" data-is-only-node=\"\">\u041f\u0438\u0440\u0430\u0442\u0441\u043a\u0438\u0439 \u043a\u043e\u0440\u0430\u0431\u043b\u044c \u0432 \u0410\u043b\u0430\u043d\u0438\u0438 \u00ab\u0432\u0441\u0451 \u0432\u043a\u043b\u044e\u0447\u0435\u043d\u043e\u00bb: \u043c\u043e\u0440\u0441\u043a\u0430\u044f \u043f\u0440\u043e\u0433\u0443\u043b\u043a\u0430 \u0441 \u043e\u0431\u0435\u0434\u043e\u043c, \u0431\u0435\u0437\u0430\u043b\u043a\u043e\u0433\u043e\u043b\u044c\u043d\u044b\u043c\u0438 \u043d\u0430\u043f\u0438\u0442\u043a\u0430\u043c\u0438, \u043a\u0443\u043f\u0430\u043d\u0438\u0435\u043c \u0443 \u043f\u043b\u044f\u0436\u0430 \u0423\u043b\u0430\u0448, \u043f\u0435\u043d\u043d\u043e\u0439 \u0432\u0435\u0447\u0435\u0440\u0438\u043d\u043a\u043e\u0439 \u0438 \u0442\u0440\u0430\u043d\u0441\u0444\u0435\u0440\u043e\u043c \u043e\u0442\/\u0434\u043e \u043e\u0442\u0435\u043b\u044f.<\/p>\n<\/div>\n<\/div>\n<\/div>\n<\/div>\n<div class=\"z-0 flex min-h-[46px] justify-start\"><\/div>\n<div class=\"mt-3 w-full empty:hidden\">\n<div class=\"text-center\"><\/div>\n<\/div>\n<\/div>\n<\/div>\n<\/article>\n<div class=\"pointer-events-none h-px w-px\" aria-hidden=\"true\" data-edge=\"true\"><\/div>\n","protected":false},"featured_media":14902,"comment_status":"open","ping_status":"closed","template":"","meta":[],"product_brand":[],"product_cat":[126],"product_tag":[121],"class_list":{"0":"post-14895","1":"product","2":"type-product","3":"status-publish","4":"has-post-thumbnail","6":"tour_phys-piratskii-korable","7":"tour_phys-ekskursii-v-alanya","8":"product_cat-ekskursii-v-alanya","9":"product_tag-alanya","10":"pa_destination-ekskursii-v-alanya","12":"first","13":"instock","14":"sale","15":"shipping-taxable","16":"purchasable","17":"product-type-tour_phys"},"aioseo_notices":[],"_links":{"self":[{"href":"https:\/\/mirekskursii.com\/tr\/wp-json\/wp\/v2\/product\/14895","targetHints":{"allow":["GET"]}}],"collection":[{"href":"https:\/\/mirekskursii.com\/tr\/wp-json\/wp\/v2\/product"}],"about":[{"href":"https:\/\/mirekskursii.com\/tr\/wp-json\/wp\/v2\/types\/product"}],"replies":[{"embeddable":true,"href":"https:\/\/mirekskursii.com\/tr\/wp-json\/wp\/v2\/comments?post=14895"}],"wp:featuredmedia":[{"embeddable":true,"href":"https:\/\/mirekskursii.com\/tr\/wp-json\/wp\/v2\/media\/14902"}],"wp:attachment":[{"href":"https:\/\/mirekskursii.com\/tr\/wp-json\/wp\/v2\/media?parent=14895"}],"wp:term":[{"taxonomy":"product_brand","embeddable":true,"href":"https:\/\/mirekskursii.com\/tr\/wp-json\/wp\/v2\/product_brand?post=14895"},{"taxonomy":"product_cat","embeddable":true,"href":"https:\/\/mirekskursii.com\/tr\/wp-json\/wp\/v2\/product_cat?post=14895"},{"taxonomy":"product_tag","embeddable":true,"href":"https:\/\/mirekskursii.com\/tr\/wp-json\/wp\/v2\/product_tag?post=14895"}],"curies":[{"name":"wp","href":"https:\/\/api.w.org\/{rel}","templated":true}]}}