{"id":14885,"date":"2025-11-16T20:45:05","date_gmt":"2025-11-16T17:45:05","guid":{"rendered":"https:\/\/mirekskursii.com\/?post_type=product&#038;p=14885\/"},"modified":"2025-12-11T21:12:11","modified_gmt":"2025-12-11T18:12:11","slug":"korsan-tekne-turu-alanya-big-kral-legend","status":"publish","type":"product","link":"https:\/\/mirekskursii.com\/ekskursii\/piratskiy-korabl-big-kral-iz-alanya\/","title":{"rendered":"Alanya Korsan Tekne Turu \u2013 Big Kral Legend Her \u015eey Dahil"},"content":{"rendered":"<h3 data-start=\"0\" data-end=\"17\">\ud83c\udff4\u200d\u2620\ufe0f Genel Bak\u0131\u015f<\/h3>\n<p data-start=\"18\" data-end=\"270\">Alanya'dan korsan gemisi Big Kral Legend ile bir deniz maceras\u0131na at\u0131l\u0131n! Turkuaz koylarda y\u00fczme, Alanya Kalesi manzaras\u0131, k\u00f6p\u00fck partisi, animasyon ve her \u015fey dahil \u00f6\u011fle yeme\u011fi sizi bekliyor - aileler, \u00e7iftler ve arkada\u015f gruplar\u0131 i\u00e7in ideal bir g\u00fcn.<\/p>\n<h3 data-start=\"272\" data-end=\"288\">\u00a0Dahil:<\/h3>\n<p data-start=\"289\" data-end=\"513\"><span style=\"color: #00ff00;\"><strong>\u2713<\/strong> <\/span>Otel transferi<br data-start=\"311\" data-end=\"314\" \/><span style=\"color: #00ff00;\"><strong>\u2713<\/strong> <\/span>Rehber: Rus\u00e7a, \u0130ngilizce<br data-start=\"340\" data-end=\"343\" \/><span style=\"color: #00ff00;\"><strong>\u2713<\/strong> <\/span>\u00d6\u011fle yeme\u011fi (\u0131zgara tavuk, pilav ve salata)<br data-start=\"378\" data-end=\"381\" \/><span style=\"color: #00ff00;\"><strong>\u2713<\/strong> <\/span>Alkols\u00fcz i\u00e7ecekler (su, kola, fanta, vb.)<br data-start=\"432\" data-end=\"435\" \/><span style=\"color: #00ff00;\"><strong>\u2713<\/strong> <\/span>K\u00f6p\u00fck partisi ve animasyon<br data-start=\"464\" data-end=\"467\" \/><span style=\"color: #00ff00;\"><strong>\u2713<\/strong> <\/span>Can yelekleri<br data-start=\"488\" data-end=\"491\" \/><span style=\"color: #00ff00;\"><strong>\u2713<\/strong> <\/span>Tam sigortal\u0131<\/p>\n<h3 data-start=\"515\" data-end=\"534\">\u00a0Dahil de\u011fil:<\/h3>\n<p data-start=\"535\" data-end=\"594\"><span style=\"color: #ff0000;\"><strong>\u2717<\/strong> <\/span>Alkoll\u00fc i\u00e7ecekler<br data-start=\"556\" data-end=\"559\" \/><span style=\"color: #ff0000;\"><strong>\u2717<\/strong> <\/span>Foto\u011fraf ve video<br data-start=\"573\" data-end=\"576\" \/><span style=\"color: #ff0000;\"><strong>\u2717<\/strong> <\/span>Ki\u015fisel harcamalar<\/p>\n<h3 data-start=\"596\" data-end=\"626\">\ud83c\udf1f Turun \u00f6ne \u00e7\u0131kan \u00f6zellikleri<\/h3>\n<p data-start=\"627\" data-end=\"1077\">\ud83d\udd39 Akdeniz'in en b\u00fcy\u00fcklerinden biri olan efsanevi korsan gemisi Big Kral'da yolculuk<br data-start=\"717\" data-end=\"720\" \/>\ud83d\udd39 K\u0131z\u0131l Kule, eski tersane ve Alanya'n\u0131n kale surlar\u0131n\u0131n panoramik manzaras\u0131<br data-start=\"795\" data-end=\"798\" \/>\ud83d\udd39 Deniz ma\u011faralar\u0131na ziyaret: Korsanlar, A\u015f\u0131klar, Fosfor ve \u015eeytan Ma\u011faras\u0131.<br data-start=\"870\" data-end=\"873\" \/>\ud83d\udd39 Ulash plaj\u0131nda ve pitoresk koylarda kristal berrakl\u0131\u011f\u0131ndaki suda y\u00fczme duraklar\u0131<br data-start=\"953\" data-end=\"956\" \/>\ud83d\udd39 Gemide e\u011flenceli animasyon, m\u00fczik ve k\u00f6p\u00fck partisi<br data-start=\"1011\" data-end=\"1014\" \/>\ud83d\udd39 \u00d6\u011fle yeme\u011fi ve alkols\u00fcz i\u00e7ecekler ile her \u015fey dahil format<\/p>\n<h3 data-start=\"1079\" data-end=\"1103\">\ud83d\udcd6 Tam a\u00e7\u0131klama<\/h3>\n<div data-start=\"1104\" data-end=\"1380\">Big Kral Legend korsan gemisi deniz turu, Alanya b\u00f6lgesindeki otellerden Alanya liman\u0131na konforlu bir transfer ile ba\u015flar. Gemiye bindikten sonra, maksimum konfor ve e\u011flence i\u00e7in tasarlanm\u0131\u015f \u00fc\u00e7 katl\u0131 devasa bir korsan gemisinde sahil boyunca seyir yapacaks\u0131n\u0131z.<\/div>\n<div data-start=\"1382\" data-end=\"1608\">G\u00fcverteler K\u0131z\u0131l Kule, eski tersane ve Alanya Kalesi'nin etkileyici manzaralar\u0131n\u0131 sunmaktad\u0131r. Gemi, muhte\u015fem foto\u011fraflar \u00e7ekebilece\u011finiz \u00fcnl\u00fc deniz ma\u011faralar\u0131 Korsanlar, A\u015f\u0131klar, Fosforlu Ma\u011fara ve \u015eeytan Ma\u011faras\u0131'n\u0131n yan\u0131ndan ge\u00e7mektedir.<\/div>\n<div data-start=\"1610\" data-end=\"1887\">Tur program\u0131, Ulash Plaj\u0131 b\u00f6lgesi de dahil olmak \u00fczere turkuaz koylarda y\u00fczmek i\u00e7in birka\u00e7 durak i\u00e7ermektedir. Gemide \u00f6\u011fle yeme\u011fi (\u0131zgara tavuk, pilav, salata) ve alkols\u00fcz i\u00e7ecekler servis edilmektedir. Animasyon ekibi her ya\u015ftan misafirler i\u00e7in yar\u0131\u015fmalar, danslar ve muhte\u015fem bir k\u00f6p\u00fck partisi d\u00fczenlemektedir.<\/div>\n<div data-start=\"1889\" data-end=\"2019\">Yo\u011fun bir deniz g\u00fcn\u00fcn\u00fcn ard\u0131ndan Big Kral Legend yakla\u015f\u0131k 15:00'te Alanya liman\u0131na geri d\u00f6ner ve buradan otelinize transfer edilirsiniz.<\/div>\n<h3 data-start=\"2021\" data-end=\"2043\">\ud83d\uddfa\ufe0f Tur g\u00fczergah\u0131<\/h3>\n<p data-start=\"2044\" data-end=\"2493\">\ud83d\udd39 Alanya b\u00f6lgesindeki otellerden\/dairelerden \u00e7it<br data-start=\"2092\" data-end=\"2095\" \/>\ud83d\udd39 Alanya liman\u0131na transfer<br data-start=\"2122\" data-end=\"2125\" \/>\ud83d\udd39 Deniz gezisi i\u00e7in hareket (saat 10:00 civar\u0131nda)<br data-start=\"2169\" data-end=\"2172\" \/>\ud83d\udd39 K\u0131z\u0131l Kule, eski tersane ve Alanya Kalesi'nin yan\u0131ndan ge\u00e7erken<br data-start=\"2229\" data-end=\"2232\" \/>\ud83d\udd39 Korsanlar, A\u015f\u0131klar, Fosfor ve \u015eeytan Ma\u011faras\u0131 deniz ma\u011faralar\u0131n\u0131 ke\u015ffetmek<br data-start=\"2300\" data-end=\"2303\" \/>\ud83d\udd39 Y\u00fczme duraklar\u0131 (Ulash plaj\u0131 dahil)<br data-start=\"2354\" data-end=\"2357\" \/>\ud83d\udd39 Gemide \u00f6\u011fle yeme\u011fi ve animasyon program\u0131<br data-start=\"2398\" data-end=\"2401\" \/>\ud83d\udd39 K\u00f6p\u00fck partisi<br data-start=\"2420\" data-end=\"2423\" \/>\ud83d\udd39 Alanya liman\u0131na d\u00f6n\u00fc\u015f (~15:00)<br data-start=\"2460\" data-end=\"2463\" \/>\ud83d\udd39 Otellere d\u00f6n\u00fc\u015f transferi<\/p>\n<h3 data-start=\"2495\" data-end=\"2523\">\u2139\ufe0f Faydal\u0131 bilgiler<\/h3>\n<p data-start=\"2524\" data-end=\"2804\">\ud83d\udd39 S\u00fcre: yakla\u015f\u0131k 5-6 saat<br data-start=\"2561\" data-end=\"2564\" \/>\ud83d\udd39 Her ya\u015f i\u00e7in uygundur - aileler, \u00e7iftler ve gruplar<br data-start=\"2615\" data-end=\"2618\" \/>\ud83d\udd39 Gemide g\u00f6lgeli alanlar ve \u015fezlonglar mevcuttur<br data-start=\"2661\" data-end=\"2664\" \/>\ud83d\udd39 Y\u00fcksek sezonda \u00f6nceden rezervasyon yap\u0131lmas\u0131 tavsiye edilir<br data-start=\"2716\" data-end=\"2719\" \/>\ud83d\udd39 5 ya\u015f\u0131ndan k\u00fc\u00e7\u00fck \u00e7ocuklar \u00fccretsiz seyahat eder (ayr\u0131 koltuk yok, ebeveynlerle birlikte)<\/p>\n<h3 data-start=\"2806\" data-end=\"2832\">\ud83c\udf92 Yan\u0131n\u0131za ne almal\u0131s\u0131n\u0131z<\/h3>\n<p data-start=\"2833\" data-end=\"3026\">\ud83d\udd39 Mayo ve havlu.<br data-start=\"2857\" data-end=\"2860\" \/>\ud83d\udd39 G\u00fcne\u015f kremi, g\u00fcne\u015f g\u00f6zl\u00fc\u011f\u00fc ve \u015fapka<br data-start=\"2911\" data-end=\"2914\" \/>\ud83d\udd39 Su Ge\u00e7irmez Telefon K\u0131l\u0131f\u0131<br data-start=\"2953\" data-end=\"2956\" \/>\ud83d\udd39 Ekstra i\u00e7ecekler, foto\u011fraflar ve ki\u015fisel harcamalar i\u00e7in k\u00fc\u00e7\u00fck bir miktar para<\/p>\n<h3 data-start=\"3028\" data-end=\"3052\">\ud83d\udeab \u015eunlar i\u00e7in uygun de\u011fildir<\/h3>\n<p data-start=\"3053\" data-end=\"3109\">\ud83d\udd39 \u015eiddetli hareket hastal\u0131\u011f\u0131 olan konuklar<br data-start=\"3084\" data-end=\"3087\" \/>\ud83d\udd39 Hamile kad\u0131nlar<\/p>\n<h3 data-start=\"3111\" data-end=\"3139\">\ud83d\udcb8 Fiyat ve rezervasyon<\/h3>\n<p data-start=\"3141\" data-end=\"3281\"><strong>\ud83d\udd39 \u015eimdi rezervasyon yap\u0131n - tur g\u00fcn\u00fc \u00f6deme yap\u0131n<\/strong><br data-start=\"3187\" data-end=\"3190\" \/>\ud83d\udd39 WhatsApp, Telegram, Viber \u00fczerinden bize ula\u015f\u0131n veya a\u015fa\u011f\u0131daki sipari\u015f formunu doldurun. \ud83d\udc47\ud83c\udffc<\/p>","protected":false},"excerpt":{"rendered":"<article class=\"text-token-text-primary w-full focus:outline-none [--shadow-height:45px] has-data-writing-block:pointer-events-none has-data-writing-block:-mt-(--shadow-height) has-data-writing-block:pt-(--shadow-height) [&amp;:has([data-writing-block])&gt;*]:pointer-events-auto [content-visibility:auto] supports-[content-visibility:auto]:[contain-intrinsic-size:auto_100lvh] scroll-mt-[calc(var(--header-height)+min(200px,max(70px,20svh)))]\" dir=\"auto\" tabindex=\"-1\" data-turn-id=\"request-691836cd-f880-8328-a590-c99ebec06edd-3\" data-testid=\"conversation-turn-84\" data-scroll-anchor=\"true\" data-turn=\"assistant\">\n<div class=\"text-base my-auto mx-auto pb-10 [--thread-content-margin:--spacing(4)] thread-sm:[--thread-content-margin:--spacing(6)] thread-lg:[--thread-content-margin:--spacing(16)] px-(--thread-content-margin)\">\n<div class=\"[--thread-content-max-width:40rem] thread-lg:[--thread-content-max-width:48rem] mx-auto max-w-(--thread-content-max-width) flex-1 group\/turn-messages focus-visible:outline-hidden relative flex w-full min-w-0 flex-col agent-turn\" tabindex=\"-1\">\n<div class=\"flex max-w-full flex-col grow\">\n<div class=\"min-h-8 text-message relative flex w-full flex-col items-end gap-2 text-start break-words whitespace-normal [.text-message+&amp;]:mt-1\" dir=\"auto\" data-message-author-role=\"assistant\" data-message-id=\"4604497e-bd6b-4f1f-a874-8cfbc2515a0d\" data-message-model-slug=\"gpt-5-1-thinking\">\n<div class=\"flex w-full flex-col gap-1 empty:hidden first:pt-[1px]\">\n<div class=\"markdown prose dark:prose-invert w-full break-words light markdown-new-styling\">\n<p data-start=\"2753\" data-end=\"2929\" data-is-last-node=\"\" data-is-only-node=\"\">\u042d\u043a\u0441\u043a\u0443\u0440\u0441\u0438\u044f \u043d\u0430 \u043f\u0438\u0440\u0430\u0442\u0441\u043a\u043e\u043c \u043a\u043e\u0440\u0430\u0431\u043b\u0435 Big Kral \u0432 \u0410\u043b\u0430\u043d\u0438\u0438: \u043f\u0435\u043d\u043d\u0430\u044f \u0432\u0435\u0447\u0435\u0440\u0438\u043d\u043a\u0430, \u043a\u0443\u043f\u0430\u043d\u0438\u0435 \u0443 \u043f\u043b\u044f\u0436\u0430 \u0423\u043b\u0430\u0448, \u0430\u043d\u0438\u043c\u0430\u0446\u0438\u044f \u0438 \u043e\u0431\u0435\u0434 \u043f\u043e \u0441\u0438\u0441\u0442\u0435\u043c\u0435 \u00ab\u0432\u0441\u0451 \u0432\u043a\u043b\u044e\u0447\u0435\u043d\u043e\u00bb. \u0422\u0440\u0430\u043d\u0441\u0444\u0435\u0440 \u043e\u0442\/\u0434\u043e \u043e\u0442\u0435\u043b\u044f.<\/p>\n<\/div>\n<\/div>\n<\/div>\n<\/div>\n<div class=\"z-0 flex min-h-[46px] justify-start\"><\/div>\n<div class=\"mt-3 w-full empty:hidden\">\n<div class=\"text-center\"><\/div>\n<\/div>\n<\/div>\n<\/div>\n<\/article>\n<div class=\"pointer-events-none h-px w-px\" aria-hidden=\"true\" data-edge=\"true\"><\/div>\n","protected":false},"featured_media":14886,"comment_status":"open","ping_status":"closed","template":"","meta":[],"product_brand":[],"product_cat":[126],"product_tag":[121],"class_list":{"0":"post-14885","1":"product","2":"type-product","3":"status-publish","4":"has-post-thumbnail","6":"tour_phys-piratskii-korable","7":"tour_phys-ekskursii-v-alanya","8":"product_cat-ekskursii-v-alanya","9":"product_tag-alanya","10":"pa_destination-ekskursii-v-alanya","12":"first","13":"instock","14":"sale","15":"shipping-taxable","16":"purchasable","17":"product-type-tour_phys"},"aioseo_notices":[],"_links":{"self":[{"href":"https:\/\/mirekskursii.com\/tr\/wp-json\/wp\/v2\/product\/14885","targetHints":{"allow":["GET"]}}],"collection":[{"href":"https:\/\/mirekskursii.com\/tr\/wp-json\/wp\/v2\/product"}],"about":[{"href":"https:\/\/mirekskursii.com\/tr\/wp-json\/wp\/v2\/types\/product"}],"replies":[{"embeddable":true,"href":"https:\/\/mirekskursii.com\/tr\/wp-json\/wp\/v2\/comments?post=14885"}],"wp:featuredmedia":[{"embeddable":true,"href":"https:\/\/mirekskursii.com\/tr\/wp-json\/wp\/v2\/media\/14886"}],"wp:attachment":[{"href":"https:\/\/mirekskursii.com\/tr\/wp-json\/wp\/v2\/media?parent=14885"}],"wp:term":[{"taxonomy":"product_brand","embeddable":true,"href":"https:\/\/mirekskursii.com\/tr\/wp-json\/wp\/v2\/product_brand?post=14885"},{"taxonomy":"product_cat","embeddable":true,"href":"https:\/\/mirekskursii.com\/tr\/wp-json\/wp\/v2\/product_cat?post=14885"},{"taxonomy":"product_tag","embeddable":true,"href":"https:\/\/mirekskursii.com\/tr\/wp-json\/wp\/v2\/product_tag?post=14885"}],"curies":[{"name":"wp","href":"https:\/\/api.w.org\/{rel}","templated":true}]}}