{"id":14859,"date":"2025-11-16T18:27:17","date_gmt":"2025-11-16T15:27:17","guid":{"rendered":"https:\/\/mirekskursii.com\/?post_type=product&#038;p=14859\/"},"modified":"2025-12-11T21:14:18","modified_gmt":"2025-12-11T18:14:18","slug":"relax-yat-turu-alanya","status":"publish","type":"product","link":"https:\/\/mirekskursii.com\/ekskursii\/relaks-yaht-tur-v-alanya\/","title":{"rendered":"Alanya Relax Yat Turu \u2013 K\u00fc\u00e7\u00fck Grup Tekne Gezisi"},"content":{"rendered":"<h3 data-start=\"0\" data-end=\"15\">\ud83c\udfdd\ufe0f Genel Bak\u0131\u015f<\/h3>\n<p data-start=\"16\" data-end=\"314\">Y\u00fcksek sesli m\u00fczik veya k\u00f6p\u00fck partileri olmadan k\u00fc\u00e7\u00fck bir ah\u015fap teknede Alanya'da rahatlat\u0131c\u0131 ve dinlendirici bir yat turunun tad\u0131n\u0131 \u00e7\u0131kar\u0131n. K\u00fc\u00e7\u00fck grup, g\u00fczel koylar, Kleopatra Plaj\u0131 ve Ulash Koyu'nda y\u00fczme, \u00f6\u011fle yeme\u011fi ve alkols\u00fcz i\u00e7ecekler dahil - \u00e7iftler, aileler ve huzur, sessizlik ve deniz isteyenler i\u00e7in ideal.<\/p>\n<h3 data-start=\"316\" data-end=\"330\">Dahil:<\/h3>\n<p data-start=\"331\" data-end=\"517\"><span style=\"color: #00ff00;\"><strong>\u2713<\/strong> <\/span>Otel transferi<br data-start=\"353\" data-end=\"356\" \/><span style=\"color: #00ff00;\"><strong>\u2713<\/strong> <\/span>Rehber: Rus\u00e7a, \u0130ngilizce<br data-start=\"382\" data-end=\"385\" \/><span style=\"color: #00ff00;\"><strong>\u2713<\/strong> <\/span>Gemide \u00f6\u011fle yeme\u011fi (\u0131zgara tavuk, pilav, salata)<br data-start=\"427\" data-end=\"430\" \/><span style=\"color: #00ff00;\"><strong>\u2713<\/strong> <\/span>Alkols\u00fcz i\u00e7ecekler (su, kola, fanta, maden suyu)<br data-start=\"492\" data-end=\"495\" \/><span style=\"color: #00ff00;\"><strong>\u2713<\/strong> <\/span>Tam sigortal\u0131<\/p>\n<h3 data-start=\"519\" data-end=\"536\">Dahil de\u011fil:<\/h3>\n<p data-start=\"537\" data-end=\"627\"><span style=\"color: #ff0000;\"><strong>\u2717<\/strong> <\/span>Alkoll\u00fc i\u00e7ecekler<br data-start=\"558\" data-end=\"561\" \/><span style=\"color: #ff0000;\"><strong>\u2717<\/strong> <\/span>Dondurma, foto\u011fraflar ve ki\u015fisel harcamalar<br data-start=\"595\" data-end=\"598\" \/><span style=\"color: #ff0000;\"><strong>\u2717<\/strong> <\/span>\u015enorkel ekipmanlar\u0131<\/p>\n<h3 data-start=\"629\" data-end=\"659\">\ud83c\udf1f Turun \u00f6ne \u00e7\u0131kan \u00f6zellikleri<\/h3>\n<p data-start=\"660\" data-end=\"1010\">\ud83d\udd39 Y\u00fcksek sesli m\u00fczik olmadan sakin tekne yolculu\u011fu (40-45 ki\u015fiye kadar mini grup)<br data-start=\"740\" data-end=\"743\" \/>\ud83d\udd39 K\u0131z\u0131l Kule, Alanya Tersanesi ve Alanya Kalesi'nden ge\u00e7i\u015f<br data-start=\"800\" data-end=\"803\" \/>\ud83d\udd39 \u00dcnl\u00fc deniz ma\u011faralar\u0131n\u0131 ke\u015ffedin: Korsan Ma\u011faras\u0131, A\u015f\u0131klar Ma\u011faras\u0131 ve Fosforlu Ma\u011fara.<br data-start=\"879\" data-end=\"882\" \/>\ud83d\udd39 Kleopatra Plaj\u0131 ve Ulash Koyu'nda y\u00fczme<br data-start=\"925\" data-end=\"928\" \/>\ud83d\udd39 Yunuslar\u0131 g\u00f6rme ve kristal berrakl\u0131\u011f\u0131ndaki turkuaz sularda y\u00fczme f\u0131rsat\u0131<\/p>\n<h3 data-start=\"1012\" data-end=\"1036\">\ud83d\udcd6 Tam a\u00e7\u0131klama<\/h3>\n<p data-start=\"1037\" data-end=\"1781\">Dinlendirici deniz g\u00fcn\u00fcn\u00fcz, Alanya b\u00f6lgesindeki otelinizden transferiniz ve Alanya liman\u0131na var\u0131\u015f\u0131n\u0131zla ba\u015flayacakt\u0131r. Rahat bir ah\u015fap tekneye binecek ve pitoresk sahil \u015feridi boyunca yelken a\u00e7acaks\u0131n\u0131z: K\u0131z\u0131l Kule, antik tersane ve Alanya Kalesi foto\u011fraflar i\u00e7in m\u00fckemmel bir fon olu\u015fturacak.<br data-start=\"1305\" data-end=\"1308\" \/>Rota, kayal\u0131klar\u0131n ve berrak suyun manzaras\u0131n\u0131n keyfini \u00e7\u0131karabilece\u011finiz \u00fcnl\u00fc deniz ma\u011faralar\u0131ndan - Korsan Ma\u011faras\u0131, A\u015f\u0131klar Ma\u011faras\u0131 ve Fosforlu Ma\u011fara'dan ge\u00e7mektedir. Tur s\u0131ras\u0131nda Kleopatra Plaj\u0131 ve Ulash Koyu'nda y\u00fczme, g\u00fcne\u015flenme ve \u015fnorkelle y\u00fczme (iste\u011fe ba\u011fl\u0131) i\u00e7in geni\u015f zaman ayr\u0131lan y\u00fczme molalar\u0131 planlanmaktad\u0131r. Teknede lezzetli bir \u00f6\u011fle yeme\u011fi (\u0131zgara tavuk, pilav, salata) ve alkols\u00fcz i\u00e7ecekler servis edilmektedir. G\u00fcn\u00fcn sonunda tekne Alanya liman\u0131na geri d\u00f6ner ve buradan otelinize transfer edilirsiniz.<\/p>\n<h3 data-start=\"1783\" data-end=\"1805\">\ud83d\uddfa\ufe0f Tur g\u00fczergah\u0131<\/h3>\n<p data-start=\"1806\" data-end=\"2143\">\ud83d\udd39 Alanya b\u00f6lgesindeki otel ve apartlardan \u00e7it<br data-start=\"1856\" data-end=\"1859\" \/>\ud83d\udd39 Alanya liman\u0131na transfer<br data-start=\"1886\" data-end=\"1889\" \/>\ud83d\udd39 K\u0131z\u0131l Kule, tersane ve Alanya Kalesi'nden ge\u00e7i\u015f<br data-start=\"1939\" data-end=\"1942\" \/>\ud83d\udd39 Korsan Ma\u011faras\u0131, A\u015f\u0131klar Ma\u011faras\u0131 ve Fosforlu Ma\u011fara'y\u0131 Ke\u015ffetmek<br data-start=\"1999\" data-end=\"2002\" \/>\ud83d\udd39 Kleopatra Plaj\u0131'nda y\u00fczme molas\u0131<br data-start=\"2044\" data-end=\"2047\" \/>\ud83d\udd39 Gemide \u00f6\u011fle yeme\u011fi<br data-start=\"2063\" data-end=\"2066\" \/>\ud83d\udd39 Ulash K\u00f6rfezi'nde Y\u00fczme<br data-start=\"2089\" data-end=\"2092\" \/>\ud83d\udd39 Alanya liman\u0131na d\u00f6n\u00fc\u015f ve otele transfer<\/p>\n<h3 data-start=\"2145\" data-end=\"2173\">\u2139\ufe0f Faydal\u0131 bilgiler<\/h3>\n<p data-start=\"2174\" data-end=\"2468\">\ud83d\udd39 Tur s\u00fcresi: yakla\u015f\u0131k 5-6 saat<br data-start=\"2216\" data-end=\"2219\" \/>\ud83d\udd39 Tekne kapasitesi: yakla\u015f\u0131k 40-45 yolcu (b\u00fcy\u00fck gemilere k\u0131yasla mini grup)<br data-start=\"2314\" data-end=\"2317\" \/>\ud83d\udd39 G\u00fcr\u00fclt\u00fcl\u00fc partilerin olmad\u0131\u011f\u0131 rahat bir aile ortam\u0131<br data-start=\"2370\" data-end=\"2373\" \/>\ud83d\udd39 Su alt\u0131 d\u00fcnyas\u0131n\u0131 g\u00f6zlemlemek istiyorsan\u0131z yan\u0131n\u0131zda \u015fnorkel tak\u0131m\u0131 getirmeniz tavsiye edilir<\/p>\n<h3 data-start=\"2470\" data-end=\"2496\">\ud83c\udf92 Yan\u0131n\u0131za ne almal\u0131s\u0131n\u0131z<\/h3>\n<p data-start=\"2497\" data-end=\"2671\">\ud83d\udd39 Mayo ve havlu.<br data-start=\"2521\" data-end=\"2524\" \/>\ud83d\udd39 G\u00fcne\u015f g\u00f6zl\u00fc\u011f\u00fc ve g\u00fcne\u015f kremi<br data-start=\"2563\" data-end=\"2566\" \/>\ud83d\udd39 \u015enorkel maskesi\/t\u00fcp\u00fc (iste\u011fe ba\u011fl\u0131)<br data-start=\"2609\" data-end=\"2612\" \/>\ud83d\udd39 Ki\u015fisel harcamalar, dondurma veya bir foto\u011fraf i\u00e7in k\u00fc\u00e7\u00fck bir miktar para<\/p>\n<h3 data-start=\"2673\" data-end=\"2697\">\ud83d\udeab \u015eunlar i\u00e7in uygun de\u011fildir<\/h3>\n<p data-start=\"2698\" data-end=\"2776\">\ud83d\udd39 Animasyon ve k\u00f6p\u00fck partileri ile g\u00fcr\u00fclt\u00fcl\u00fc \u00abparti teknesi\u00bb turlar\u0131 arayan konuklar<\/p>\n<h3 data-start=\"2778\" data-end=\"2806\">\ud83d\udcb8 Fiyat ve rezervasyon<\/h3>\n<p data-start=\"2808\" data-end=\"2948\"><strong>\ud83d\udd39 \u015eimdi rezervasyon yap\u0131n - tur g\u00fcn\u00fc \u00f6deme yap\u0131n<\/strong><br data-start=\"2854\" data-end=\"2857\" \/>\ud83d\udd39 WhatsApp, Telegram, Viber \u00fczerinden bize ula\u015f\u0131n veya a\u015fa\u011f\u0131daki sipari\u015f formunu doldurun. \ud83d\udc47\ud83c\udffc<\/p>","protected":false},"excerpt":{"rendered":"<article class=\"text-token-text-primary w-full focus:outline-none [--shadow-height:45px] has-data-writing-block:pointer-events-none has-data-writing-block:-mt-(--shadow-height) has-data-writing-block:pt-(--shadow-height) [&amp;:has([data-writing-block])&gt;*]:pointer-events-auto [content-visibility:auto] supports-[content-visibility:auto]:[contain-intrinsic-size:auto_100lvh] scroll-mt-[calc(var(--header-height)+min(200px,max(70px,20svh)))]\" dir=\"auto\" tabindex=\"-1\" data-turn-id=\"request-691836cd-f880-8328-a590-c99ebec06edd-3\" data-testid=\"conversation-turn-84\" data-scroll-anchor=\"true\" data-turn=\"assistant\">\n<div class=\"text-base my-auto mx-auto pb-10 [--thread-content-margin:--spacing(4)] thread-sm:[--thread-content-margin:--spacing(6)] thread-lg:[--thread-content-margin:--spacing(16)] px-(--thread-content-margin)\">\n<div class=\"[--thread-content-max-width:40rem] thread-lg:[--thread-content-max-width:48rem] mx-auto max-w-(--thread-content-max-width) flex-1 group\/turn-messages focus-visible:outline-hidden relative flex w-full min-w-0 flex-col agent-turn\" tabindex=\"-1\">\n<div class=\"flex max-w-full flex-col grow\">\n<div class=\"min-h-8 text-message relative flex w-full flex-col items-end gap-2 text-start break-words whitespace-normal [.text-message+&amp;]:mt-1\" dir=\"auto\" data-message-author-role=\"assistant\" data-message-id=\"4604497e-bd6b-4f1f-a874-8cfbc2515a0d\" data-message-model-slug=\"gpt-5-1-thinking\">\n<div class=\"flex w-full flex-col gap-1 empty:hidden first:pt-[1px]\">\n<div class=\"markdown prose dark:prose-invert w-full break-words light markdown-new-styling\">\n<p data-start=\"2753\" data-end=\"2929\" data-is-last-node=\"\" data-is-only-node=\"\">\u0420\u0435\u043b\u0430\u043a\u0441-\u044f\u0445\u0442-\u0442\u0443\u0440 \u0432 \u0410\u043b\u0430\u043d\u0438\u0438 \u0432 \u043c\u0438\u043d\u0438-\u0433\u0440\u0443\u043f\u043f\u0435: \u0442\u0438\u0445\u0430\u044f \u043f\u0440\u043e\u0433\u0443\u043b\u043a\u0430 \u0431\u0435\u0437 \u043c\u0443\u0437\u044b\u043a\u0438, \u043a\u0443\u043f\u0430\u043d\u0438\u0435 \u0443 \u043f\u043b\u044f\u0436\u0430 \u041a\u043b\u0435\u043e\u043f\u0430\u0442\u0440\u044b \u0438 \u0432 \u0431\u0443\u0445\u0442\u0435 \u0423\u043b\u0430\u0448, \u043e\u0431\u0435\u0434 \u0438 \u0431\u0435\u0437\u0430\u043b\u043a\u043e\u0433\u043e\u043b\u044c\u043d\u044b\u0435 \u043d\u0430\u043f\u0438\u0442\u043a\u0438, \u0442\u0440\u0430\u043d\u0441\u0444\u0435\u0440 \u043e\u0442\/\u0434\u043e \u043e\u0442\u0435\u043b\u044f.<\/p>\n<\/div>\n<\/div>\n<\/div>\n<\/div>\n<div class=\"z-0 flex min-h-[46px] justify-start\"><\/div>\n<div class=\"mt-3 w-full empty:hidden\">\n<div class=\"text-center\"><\/div>\n<\/div>\n<\/div>\n<\/div>\n<\/article>\n<div class=\"pointer-events-none h-px w-px\" aria-hidden=\"true\" data-edge=\"true\"><\/div>\n","protected":false},"featured_media":14860,"comment_status":"open","ping_status":"closed","template":"","meta":[],"product_brand":[],"product_cat":[126],"product_tag":[121],"class_list":{"0":"post-14859","1":"product","2":"type-product","3":"status-publish","4":"has-post-thumbnail","6":"tour_phys-ekskursii-v-alanya","7":"product_cat-ekskursii-v-alanya","8":"product_tag-alanya","9":"pa_destination-ekskursii-v-alanya","11":"first","12":"instock","13":"sale","14":"shipping-taxable","15":"purchasable","16":"product-type-tour_phys"},"aioseo_notices":[],"_links":{"self":[{"href":"https:\/\/mirekskursii.com\/tr\/wp-json\/wp\/v2\/product\/14859","targetHints":{"allow":["GET"]}}],"collection":[{"href":"https:\/\/mirekskursii.com\/tr\/wp-json\/wp\/v2\/product"}],"about":[{"href":"https:\/\/mirekskursii.com\/tr\/wp-json\/wp\/v2\/types\/product"}],"replies":[{"embeddable":true,"href":"https:\/\/mirekskursii.com\/tr\/wp-json\/wp\/v2\/comments?post=14859"}],"wp:featuredmedia":[{"embeddable":true,"href":"https:\/\/mirekskursii.com\/tr\/wp-json\/wp\/v2\/media\/14860"}],"wp:attachment":[{"href":"https:\/\/mirekskursii.com\/tr\/wp-json\/wp\/v2\/media?parent=14859"}],"wp:term":[{"taxonomy":"product_brand","embeddable":true,"href":"https:\/\/mirekskursii.com\/tr\/wp-json\/wp\/v2\/product_brand?post=14859"},{"taxonomy":"product_cat","embeddable":true,"href":"https:\/\/mirekskursii.com\/tr\/wp-json\/wp\/v2\/product_cat?post=14859"},{"taxonomy":"product_tag","embeddable":true,"href":"https:\/\/mirekskursii.com\/tr\/wp-json\/wp\/v2\/product_tag?post=14859"}],"curies":[{"name":"wp","href":"https:\/\/api.w.org\/{rel}","templated":true}]}}