{"id":14858,"date":"2025-11-16T18:02:04","date_gmt":"2025-11-16T15:02:04","guid":{"rendered":"https:\/\/mirekskursii.com\/?post_type=product&#038;p=14858\/"},"modified":"2025-12-23T23:05:42","modified_gmt":"2025-12-23T20:05:42","slug":"antalya-sehir-turu-alanya","status":"publish","type":"product","link":"https:\/\/mirekskursii.com\/ekskursii\/antalya-staryy-gorod-iz-alanya\/","title":{"rendered":"Alanya'dan Antalya \u015eehir Turu \u2013 Kalei\u00e7i ve \u015eelaleler"},"content":{"rendered":"<h3 data-start=\"0\" data-end=\"14\">\u2600\ufe0f \u0130nceleme<\/h3>\n<p data-start=\"15\" data-end=\"226\">Alanya b\u00f6lgesinden g\u00fcn\u00fcbirlik bir turla Antalya'n\u0131n g\u00fczelli\u011fini ke\u015ffedin. D\u00fcden \u015eelaleleri'nin, tarihi Kalei\u00e7i'nde bir y\u00fcr\u00fcy\u00fc\u015f\u00fcn, bir T\u00fcrk \u00f6\u011fle yeme\u011finin ve dilerseniz denizden bir saatlik tekne turunun tad\u0131n\u0131 \u00e7\u0131karacaks\u0131n\u0131z.<\/p>\n<h3 data-start=\"228\" data-end=\"242\">Dahil:<\/h3>\n<p data-start=\"243\" data-end=\"448\"><span style=\"color: #00ff00;\"><strong>\u2713<\/strong> <\/span>Otel transferi<br data-start=\"265\" data-end=\"268\" \/><span style=\"color: #00ff00;\"><strong>\u2713<\/strong> <\/span>D\u00fcden \u015felalelerine giri\u015f biletleri (Yukar\u0131 ve A\u015fa\u011f\u0131)<br data-start=\"321\" data-end=\"324\" \/><span style=\"color: #00ff00;\"><strong>\u2713<\/strong> <\/span>Klimal\u0131 konforlu otob\u00fcs<br data-start=\"365\" data-end=\"368\" \/><span style=\"color: #00ff00;\"><strong>\u2713<\/strong> <\/span>Rehber: Rus\u00e7a, \u0130ngilizce<br data-start=\"394\" data-end=\"397\" \/><span style=\"color: #00ff00;\"><strong>\u2713<\/strong> <\/span>Yerel bir restoranda \u00f6\u011fle yeme\u011fi<br data-start=\"423\" data-end=\"426\" \/><span style=\"color: #00ff00;\"><strong>\u2713<\/strong> <\/span>Tam sigortal\u0131<\/p>\n<h3 data-start=\"450\" data-end=\"467\">Dahil de\u011fil:<\/h3>\n<p data-start=\"468\" data-end=\"568\"><span style=\"color: #ff0000;\"><strong>\u2717<\/strong> <\/span>Tekne turu (iste\u011fe ba\u011fl\u0131)<br data-start=\"512\" data-end=\"515\" \/><span style=\"color: #ff0000;\"><strong>\u2717<\/strong> <\/span>\u0130\u00e7ecekler<br data-start=\"524\" data-end=\"527\" \/><span style=\"color: #ff0000;\"><strong>\u2717<\/strong> <\/span>Ki\u015fisel harcamalar<\/p>\n<h3 data-start=\"570\" data-end=\"600\">\ud83c\udf1f Turun \u00f6ne \u00e7\u0131kan \u00f6zellikleri<\/h3>\n<p data-start=\"601\" data-end=\"980\">\ud83d\udd39 A\u015fa\u011f\u0131 D\u00fcden: Do\u011frudan Akdeniz'e d\u00f6k\u00fclen yakla\u015f\u0131k 40 metre y\u00fcksekli\u011finde bir \u015felale<br data-start=\"679\" data-end=\"682\" \/>\ud83d\udd39 Eski \u015eehir (Kalei\u00e7i) \u00e7evresinde y\u00fcr\u00fcy\u00fc\u015f: Hadrian Kap\u0131s\u0131, Yivli Minare, Saat Kulesi<br data-start=\"767\" data-end=\"770\" \/>\ud83d\udd39 Antalya eski limandan bir saatlik tekne turu (iste\u011fe ba\u011fl\u0131)<br data-start=\"836\" data-end=\"839\" \/>\ud83d\udd39 Yukar\u0131 D\u00fcden: ye\u015fil park ve serin \u00e7a\u011flayanlar foto\u011fraflar i\u00e7in harika bir yer<br data-start=\"916\" data-end=\"919\" \/>\ud83d\udd39 El yap\u0131m\u0131 \u00fcr\u00fcnlerin bulundu\u011fu bir m\u00fccevher at\u00f6lyesi ziyareti<\/p>\n<h3 data-start=\"982\" data-end=\"1006\">\ud83d\udcd6 Tam a\u00e7\u0131klama<\/h3>\n<p data-start=\"1007\" data-end=\"1794\">G\u00fcn\u00fcn\u00fcz Alanya b\u00f6lgesindeki otellerden (Alanya, Mahmutlar, Konakl\u0131, Kestel, Okurcalar, vb.) Antalya'n\u0131n merkezine transfer ile ba\u015flayacakt\u0131r. \u00d6nce Kalei\u00e7i'nin Eski Kenti'nde dola\u015facaks\u0131n\u0131z: dar sokaklar, eski konaklar, Hadrian Kap\u0131s\u0131, Yivli Minare ve Saat Kulesi, Osmanl\u0131 ve antik miras\u0131n \u00f6zel bir atmosferini yarat\u0131yor.<br data-start=\"1325\" data-end=\"1328\" \/>\u015eehri ve Antalya sahil \u015feridini denizden seyretmek i\u00e7in eski limandan iste\u011fe ba\u011fl\u0131 bir saatlik tekne turu. Daha sonra yerel bir restoranda \u00f6\u011fle yeme\u011fi yiyeceksiniz.<br data-start=\"1499\" data-end=\"1502\" \/>\u00d6\u011fle yeme\u011finden sonra \u015felalenin u\u00e7urumdan do\u011frudan denize d\u00f6k\u00fcld\u00fc\u011f\u00fc A\u015fa\u011f\u0131 D\u00fcden'i ve ard\u0131ndan serin \u00e7a\u011flayanlar\u0131 ve y\u00fcr\u00fcy\u00fc\u015f yollar\u0131 olan ye\u015fil bir park olan Yukar\u0131 D\u00fcden'i ziyaret edeceksiniz. Tur, bir m\u00fccevher at\u00f6lyesine k\u0131sa bir ziyaretle sona erecek ve ard\u0131ndan Alanya b\u00f6lgesindeki otelinize d\u00f6neceksiniz.<\/p>\n<h3 data-start=\"1796\" data-end=\"1818\">\ud83d\uddfa\ufe0f Tur g\u00fczergah\u0131<\/h3>\n<p data-start=\"1819\" data-end=\"2206\">\ud83d\udd39 Alanya b\u00f6lgesindeki otellerden \u00e7it<br data-start=\"1854\" data-end=\"1857\" \/>\ud83d\udd39 Klimal\u0131 otob\u00fcs ile Antalya'ya transfer<br data-start=\"1905\" data-end=\"1908\" \/>\ud83d\udd39 Eski \u015eehir (Kalei\u00e7i) \u00e7evresinde y\u00fcr\u00fcy\u00fc\u015f<br data-start=\"1947\" data-end=\"1950\" \/>\ud83d\udd39 Eski limandan tekne turu (1 saat, iste\u011fe ba\u011fl\u0131)<br data-start=\"2007\" data-end=\"2010\" \/>\ud83d\udd39 Yerel bir restoranda \u00f6\u011fle yeme\u011fi<br data-start=\"2037\" data-end=\"2040\" \/>\ud83d\udd39 A\u015fa\u011f\u0131 D\u00fcden \u015eelalesi Ziyareti<br data-start=\"2080\" data-end=\"2083\" \/>\ud83d\udd39 Yukar\u0131 D\u00fcden \u015eelalesi Ziyareti<br data-start=\"2124\" data-end=\"2127\" \/>\ud83d\udd39 M\u00fccevher at\u00f6lyesinde check-in<br data-start=\"2158\" data-end=\"2161\" \/>\ud83d\udd39 Alanya b\u00f6lgesindeki otellere d\u00f6n\u00fc\u015f transferi<\/p>\n<h3 data-start=\"2208\" data-end=\"2236\">\u2139\ufe0f Faydal\u0131 bilgiler<\/h3>\n<p data-start=\"2237\" data-end=\"2664\">\ud83d\udd39 S\u00fcre: yakla\u015f\u0131k 8-9 saat<br data-start=\"2274\" data-end=\"2277\" \/>\ud83d\udd39 Tekne turu hava ko\u015fullar\u0131 nedeniyle de\u011fi\u015ftirilebilir veya iptal edilebilir<br data-start=\"2353\" data-end=\"2356\" \/>\ud83d\udd39 G\u00fczergah, tur deneyimini geli\u015ftirmek i\u00e7in ayarlanabilir<br data-start=\"2423\" data-end=\"2426\" \/>\ud83d\udd39 Bu bir gezi turudur - y\u00fczme dahil de\u011fildir<br data-start=\"2477\" data-end=\"2480\" \/>\ud83d\udd39 \u00dccretsiz seyahat eden 5 ya\u015f\u0131ndan k\u00fc\u00e7\u00fck \u00e7ocuklar\u0131n otob\u00fcste ayr\u0131 bir koltu\u011fu yoktur: tam dolu olduklar\u0131nda bir yeti\u015fkinin kuca\u011f\u0131na otururlar veya \u00f6nceden ayr\u0131 bir koltuk rezerve edilebilir<\/p>\n<h3 data-start=\"2666\" data-end=\"2692\">\ud83c\udf92 Yan\u0131n\u0131za ne almal\u0131s\u0131n\u0131z<\/h3>\n<p data-start=\"2693\" data-end=\"2860\">\ud83d\udd39 Rahat y\u00fcr\u00fcy\u00fc\u015f ayakkab\u0131lar\u0131<br data-start=\"2720\" data-end=\"2723\" \/>\ud83d\udd39 G\u00fcne\u015f g\u00f6zl\u00fckleri ve ba\u015fl\u0131klar<br data-start=\"2761\" data-end=\"2764\" \/>\ud83d\udd39 G\u00fcne\u015f Kremi<br data-start=\"2786\" data-end=\"2789\" \/>\ud83d\udd39 Kamera veya ak\u0131ll\u0131 telefon<br data-start=\"2816\" data-end=\"2819\" \/>\ud83d\udd39 \u0130\u00e7ecekler ve ki\u015fisel harcamalar i\u00e7in nakit<\/p>\n<h3 data-start=\"2862\" data-end=\"2886\">\ud83d\udeab \u015eunlar i\u00e7in uygun de\u011fildir<\/h3>\n<p data-start=\"2887\" data-end=\"2976\">\ud83d\udd39 Tekerlekli sandalye kullan\u0131c\u0131lar\u0131<br data-start=\"2922\" data-end=\"2925\" \/>\ud83d\udd39 Ciddi hareketlilik sorunlar\u0131 olan konuklar<\/p>\n<h3 data-start=\"2978\" data-end=\"3006\">\ud83d\udcb8 Fiyat ve rezervasyon<\/h3>\n<p data-start=\"3008\" data-end=\"3148\"><strong>\ud83d\udd39 \u015eimdi rezervasyon yap\u0131n - tur g\u00fcn\u00fc \u00f6deme yap\u0131n<\/strong><br data-start=\"3054\" data-end=\"3057\" \/>\ud83d\udd39 WhatsApp, Telegram, Viber \u00fczerinden bize ula\u015f\u0131n veya a\u015fa\u011f\u0131daki sipari\u015f formunu doldurun. \ud83d\udc47\ud83c\udffc<\/p>","protected":false},"excerpt":{"rendered":"<p>Alanya'dan Antalya'ya gezi: Kalei\u00e7i Eski Kenti, D\u00fcden \u015eelaleleri, iste\u011fe ba\u011fl\u0131 tekne turu, \u00f6\u011fle yeme\u011fi, otel transferi ve Rus\u00e7a konu\u015fan rehber.<\/p>","protected":false},"featured_media":15163,"comment_status":"open","ping_status":"closed","template":"","meta":[],"product_brand":[],"product_cat":[126],"product_tag":[121],"class_list":{"0":"post-14858","1":"product","2":"type-product","3":"status-publish","4":"has-post-thumbnail","6":"tour_phys-ekskursii-v-alanya","7":"product_cat-ekskursii-v-alanya","8":"product_tag-alanya","9":"pa_destination-ekskursii-v-alanya","11":"first","12":"instock","13":"sale","14":"shipping-taxable","15":"purchasable","16":"product-type-tour_phys"},"aioseo_notices":[],"_links":{"self":[{"href":"https:\/\/mirekskursii.com\/tr\/wp-json\/wp\/v2\/product\/14858","targetHints":{"allow":["GET"]}}],"collection":[{"href":"https:\/\/mirekskursii.com\/tr\/wp-json\/wp\/v2\/product"}],"about":[{"href":"https:\/\/mirekskursii.com\/tr\/wp-json\/wp\/v2\/types\/product"}],"replies":[{"embeddable":true,"href":"https:\/\/mirekskursii.com\/tr\/wp-json\/wp\/v2\/comments?post=14858"}],"wp:featuredmedia":[{"embeddable":true,"href":"https:\/\/mirekskursii.com\/tr\/wp-json\/wp\/v2\/media\/15163"}],"wp:attachment":[{"href":"https:\/\/mirekskursii.com\/tr\/wp-json\/wp\/v2\/media?parent=14858"}],"wp:term":[{"taxonomy":"product_brand","embeddable":true,"href":"https:\/\/mirekskursii.com\/tr\/wp-json\/wp\/v2\/product_brand?post=14858"},{"taxonomy":"product_cat","embeddable":true,"href":"https:\/\/mirekskursii.com\/tr\/wp-json\/wp\/v2\/product_cat?post=14858"},{"taxonomy":"product_tag","embeddable":true,"href":"https:\/\/mirekskursii.com\/tr\/wp-json\/wp\/v2\/product_tag?post=14858"}],"curies":[{"name":"wp","href":"https:\/\/api.w.org\/{rel}","templated":true}]}}