{"id":14857,"date":"2025-11-16T17:45:58","date_gmt":"2025-11-16T14:45:58","guid":{"rendered":"https:\/\/mirekskursii.com\/?post_type=product&#038;p=14857\/"},"modified":"2025-12-11T21:15:34","modified_gmt":"2025-12-11T18:15:34","slug":"pamukkale-salda-golu-turu-alanya","status":"publish","type":"product","link":"https:\/\/mirekskursii.com\/ekskursii\/pamukkale-salda-iz-alanya\/","title":{"rendered":"Pamukkale ve Salda G\u00f6l\u00fc Turu \u2013 G\u00fcn\u00fcbirlik Alanya \u00c7\u0131k\u0131\u015fl\u0131"},"content":{"rendered":"<h3 data-start=\"0\" data-end=\"15\">\ud83c\udfdd\ufe0f Genel Bak\u0131\u015f<\/h3>\n<p data-start=\"16\" data-end=\"239\">Pamukkale ve Salda G\u00f6l\u00fc'ne g\u00fcn\u00fcbirlik bir gezi i\u00e7in Alanya'dan ayr\u0131l\u0131n. Beyaz badanal\u0131 teraslarda dola\u015f\u0131n, antik Hierapolis'i ziyaret edin, \u201cT\u00fcrk Maldivleri \u201dne hayran kal\u0131n ve kahvalt\u0131, \u00f6\u011fle ve ak\u015fam yemeklerinin tad\u0131n\u0131 \u00e7\u0131kar\u0131n.<\/p>\n<h3 data-start=\"241\" data-end=\"255\">Dahil<\/h3>\n<p data-start=\"256\" data-end=\"449\"><span style=\"color: #00ff00;\"><strong>\u2713<\/strong> <\/span>Otel transferi<br data-start=\"278\" data-end=\"281\" \/><span style=\"color: #00ff00;\"><strong>\u2713<\/strong> <\/span>Klimal\u0131 otob\u00fcs<br data-start=\"306\" data-end=\"309\" \/><span style=\"color: #00ff00;\"><strong>\u2713<\/strong> <\/span>Pamukkale ve Hierapolis giri\u015f \u00fccretleri<br data-start=\"349\" data-end=\"352\" \/><span style=\"color: #00ff00;\"><strong>\u2713<\/strong> <\/span>Tam sigortal\u0131<br data-start=\"372\" data-end=\"375\" \/><span style=\"color: #00ff00;\"><strong>\u2713<\/strong> <\/span>Rehber: Rus\u00e7a, \u0130ngilizce<br data-start=\"401\" data-end=\"404\" \/><span style=\"color: #00ff00;\"><strong>\u2713<\/strong> <\/span>Kahvalt\u0131<br data-start=\"413\" data-end=\"416\" \/><span style=\"color: #00ff00;\"><strong>\u2713<\/strong> <\/span>\u00d6\u011fle yeme\u011fi (a\u00e7\u0131k b\u00fcfe)<br data-start=\"438\" data-end=\"441\" \/><span style=\"color: #00ff00;\"><strong>\u2713<\/strong> <\/span>Ak\u015fam Yeme\u011fi<\/p>\n<h3 data-start=\"451\" data-end=\"468\">Dahil de\u011fildir<\/h3>\n<p data-start=\"469\" data-end=\"528\"><span style=\"color: #ff0000;\"><strong>\u2717<\/strong> <\/span>Kleopatra'n\u0131n havuzunun giri\u015fi<br data-start=\"495\" data-end=\"498\" \/><span style=\"color: #ff0000;\"><strong>\u2717<\/strong> <\/span>Ki\u015fisel harcamalar<br data-start=\"514\" data-end=\"517\" \/><span style=\"color: #ff0000;\"><strong>\u2717<\/strong> <\/span>\u0130\u00e7ecekler<\/p>\n<h3 data-start=\"530\" data-end=\"560\">\ud83c\udf1f Turun \u00f6ne \u00e7\u0131kan \u00f6zellikleri<\/h3>\n<p data-start=\"561\" data-end=\"985\">\ud83d\udd39 Pamukkale'nin beyaz travertenleri ve \u201cPamuk Kale\u201d<br data-start=\"616\" data-end=\"619\" \/>\ud83d\udd39 Roma tiyatrosu ve Hierapolis antik kenti kal\u0131nt\u0131lar\u0131 turu<br data-start=\"677\" data-end=\"680\" \/>\ud83d\udd39 Do\u011fal termal havuzlarda tatil<br data-start=\"721\" data-end=\"724\" \/>\ud83d\udd39 Turkuaz suyu ve beyaz k\u0131y\u0131lar\u0131yla \u201cT\u00fcrk Maldivleri\u201d Salda G\u00f6l\u00fc'n\u00fc ziyaret<br data-start=\"805\" data-end=\"808\" \/>\ud83d\udd39 Kleopatra'n\u0131n havuzunda iste\u011fe ba\u011fl\u0131 y\u00fczme (ekstra \u00fccret)<br data-start=\"880\" data-end=\"883\" \/>\ud83d\udd39 Geleneksel T\u00fcrk kahvalt\u0131s\u0131, a\u00e7\u0131k b\u00fcfe \u00f6\u011fle ve ak\u015fam yemekleri<br data-start=\"944\" data-end=\"947\" \/>\ud83d\udd39 UNESCO D\u00fcnya Miras\u0131 Alan\u0131<\/p>\n<h3 data-start=\"987\" data-end=\"1011\">\ud83d\udcd6 Tam a\u00e7\u0131klama<\/h3>\n<p data-start=\"1012\" data-end=\"1951\">G\u00fcn\u00fcn\u00fcz Alanya b\u00f6lgesindeki otelinizden erken bir transferle ba\u015flayacakt\u0131r. Yolda doyurucu bir kahvalt\u0131 verilecek ve ard\u0131ndan g\u00f6z kama\u015ft\u0131r\u0131c\u0131 beyaz traverten teraslar\u0131 nedeniyle \u201cPamuk Kale\u201d olarak bilinen Pamukkale'ye do\u011fru pitoresk manzaralar aras\u0131nda ilerleyeceksiniz.<br data-start=\"1264\" data-end=\"1267\" \/>Var\u0131\u015fta a\u00e7\u0131k b\u00fcfe \u00f6\u011fle yeme\u011finin tad\u0131n\u0131 \u00e7\u0131karacak, ard\u0131ndan Pamukkale teraslar\u0131nda bir y\u00fcr\u00fcy\u00fc\u015f yapacak ve \u015fifal\u0131 termal sular\u0131 ke\u015ffedeceksiniz. Daha sonra antik Hierapolis turuna \u00e7\u0131kacaks\u0131n\u0131z: Roma tiyatrosu, tap\u0131nak kal\u0131nt\u0131lar\u0131, nekropol ve di\u011fer tarihi yerler. Dilerseniz Kleopatra'n\u0131n havuzunu ziyaret edebilir ve \u0131l\u0131k maden suyunda y\u0131kanabilirsiniz (ekstra \u00fccret).<br data-start=\"1630\" data-end=\"1633\" \/>Turun ikinci b\u00f6l\u00fcm\u00fcnde, kristal berrakl\u0131\u011f\u0131ndaki turkuaz suyu ve a\u00e7\u0131k renkli k\u0131y\u0131 \u015feridiyle \u201cT\u00fcrkiye'nin Maldivleri\u201d olarak an\u0131lan Salda G\u00f6l\u00fc'ne gideceksiniz. Burada y\u00fcr\u00fcy\u00fc\u015f yapmak, foto\u011fraf \u00e7ekmek ve do\u011fada dinlenmek i\u00e7in zaman\u0131n\u0131z olacak. G\u00fcn lezzetli bir ak\u015fam yeme\u011fi ve otele d\u00f6n\u00fc\u015f ile Alanya'ya d\u00f6n\u00fc\u015f yolculu\u011fu ile sona erecektir.<\/p>\n<h3 data-start=\"1953\" data-end=\"1975\">\ud83d\uddfa\ufe0f Tur g\u00fczergah\u0131<\/h3>\n<p data-start=\"1976\" data-end=\"2329\">\ud83d\udd39 Alanya b\u00f6lgesindeki otellerden \u00e7it<br data-start=\"2011\" data-end=\"2014\" \/>\ud83d\udd39 Yolda kahvalt\u0131<br data-start=\"2031\" data-end=\"2034\" \/>\ud83d\udd39 Pamukkale'ye Transfer<br data-start=\"2056\" data-end=\"2059\" \/>\ud83d\udd39 A\u00e7\u0131k b\u00fcfe \u00f6\u011fle yeme\u011fi\u201c<br data-start=\"2082\" data-end=\"2085\" \/>\ud83d\udd39 Pamukkale Traverten Turu<br data-start=\"2122\" data-end=\"2125\" \/>\ud83d\udd39 Hierapolis kal\u0131nt\u0131lar\u0131na ziyaret<br data-start=\"2153\" data-end=\"2156\" \/>\ud83d\udd39 Kleopatra'n\u0131n havuzunu ziyaret etmek i\u00e7in serbest zaman (iste\u011fe ba\u011fl\u0131)<br data-start=\"2220\" data-end=\"2223\" \/>\ud83d\udd39 Salda G\u00f6l\u00fc'ne transfer, y\u00fcr\u00fcy\u00fc\u015f ve foto\u011fraf molalar\u0131<br data-start=\"2269\" data-end=\"2272\" \/>\ud83d\udd39 Ak\u015fam Yeme\u011fi<br data-start=\"2279\" data-end=\"2282\" \/>\ud83d\udd39 D\u00f6n\u00fc\u015f yolculu\u011fu<br data-start=\"2305\" data-end=\"2308\" \/>\ud83d\udd39 Otele transfer<\/p>\n<h3 data-start=\"2331\" data-end=\"2359\">\u2139\ufe0f Faydal\u0131 bilgiler<\/h3>\n<p data-start=\"2360\" data-end=\"2721\">\ud83d\udd39 S\u00fcre: yakla\u015f\u0131k 12 saat<br data-start=\"2396\" data-end=\"2399\" \/>\ud83d\udd39 Rota hava ko\u015fullar\u0131na ba\u011fl\u0131 olarak de\u011fi\u015febilir<br data-start=\"2460\" data-end=\"2463\" \/>\ud83d\udd39 Orta d\u00fczeyde fiziksel aktivite (y\u00fcr\u00fcy\u00fc\u015f, istenirse y\u00fczme)<br data-start=\"2527\" data-end=\"2530\" \/>\ud83d\udd39 \u00dccretsiz seyahat eden 5 ya\u015f\u0131ndan k\u00fc\u00e7\u00fck \u00e7ocuklar\u0131n otob\u00fcste ayr\u0131 bir koltu\u011fu yoktur. Otob\u00fcs doluysa, bir yeti\u015fkinin kuca\u011f\u0131na otururlar veya \u00f6nceden ayr\u0131 bir koltuk rezerve edilebilir<\/p>\n<h3 data-start=\"2723\" data-end=\"2749\">\ud83c\udf92 Yan\u0131n\u0131za ne almal\u0131s\u0131n\u0131z<\/h3>\n<p data-start=\"2750\" data-end=\"2973\">\ud83d\udd39 Pasaport veya kimlik kart\u0131<br data-start=\"2787\" data-end=\"2790\" \/>\ud83d\udd39 Rahat y\u00fcr\u00fcy\u00fc\u015f ayakkab\u0131lar\u0131<br data-start=\"2817\" data-end=\"2820\" \/>\ud83d\udd39 G\u00fcne\u015f g\u00f6zl\u00fckleri ve ba\u015fl\u0131klar<br data-start=\"2858\" data-end=\"2861\" \/>\ud83d\udd39 Mayo ve havlu.<br data-start=\"2885\" data-end=\"2888\" \/>\ud83d\udd39 G\u00fcne\u015f Kremi<br data-start=\"2910\" data-end=\"2913\" \/>\ud83d\udd39 Ki\u015fisel harcamalar ve Kleopatra'n\u0131n havuzu i\u00e7in para<\/p>\n<h3 data-start=\"2975\" data-end=\"2999\">\ud83d\udeab \u015eunlar i\u00e7in uygun de\u011fildir<\/h3>\n<p data-start=\"3000\" data-end=\"3074\">\ud83d\udd39 Hareket kabiliyeti k\u0131s\u0131tl\u0131 ki\u015filer<br data-start=\"3036\" data-end=\"3039\" \/>\ud83d\udd39 Ciddi hastal\u0131\u011f\u0131 olan ki\u015filer<\/p>\n<h3 data-start=\"3076\" data-end=\"3104\">\ud83d\udcb8 Fiyat ve rezervasyon<\/h3>\n<p data-start=\"3106\" data-end=\"3246\"><strong>\ud83d\udd39 \u015eimdi rezervasyon yap\u0131n - tur g\u00fcn\u00fc \u00f6deme yap\u0131n<\/strong><br data-start=\"3152\" data-end=\"3155\" \/>\ud83d\udd39 WhatsApp, Telegram, Viber \u00fczerinden bize ula\u015f\u0131n veya a\u015fa\u011f\u0131daki sipari\u015f formunu doldurun. \ud83d\udc47\ud83c\udffc<\/p>","protected":false},"excerpt":{"rendered":"<p>Alanya'dan Pamukkale ve Salda G\u00f6l\u00fc: Beyaz Teraslar, Hierapolis, \u201cT\u00fcrk Maldivleri\u201d, kahvalt\u0131, \u00f6\u011fle ve ak\u015fam yemekleri, otel transferleri ve Rus\u00e7a konu\u015fan rehber dahil<\/p>","protected":false},"featured_media":13671,"comment_status":"open","ping_status":"closed","template":"","meta":[],"product_brand":[],"product_cat":[126],"product_tag":[121],"class_list":{"0":"post-14857","1":"product","2":"type-product","3":"status-publish","4":"has-post-thumbnail","6":"tour_phys-ekskursii-v-alanya","7":"product_cat-ekskursii-v-alanya","8":"product_tag-alanya","9":"pa_destination-ekskursii-v-alanya","11":"first","12":"instock","13":"sale","14":"shipping-taxable","15":"purchasable","16":"product-type-tour_phys"},"aioseo_notices":[],"_links":{"self":[{"href":"https:\/\/mirekskursii.com\/tr\/wp-json\/wp\/v2\/product\/14857","targetHints":{"allow":["GET"]}}],"collection":[{"href":"https:\/\/mirekskursii.com\/tr\/wp-json\/wp\/v2\/product"}],"about":[{"href":"https:\/\/mirekskursii.com\/tr\/wp-json\/wp\/v2\/types\/product"}],"replies":[{"embeddable":true,"href":"https:\/\/mirekskursii.com\/tr\/wp-json\/wp\/v2\/comments?post=14857"}],"wp:featuredmedia":[{"embeddable":true,"href":"https:\/\/mirekskursii.com\/tr\/wp-json\/wp\/v2\/media\/13671"}],"wp:attachment":[{"href":"https:\/\/mirekskursii.com\/tr\/wp-json\/wp\/v2\/media?parent=14857"}],"wp:term":[{"taxonomy":"product_brand","embeddable":true,"href":"https:\/\/mirekskursii.com\/tr\/wp-json\/wp\/v2\/product_brand?post=14857"},{"taxonomy":"product_cat","embeddable":true,"href":"https:\/\/mirekskursii.com\/tr\/wp-json\/wp\/v2\/product_cat?post=14857"},{"taxonomy":"product_tag","embeddable":true,"href":"https:\/\/mirekskursii.com\/tr\/wp-json\/wp\/v2\/product_tag?post=14857"}],"curies":[{"name":"wp","href":"https:\/\/api.w.org\/{rel}","templated":true}]}}