{"id":14855,"date":"2025-11-16T17:15:41","date_gmt":"2025-11-16T14:15:41","guid":{"rendered":"https:\/\/mirekskursii.com\/?post_type=product&#038;p=14855\/"},"modified":"2025-12-11T21:19:48","modified_gmt":"2025-12-11T18:19:48","slug":"pamukkale-sicak-hava-balonu-turu-alanya","status":"publish","type":"product","link":"https:\/\/mirekskursii.com\/ekskursii\/pamukkale-vozdushnyy-shar-iz-alanya\/","title":{"rendered":"Alanya'dan Pamukkale S\u0131cak Hava Balonu Turu \u2013 G\u00fcn Do\u011fumu"},"content":{"rendered":"<h3 data-start=\"0\" data-end=\"15\">\ud83c\udfdd\ufe0f Genel Bak\u0131\u015f<\/h3>\n<p data-start=\"16\" data-end=\"245\">S\u0131cak hava balonuyla Pamukkale'nin beyaz teraslar\u0131 \u00fczerinde g\u00fcne\u015fin do\u011fu\u015funu izlemek i\u00e7in Alanya'dan yola \u00e7\u0131k\u0131n, ard\u0131ndan antik Hierapolis'te gezinin ve \u00f6\u011fle yeme\u011finin tad\u0131n\u0131 \u00e7\u0131kar\u0131n. Tura transferler, u\u00e7u\u015f, giri\u015f \u00fccretleri ve rehberlik dahildir.<\/p>\n<h3 data-start=\"400\" data-end=\"413\">Dahil:<\/h3>\n<p data-start=\"414\" data-end=\"673\"><span style=\"color: #00ff00;\"><strong>\u2713<\/strong> <\/span>Otel transferi (Alanya b\u00f6lgesi)<br data-start=\"436\" data-end=\"439\" \/><span style=\"color: #00ff00;\"><strong>\u2713<\/strong> <\/span>Klimal\u0131 otob\u00fcs ile transfer<br data-start=\"480\" data-end=\"483\" \/><span style=\"color: #00ff00;\"><strong>\u2713<\/strong> <\/span>S\u0131cak hava balonunda g\u00fcn do\u011fumu<br data-start=\"516\" data-end=\"519\" \/><span style=\"color: #00ff00;\"><strong>\u2713<\/strong> <\/span>Pamukkale ve Hierapolis giri\u015f \u00fccretleri<br data-start=\"559\" data-end=\"562\" \/><span style=\"color: #00ff00;\"><strong>\u2713<\/strong> <\/span>Rehber Tarih\u00e7i: Rus\u00e7a ve \u0130ngilizce<br data-start=\"590\" data-end=\"593\" \/><span style=\"color: #00ff00;\"><strong>\u2713<\/strong> <\/span>\u00d6\u011fle Yeme\u011fi<br data-start=\"599\" data-end=\"602\" \/><span style=\"color: #00ff00;\"><strong>\u2713<\/strong> <\/span>Profesyonel bir pilot<br data-start=\"626\" data-end=\"629\" \/><span style=\"color: #00ff00;\"><strong>\u2713<\/strong> <\/span>U\u00e7u\u015f sertifikas\u0131<br data-start=\"648\" data-end=\"651\" \/><span style=\"color: #00ff00;\"><strong>\u2713<\/strong> <\/span>Tam sigortal\u0131<\/p>\n<h3 data-start=\"675\" data-end=\"691\">Dahil de\u011fil:<\/h3>\n<p data-start=\"692\" data-end=\"751\"><span style=\"color: #ff0000;\"><strong>\u2717<\/strong> <\/span>Kleopatra'n\u0131n havuzunun giri\u015fi<br data-start=\"718\" data-end=\"721\" \/><span style=\"color: #ff0000;\"><strong>\u2717<\/strong> <\/span>Ki\u015fisel harcamalar<br data-start=\"737\" data-end=\"740\" \/><span style=\"color: #ff0000;\"><strong>\u2717<\/strong> <\/span>\u0130\u00e7ecekler<\/p>\n<h3 data-start=\"621\" data-end=\"651\">\ud83c\udf1f Turun \u00f6ne \u00e7\u0131kan \u00f6zellikleri<\/h3>\n<p data-start=\"652\" data-end=\"964\">\ud83d\udd39 Pamukkale teraslar\u0131 \u00fczerinde g\u00fcn do\u011fumunda s\u0131cak hava balonu gezisi<br data-start=\"714\" data-end=\"717\" \/>\ud83d\udd39 \u00c7arp\u0131c\u0131 panoramik manzaralar ve e\u015fsiz foto\u011fraflar<br data-start=\"771\" data-end=\"774\" \/>\ud83d\udd39 \u0130ni\u015ften sonra \u015fampanya ve u\u00e7u\u015f sertifikas\u0131<br data-start=\"827\" data-end=\"830\" \/>\ud83d\udd39 Hierapolis Turu: Roma tiyatrosu, termal banyolar, nekropol<br data-start=\"900\" data-end=\"903\" \/>\ud83d\udd39 Kleopatra'n\u0131n havuzunda y\u00fczme imkan\u0131 (ekstra \u00fccret)<\/p>\n<h3 data-start=\"966\" data-end=\"990\">\ud83d\udcd6 Tam a\u00e7\u0131klama<\/h3>\n<p data-start=\"991\" data-end=\"1668\">Sabah erken saatlerde Alanya b\u00f6lgesindeki (Alanya, Mahmutlar, Oba, Keikubat ve \u00e7evresi) otelinizden al\u0131nacak ve Pamukkale'ye transfer edileceksiniz - yolculuk k\u0131sa molalarla yakla\u015f\u0131k 3,5 saat s\u00fcr\u00fcyor. Var\u0131\u015fta \u015fafak vakti beyaz travertenler ve Hierapolis antik kal\u0131nt\u0131lar\u0131 \u00fczerinde unutulmaz bir s\u0131cak hava balonu yolculu\u011funun tad\u0131n\u0131 \u00e7\u0131karacaks\u0131n\u0131z.<br data-start=\"1301\" data-end=\"1304\" \/>Yumu\u015fak bir ini\u015fin ard\u0131ndan size bir kadeh \u015fampanya ikram edilecek ve ki\u015fiselle\u015ftirilmi\u015f bir u\u00e7u\u015f sertifikas\u0131 sunulacakt\u0131r. Daha sonra rehberinizle birlikte Pamukkale ve Hierapolis \u00e7evresinde bir y\u00fcr\u00fcy\u00fc\u015fe \u00e7\u0131kacak, Roma tiyatrosunu, kapl\u0131calar\u0131 ve tarihi kal\u0131nt\u0131lar\u0131 g\u00f6receksiniz. Dileyenler ek bir \u00fccret kar\u015f\u0131l\u0131\u011f\u0131nda Kleopatra'n\u0131n havuzunu ziyaret edebilirler. Tur lezzetli bir \u00f6\u011fle yeme\u011fi ve Alanya'ya d\u00f6n\u00fc\u015f transferi ile sona erecektir.<\/p>\n<h3 data-start=\"1670\" data-end=\"1692\">\ud83d\uddfa\ufe0f Tur g\u00fczergah\u0131<\/h3>\n<p data-start=\"1693\" data-end=\"2022\">\ud83d\udd39 Alanya b\u00f6lgesindeki otellerden erken kar\u015f\u0131lama<br data-start=\"1735\" data-end=\"1738\" \/>\ud83d\udd39 Pamukkale'ye transfer (duraklamalarla birlikte yakla\u015f\u0131k 3,5 saat)<br data-start=\"1792\" data-end=\"1795\" \/>\ud83d\udd39 \u015eafak vakti s\u0131cak hava balonu<br data-start=\"1833\" data-end=\"1836\" \/>\ud83d\udd39 \u015eampanya ve sertifika verilmesi<br data-start=\"1870\" data-end=\"1873\" \/>\ud83d\udd39 Rehberli Pamukkale ve Hierapolis turu<br data-start=\"1919\" data-end=\"1922\" \/>\ud83d\udd39 Serbest zaman, iste\u011fe ba\u011fl\u0131 Kleopatra Havuzu<br data-start=\"1972\" data-end=\"1975\" \/>\ud83d\udd39 \u00d6\u011fle Yeme\u011fi<br data-start=\"1982\" data-end=\"1985\" \/>\ud83d\udd39 Alanya'daki otellere d\u00f6n\u00fc\u015f transferi<\/p>\n<h3 data-start=\"2024\" data-end=\"2052\">\u2139\ufe0f Faydal\u0131 bilgiler<\/h3>\n<p data-start=\"2053\" data-end=\"2446\">\ud83d\udd39 S\u00fcre: yakla\u015f\u0131k 12 saat<br data-start=\"2089\" data-end=\"2092\" \/>\ud83d\udd39 U\u00e7u\u015flar hava ko\u015fullar\u0131na ba\u011fl\u0131d\u0131r (iptal edilmesi durumunda u\u00e7u\u015fun bir k\u0131sm\u0131 iade edilecektir)<br data-start=\"2178\" data-end=\"2181\" \/>\ud83d\udd39 Yol boyunca k\u0131sa duraklar var<br data-start=\"2226\" data-end=\"2229\" \/>\ud83d\udd39 Rahat k\u0131yafetler ve y\u00fcr\u00fcy\u00fc\u015f ayakkab\u0131lar\u0131 tavsiye edilir<br data-start=\"2279\" data-end=\"2282\" \/>\ud83d\udd39 5 ya\u015f\u0131ndan k\u00fc\u00e7\u00fck \u00e7ocuklar \u00fccretsiz seyahat eder, ancak ayr\u0131 bir koltuk olmadan; tam olarak y\u00fcklendi\u011finde, bir yeti\u015fkinin kuca\u011f\u0131na oturur veya ayr\u0131 bir koltuk \u00f6nceden rezerve edilebilir<\/p>\n<h3 data-start=\"2448\" data-end=\"2474\">\ud83c\udf92 Yan\u0131n\u0131za ne almal\u0131s\u0131n\u0131z<\/h3>\n<p data-start=\"2475\" data-end=\"2686\">\ud83d\udd39 G\u00fcne\u015f g\u00f6zl\u00fckleri ve ba\u015fl\u0131klar<br data-start=\"2513\" data-end=\"2516\" \/>\ud83d\udd39 Rahat spor k\u0131yafetler ve spor ayakkab\u0131lar<br data-start=\"2556\" data-end=\"2559\" \/>\ud83d\udd39 Mayo ve havlu (termal havuzlar i\u00e7in)<br data-start=\"2610\" data-end=\"2613\" \/>\ud83d\udd39 G\u00fcne\u015f Kremi<br data-start=\"2635\" data-end=\"2638\" \/>\ud83d\udd39 Ki\u015fisel harcamalar ve i\u00e7ecekler i\u00e7in nakit<\/p>\n<h3 data-start=\"2688\" data-end=\"2712\">\ud83d\udeab \u015eunlar i\u00e7in uygun de\u011fildir<\/h3>\n<p data-start=\"2713\" data-end=\"2755\">\ud83d\udd39 7 ya\u015f\u0131ndan k\u00fc\u00e7\u00fck \u00e7ocuklar<br data-start=\"2730\" data-end=\"2733\" \/>\ud83d\udd39 Hamile kad\u0131nlar<\/p>\n<h3 data-start=\"2757\" data-end=\"2785\">\ud83d\udcb8 Fiyat ve rezervasyon<\/h3>\n<p data-start=\"2787\" data-end=\"2927\"><strong>\ud83d\udd39 \u015eimdi rezervasyon yap\u0131n - tur g\u00fcn\u00fc \u00f6deme yap\u0131n<\/strong><br data-start=\"2833\" data-end=\"2836\" \/>\ud83d\udd39 WhatsApp, Telegram, Viber \u00fczerinden bize ula\u015f\u0131n veya a\u015fa\u011f\u0131daki sipari\u015f formunu doldurun. \ud83d\udc47\ud83c\udffc<\/p>","protected":false},"excerpt":{"rendered":"<p>Alanya'dan Pamukkale teraslar\u0131 \u00fczerinde balon u\u00e7u\u015fu: g\u00fcn do\u011fumu, \u015fampanya, Hierapolis turu, \u00f6\u011fle yeme\u011fi ve transfer. Canl\u0131 duygular ve foto\u011fraflar i\u00e7in m\u00fckemmel bir tur.<\/p>","protected":false},"featured_media":12607,"comment_status":"open","ping_status":"closed","template":"","meta":[],"product_brand":[],"product_cat":[126],"product_tag":[121],"class_list":{"0":"post-14855","1":"product","2":"type-product","3":"status-publish","4":"has-post-thumbnail","6":"tour_phys-ekskursii-v-alanya","7":"product_cat-ekskursii-v-alanya","8":"product_tag-alanya","9":"pa_destination-ekskursii-v-alanya","11":"first","12":"instock","13":"sale","14":"shipping-taxable","15":"purchasable","16":"product-type-tour_phys"},"aioseo_notices":[],"_links":{"self":[{"href":"https:\/\/mirekskursii.com\/tr\/wp-json\/wp\/v2\/product\/14855","targetHints":{"allow":["GET"]}}],"collection":[{"href":"https:\/\/mirekskursii.com\/tr\/wp-json\/wp\/v2\/product"}],"about":[{"href":"https:\/\/mirekskursii.com\/tr\/wp-json\/wp\/v2\/types\/product"}],"replies":[{"embeddable":true,"href":"https:\/\/mirekskursii.com\/tr\/wp-json\/wp\/v2\/comments?post=14855"}],"wp:featuredmedia":[{"embeddable":true,"href":"https:\/\/mirekskursii.com\/tr\/wp-json\/wp\/v2\/media\/12607"}],"wp:attachment":[{"href":"https:\/\/mirekskursii.com\/tr\/wp-json\/wp\/v2\/media?parent=14855"}],"wp:term":[{"taxonomy":"product_brand","embeddable":true,"href":"https:\/\/mirekskursii.com\/tr\/wp-json\/wp\/v2\/product_brand?post=14855"},{"taxonomy":"product_cat","embeddable":true,"href":"https:\/\/mirekskursii.com\/tr\/wp-json\/wp\/v2\/product_cat?post=14855"},{"taxonomy":"product_tag","embeddable":true,"href":"https:\/\/mirekskursii.com\/tr\/wp-json\/wp\/v2\/product_tag?post=14855"}],"curies":[{"name":"wp","href":"https:\/\/api.w.org\/{rel}","templated":true}]}}