{"id":14854,"date":"2025-11-16T17:04:05","date_gmt":"2025-11-16T14:04:05","guid":{"rendered":"https:\/\/mirekskursii.com\/?post_type=product&#038;p=14854\/"},"modified":"2026-04-02T19:40:49","modified_gmt":"2026-04-02T16:40:49","slug":"kapadokya-turu-alanya","status":"publish","type":"product","link":"https:\/\/mirekskursii.com\/ekskursii\/kappadokiya-2-dnya-iz-alanya\/","title":{"rendered":"Alanya'dan 2 G\u00fcnl\u00fck Kapadokya Turu \u2013 S\u0131cak Hava Balonu"},"content":{"rendered":"<h3 data-start=\"0\" data-end=\"14\">\ud83c\udf04 \u0130nceleme<\/h3>\n<p data-start=\"15\" data-end=\"282\">Alanya ve yak\u0131n b\u00f6lgelerden (Konakl\u0131, Avsallar, T\u00fcrkler, Mahmutlar, Oba) Kapadokya'ya 2 g\u00fcnl\u00fck bir tura \u00e7\u0131k\u0131n. Muhte\u015fem bacalar, yeralt\u0131 \u015fehri, ma\u011fara kiliseleri ve U\u00e7hisar'dan panoramik manzaralar sizi bekliyor - tarih, do\u011fa ve konfor ile yo\u011fun bir yolculuk.<\/p>\n<h3 data-start=\"151\" data-end=\"378\"><strong data-start=\"151\" data-end=\"164\">Dahil:<\/strong><\/h3>\n<p data-start=\"151\" data-end=\"378\"><span style=\"color: #00ff00;\"><strong>\u2713<\/strong> <\/span>Otelden\/otele transfer<br data-start=\"188\" data-end=\"191\" \/><span style=\"color: #00ff00;\"><strong>\u2713<\/strong> <\/span>Konaklama 1 gece (standart)<br data-start=\"221\" data-end=\"224\" \/><span style=\"color: #00ff00;\"><strong>\u2713<\/strong> <\/span>\u0130lk gece ak\u015fam yeme\u011fi<br data-start=\"245\" data-end=\"248\" \/><span style=\"color: #00ff00;\"><strong>\u2713<\/strong> <\/span>Kahvalt\u0131 (2. g\u00fcn, otelde)<br data-start=\"277\" data-end=\"280\" \/><span style=\"color: #00ff00;\"><strong>\u2713<\/strong> <\/span>Programa g\u00f6re giri\u015f biletleri<br data-start=\"309\" data-end=\"312\" \/><span style=\"color: #00ff00;\"><strong>\u2713<\/strong> <\/span>Profesyonel rehber<br data-start=\"334\" data-end=\"337\" \/><span style=\"color: #00ff00;\"><strong>\u2713<\/strong> <\/span>Sigorta<br data-start=\"348\" data-end=\"351\" \/><span style=\"color: #00ff00;\"><strong>\u2713<\/strong> <\/span>Klimal\u0131 otob\u00fcs<\/p>\n<h3 data-start=\"380\" data-end=\"601\"><strong data-start=\"380\" data-end=\"396\">Dahil de\u011fil:<\/strong><\/h3>\n<p data-start=\"380\" data-end=\"601\"><span style=\"color: #ff0000;\"><strong>\u2717<\/strong> <\/span>Yemeklerle birlikte i\u00e7ecekler<br data-start=\"421\" data-end=\"424\" \/><span style=\"color: #ff0000;\"><strong>\u2717<\/strong> <\/span>Tek ki\u015filik oda ilavesi<br data-start=\"454\" data-end=\"457\" \/><span style=\"color: #ff0000;\"><strong>\u2717<\/strong> <\/span>Her iki g\u00fcnde de \u00f6\u011fle yeme\u011fi<br data-start=\"474\" data-end=\"477\" \/><span style=\"color: #ff0000;\"><strong>\u2717<\/strong> <\/span><strong>Ek Se\u00e7enekler:<\/strong><br data-start=\"500\" data-end=\"503\" \/><strong>\u2022<\/strong> T\u00fcrk Gecesi - 35 $<br data-start=\"524\" data-end=\"527\" \/><strong>\u2022<\/strong> Panoramik tur - otob\u00fcs ile - 35 $<br data-start=\"563\" data-end=\"566\" \/><strong>\u2022<\/strong> Panoramik tur - jeep ile - 55 $<\/p>\n<h3 data-start=\"831\" data-end=\"861\">\ud83c\udff0 Turun \u00f6nemli noktalar\u0131<\/h3>\n<p data-start=\"862\" data-end=\"1266\">\ud83d\udd39 Efsanevi \u00abperi bacalar\u0131\u00bb ile A\u015fk Vadisi\u00bb<br data-start=\"916\" data-end=\"919\" \/>\ud83d\udd39 Antik bir yeralt\u0131 \u015fehrine ziyaret<br data-start=\"958\" data-end=\"961\" \/>\ud83d\udd39 Mantar \u015feklindeki kayalar\u0131n bulundu\u011fu Pa\u015faba\u011f Vadisi<br data-start=\"1004\" data-end=\"1007\" \/>\ud83d\udd39 Panoramik Kapadokya manzaral\u0131 U\u00e7hisar Kalesi<br data-start=\"1055\" data-end=\"1058\" \/>\ud83d\udd39 Zelwe A\u00e7\u0131k Hava M\u00fczesi - ma\u011fara k\u00f6y\u00fc<br data-start=\"1111\" data-end=\"1114\" \/>\ud83d\udd39 Hayvan \u015fekilli kayalar\u0131n bulundu\u011fu Devrent Vadisi<br data-start=\"1159\" data-end=\"1162\" \/>\ud83d\udd39 Avanos'ta \u00e7\u00f6mlek\u00e7ilik g\u00f6sterisi<br data-start=\"1208\" data-end=\"1211\" \/>\ud83d\udd39 \u0130ste\u011fe ba\u011fl\u0131 g\u00fcn do\u011fumu s\u0131cak hava balonu u\u00e7u\u015fu<\/p>\n<h3 data-start=\"1268\" data-end=\"1292\">\ud83d\udcd6 Tam a\u00e7\u0131klama<\/h3>\n<p data-start=\"1293\" data-end=\"1992\">Yolculu\u011funuz Alanya ve \u00e7evresindeki otellerden sabah erken saatlerde transfer ile ba\u015flayacakt\u0131r. Kapadokya'ya giderken pitoresk Toros Da\u011flar\u0131'n\u0131 ge\u00e7ecek ve kahvalt\u0131 i\u00e7in duracaks\u0131n\u0131z.<br data-start=\"1476\" data-end=\"1479\" \/>\u0130lk g\u00fcn antik yeralt\u0131 \u015fehrini ziyaret edecek, A\u015fk Vadisi'nde y\u00fcr\u00fcyecek, Pa\u015faba\u011fa'n\u0131n mantar \u015feklindeki kayal\u0131klar\u0131n\u0131 ve U\u00e7hisar Kalesi'nden panoramik manzaralar\u0131 g\u00f6receksiniz. Avanos'ta bir \u00e7\u00f6mlek g\u00f6sterisine kat\u0131lacak ve ard\u0131ndan otelinize giri\u015f yapacaks\u0131n\u0131z, ak\u015fam yeme\u011fi ve serbest zaman (iste\u011fe ba\u011fl\u0131 T\u00fcrk Gecesi).<br data-start=\"1764\" data-end=\"1767\" \/>\u0130kinci g\u00fcn programda ma\u011fara kiliseleri, Zelve ve Devrent vadileri ziyaret edilecek ve bir hal\u0131 dokuma merkezi ile bir kervansarayda mola verilecektir. Konya'da \u00f6\u011fle yeme\u011finden sonra d\u00f6n\u00fc\u015f yolculu\u011funa ge\u00e7ilecek ve ak\u015fam Alanya'ya d\u00f6n\u00fclecektir.<\/p>\n<h3 data-start=\"1994\" data-end=\"2016\">\ud83d\uddfa\ufe0f Tur g\u00fczergah\u0131<\/h3>\n<p data-start=\"2018\" data-end=\"2329\"><strong data-start=\"2018\" data-end=\"2028\">1. G\u00fcn<\/strong><br data-start=\"2028\" data-end=\"2031\" \/>\ud83d\udd39 Alanya b\u00f6lgesindeki otellerden erken kar\u015f\u0131lama<br data-start=\"2073\" data-end=\"2076\" \/>\ud83d\udd39 Yol boyunca kahvalt\u0131 i\u00e7in durun<br data-start=\"2109\" data-end=\"2112\" \/>\ud83d\udd39 Yeralt\u0131 \u015fehrine bir ziyaret<br data-start=\"2142\" data-end=\"2145\" \/>\ud83d\udd39 U\u00e7hisar b\u00f6lgesinde \u00f6\u011fle yeme\u011fi<br data-start=\"2169\" data-end=\"2172\" \/>\ud83d\udd39 U\u00e7hisar Kalesi ve G\u00f6reme Vadisi panoramas\u0131<br data-start=\"2212\" data-end=\"2215\" \/>\ud83d\udd39 Avanos'ta Pa\u015faba\u011f ve seramik merkezi<br data-start=\"2252\" data-end=\"2255\" \/>\ud83d\udd39 Otele giri\u015f, ak\u015fam yeme\u011fi, serbest zaman (iste\u011fe ba\u011fl\u0131 T\u00fcrk gecesi)<\/p>\n<p data-start=\"2331\" data-end=\"2529\"><strong data-start=\"2331\" data-end=\"2341\">2. G\u00fcn<\/strong><br data-start=\"2341\" data-end=\"2344\" \/>\ud83d\udd39 Otelde kahvalt\u0131<br data-start=\"2362\" data-end=\"2365\" \/>\ud83d\udd39 A\u015fk Vadisi ve ma\u011fara kiliseleri ziyareti<br data-start=\"2409\" data-end=\"2412\" \/>\ud83d\udd39 Hal\u0131 dokuma merkezinde ve kervansarayda mola<br data-start=\"2464\" data-end=\"2467\" \/>\ud83d\udd39 Konya'da \u00d6\u011fle Yeme\u011fi<br data-start=\"2482\" data-end=\"2485\" \/>\ud83d\udd39 Alanya'ya d\u00f6n\u00fc\u015f ve otellere b\u0131rakma<\/p>\n<h3 data-start=\"2531\" data-end=\"2559\">\u2139\ufe0f Faydal\u0131 bilgiler<\/h3>\n<p data-start=\"2560\" data-end=\"2900\">\ud83d\udd39 S\u00fcre: yakla\u015f\u0131k 2 g\u00fcn<br data-start=\"2594\" data-end=\"2597\" \/>\ud83d\udd39 Orta d\u00fczeyde fiziksel aktivite (engebeli arazide y\u00fcr\u00fcy\u00fc\u015f)<br data-start=\"2665\" data-end=\"2668\" \/>\ud83d\udd39 Balon u\u00e7u\u015fu - iste\u011fe ba\u011fl\u0131 ve hava izin verdi\u011fi \u00f6l\u00e7\u00fcde<br data-start=\"2734\" data-end=\"2737\" \/>\ud83d\udd39 Standart konaklama, ek \u00fccret kar\u015f\u0131l\u0131\u011f\u0131nda tek ki\u015filik oda<br data-start=\"2792\" data-end=\"2795\" \/>\ud83d\udd39 6 ya\u015f\u0131ndan k\u00fc\u00e7\u00fck \u00e7ocuklar \u00fccretsiz seyahat eder, ancak yaln\u0131zca ayr\u0131 olarak rezervasyon yap\u0131ld\u0131\u011f\u0131nda otob\u00fcste bir koltuk al\u0131rlar<\/p>\n<h3 data-start=\"2902\" data-end=\"2928\">\ud83c\udf92 Yan\u0131n\u0131za ne almal\u0131s\u0131n\u0131z<\/h3>\n<p data-start=\"2929\" data-end=\"3188\">\ud83d\udd39 Pasaport veya kimlik kart\u0131<br data-start=\"2966\" data-end=\"2969\" \/>\ud83d\udd39 Rahat y\u00fcr\u00fcy\u00fc\u015f ayakkab\u0131lar\u0131<br data-start=\"2996\" data-end=\"2999\" \/>\ud83d\udd39 G\u00fcne\u015f g\u00f6zl\u00fc\u011f\u00fc, \u015fapka ve g\u00fcne\u015f kremi<br data-start=\"3045\" data-end=\"3048\" \/>\ud83d\udd39 Serin ak\u015famlar i\u00e7in hafif bir ceket<br data-start=\"3087\" data-end=\"3090\" \/>\ud83d\udd39 Kamera veya ak\u0131ll\u0131 telefon<br data-start=\"3117\" data-end=\"3120\" \/>\ud83d\udd39 Ekstralar ve iste\u011fe ba\u011fl\u0131 etkinlikler i\u00e7in nakit<\/p>\n<h3 data-start=\"3190\" data-end=\"3214\">\ud83d\udeab \u015eunlar i\u00e7in uygun de\u011fildir<\/h3>\n<p data-start=\"3215\" data-end=\"3293\">\ud83d\udd39 Ciddi hareket k\u0131s\u0131tl\u0131l\u0131\u011f\u0131 olan misafirler<br data-start=\"3263\" data-end=\"3266\" \/>\ud83d\udd39 \u00c7ok k\u00fc\u00e7\u00fck \u00e7ocuklar<\/p>\n<h3 data-start=\"3295\" data-end=\"3323\">\ud83d\udcb8 Fiyat ve rezervasyon<\/h3>\n<p data-start=\"3324\" data-end=\"3464\"><strong>\ud83d\udd39 \u015eimdi rezervasyon yap\u0131n - tur g\u00fcn\u00fc \u00f6deme yap\u0131n<\/strong><br data-start=\"3370\" data-end=\"3373\" \/>\ud83d\udd39 WhatsApp, Telegram, Viber \u00fczerinden bize ula\u015f\u0131n veya a\u015fa\u011f\u0131daki sipari\u015f formunu doldurun. \ud83d\udc47\ud83c\udffc<\/p>","protected":false},"excerpt":{"rendered":"<p>Alanya'dan Kapadokya'ya 2 g\u00fcnl\u00fck tur: yeralt\u0131 \u015fehri, A\u015fk Vadisi, Pa\u015faba\u011f, U\u00e7hisar, Zelve ve Rus rehber e\u015fli\u011finde iste\u011fe ba\u011fl\u0131 s\u0131cak hava balonu u\u00e7u\u015fu.<\/p>","protected":false},"featured_media":12798,"comment_status":"open","ping_status":"closed","template":"","meta":[],"product_brand":[],"product_cat":[126],"product_tag":[121],"class_list":{"0":"post-14854","1":"product","2":"type-product","3":"status-publish","4":"has-post-thumbnail","6":"tour_phys-ekskursii-v-alanya","7":"product_cat-ekskursii-v-alanya","8":"product_tag-alanya","9":"pa_destination-ekskursii-v-alanya","11":"first","12":"instock","13":"sale","14":"shipping-taxable","15":"purchasable","16":"product-type-tour_phys"},"aioseo_notices":[],"_links":{"self":[{"href":"https:\/\/mirekskursii.com\/tr\/wp-json\/wp\/v2\/product\/14854","targetHints":{"allow":["GET"]}}],"collection":[{"href":"https:\/\/mirekskursii.com\/tr\/wp-json\/wp\/v2\/product"}],"about":[{"href":"https:\/\/mirekskursii.com\/tr\/wp-json\/wp\/v2\/types\/product"}],"replies":[{"embeddable":true,"href":"https:\/\/mirekskursii.com\/tr\/wp-json\/wp\/v2\/comments?post=14854"}],"wp:featuredmedia":[{"embeddable":true,"href":"https:\/\/mirekskursii.com\/tr\/wp-json\/wp\/v2\/media\/12798"}],"wp:attachment":[{"href":"https:\/\/mirekskursii.com\/tr\/wp-json\/wp\/v2\/media?parent=14854"}],"wp:term":[{"taxonomy":"product_brand","embeddable":true,"href":"https:\/\/mirekskursii.com\/tr\/wp-json\/wp\/v2\/product_brand?post=14854"},{"taxonomy":"product_cat","embeddable":true,"href":"https:\/\/mirekskursii.com\/tr\/wp-json\/wp\/v2\/product_cat?post=14854"},{"taxonomy":"product_tag","embeddable":true,"href":"https:\/\/mirekskursii.com\/tr\/wp-json\/wp\/v2\/product_tag?post=14854"}],"curies":[{"name":"wp","href":"https:\/\/api.w.org\/{rel}","templated":true}]}}