{"id":14852,"date":"2025-11-16T16:50:14","date_gmt":"2025-11-16T13:50:14","guid":{"rendered":"https:\/\/mirekskursii.com\/?post_type=product&#038;p=14852\/"},"modified":"2026-03-14T23:00:35","modified_gmt":"2026-03-14T20:00:35","slug":"green-canyon-jeep-safari-turu-alanya","status":"publish","type":"product","link":"https:\/\/mirekskursii.com\/ekskursii\/dzhip-safari-zelenyy-kanon-iz-alanya\/","title":{"rendered":"Alanya'dan Ye\u015fil Kanyon'a Jeep safari - Ye\u015fil Kanyon"},"content":{"rendered":"<h3 data-start=\"0\" data-end=\"15\">\ud83c\udfde\ufe0f \u0130nceleme<\/h3>\n<p data-start=\"16\" data-end=\"313\">Alanya'dan Ye\u015fil Kanyon'a heyecan verici bir jeep safarisine \u00e7\u0131k\u0131n ve da\u011flar\u0131n, kanyonlar\u0131n ve z\u00fcmr\u00fct Oymap\u0131nar G\u00f6l\u00fc'n\u00fcn d\u00fcnyas\u0131n\u0131 deneyimleyin. Off-road b\u00f6l\u00fcmleri, do\u011fal manzara noktalar\u0131, tekne gezintileri, y\u00fczme ve g\u00f6l kenar\u0131nda \u00f6\u011fle yeme\u011fi sizi bekliyor - \u015fehrin ko\u015fu\u015fturmas\u0131ndan uzakta do\u011fada m\u00fckemmel bir aktif g\u00fcn.<\/p>\n<h3>Dahil:<\/h3>\n<p data-start=\"330\" data-end=\"515\"><span style=\"color: #00ff00;\"><strong>\u2713<\/strong> <\/span>Otel transferi<br data-start=\"352\" data-end=\"355\" \/><span style=\"color: #00ff00;\"><strong>\u2713<\/strong> <\/span>Rehber: Rus\u00e7a, \u0130ngilizce<br data-start=\"381\" data-end=\"384\" \/><span style=\"color: #00ff00;\"><strong>\u2713<\/strong> <\/span>Off-road ciplerde safari<br data-start=\"414\" data-end=\"417\" \/><span style=\"color: #00ff00;\"><strong>\u2713<\/strong> <\/span>Ye\u015fil G\u00f6l'de bir saatlik tekne turu<br data-start=\"462\" data-end=\"465\" \/><span style=\"color: #00ff00;\"><strong>\u2713<\/strong> <\/span>G\u00f6l kenar\u0131nda bir restoranda \u00f6\u011fle yeme\u011fi<br data-start=\"499\" data-end=\"502\" \/><span style=\"color: #00ff00;\"><strong>\u2713<\/strong> <\/span>Sigorta<\/p>\n<h3 data-start=\"517\" data-end=\"534\">Dahil de\u011fil:<\/h3>\n<p data-start=\"535\" data-end=\"582\"><span style=\"color: #ff0000;\"><strong>\u2717<\/strong> <\/span>\u0130\u00e7ecekler<br data-start=\"544\" data-end=\"547\" \/><span style=\"color: #ff0000;\"><strong>\u2717<\/strong> <\/span>Ki\u015fisel harcamalar<br data-start=\"563\" data-end=\"566\" \/><span style=\"color: #ff0000;\"><strong>\u2717<\/strong> <\/span>Foto\u011fraf ve video<\/p>\n<h3 data-start=\"584\" data-end=\"614\">\ud83c\udf1f Turun \u00f6ne \u00e7\u0131kan \u00f6zellikleri<\/h3>\n<p data-start=\"615\" data-end=\"1006\">\ud83d\udd39 Ye\u015fil Kanyon \u00e7evresindeki da\u011f yollar\u0131nda jeep safari<br data-start=\"671\" data-end=\"674\" \/>\ud83d\udd39 Z\u00fcmr\u00fct Oymap\u0131nar G\u00f6l\u00fc \u00fczerinde rahatlat\u0131c\u0131 tekne turu<br data-start=\"739\" data-end=\"742\" \/>\ud83d\udd39 Bir g\u00f6\u00e7ebe k\u00f6y\u00fcnde ve meyve bah\u00e7eleri aras\u0131nda mola<br data-start=\"799\" data-end=\"802\" \/>\ud83d\udd39 Kanyon, da\u011f ve Akdeniz manzaral\u0131 seyir teraslar\u0131<br data-start=\"867\" data-end=\"870\" \/>\ud83d\udd39 G\u00f6lde y\u00fczme, kano veya bal\u0131k tutma f\u0131rsat\u0131<br data-start=\"940\" data-end=\"943\" \/>\ud83d\udd39 Yo\u011fun bir program ve rehber e\u015fli\u011finde bir aile turu<\/p>\n<h3 data-start=\"1008\" data-end=\"1032\">\ud83d\udcd6 Tam a\u00e7\u0131klama<\/h3>\n<div data-start=\"1033\" data-end=\"1279\">G\u00fcn\u00fcn\u00fcz Alanya'daki otelinizden transfer ve Toros Da\u011flar\u0131'n\u0131n eteklerine do\u011fru bir yolculukla ba\u015fl\u0131yor. Da\u011f yollar\u0131nda \u00fcst\u00fc a\u00e7\u0131k Land Rover jeep ile b\u00f6lgenin en do\u011fal noktalar\u0131ndan biri olan Ye\u015fil Kanyon ve Oymap\u0131nar Baraj\u0131 b\u00f6lgesine seyahat edeceksiniz.<\/div>\n<div data-start=\"1281\" data-end=\"1506\">Yol boyunca off-road b\u00f6l\u00fcmleri, antik Roma su kemerlerinde foto\u011fraf duraklar\u0131, yerel bir g\u00f6\u00e7ebe k\u00f6y\u00fcne ziyaretler, meyve bah\u00e7eleri ve k\u0131rsal ya\u015fam\u0131 g\u00f6rebilece\u011finiz ve canl\u0131 foto\u011fraflar \u00e7ekebilece\u011finiz k\u00fc\u00e7\u00fck bir mini hayvanat bah\u00e7esi bulacaks\u0131n\u0131z.<\/div>\n<div data-start=\"1508\" data-end=\"1779\">\u00d6\u011fleden sonra g\u00f6l kenar\u0131ndaki bir restoranda mola verecek ve sakin ye\u015fil suya bakan lezzetli bir \u00f6\u011fle yeme\u011finin tad\u0131n\u0131 \u00e7\u0131karacaks\u0131n\u0131z. Daha sonra Ye\u015fil G\u00f6l'de bir saatlik bir tekne turuna \u00e7\u0131kacak ve ard\u0131ndan y\u00fczme, kano veya bal\u0131k tutmak i\u00e7in serbest zaman vereceksiniz (iste\u011fe ba\u011fl\u0131).<\/div>\n<div data-start=\"1781\" data-end=\"1924\">Tur, cipler sizi Alanya'daki otellerinize geri g\u00f6t\u00fcrmeden \u00f6nce ba\u015fka bir off-road b\u00f6l\u00fcm\u00fc ve da\u011flardan ge\u00e7en bir d\u00f6n\u00fc\u015f yolculu\u011fu ile sona eriyor.<\/div>\n<h3 data-start=\"1926\" data-end=\"1948\">\ud83d\uddfa\ufe0f Tur g\u00fczergah\u0131<\/h3>\n<p data-start=\"1949\" data-end=\"2444\">\ud83d\udd39 Alanya b\u00f6lgesindeki otellerden \u00e7it<br data-start=\"1984\" data-end=\"1987\" \/>\ud83d\udd39 Ye\u015fil Kanyon b\u00f6lgesine \u00fcst\u00fc a\u00e7\u0131k jeep gezisi<br data-start=\"2050\" data-end=\"2053\" \/>\ud83d\udd39 Arazi s\u00fcr\u00fc\u015f\u00fcn\u00fcn ilk b\u00f6l\u00fcm\u00fc ve Roma su kemerlerinde bir foto\u011fraf molas\u0131<br data-start=\"2112\" data-end=\"2115\" \/>\ud83d\udd39 Bir g\u00f6\u00e7ebe k\u00f6y\u00fcne, meyve bah\u00e7elerine ve mini bir hayvanat bah\u00e7esine ziyaret<br data-start=\"2179\" data-end=\"2182\" \/>\ud83d\udd39 Kanyon ve Akdeniz manzaral\u0131 seyir teras\u0131<br data-start=\"2240\" data-end=\"2243\" \/>\ud83d\udd39 G\u00f6l kenar\u0131nda bir restoranda \u00f6\u011fle yeme\u011fi<br data-start=\"2278\" data-end=\"2281\" \/>\ud83d\udd39 Ye\u015fil G\u00f6l'de bir saatlik tekne turu<br data-start=\"2327\" data-end=\"2330\" \/>\ud83d\udd39 Do\u011fada y\u00fczmek ve dinlenmek i\u00e7in serbest zaman<br data-start=\"2380\" data-end=\"2383\" \/>\ud83d\udd39 \u0130kinci off-road b\u00f6l\u00fcm\u00fc.<br data-start=\"2411\" data-end=\"2414\" \/>\ud83d\udd39 Otellere d\u00f6n\u00fc\u015f transferi<\/p>\n<h3 data-start=\"2446\" data-end=\"2474\">\u2139\ufe0f Faydal\u0131 bilgiler<\/h3>\n<p data-start=\"2475\" data-end=\"2771\">\ud83d\udd39 S\u00fcre: yakla\u015f\u0131k 7-8 saat<br data-start=\"2512\" data-end=\"2515\" \/>\ud83d\udd39 Aileler ve a\u00e7\u0131k hava merakl\u0131lar\u0131 i\u00e7in uygundur<br data-start=\"2565\" data-end=\"2568\" \/>\ud83d\udd39 G\u00f6lde y\u00fczmeyi planl\u0131yorsan\u0131z y\u00fczme k\u0131yafetleri alman\u0131z \u00f6nerilir<br data-start=\"2634\" data-end=\"2637\" \/>\ud83d\udd39 Daha iyi g\u00f6r\u00fc\u015f i\u00e7in \u00fcst\u00fc a\u00e7\u0131k cipler kullan\u0131l\u0131r<br data-start=\"2695\" data-end=\"2698\" \/>\ud83d\udd39 5 ya\u015f\u0131ndan k\u00fc\u00e7\u00fck \u00e7ocuklar \u00fccretsiz seyahat eder ancak arabada yer kaplar<\/p>\n<h3 data-start=\"2773\" data-end=\"2799\">\ud83c\udf92 Yan\u0131n\u0131za ne almal\u0131s\u0131n\u0131z<\/h3>\n<p data-start=\"2800\" data-end=\"3008\">\ud83d\udd39 Mayo ve havlu.<br data-start=\"2824\" data-end=\"2827\" \/>\ud83d\udd39 G\u00fcne\u015f kremi ve g\u00fcne\u015f g\u00f6zl\u00fc\u011f\u00fc<br data-start=\"2871\" data-end=\"2874\" \/>\ud83d\udd39 \u015eapka veya kep<br data-start=\"2892\" data-end=\"2895\" \/>\ud83d\udd39 Foto\u011fraflar i\u00e7in kamera veya telefon<br data-start=\"2936\" data-end=\"2939\" \/>\ud83d\udd39 \u0130\u00e7ecekler, hediyelik e\u015fyalar veya ekstralar i\u00e7in k\u00fc\u00e7\u00fck bir miktar para<\/p>\n<h3 data-start=\"3010\" data-end=\"3034\">\ud83d\udeab \u015eunlar i\u00e7in uygun de\u011fildir<\/h3>\n<p data-start=\"3035\" data-end=\"3107\">\ud83d\udd39 Ciddi bel veya boyun sorunlar\u0131 olan konuklar<br data-start=\"3081\" data-end=\"3084\" \/>\ud83d\udd39 Hamile kad\u0131nlar<\/p>\n<h3 data-start=\"3109\" data-end=\"3137\">\ud83d\udcb8 Fiyat ve rezervasyon<\/h3>\n<p data-start=\"3139\" data-end=\"3277\" data-is-last-node=\"\" data-is-only-node=\"\"><strong>\ud83d\udd39 \u015eimdi rezervasyon yap\u0131n - tur g\u00fcn\u00fc \u00f6deme yap\u0131n<\/strong><br data-start=\"3185\" data-end=\"3188\" \/>\ud83d\udd39 WhatsApp, Telegram, Viber \u00fczerinden bize ula\u015f\u0131n veya a\u015fa\u011f\u0131daki sipari\u015f formunu doldurun. \ud83d\udc47\ud83c\udffc<\/p>","protected":false},"excerpt":{"rendered":"<article class=\"text-token-text-primary w-full focus:outline-none [--shadow-height:45px] has-data-writing-block:pointer-events-none has-data-writing-block:-mt-(--shadow-height) has-data-writing-block:pt-(--shadow-height) [&amp;:has([data-writing-block])&gt;*]:pointer-events-auto [content-visibility:auto] supports-[content-visibility:auto]:[contain-intrinsic-size:auto_100lvh] scroll-mt-[calc(var(--header-height)+min(200px,max(70px,20svh)))]\" dir=\"auto\" tabindex=\"-1\" data-turn-id=\"request-691836cd-f880-8328-a590-c99ebec06edd-3\" data-testid=\"conversation-turn-84\" data-scroll-anchor=\"true\" data-turn=\"assistant\">\n<div class=\"text-base my-auto mx-auto pb-10 [--thread-content-margin:--spacing(4)] thread-sm:[--thread-content-margin:--spacing(6)] thread-lg:[--thread-content-margin:--spacing(16)] px-(--thread-content-margin)\">\n<div class=\"[--thread-content-max-width:40rem] thread-lg:[--thread-content-max-width:48rem] mx-auto max-w-(--thread-content-max-width) flex-1 group\/turn-messages focus-visible:outline-hidden relative flex w-full min-w-0 flex-col agent-turn\" tabindex=\"-1\">\n<div class=\"flex max-w-full flex-col grow\">\n<div class=\"min-h-8 text-message relative flex w-full flex-col items-end gap-2 text-start break-words whitespace-normal [.text-message+&amp;]:mt-1\" dir=\"auto\" data-message-author-role=\"assistant\" data-message-id=\"4604497e-bd6b-4f1f-a874-8cfbc2515a0d\" data-message-model-slug=\"gpt-5-1-thinking\">\n<div class=\"flex w-full flex-col gap-1 empty:hidden first:pt-[1px]\">\n<div class=\"markdown prose dark:prose-invert w-full break-words light markdown-new-styling\">\n<p data-start=\"2753\" data-end=\"2929\" data-is-last-node=\"\" data-is-only-node=\"\">\u0414\u0436\u0438\u043f-\u0441\u0430\u0444\u0430\u0440\u0438 \u0432 \u0417\u0435\u043b\u0435\u043d\u044b\u0439 \u043a\u0430\u043d\u044c\u043e\u043d \u0438\u0437 \u0410\u043b\u0430\u043d\u0438\u0438: \u0433\u043e\u0440\u043d\u044b\u0435 \u0434\u043e\u0440\u043e\u0433\u0438, \u043f\u0440\u043e\u0433\u0443\u043b\u043a\u0430 \u043d\u0430 \u043b\u043e\u0434\u043a\u0435 \u043f\u043e \u0438\u0437\u0443\u043c\u0440\u0443\u0434\u043d\u043e\u043c\u0443 \u043e\u0437\u0435\u0440\u0443, \u043a\u0443\u043f\u0430\u043d\u0438\u0435 \u0438 \u043e\u0431\u0435\u0434 \u0443 \u0432\u043e\u0434\u044b \u2014 \u044f\u0440\u043a\u0438\u0439 \u0430\u043a\u0442\u0438\u0432\u043d\u044b\u0439 \u0434\u0435\u043d\u044c \u043d\u0430 \u043f\u0440\u0438\u0440\u043e\u0434\u0435.<\/p>\n<\/div>\n<\/div>\n<\/div>\n<\/div>\n<div class=\"z-0 flex min-h-[46px] justify-start\"><\/div>\n<div class=\"mt-3 w-full empty:hidden\">\n<div class=\"text-center\"><\/div>\n<\/div>\n<\/div>\n<\/div>\n<\/article>\n<div class=\"pointer-events-none h-px w-px\" aria-hidden=\"true\" data-edge=\"true\"><\/div>\n","protected":false},"featured_media":14853,"comment_status":"open","ping_status":"closed","template":"","meta":[],"product_brand":[],"product_cat":[126],"product_tag":[121],"class_list":{"0":"post-14852","1":"product","2":"type-product","3":"status-publish","4":"has-post-thumbnail","6":"tour_phys-ekskursii-v-alanya","7":"product_cat-ekskursii-v-alanya","8":"product_tag-alanya","9":"pa_destination-ekskursii-v-alanya","11":"first","12":"instock","13":"sale","14":"shipping-taxable","15":"purchasable","16":"product-type-tour_phys"},"aioseo_notices":[],"_links":{"self":[{"href":"https:\/\/mirekskursii.com\/tr\/wp-json\/wp\/v2\/product\/14852","targetHints":{"allow":["GET"]}}],"collection":[{"href":"https:\/\/mirekskursii.com\/tr\/wp-json\/wp\/v2\/product"}],"about":[{"href":"https:\/\/mirekskursii.com\/tr\/wp-json\/wp\/v2\/types\/product"}],"replies":[{"embeddable":true,"href":"https:\/\/mirekskursii.com\/tr\/wp-json\/wp\/v2\/comments?post=14852"}],"wp:featuredmedia":[{"embeddable":true,"href":"https:\/\/mirekskursii.com\/tr\/wp-json\/wp\/v2\/media\/14853"}],"wp:attachment":[{"href":"https:\/\/mirekskursii.com\/tr\/wp-json\/wp\/v2\/media?parent=14852"}],"wp:term":[{"taxonomy":"product_brand","embeddable":true,"href":"https:\/\/mirekskursii.com\/tr\/wp-json\/wp\/v2\/product_brand?post=14852"},{"taxonomy":"product_cat","embeddable":true,"href":"https:\/\/mirekskursii.com\/tr\/wp-json\/wp\/v2\/product_cat?post=14852"},{"taxonomy":"product_tag","embeddable":true,"href":"https:\/\/mirekskursii.com\/tr\/wp-json\/wp\/v2\/product_tag?post=14852"}],"curies":[{"name":"wp","href":"https:\/\/api.w.org\/{rel}","templated":true}]}}