{"id":14843,"date":"2025-11-16T16:30:51","date_gmt":"2025-11-16T13:30:51","guid":{"rendered":"https:\/\/mirekskursii.com\/?post_type=product&#038;p=14843\/"},"modified":"2026-04-06T20:20:16","modified_gmt":"2026-04-06T17:20:16","slug":"sapadere-kanyon-turu-alanya","status":"publish","type":"product","link":"https:\/\/mirekskursii.com\/ekskursii\/sapadere-kanion-iz-alanya\/","title":{"rendered":"Alanya'dan Sapadere Kanyon Turu \u2013 Dim \u00c7ay\u0131 ve Ma\u011fara"},"content":{"rendered":"<h3 data-start=\"0\" data-end=\"15\">\ud83c\udfdd\ufe0f Genel Bak\u0131\u015f<\/h3>\n<p data-start=\"16\" data-end=\"323\">Denizden da\u011fa ve serinli\u011fe uzanan bir g\u00fcn i\u00e7in Alanya'dan Sapadere Kanyonu ve Dim \u00c7ay\u0131'na seyahat edin. \u015eelaleli dar bir kanyonda y\u00fcr\u00fcy\u00fc\u015f, etkileyici Dim Ma\u011faras\u0131'n\u0131 ziyaret (iste\u011fe ba\u011fl\u0131) ve Dim Nehri'nin serin suyu \u00fczerinde dinlendirici bir \u00f6\u011fle yeme\u011fi sizi bekliyor - do\u011fa ve g\u00fczel manzara sevenler i\u00e7in m\u00fckemmel.<\/p>\n<h3 data-start=\"325\" data-end=\"338\">Dahil:<\/h3>\n<p data-start=\"339\" data-end=\"477\"><span style=\"color: #00ff00;\"><strong>\u2713<\/strong> <\/span>Otel transferi<br data-start=\"361\" data-end=\"364\" \/><span style=\"color: #00ff00;\"><strong>\u2713<\/strong> <\/span>Rehber: Rus\u00e7a, \u0130ngilizce<br data-start=\"394\" data-end=\"397\" \/><span style=\"color: #00ff00;\"><strong>\u2713<\/strong> <\/span>Tam sigortal\u0131<br data-start=\"417\" data-end=\"420\" \/><span style=\"color: #00ff00;\"><strong>\u2713<\/strong> <\/span>Dim River Restaurant'ta \u00d6\u011fle Yeme\u011fi<br data-start=\"448\" data-end=\"451\" \/><span style=\"color: #00ff00;\"><strong>\u2713<\/strong> <\/span>Sapadere Kanyonu'nun giri\u015fi<\/p>\n<h3 data-start=\"479\" data-end=\"495\">Dahil de\u011fil:<\/h3>\n<p data-start=\"496\" data-end=\"591\"><span style=\"color: #ff0000;\"><strong>\u2717<\/strong> <\/span>Dim Ma\u011faras\u0131'na giri\u015f (iste\u011fe ba\u011fl\u0131)<br data-start=\"528\" data-end=\"531\" \/><span style=\"color: #ff0000;\"><strong>\u2717<\/strong> <\/span>\u0130\u00e7ecekler<br data-start=\"540\" data-end=\"543\" \/><span style=\"color: #ff0000;\"><strong>\u2717<\/strong> <\/span>Ki\u015fisel harcamalar (foto\u011fraflar, hediyelik e\u015fyalar, vb.)<\/p>\n<h3 data-start=\"593\" data-end=\"621\">\ud83c\udf1f Turun \u00f6ne \u00e7\u0131kan \u00f6zellikleri<\/h3>\n<p data-start=\"622\" data-end=\"1010\">\ud83d\udd39 \u015eelaleler ve do\u011fal havuzlar\u0131n bulundu\u011fu Sapadere Kanyonu boyunca 600 metrelik ah\u015fap patikada y\u00fcr\u00fcy\u00fc\u015f<br data-start=\"727\" data-end=\"730\" \/>\ud83d\udd39 B\u00f6lgenin en etkileyici kire\u00e7ta\u015f\u0131 ma\u011faralar\u0131ndan biri olan Dim Ma\u011faras\u0131'n\u0131 ziyaret etme f\u0131rsat\u0131<br data-start=\"821\" data-end=\"824\" \/>\ud83d\udd39 Dim Nehri \u00fczerindeki bir restoranda, kristal berrakl\u0131\u011f\u0131ndaki suyun \u00fczerindeki \u00e7ardaklarda \u00f6\u011fle yeme\u011fi<br data-start=\"894\" data-end=\"897\" \/>\ud83d\udd39 Sahilin karma\u015fas\u0131ndan uzakta, da\u011flarda ferahlat\u0131c\u0131 bir tatil<br data-start=\"947\" data-end=\"950\" \/>\ud83d\udd39 Do\u011faseverler, foto\u011fraf\u00e7\u0131lar ve aileler i\u00e7in m\u00fckemmel tur<\/p>\n<h3 data-start=\"1012\" data-end=\"1034\">\ud83d\udcd6 Tam a\u00e7\u0131klama<\/h3>\n<p data-start=\"1035\" data-end=\"1417\">Tur, Alanya b\u00f6lgesindeki otellerden Toros Da\u011flar\u0131'na do\u011fru konforlu bir transfer ile ba\u015flar. Manzaral\u0131 yol sizi da\u011flar\u0131n derinliklerine, ah\u015fap g\u00fcverteleri, \u015felaleleri ve turkuaz do\u011fal havuzlar\u0131yla gizli bir do\u011fal m\u00fccevher olan Sapadere Kanyonu'na g\u00f6t\u00fcr\u00fcr. Burada dar ge\u00e7itte y\u00fcr\u00fcyebilir, renkli foto\u011fraflar \u00e7ekebilir ve dilerseniz serin da\u011f suyunda ferahlayabilirsiniz.<\/p>\n<p data-start=\"1419\" data-end=\"1811\">Programda bir sonraki durak Dim Ma\u011faras\u0131 (\u00fccretli): yumu\u015fak \u0131\u015f\u0131kla ayd\u0131nlat\u0131lan sark\u0131t ve dikitlerin yeralt\u0131 d\u00fcnyas\u0131 \u00f6zel bir atmosfer yarat\u0131yor. G\u00fcn Dim Nehri kenar\u0131nda dinlenerek sona erecek: \u00e7ardaklar\u0131n suyun hemen \u00fczerinde yer ald\u0131\u011f\u0131 Dim Nehri Restoran\u0131'na gideceksiniz. Burada \u00f6\u011fle yeme\u011fi yiyecek, dinlenmek ve dilerseniz y\u00fczmek i\u00e7in serbest zaman\u0131n\u0131z olacak. Dinlendikten sonra grup Alanya b\u00f6lgesine geri d\u00f6ner.<\/p>\n<h3 data-start=\"1813\" data-end=\"1833\">\ud83d\uddfa\ufe0f Tur g\u00fczergah\u0131<\/h3>\n<p data-start=\"1834\" data-end=\"2112\">\ud83d\udd39 Alanya b\u00f6lgesindeki otellerden transfer<br data-start=\"1870\" data-end=\"1873\" \/>\ud83d\udd39 Da\u011flara giden pitoresk yol ve yol boyunca foto\u011fraf molalar\u0131<br data-start=\"1920\" data-end=\"1923\" \/>\ud83d\udd39 Sapadere Kanyonu ziyareti ve ah\u015fap g\u00fcvertelerde y\u00fcr\u00fcy\u00fc\u015f<br data-start=\"1986\" data-end=\"1989\" \/>\ud83d\udd39 Dim Ma\u011faras\u0131'na s\u00fcr\u00fc\u015f (iste\u011fe ba\u011fl\u0131)<br data-start=\"2023\" data-end=\"2026\" \/>\ud83d\udd39 Dim Nehri kenar\u0131nda \u00f6\u011fle yeme\u011fi ve dinlenme.<br data-start=\"2064\" data-end=\"2067\" \/>\ud83d\udd39 Alanya b\u00f6lgesindeki otellere d\u00f6n\u00fc\u015f transferi<\/p>\n<h3 data-start=\"2114\" data-end=\"2140\">\u2139\ufe0f Faydal\u0131 bilgiler<\/h3>\n<p data-start=\"2141\" data-end=\"2440\">\ud83d\udd39 S\u00fcre: yakla\u015f\u0131k 7-8 saat<br data-start=\"2178\" data-end=\"2181\" \/>\ud83d\udd39 Tur g\u00fcnl\u00fck olarak ger\u00e7ekle\u015ftirilir (y\u00fcksek sezonda)<br data-start=\"2226\" data-end=\"2229\" \/>\ud83d\udd39 Rahat kapal\u0131 ayakkab\u0131lar ve y\u00fczme k\u0131yafeti tavsiye edilir<br data-start=\"2280\" data-end=\"2283\" \/>\ud83d\udd39 Yan\u0131n\u0131zda g\u00fcne\u015f kremi, \u015fapka ve su getirin<br data-start=\"2344\" data-end=\"2347\" \/>\ud83d\udd39 Grubun b\u00fcy\u00fckl\u00fc\u011f\u00fcne ba\u011fl\u0131 olarak \u00fcst\u00fc a\u00e7\u0131k cipler veya minib\u00fcsler kullan\u0131l\u0131r<\/p>\n<h3 data-start=\"2442\" data-end=\"2466\">\ud83c\udf92 Yan\u0131n\u0131za ne almal\u0131s\u0131n\u0131z<\/h3>\n<p data-start=\"2467\" data-end=\"2628\">\ud83d\udd39 Rahat y\u00fcr\u00fcy\u00fc\u015f ayakkab\u0131lar\u0131<br data-start=\"2494\" data-end=\"2497\" \/>\ud83d\udd39 Mayo ve havlu.<br data-start=\"2521\" data-end=\"2524\" \/>\ud83d\udd39 G\u00fcne\u015f g\u00f6zl\u00fc\u011f\u00fc ve g\u00fcne\u015f kremi<br data-start=\"2563\" data-end=\"2566\" \/>\ud83d\udd39 Dim Ma\u011faras\u0131'na giri\u015f, i\u00e7ecekler ve hediyelik e\u015fyalar i\u00e7in biraz para<\/p>\n<h3 data-start=\"2630\" data-end=\"2652\">\ud83d\udeab \u015eunlar i\u00e7in uygun de\u011fildir<\/h3>\n<p data-start=\"2653\" data-end=\"2775\">\ud83d\udd39 Ciddi hareketlilik sorunlar\u0131 olan konuklar<br data-start=\"2699\" data-end=\"2702\" \/>\ud83d\udd39 Ciddi kardiyovask\u00fcler veya solunum hastal\u0131\u011f\u0131 olan ki\u015filer<\/p>\n<h3 data-start=\"2777\" data-end=\"2803\">\ud83d\udcb8 Fiyat ve rezervasyon<\/h3>\n<p data-start=\"2805\" data-end=\"2945\"><strong>\ud83d\udd39 \u015eimdi rezervasyon yap\u0131n - tur g\u00fcn\u00fc \u00f6deme yap\u0131n<\/strong><br data-start=\"2851\" data-end=\"2854\" \/>\ud83d\udd39 WhatsApp, Telegram, Viber \u00fczerinden bize ula\u015f\u0131n veya a\u015fa\u011f\u0131daki sipari\u015f formunu doldurun. \ud83d\udc47\ud83c\udffc<\/p>","protected":false},"excerpt":{"rendered":"<article class=\"text-token-text-primary w-full focus:outline-none [--shadow-height:45px] has-data-writing-block:pointer-events-none has-data-writing-block:-mt-(--shadow-height) has-data-writing-block:pt-(--shadow-height) [&amp;:has([data-writing-block])&gt;*]:pointer-events-auto [content-visibility:auto] supports-[content-visibility:auto]:[contain-intrinsic-size:auto_100lvh] scroll-mt-[calc(var(--header-height)+min(200px,max(70px,20svh)))]\" dir=\"auto\" tabindex=\"-1\" data-turn-id=\"request-691836cd-f880-8328-a590-c99ebec06edd-3\" data-testid=\"conversation-turn-84\" data-scroll-anchor=\"true\" data-turn=\"assistant\">\n<div class=\"text-base my-auto mx-auto pb-10 [--thread-content-margin:--spacing(4)] thread-sm:[--thread-content-margin:--spacing(6)] thread-lg:[--thread-content-margin:--spacing(16)] px-(--thread-content-margin)\">\n<div class=\"[--thread-content-max-width:40rem] thread-lg:[--thread-content-max-width:48rem] mx-auto max-w-(--thread-content-max-width) flex-1 group\/turn-messages focus-visible:outline-hidden relative flex w-full min-w-0 flex-col agent-turn\" tabindex=\"-1\">\n<div class=\"flex max-w-full flex-col grow\">\n<div class=\"min-h-8 text-message relative flex w-full flex-col items-end gap-2 text-start break-words whitespace-normal [.text-message+&amp;]:mt-1\" dir=\"auto\" data-message-author-role=\"assistant\" data-message-id=\"4604497e-bd6b-4f1f-a874-8cfbc2515a0d\" data-message-model-slug=\"gpt-5-1-thinking\">\n<div class=\"flex w-full flex-col gap-1 empty:hidden first:pt-[1px]\">\n<div class=\"markdown prose dark:prose-invert w-full break-words light markdown-new-styling\">\n<p data-start=\"2753\" data-end=\"2929\" data-is-last-node=\"\" data-is-only-node=\"\">\u041a\u0430\u043d\u044c\u043e\u043d \u0421\u0430\u043f\u0430\u0434\u0435\u0440\u0435 \u0438 \u0440\u0435\u043a\u0430 \u0414\u0438\u043c \u0438\u0437 \u0410\u043b\u0430\u043d\u0438\u0438: \u043f\u0440\u043e\u0433\u0443\u043b\u043a\u0430 \u043f\u043e \u043a\u0430\u043d\u044c\u043e\u043d\u0443, \u043f\u0435\u0449\u0435\u0440\u0430 \u0414\u0438\u043c (\u043e\u043f\u0446\u0438\u043e\u043d\u0430\u043b\u044c\u043d\u043e), \u043e\u0431\u0435\u0434 \u043d\u0430\u0434 \u0440\u0435\u043a\u043e\u0439 \u0438 \u043e\u0441\u0432\u0435\u0436\u0430\u044e\u0449\u0438\u0439 \u043e\u0442\u0434\u044b\u0445 \u0432 \u0433\u043e\u0440\u0430\u0445 \u0441 \u0442\u0440\u0430\u043d\u0441\u0444\u0435\u0440\u043e\u043c \u043e\u0442\/\u0434\u043e \u043e\u0442\u0435\u043b\u044f.<\/p>\n<\/div>\n<\/div>\n<\/div>\n<\/div>\n<div class=\"z-0 flex min-h-[46px] justify-start\"><\/div>\n<div class=\"mt-3 w-full empty:hidden\">\n<div class=\"text-center\"><\/div>\n<\/div>\n<\/div>\n<\/div>\n<\/article>\n<div class=\"pointer-events-none h-px w-px\" aria-hidden=\"true\" data-edge=\"true\"><\/div>\n","protected":false},"featured_media":14844,"comment_status":"open","ping_status":"closed","template":"","meta":[],"product_brand":[],"product_cat":[126],"product_tag":[121],"class_list":{"0":"post-14843","1":"product","2":"type-product","3":"status-publish","4":"has-post-thumbnail","6":"tour_phys-ekskursii-v-alanya","7":"product_cat-ekskursii-v-alanya","8":"product_tag-alanya","9":"pa_destination-ekskursii-v-alanya","11":"first","12":"instock","13":"sale","14":"shipping-taxable","15":"purchasable","16":"product-type-tour_phys"},"aioseo_notices":[],"_links":{"self":[{"href":"https:\/\/mirekskursii.com\/tr\/wp-json\/wp\/v2\/product\/14843","targetHints":{"allow":["GET"]}}],"collection":[{"href":"https:\/\/mirekskursii.com\/tr\/wp-json\/wp\/v2\/product"}],"about":[{"href":"https:\/\/mirekskursii.com\/tr\/wp-json\/wp\/v2\/types\/product"}],"replies":[{"embeddable":true,"href":"https:\/\/mirekskursii.com\/tr\/wp-json\/wp\/v2\/comments?post=14843"}],"wp:featuredmedia":[{"embeddable":true,"href":"https:\/\/mirekskursii.com\/tr\/wp-json\/wp\/v2\/media\/14844"}],"wp:attachment":[{"href":"https:\/\/mirekskursii.com\/tr\/wp-json\/wp\/v2\/media?parent=14843"}],"wp:term":[{"taxonomy":"product_brand","embeddable":true,"href":"https:\/\/mirekskursii.com\/tr\/wp-json\/wp\/v2\/product_brand?post=14843"},{"taxonomy":"product_cat","embeddable":true,"href":"https:\/\/mirekskursii.com\/tr\/wp-json\/wp\/v2\/product_cat?post=14843"},{"taxonomy":"product_tag","embeddable":true,"href":"https:\/\/mirekskursii.com\/tr\/wp-json\/wp\/v2\/product_tag?post=14843"}],"curies":[{"name":"wp","href":"https:\/\/api.w.org\/{rel}","templated":true}]}}