{"id":14836,"date":"2025-11-16T15:58:20","date_gmt":"2025-11-16T12:58:20","guid":{"rendered":"https:\/\/mirekskursii.com\/?post_type=product&#038;p=14836\/"},"modified":"2025-12-11T21:42:13","modified_gmt":"2025-12-11T18:42:13","slug":"dalis-turu-alanya","status":"publish","type":"product","link":"https:\/\/mirekskursii.com\/ekskursii\/dayving-v-alanya\/","title":{"rendered":"Alanya T\u00fcpl\u00fc Dal\u0131\u015f Turu \u2013 Denizalt\u0131 D\u00fcnyas\u0131"},"content":{"rendered":"<h3 data-start=\"0\" data-end=\"14\">\ud83c\udf0a \u0130nceleme<\/h3>\n<p data-start=\"15\" data-end=\"251\">Hem yeni ba\u015flayanlar hem de sertifikal\u0131 dalg\u0131\u00e7lar i\u00e7in uygun bir dal\u0131\u015f turu ile Alanya a\u00e7\u0131klar\u0131ndaki sualt\u0131 d\u00fcnyas\u0131n\u0131 ke\u015ffedin. E\u011fitmen e\u015fli\u011finde iki dal\u0131\u015f, teknede \u00f6\u011fle yeme\u011fi, y\u00fczme zaman\u0131 ve otele rahat bir transfer sizi bekliyor.<\/p>\n<h3 data-start=\"253\" data-end=\"266\">Dahil:<\/h3>\n<p data-start=\"267\" data-end=\"439\"><span style=\"color: #00ff00;\"><strong>\u2713<\/strong> <\/span>Otel transferi<br data-start=\"289\" data-end=\"292\" \/><span style=\"color: #00ff00;\"><strong>\u2713<\/strong> <\/span>Profesyonel dal\u0131\u015f e\u011fitmenleri<br data-start=\"334\" data-end=\"337\" \/><span style=\"color: #00ff00;\"><strong>\u2713<\/strong> <\/span>Komple dal\u0131\u015f ekipmanlar\u0131<br data-start=\"369\" data-end=\"372\" \/><span style=\"color: #00ff00;\"><strong>\u2713<\/strong> <\/span>\u0130ki rehberli dal\u0131\u015f<br data-start=\"396\" data-end=\"399\" \/><span style=\"color: #00ff00;\"><strong>\u2713<\/strong> <\/span>Teknede \u00f6\u011fle yeme\u011fi<br data-start=\"414\" data-end=\"417\" \/><span style=\"color: #00ff00;\"><strong>\u2713<\/strong> <\/span>Tam sigortal\u0131<\/p>\n<h3 data-start=\"441\" data-end=\"457\">Dahil de\u011fil:<\/h3>\n<p data-start=\"458\" data-end=\"488\"><span style=\"color: #ff0000;\"><strong>\u2717<\/strong> <\/span>Ki\u015fisel harcamalar<br data-start=\"474\" data-end=\"477\" \/><span style=\"color: #ff0000;\"><strong>\u2717<\/strong> <\/span>\u0130\u00e7ecekler<\/p>\n<h3 data-start=\"490\" data-end=\"518\">\ud83c\udf1f Turun \u00f6ne \u00e7\u0131kan \u00f6zellikleri<\/h3>\n<p data-start=\"519\" data-end=\"789\">\ud83d\udd39 Alanya a\u00e7\u0131klar\u0131nda iki t\u00fcpl\u00fc dal\u0131\u015f<br data-start=\"568\" data-end=\"571\" \/>\ud83d\udd39 Hem yeni ba\u015flayanlar hem de sertifikal\u0131 dalg\u0131\u00e7lar i\u00e7in uygundur<br data-start=\"631\" data-end=\"634\" \/>\ud83d\udd39 Profesyonel e\u011fitmenlerin e\u011fitimi ve deste\u011fi<br data-start=\"691\" data-end=\"694\" \/>\ud83d\udd39 Dal\u0131\u015flar aras\u0131nda teknede \u00f6\u011fle yeme\u011fi ve dinlenme<br data-start=\"737\" data-end=\"740\" \/>\ud83d\udd39 Daha rahat bir deneyim i\u00e7in k\u00fc\u00e7\u00fck gruplar<\/p>\n<h3 data-start=\"791\" data-end=\"813\">\ud83d\udcd6 Tam a\u00e7\u0131klama<\/h3>\n<p data-start=\"814\" data-end=\"1170\">Tur, Alanya b\u00f6lgesindeki otellerden dal\u0131\u015f teknesinin kalkt\u0131\u011f\u0131 yerel marinaya konforlu bir transferle ba\u015flar. Giri\u015f yapt\u0131ktan ve ekiple tan\u0131\u015ft\u0131ktan sonra, e\u011fitmenler ayr\u0131nt\u0131l\u0131 bir g\u00fcvenlik brifingi verir ve yeni ba\u015flayanlar i\u00e7in dal\u0131\u015f\u0131n temellerini a\u00e7\u0131klarken, sertifikal\u0131 dalg\u0131\u00e7lara dal\u0131\u015f\u0131n rotas\u0131 ve \u00f6zellikleri hakk\u0131nda bilgi verilir.<\/p>\n<p data-start=\"1172\" data-end=\"1547\">Tekne daha sonra Alanya a\u00e7\u0131klar\u0131ndaki dal\u0131\u015f b\u00f6lgelerine do\u011fru ilerler. \u0130lk dal\u0131\u015f bir e\u011fitmen taraf\u0131ndan denetlenir ve derinlik ve s\u00fcre kat\u0131l\u0131mc\u0131lar\u0131n uzmanl\u0131k d\u00fczeyine ba\u011fl\u0131d\u0131r. Daha sonra teknede \u00f6\u011fle yeme\u011fi servis edilir ve dinlenmek ve g\u00fcne\u015flenmek i\u00e7in zaman vard\u0131r. Bir aradan sonra ikinci dal\u0131\u015f ger\u00e7ekle\u015fir. Son olarak tekne, otelinize geri g\u00f6t\u00fcr\u00fclece\u011finiz limana geri d\u00f6ner.<\/p>\n<h3 data-start=\"1549\" data-end=\"1569\">\ud83d\uddfa\ufe0f Tur g\u00fczergah\u0131<\/h3>\n<p data-start=\"1570\" data-end=\"1872\">\ud83d\udd39 Alanya b\u00f6lgesindeki otel ve apartlardan transfer<br data-start=\"1623\" data-end=\"1626\" \/>\ud83d\udd39 Marinaya var\u0131\u015f ve dal\u0131\u015f teknesine bini\u015f<br data-start=\"1673\" data-end=\"1676\" \/>\ud83d\udd39 G\u00fcvenlik brifingi ve ekipman haz\u0131rl\u0131\u011f\u0131<br data-start=\"1737\" data-end=\"1740\" \/>\ud83d\udd39 Bir e\u011fitmen ile ilk dal\u0131\u015f<br data-start=\"1775\" data-end=\"1778\" \/>\ud83d\udd39 Gemide \u00f6\u011fle yeme\u011fi ve dinlenme<br data-start=\"1802\" data-end=\"1805\" \/>\ud83d\udd39 \u0130kinci dal\u0131\u015f<br data-start=\"1825\" data-end=\"1828\" \/>\ud83d\udd39 Limana d\u00f6n\u00fc\u015f ve otellere transfer<\/p>\n<h3 data-start=\"1874\" data-end=\"1900\">\u2139\ufe0f Faydal\u0131 bilgiler<\/h3>\n<p data-start=\"1901\" data-end=\"2256\">\ud83d\udd39 S\u00fcre: yakla\u015f\u0131k 5-6 saat (transfer dahil)<br data-start=\"1957\" data-end=\"1960\" \/>\ud83d\udd39 Dal\u0131\u015f i\u00e7in minimum ya\u015f genellikle 14't\u00fcr.<br data-start=\"2014\" data-end=\"2017\" \/>\ud83d\udd39 Dal\u0131\u015f deneyimi gerekli de\u011fildir - yeni ba\u015flayan olarak kat\u0131labilirsiniz<br data-start=\"2079\" data-end=\"2082\" \/>\ud83d\udd39 Normal bir sa\u011fl\u0131k durumu ve ciddi bir kontrendikasyon olmamas\u0131 \u00f6nerilir<br data-start=\"2168\" data-end=\"2171\" \/>\ud83d\udd39 Dal\u0131\u015f yapmayan refakat\u00e7i dalg\u0131\u00e7lar ek bir \u00fccret kar\u015f\u0131l\u0131\u011f\u0131nda kat\u0131labilir<\/p>\n<h3 data-start=\"2258\" data-end=\"2282\">\ud83c\udf92 Yan\u0131n\u0131za ne almal\u0131s\u0131n\u0131z<\/h3>\n<p data-start=\"2283\" data-end=\"2419\">\ud83d\udd39 Mayo ve havlu.<br data-start=\"2307\" data-end=\"2310\" \/>\ud83d\udd39 G\u00fcne\u015f kremi ve \u015fapka<br data-start=\"2340\" data-end=\"2343\" \/>\ud83d\udd39 Rahat ve hafif giysiler<br data-start=\"2367\" data-end=\"2370\" \/>\ud83d\udd39 \u0130\u00e7ecekler ve ki\u015fisel harcamalar i\u00e7in k\u00fc\u00e7\u00fck bir miktar para<\/p>\n<h3 data-start=\"2421\" data-end=\"2443\">\ud83d\udeab \u015eunlar i\u00e7in uygun de\u011fildir<\/h3>\n<p data-start=\"2444\" data-end=\"2581\">\ud83d\udd39 Hamile kad\u0131nlar<br data-start=\"2464\" data-end=\"2467\" \/>\ud83d\udd39 Ciddi kalp, akci\u011fer veya s\u0131rt rahats\u0131zl\u0131klar\u0131 olan misafirler<br data-start=\"2528\" data-end=\"2531\" \/>\ud83d\udd39 \u015eiddetli klostrofobisi veya epilepsisi olan ki\u015filer<\/p>\n<h3 data-start=\"2583\" data-end=\"2609\">\ud83d\udcb8 Fiyat ve rezervasyon<\/h3>\n<p data-start=\"2611\" data-end=\"2751\"><strong>\ud83d\udd39 \u015eimdi rezervasyon yap\u0131n - tur g\u00fcn\u00fc \u00f6deme yap\u0131n<\/strong><br data-start=\"2657\" data-end=\"2660\" \/>\ud83d\udd39 WhatsApp, Telegram, Viber \u00fczerinden bize ula\u015f\u0131n veya a\u015fa\u011f\u0131daki sipari\u015f formunu doldurun. \ud83d\udc47\ud83c\udffc<\/p>","protected":false},"excerpt":{"rendered":"<article class=\"text-token-text-primary w-full focus:outline-none [--shadow-height:45px] has-data-writing-block:pointer-events-none has-data-writing-block:-mt-(--shadow-height) has-data-writing-block:pt-(--shadow-height) [&amp;:has([data-writing-block])&gt;*]:pointer-events-auto [content-visibility:auto] supports-[content-visibility:auto]:[contain-intrinsic-size:auto_100lvh] scroll-mt-[calc(var(--header-height)+min(200px,max(70px,20svh)))]\" dir=\"auto\" tabindex=\"-1\" data-turn-id=\"request-691836cd-f880-8328-a590-c99ebec06edd-3\" data-testid=\"conversation-turn-84\" data-scroll-anchor=\"true\" data-turn=\"assistant\">\n<div class=\"text-base my-auto mx-auto pb-10 [--thread-content-margin:--spacing(4)] thread-sm:[--thread-content-margin:--spacing(6)] thread-lg:[--thread-content-margin:--spacing(16)] px-(--thread-content-margin)\">\n<div class=\"[--thread-content-max-width:40rem] thread-lg:[--thread-content-max-width:48rem] mx-auto max-w-(--thread-content-max-width) flex-1 group\/turn-messages focus-visible:outline-hidden relative flex w-full min-w-0 flex-col agent-turn\" tabindex=\"-1\">\n<div class=\"flex max-w-full flex-col grow\">\n<div class=\"min-h-8 text-message relative flex w-full flex-col items-end gap-2 text-start break-words whitespace-normal [.text-message+&amp;]:mt-1\" dir=\"auto\" data-message-author-role=\"assistant\" data-message-id=\"4604497e-bd6b-4f1f-a874-8cfbc2515a0d\" data-message-model-slug=\"gpt-5-1-thinking\">\n<div class=\"flex w-full flex-col gap-1 empty:hidden first:pt-[1px]\">\n<div class=\"markdown prose dark:prose-invert w-full break-words light markdown-new-styling\">\n<p data-start=\"2753\" data-end=\"2929\" data-is-last-node=\"\" data-is-only-node=\"\">\u0414\u0430\u0439\u0432\u0438\u043d\u0433 \u0432 \u0410\u043b\u0430\u043d\u0438\u0438: \u0434\u0432\u0430 \u043f\u043e\u0433\u0440\u0443\u0436\u0435\u043d\u0438\u044f \u0441 \u0438\u043d\u0441\u0442\u0440\u0443\u043a\u0442\u043e\u0440\u043e\u043c, \u043e\u0431\u0435\u0434 \u043d\u0430 \u043b\u043e\u0434\u043a\u0435, \u0442\u0440\u0430\u043d\u0441\u0444\u0435\u0440 \u043e\u0442\/\u0434\u043e \u043e\u0442\u0435\u043b\u044f. \u041f\u043e\u0434\u0445\u043e\u0434\u0438\u0442 \u0434\u043b\u044f \u043d\u043e\u0432\u0438\u0447\u043a\u043e\u0432 \u0438 \u0441\u0435\u0440\u0442\u0438\u0444\u0438\u0446\u0438\u0440\u043e\u0432\u0430\u043d\u043d\u044b\u0445 \u0434\u0430\u0439\u0432\u0435\u0440\u043e\u0432.<\/p>\n<\/div>\n<\/div>\n<\/div>\n<\/div>\n<div class=\"z-0 flex min-h-[46px] justify-start\"><\/div>\n<div class=\"mt-3 w-full empty:hidden\">\n<div class=\"text-center\"><\/div>\n<\/div>\n<\/div>\n<\/div>\n<\/article>\n<div class=\"pointer-events-none h-px w-px\" aria-hidden=\"true\" data-edge=\"true\"><\/div>\n","protected":false},"featured_media":14837,"comment_status":"open","ping_status":"closed","template":"","meta":[],"product_brand":[],"product_cat":[126],"product_tag":[121],"class_list":{"0":"post-14836","1":"product","2":"type-product","3":"status-publish","4":"has-post-thumbnail","6":"tour_phys-ekskursii-v-alanya","7":"product_cat-ekskursii-v-alanya","8":"product_tag-alanya","9":"pa_destination-ekskursii-v-alanya","11":"first","12":"instock","13":"sale","14":"shipping-taxable","15":"purchasable","16":"product-type-tour_phys"},"aioseo_notices":[],"_links":{"self":[{"href":"https:\/\/mirekskursii.com\/tr\/wp-json\/wp\/v2\/product\/14836","targetHints":{"allow":["GET"]}}],"collection":[{"href":"https:\/\/mirekskursii.com\/tr\/wp-json\/wp\/v2\/product"}],"about":[{"href":"https:\/\/mirekskursii.com\/tr\/wp-json\/wp\/v2\/types\/product"}],"replies":[{"embeddable":true,"href":"https:\/\/mirekskursii.com\/tr\/wp-json\/wp\/v2\/comments?post=14836"}],"wp:featuredmedia":[{"embeddable":true,"href":"https:\/\/mirekskursii.com\/tr\/wp-json\/wp\/v2\/media\/14837"}],"wp:attachment":[{"href":"https:\/\/mirekskursii.com\/tr\/wp-json\/wp\/v2\/media?parent=14836"}],"wp:term":[{"taxonomy":"product_brand","embeddable":true,"href":"https:\/\/mirekskursii.com\/tr\/wp-json\/wp\/v2\/product_brand?post=14836"},{"taxonomy":"product_cat","embeddable":true,"href":"https:\/\/mirekskursii.com\/tr\/wp-json\/wp\/v2\/product_cat?post=14836"},{"taxonomy":"product_tag","embeddable":true,"href":"https:\/\/mirekskursii.com\/tr\/wp-json\/wp\/v2\/product_tag?post=14836"}],"curies":[{"name":"wp","href":"https:\/\/api.w.org\/{rel}","templated":true}]}}