{"id":14830,"date":"2025-11-16T15:14:23","date_gmt":"2025-11-16T12:14:23","guid":{"rendered":"https:\/\/mirekskursii.com\/?post_type=product&#038;p=14830\/"},"modified":"2025-12-11T21:43:19","modified_gmt":"2025-12-11T18:43:19","slug":"balik-turu-alanya","status":"publish","type":"product","link":"https:\/\/mirekskursii.com\/ekskursii\/morskaya-rybalka-v-alanya\/","title":{"rendered":"Alanya Bal\u0131k Turu \u2013 Tekne ile Deniz Bal\u0131k\u00e7\u0131l\u0131\u011f\u0131"},"content":{"rendered":"<h3 data-start=\"0\" data-end=\"15\">\ud83c\udfdd\ufe0f Genel Bak\u0131\u015f<\/h3>\n<p data-start=\"16\" data-end=\"277\">Alanya'da bir yatta deniz bal\u0131k\u00e7\u0131l\u0131\u011f\u0131 gezisine \u00e7\u0131k\u0131n ve dinlendirici bir tatili otantik Akdeniz bal\u0131k\u00e7\u0131l\u0131\u011f\u0131 ile birle\u015ftirin. K\u00fc\u00e7\u00fck bir grup, g\u00fczel Alanya sahil \u015feridi, y\u00fczme, g\u00fcne\u015flenme ve teknede \u00f6\u011fle yeme\u011fi - yeni ba\u015flayanlar ve deneyimli olta bal\u0131k\u00e7\u0131lar\u0131 i\u00e7in m\u00fckemmel bir \u00f6\u011flen deniz turu.<\/p>\n<h3 data-start=\"279\" data-end=\"292\">Dahil:<\/h3>\n<p data-start=\"293\" data-end=\"486\"><span style=\"color: #00ff00;\"><strong>\u2713<\/strong> <\/span>Otel transferi<br data-start=\"315\" data-end=\"318\" \/><span style=\"color: #00ff00;\"><strong>\u2713<\/strong> <\/span>Profesyonel kaptan ve bal\u0131k\u00e7\u0131<br data-start=\"354\" data-end=\"357\" \/><span style=\"color: #00ff00;\"><strong>\u2713<\/strong> <\/span>T\u00fcm bal\u0131k\u00e7\u0131l\u0131k ekipmanlar\u0131 (olta, yem, vb.)<br data-start=\"409\" data-end=\"412\" \/><span style=\"color: #00ff00;\"><strong>\u2713<\/strong> <\/span>Gemide \u00f6\u011fle yeme\u011fi<br data-start=\"427\" data-end=\"430\" \/><span style=\"color: #00ff00;\"><strong>\u2713<\/strong> <\/span>Alkols\u00fcz i\u00e7ecekler<br data-start=\"454\" data-end=\"457\" \/><span style=\"color: #00ff00;\"><strong>\u2713<\/strong> <\/span>Tam sigorta kapsam\u0131<\/p>\n<h3 data-start=\"488\" data-end=\"504\">Dahil de\u011fil:<\/h3>\n<p data-start=\"505\" data-end=\"547\"><span style=\"color: #ff0000;\"><strong>\u2717<\/strong> <\/span>Alkoll\u00fc i\u00e7ecekler<br data-start=\"526\" data-end=\"529\" \/><span style=\"color: #ff0000;\"><strong>\u2717<\/strong> <\/span>Ki\u015fisel harcamalar<\/p>\n<h3 data-start=\"549\" data-end=\"577\">\ud83c\udf1f Turun \u00f6ne \u00e7\u0131kan \u00f6zellikleri<\/h3>\n<p data-start=\"578\" data-end=\"972\">\ud83d\udd39 Alanya sahili boyunca k\u00fc\u00e7\u00fck bir grupla deniz bal\u0131k\u00e7\u0131l\u0131\u011f\u0131<br data-start=\"638\" data-end=\"641\" \/>\ud83d\udd39 Levrek, palamut, orfoz ve di\u011fer bal\u0131klar\u0131 yakalama f\u0131rsat\u0131<br data-start=\"709\" data-end=\"712\" \/>\ud83d\udd39 Akdeniz'in berrak sular\u0131nda y\u00fczmek ve g\u00fcne\u015flenmek i\u00e7in mola verin<br data-start=\"786\" data-end=\"789\" \/>\ud83d\udd39 Gemide lezzetli \u00f6\u011fle yeme\u011fi ve alkols\u00fcz i\u00e7ecekler<br data-start=\"838\" data-end=\"841\" \/>\ud83d\udd39 Tur boyunca deneyimli bir yerel bal\u0131k\u00e7\u0131dan destek<br data-start=\"903\" data-end=\"906\" \/>\ud83d\udd39 \u00c7iftler, aileler ve deniz kenar\u0131nda dinlendirici tatil sevenler i\u00e7in uygundur<\/p>\n<h3 data-start=\"974\" data-end=\"996\">\ud83d\udcd6 Tam a\u00e7\u0131klama<\/h3>\n<p data-start=\"997\" data-end=\"1307\">Tur, Alanya b\u00f6lgesindeki otellerden marinaya (T\u00fcrkler liman\u0131) konforlu bir transfer ile ba\u015flar. Marinada kaptan ve profesyonel bir bal\u0131k\u00e7\u0131 taraf\u0131ndan kar\u015f\u0131lan\u0131r, tekne ve bal\u0131k\u00e7\u0131l\u0131k ekipmanlar\u0131 tan\u0131t\u0131l\u0131r. Denize a\u00e7\u0131ld\u0131ktan sonra tekne, zengin bal\u0131k\u00e7\u0131l\u0131k noktalar\u0131n\u0131n sizi bekledi\u011fi daha derin alanlara y\u00f6nelir.<\/p>\n<p data-start=\"1309\" data-end=\"1765\">Bir bal\u0131k\u00e7\u0131n\u0131n rehberli\u011finde oltan\u0131z\u0131 atar ve levrek, palamut, orfoz ve di\u011fer t\u00fcrler gibi Akdeniz bal\u0131klar\u0131n\u0131 yakalamaya \u00e7al\u0131\u015f\u0131rs\u0131n\u0131z. At\u0131\u015flar aras\u0131nda g\u00fcvertede dinlenebilir, g\u00fcne\u015flenebilir ve Alanya sahili ile Toros Da\u011flar\u0131'n\u0131n manzaras\u0131n\u0131 seyredebilirsiniz. Yakalanan bal\u0131klar m\u00fcmk\u00fcnse \u00f6\u011fle yeme\u011fi i\u00e7in \u0131zgarada pi\u015firilir ve alkols\u00fcz i\u00e7eceklerle birlikte teknede servis edilir. Bal\u0131k tuttuktan ve y\u00fczd\u00fckten sonra tekne limana geri d\u00f6ner ve sizi otelinize geri g\u00f6t\u00fcr\u00fcr.<\/p>\n<h3 data-start=\"1767\" data-end=\"1787\">\ud83d\uddfa\ufe0f Tur g\u00fczergah\u0131<\/h3>\n<p data-start=\"1788\" data-end=\"2084\">\ud83d\udd39 Alanya b\u00f6lgesindeki otel ve apartlardan transfer<br data-start=\"1839\" data-end=\"1842\" \/>\ud83d\udd39 Marinaya (T\u00fcrkler liman\u0131) var\u0131\u015f ve yata bini\u015f<br data-start=\"1897\" data-end=\"1900\" \/>\ud83d\udd39 Denize a\u00e7\u0131lmak ve bal\u0131k tutmaya ba\u015flamak<br data-start=\"1932\" data-end=\"1935\" \/>\ud83d\udd39 Gemide bal\u0131k tutmak, y\u00fczmek ve dinlenmek<br data-start=\"1971\" data-end=\"1974\" \/>\ud83d\udd39 Yatta \u00f6\u011fle yeme\u011fi ve alkols\u00fcz i\u00e7ecekler<br data-start=\"2014\" data-end=\"2017\" \/>\ud83d\udd39 Limana d\u00f6n\u00fc\u015f ve Alanya b\u00f6lgesindeki otellere geri transfer<\/p>\n<h3 data-start=\"2086\" data-end=\"2112\">\u2139\ufe0f Faydal\u0131 bilgiler<\/h3>\n<p data-start=\"2113\" data-end=\"2445\">\ud83d\udd39 S\u00fcre: transferlerle birlikte yakla\u015f\u0131k 5 saat<br data-start=\"2168\" data-end=\"2171\" \/>\ud83d\udd39 Sabah ve \u00f6\u011fleden sonra u\u00e7u\u015flar\u0131 m\u00fcmk\u00fcnd\u00fcr (\u00f6rne\u011fin 09:00 ve 14:00 civar\u0131nda)<br data-start=\"2239\" data-end=\"2242\" \/>\ud83d\udd39 Gemide temel olanaklar bulunmaktad\u0131r (banyo ve salon alan\u0131)<br data-start=\"2299\" data-end=\"2302\" \/>\ud83d\udd39 Daha rahat bir tatil deneyimi i\u00e7in tur k\u00fc\u00e7\u00fck gruplar halinde<br data-start=\"2366\" data-end=\"2369\" \/>\ud83d\udd39 Yan\u0131n\u0131zda g\u00fcne\u015f korumas\u0131 ve mayo getirmeniz tavsiye edilir<\/p>\n<h3 data-start=\"2447\" data-end=\"2471\">\ud83c\udf92 Yan\u0131n\u0131za ne almal\u0131s\u0131n\u0131z<\/h3>\n<p data-start=\"2472\" data-end=\"2663\">\ud83d\udd39 Mayo ve havlu.<br data-start=\"2496\" data-end=\"2499\" \/>\ud83d\udd39 G\u00fcne\u015f kremi, \u015fapka ve g\u00fcne\u015f g\u00f6zl\u00fc\u011f\u00fc<br data-start=\"2550\" data-end=\"2553\" \/>\ud83d\udd39 Foto\u011fraflar i\u00e7in kamera veya telefon<br data-start=\"2594\" data-end=\"2597\" \/>\ud83d\udd39 Ki\u015fisel harcamalar veya fazladan bir i\u00e7ki i\u00e7in k\u00fc\u00e7\u00fck bir miktar para<\/p>\n<h3 data-start=\"2665\" data-end=\"2687\">\ud83d\udeab \u015eunlar i\u00e7in uygun de\u011fildir<\/h3>\n<p data-start=\"2688\" data-end=\"2784\">\ud83d\udd39 Hareket hastal\u0131\u011f\u0131na g\u00fc\u00e7l\u00fc e\u011filimi olan konuklar<br data-start=\"2732\" data-end=\"2735\" \/>\ud83d\udd39 Ciddi hareket k\u0131s\u0131tl\u0131l\u0131\u011f\u0131 olan ki\u015filer<\/p>\n<h3 data-start=\"2786\" data-end=\"2812\">\ud83d\udcb8 Fiyat ve rezervasyon<\/h3>\n<p data-start=\"2814\" data-end=\"2954\"><strong>\ud83d\udd39 \u015eimdi rezervasyon yap\u0131n - tur g\u00fcn\u00fc \u00f6deme yap\u0131n<\/strong><br data-start=\"2860\" data-end=\"2863\" \/>\ud83d\udd39 WhatsApp, Telegram, Viber \u00fczerinden bize ula\u015f\u0131n veya a\u015fa\u011f\u0131daki sipari\u015f formunu doldurun. \ud83d\udc47\ud83c\udffc<\/p>","protected":false},"excerpt":{"rendered":"<p>Alanya'da bir yatta deniz bal\u0131k\u00e7\u0131l\u0131\u011f\u0131: k\u00fc\u00e7\u00fck grup, bal\u0131k tutma, y\u00fczme, \u00f6\u011fle yeme\u011fi ve alkols\u00fcz i\u00e7ecekler, otele \/ otelden transfer ve Akdeniz manzaras\u0131.<\/p>","protected":false},"featured_media":14835,"comment_status":"open","ping_status":"closed","template":"","meta":[],"product_brand":[],"product_cat":[126],"product_tag":[121],"class_list":{"0":"post-14830","1":"product","2":"type-product","3":"status-publish","4":"has-post-thumbnail","6":"tour_phys-ekskursii-v-alanya","7":"product_cat-ekskursii-v-alanya","8":"product_tag-alanya","9":"pa_destination-ekskursii-v-antalya","11":"first","12":"instock","13":"sale","14":"shipping-taxable","15":"purchasable","16":"product-type-tour_phys"},"aioseo_notices":[],"_links":{"self":[{"href":"https:\/\/mirekskursii.com\/tr\/wp-json\/wp\/v2\/product\/14830","targetHints":{"allow":["GET"]}}],"collection":[{"href":"https:\/\/mirekskursii.com\/tr\/wp-json\/wp\/v2\/product"}],"about":[{"href":"https:\/\/mirekskursii.com\/tr\/wp-json\/wp\/v2\/types\/product"}],"replies":[{"embeddable":true,"href":"https:\/\/mirekskursii.com\/tr\/wp-json\/wp\/v2\/comments?post=14830"}],"wp:featuredmedia":[{"embeddable":true,"href":"https:\/\/mirekskursii.com\/tr\/wp-json\/wp\/v2\/media\/14835"}],"wp:attachment":[{"href":"https:\/\/mirekskursii.com\/tr\/wp-json\/wp\/v2\/media?parent=14830"}],"wp:term":[{"taxonomy":"product_brand","embeddable":true,"href":"https:\/\/mirekskursii.com\/tr\/wp-json\/wp\/v2\/product_brand?post=14830"},{"taxonomy":"product_cat","embeddable":true,"href":"https:\/\/mirekskursii.com\/tr\/wp-json\/wp\/v2\/product_cat?post=14830"},{"taxonomy":"product_tag","embeddable":true,"href":"https:\/\/mirekskursii.com\/tr\/wp-json\/wp\/v2\/product_tag?post=14830"}],"curies":[{"name":"wp","href":"https:\/\/api.w.org\/{rel}","templated":true}]}}