{"id":14804,"date":"2025-11-16T13:58:00","date_gmt":"2025-11-16T10:58:00","guid":{"rendered":"https:\/\/mirekskursii.com\/?post_type=product&#038;p=14804\/"},"modified":"2025-12-12T11:34:19","modified_gmt":"2025-12-12T08:34:19","slug":"alanya-turk-hamami","status":"publish","type":"product","link":"https:\/\/mirekskursii.com\/ekskursii\/hamam-v-alanya\/","title":{"rendered":"Alanya T\u00fcrk Hamam\u0131 \u2013 Geleneksel Spa Keyfi"},"content":{"rendered":"<h3 data-start=\"0\" data-end=\"15\">\ud83c\udfdd\ufe0f Genel Bak\u0131\u015f<\/h3>\n<p data-start=\"16\" data-end=\"271\">Alanya'da geleneksel bir T\u00fcrk hamam\u0131nda rahatlay\u0131n ve sauya, k\u00f6p\u00fck masaj\u0131 ve ya\u011f spa uygulamas\u0131ndan sonra stres ve yorgunlu\u011fun gitti\u011fini hissedin. Hamam, tatilinize ba\u015flamak i\u00e7in m\u00fckemmel bir yerdir: cilt temizlenir, v\u00fccut yenilenir ve zihin tamamen rahatlar.<\/p>\n<h3 data-start=\"273\" data-end=\"286\">Dahil:<\/h3>\n<p data-start=\"287\" data-end=\"599\"><span style=\"color: #00ff00;\"><strong>\u2713<\/strong> <\/span>Otel transferi<br data-start=\"368\" data-end=\"371\" \/><span style=\"color: #00ff00;\"><strong>\u2713<\/strong> <\/span>30 dakikal\u0131k kese ve k\u00f6p\u00fck masaj\u0131<br data-start=\"406\" data-end=\"409\" \/><span style=\"color: #00ff00;\"><strong>\u2713<\/strong> <\/span>20 dakikal\u0131k rahatlat\u0131c\u0131 ya\u011f masaj\u0131<br data-start=\"452\" data-end=\"455\" \/><span style=\"color: #00ff00;\"><strong>\u2713<\/strong> <\/span>Y\u00fcz maskesi ve y\u00fcz masaj\u0131<br data-start=\"485\" data-end=\"488\" \/><span style=\"color: #00ff00;\"><strong>\u2713<\/strong> <\/span>Havlu, terlik, sabun ve pestemal (bel atk\u0131s\u0131)<br data-start=\"543\" data-end=\"546\" \/><span style=\"color: #00ff00;\"><strong>\u2713<\/strong> <\/span>\u00c7ay veya elma servisi<br data-start=\"574\" data-end=\"577\" \/><span style=\"color: #00ff00;\"><strong>\u2713<\/strong> <\/span>Tam sigortal\u0131<\/p>\n<h3 data-start=\"601\" data-end=\"617\">Dahil de\u011fildir:<\/h3>\n<p data-start=\"618\" data-end=\"747\"><span style=\"color: #ff0000;\"><strong>\u2717<\/strong> <\/span>Ki\u015fisel harcamalar (i\u00e7ecekler, bah\u015fi\u015fler, vb.)<br data-start=\"659\" data-end=\"662\" \/><span style=\"color: #ff0000;\"><strong>\u2717<\/strong> <\/span>Ek tedaviler (iste\u011fe ba\u011fl\u0131)<\/p>\n<h3 data-start=\"749\" data-end=\"777\">\ud83c\udf1f Turun \u00f6ne \u00e7\u0131kan \u00f6zellikleri<\/h3>\n<p data-start=\"778\" data-end=\"1134\">\ud83d\udd39 Alanya'da otantik T\u00fcrk hamam\u0131 ve spa<br data-start=\"822\" data-end=\"825\" \/>\ud83d\udd39 Detoks ve kas gev\u015femesi i\u00e7in sauna, buhar odas\u0131 ve tuz odas\u0131<br data-start=\"891\" data-end=\"894\" \/>\ud83d\udd39 Is\u0131t\u0131lm\u0131\u015f mermer ta\u015f \u00fczerinde derin kese ve k\u00f6p\u00fck masaj\u0131<br data-start=\"957\" data-end=\"960\" \/>\ud83d\udd39 Rahatlat\u0131c\u0131 ya\u011f masaj\u0131 ve y\u00fcz bak\u0131m\u0131<br data-start=\"1008\" data-end=\"1011\" \/>\ud83d\udd39 Tedavilerden sonra \u00fccretsiz T\u00fcrk \u00e7ay\u0131 veya elma \u00e7ay\u0131<br data-start=\"1065\" data-end=\"1068\" \/>\ud83d\udd39 Temiz, hijyenik ve profesyonelce donat\u0131lm\u0131\u015f spa merkezi<\/p>\n<h3 data-start=\"1136\" data-end=\"1158\">\ud83d\udcd6 Tam a\u00e7\u0131klama<\/h3>\n<p data-start=\"1159\" data-end=\"1849\">Tur, Alanya ve \u00e7evresindeki otelinizden modern spa merkezine uygun bir transferle ba\u015flar. Var\u0131\u015fta personel havlu, terlik, sabun ve geleneksel pestemal temin edecektir.<br data-start=\"1331\" data-end=\"1334\" \/>\u00d6nce sauna, buhar odas\u0131 ve tuz odas\u0131nda \u0131s\u0131nacaks\u0131n\u0131z - bu g\u00f6zenekleri a\u00e7ar, kan dola\u015f\u0131m\u0131n\u0131 iyile\u015ftirir ve cildi sonraki bak\u0131mlar i\u00e7in haz\u0131rlar. Ard\u0131ndan klasik bir Hamam rit\u00fceline tabi tutulacaks\u0131n\u0131z: s\u0131cak mermer bir platform \u00fczerinde 30 dakikal\u0131k t\u00fcm v\u00fccut kese ve k\u00f6p\u00fck masaj\u0131. Bir fincan T\u00fcrk veya elma \u00e7ay\u0131 ile verilen k\u0131sa bir aradan sonra seans 20 dakikal\u0131k ya\u011f masaj\u0131 ve y\u00fcz maskesi ile devam eder. Tazelenmi\u015f ve tamamen rahatlam\u0131\u015f olarak otele d\u00f6nmeden \u00f6nce rahatlat\u0131c\u0131 bir dinlenme alan\u0131 ile sonland\u0131r\u0131n.<\/p>\n<h3 data-start=\"1851\" data-end=\"1871\">\ud83d\uddfa\ufe0f Tur g\u00fczergah\u0131<\/h3>\n<p data-start=\"1872\" data-end=\"2123\">\ud83d\udd39 Alanya ve yak\u0131n b\u00f6lgelerdeki otellerden ara\u00e7la alma<br data-start=\"1919\" data-end=\"1922\" \/>\ud83d\udd39 Se\u00e7ilen hamam\/spa merkezine var\u0131\u015f<br data-start=\"1961\" data-end=\"1964\" \/>\ud83d\udd39 Sauna, buhar odas\u0131 ve tuz odas\u0131<br data-start=\"1998\" data-end=\"2001\" \/>\ud83d\udd39 Hamamda kese ve k\u00f6p\u00fck masaj\u0131<br data-start=\"2034\" data-end=\"2037\" \/>\ud83d\udd39 \u00c7ay molas\u0131<br data-start=\"2052\" data-end=\"2055\" \/>\ud83d\udd39 Ya\u011f masaj\u0131 ve y\u00fcz maskesi<br data-start=\"2090\" data-end=\"2093\" \/>\ud83d\udd39 Otele d\u00f6n\u00fc\u015f transferi<\/p>\n<h3 data-start=\"2125\" data-end=\"2151\">\u2139\ufe0f Faydal\u0131 bilgiler<\/h3>\n<p data-start=\"2152\" data-end=\"2468\">\ud83d\udd39 S\u00fcre: transfer ile birlikte yakla\u015f\u0131k 2-3 saat<br data-start=\"2209\" data-end=\"2212\" \/>\ud83d\udd39 Yeti\u015fkinler ve \u00e7ocuklar i\u00e7in uygundur (\u00e7ocuklar sadece bir yeti\u015fkin e\u015fli\u011finde)<br data-start=\"2283\" data-end=\"2286\" \/>\ud83d\udd39 Hamam deneyimi gerekli de\u011fildir<br data-start=\"2323\" data-end=\"2326\" \/>\ud83d\udd39 T\u00fcm temel malzemeler (havlu, sabun, terlik) temin edilir<br data-start=\"2398\" data-end=\"2401\" \/>\ud83d\udd39 Talep \u00fczerine ve m\u00fcsaitlik durumuna ba\u011fl\u0131 olarak ayr\u0131 masaj odalar\u0131 mevcuttur<\/p>\n<h3 data-start=\"2470\" data-end=\"2494\">\ud83c\udf92 Yan\u0131n\u0131za ne almal\u0131s\u0131n\u0131z<\/h3>\n<p data-start=\"2495\" data-end=\"2617\">\ud83d\udd39 Mayo veya bikini.<br data-start=\"2518\" data-end=\"2521\" \/>\ud83d\udd39 \u015eampuan ve sa\u00e7 kremi (iste\u011fe ba\u011fl\u0131)<br data-start=\"2564\" data-end=\"2567\" \/>\ud83d\udd39 Tedaviden sonra k\u0131yafet de\u011fi\u015fikli\u011fi veya hafif giysiler<\/p>\n<h3 data-start=\"2619\" data-end=\"2641\">\ud83d\udeab \u015eunlar i\u00e7in uygun de\u011fildir<\/h3>\n<p data-start=\"2642\" data-end=\"2785\">\ud83d\udd39 Hamile kad\u0131nlar<br data-start=\"2662\" data-end=\"2665\" \/>\ud83d\udd39 Ast\u0131m veya ciddi solunum yolu hastal\u0131\u011f\u0131 olan misafirler<br data-start=\"2723\" data-end=\"2726\" \/>\ud83d\udd39 A\u00e7\u0131k yaras\u0131, aktif deri enfeksiyonu olan ki\u015filer<\/p>\n<h3 data-start=\"2787\" data-end=\"2813\">\ud83d\udcb8 Fiyat ve rezervasyon<\/h3>\n<p data-start=\"2814\" data-end=\"2963\"><strong>\ud83d\udd39 \u015eimdi rezervasyon yap\u0131n, tur g\u00fcn\u00fc \u00f6deyin<\/strong><br data-start=\"2863\" data-end=\"2866\" \/>\ud83d\udd39 WhatsApp, Telegram, Viber \u00fczerinden bize ula\u015f\u0131n veya a\u015fa\u011f\u0131daki rezervasyon formunu doldurun. \ud83d\udc47\ud83c\udffc<\/p>","protected":false},"excerpt":{"rendered":"<p>Alanya'da T\u00fcrk Hamam\u0131: sauna, buhar odas\u0131, tuz odas\u0131, kese, k\u00f6p\u00fck ve ya\u011f masaj\u0131, y\u00fcz bak\u0131m\u0131 ve otel transferi. Tatiliniz i\u00e7in m\u00fckemmel bir ba\u015flang\u0131\u00e7.<\/p>","protected":false},"featured_media":12688,"comment_status":"open","ping_status":"closed","template":"","meta":[],"product_brand":[],"product_cat":[126],"product_tag":[121],"class_list":{"0":"post-14804","1":"product","2":"type-product","3":"status-publish","4":"has-post-thumbnail","6":"tour_phys-ekskursii-v-alanya","7":"product_cat-ekskursii-v-alanya","8":"product_tag-alanya","9":"pa_destination-ekskursii-v-alanya","11":"first","12":"instock","13":"sale","14":"shipping-taxable","15":"purchasable","16":"product-type-tour_phys"},"aioseo_notices":[],"_links":{"self":[{"href":"https:\/\/mirekskursii.com\/tr\/wp-json\/wp\/v2\/product\/14804","targetHints":{"allow":["GET"]}}],"collection":[{"href":"https:\/\/mirekskursii.com\/tr\/wp-json\/wp\/v2\/product"}],"about":[{"href":"https:\/\/mirekskursii.com\/tr\/wp-json\/wp\/v2\/types\/product"}],"replies":[{"embeddable":true,"href":"https:\/\/mirekskursii.com\/tr\/wp-json\/wp\/v2\/comments?post=14804"}],"wp:featuredmedia":[{"embeddable":true,"href":"https:\/\/mirekskursii.com\/tr\/wp-json\/wp\/v2\/media\/12688"}],"wp:attachment":[{"href":"https:\/\/mirekskursii.com\/tr\/wp-json\/wp\/v2\/media?parent=14804"}],"wp:term":[{"taxonomy":"product_brand","embeddable":true,"href":"https:\/\/mirekskursii.com\/tr\/wp-json\/wp\/v2\/product_brand?post=14804"},{"taxonomy":"product_cat","embeddable":true,"href":"https:\/\/mirekskursii.com\/tr\/wp-json\/wp\/v2\/product_cat?post=14804"},{"taxonomy":"product_tag","embeddable":true,"href":"https:\/\/mirekskursii.com\/tr\/wp-json\/wp\/v2\/product_tag?post=14804"}],"curies":[{"name":"wp","href":"https:\/\/api.w.org\/{rel}","templated":true}]}}