{"id":14803,"date":"2025-11-16T12:31:29","date_gmt":"2025-11-16T09:31:29","guid":{"rendered":"https:\/\/mirekskursii.com\/?post_type=product&#038;p=14803\/"},"modified":"2025-12-11T21:45:16","modified_gmt":"2025-12-11T18:45:16","slug":"the-land-of-legends-aquapark-alanya","status":"publish","type":"product","link":"https:\/\/mirekskursii.com\/ekskursii\/land-of-legends-akvapark-iz-alanya\/","title":{"rendered":"Alanya'dan Land of Legends Aquapark Turu \u2013 Transfer &amp; Bilet"},"content":{"rendered":"<h3 data-start=\"0\" data-end=\"12\">\ud83c\udfa2 \u0130nceleme<\/h3>\n<p data-start=\"13\" data-end=\"299\">B\u00fct\u00fcn bir g\u00fcn\u00fc tema park\u0131nda ge\u00e7irin <strong data-start=\"55\" data-end=\"78\">Efsaneler Diyar\u0131<\/strong> Alanya ve \u00e7evresinden hareketle Belek'te. Ekstrem kayd\u0131raklar, b\u00fcy\u00fck bir su park\u0131 ve en sevdi\u011finiz karakterlerin yer ald\u0131\u011f\u0131 Nickelodeon Land sizi bekliyor - aileler ve adrenalin severler i\u00e7in ideal olan tur yakla\u015f\u0131k 7-8 saat s\u00fcr\u00fcyor.<\/p>\n<h3 data-start=\"301\" data-end=\"455\"><strong data-start=\"301\" data-end=\"314\">Dahil:<\/strong><\/h3>\n<p data-start=\"301\" data-end=\"455\"><span style=\"color: #00ff00;\"><strong>\u2713<\/strong> <\/span>Otel transferi<br data-start=\"337\" data-end=\"340\" \/><span style=\"color: #00ff00;\"><strong>\u2713<\/strong> <\/span>Efsaneler Diyar\u0131'na giri\u015f bileti\u00ab<br data-start=\"373\" data-end=\"376\" \/><span style=\"color: #00ff00;\"><strong>\u2713<\/strong> <\/span>Transferler s\u0131ras\u0131nda sigorta<br data-start=\"409\" data-end=\"412\" \/><span style=\"color: #00ff00;\"><strong>\u2713<\/strong> <\/span>Klimal\u0131 konforlu otob\u00fcs<\/p>\n<h3 data-start=\"457\" data-end=\"592\"><strong data-start=\"457\" data-end=\"473\">Dahil de\u011fil:<\/strong><\/h3>\n<p data-start=\"457\" data-end=\"592\"><span style=\"color: #ff0000;\"><strong>\u2717<\/strong> <\/span>Yiyecek ve i\u00e7ecek<br data-start=\"489\" data-end=\"492\" \/><span style=\"color: #ff0000;\"><strong>\u2717<\/strong> <\/span>Ki\u015fisel harcamalar<br data-start=\"506\" data-end=\"509\" \/><span style=\"color: #ff0000;\"><strong>\u2717<\/strong> <\/span>Premium atraksiyonlar (\u00f6rn. yunuslarla y\u00fczme)<br data-start=\"571\" data-end=\"574\" \/>\n<\/p>\n<h3 data-start=\"594\" data-end=\"617\">\ud83c\udf0a \u00d6nemli Noktalar<\/h3>\n<p data-start=\"618\" data-end=\"915\">\ud83d\udd39 62 metrelik bir kayd\u0131rak da dahil olmak \u00fczere s\u00fcper kayd\u0131raklar <strong data-start=\"654\" data-end=\"671\">Hiper Coaster<\/strong><br data-start=\"671\" data-end=\"674\" \/>\ud83d\udd39 43 metre. <strong data-start=\"689\" data-end=\"708\">Typhoon Coaster<\/strong> ve 40'\u0131n \u00fczerinde su kayd\u0131ra\u011f\u0131<br data-start=\"732\" data-end=\"735\" \/>\ud83d\udd39 B\u00f6lge <strong data-start=\"743\" data-end=\"763\">Nickelodeon Diyar\u0131<\/strong> S\u00fcnger Bob ve Paw Patrol ile.<br data-start=\"791\" data-end=\"794\" \/>\ud83d\udd39 Y\u00fczme havuzlar\u0131 ve dinlenme alanlar\u0131 i\u00e7eren geni\u015f su park\u0131<br data-start=\"842\" data-end=\"845\" \/>\ud83d\udd39 Ekstrem spor hayranlar\u0131 i\u00e7in animasyon ve \u00abUzay Roketi\u00bb atraksiyonu<\/p>\n<h3 data-start=\"917\" data-end=\"939\">\ud83d\udcd6 Tam a\u00e7\u0131klama<\/h3>\n<p data-start=\"940\" data-end=\"1558\">Sabah Alanya ve \u00e7evresindeki otellerden al\u0131n\u0131p, Alanya'n\u0131n merkezinde bulunan <strong data-start=\"1010\" data-end=\"1033\">Efsaneler Diyar\u0131<\/strong> Belek. Parka girdikten sonra, ekstrem kayd\u0131raklar\u0131n, su park\u0131n\u0131n ve aile e\u011flencelerinin tad\u0131n\u0131 \u00e7\u0131karmak i\u00e7in birka\u00e7 saat bo\u015f zaman\u0131n\u0131z olacak.<br data-start=\"1190\" data-end=\"1193\" \/>Fethetmek <strong data-start=\"1203\" data-end=\"1220\">Hiper Coaster<\/strong> 62 metre y\u00fckseklik, s\u00fcr\u00fc\u015f <strong data-start=\"1248\" data-end=\"1267\">Typhoon Coaster<\/strong>, \u00c7e\u015fitli su kayd\u0131raklar\u0131n\u0131 deneyin veya havuz kenar\u0131nda dinlenin. Hem \u00e7ocuklar hem de yeti\u015fkinler e\u011flenecek <strong data-start=\"1355\" data-end=\"1375\">Nickelodeon Diyar\u0131<\/strong> pop\u00fcler \u00e7izgi film karakterleri ile. G\u00fcn boyunca daha fazla adrenalin veya daha fazla rahatlama yapmay\u0131 se\u00e7ebilirsiniz. G\u00fcn\u00fcn sonunda otob\u00fcs sizi Alanya'daki otelinize geri g\u00f6t\u00fcrecektir.<\/p>\n<h3 data-start=\"1560\" data-end=\"1580\">\ud83d\uddfa\ufe0f Tur g\u00fczergah\u0131<\/h3>\n<p data-start=\"1581\" data-end=\"1828\">\ud83d\udd39 Alanya ve \u00e7evresindeki otellerden \u00e7it<br data-start=\"1621\" data-end=\"1624\" \/>\ud83d\udd39 Belek'teki The Land of Legends park\u0131na transfer<br data-start=\"1670\" data-end=\"1673\" \/>\ud83d\udd39 Parkta serbest zaman: gezintiler, su park\u0131, Nickelodeon Land (yakla\u015f\u0131k 5-6 saat)<br data-start=\"1761\" data-end=\"1764\" \/>\ud83d\udd39 Grubun toplanmas\u0131 ve d\u00f6n\u00fc\u015f yolculu\u011fu<br data-start=\"1794\" data-end=\"1797\" \/>\ud83d\udd39 Alanya otellerine geri d\u00f6n<\/p>\n<h3 data-start=\"1830\" data-end=\"1856\">\u2139\ufe0f Faydal\u0131 bilgiler<\/h3>\n<p data-start=\"1857\" data-end=\"2410\">\ud83d\udd39 S\u00fcre: ~7-8 saat (tam g\u00fcn tur)<br data-start=\"1915\" data-end=\"1918\" \/>\ud83d\udd39 Hareket kabiliyeti k\u0131s\u0131tl\u0131 misafirler i\u00e7in uygundur (ana alanlara eri\u015filebilir)<br data-start=\"2008\" data-end=\"2011\" \/>\ud83d\udd39 Orta d\u00fczeyde fiziksel aktivite (b\u00f6lgeler aras\u0131 ge\u00e7i\u015fler ve s\u00fcr\u00fc\u015fler i\u00e7in kuyruklar)<br data-start=\"2094\" data-end=\"2097\" \/>\ud83d\udd39 Kupon, park bilet gi\u015fesinde bir biletle de\u011fi\u015ftirilmelidir<br data-start=\"2149\" data-end=\"2152\" \/>\ud83d\udd39 A\u00e7\u0131l\u0131\u015f saatleri ve g\u00f6steriler sezona g\u00f6re de\u011fi\u015fiklik g\u00f6sterebilir<br data-start=\"2212\" data-end=\"2215\" \/>\ud83d\udd39 \u00dccretsiz seyahat eden 6 ya\u015f\u0131ndan k\u00fc\u00e7\u00fck \u00e7ocuklar\u0131n otob\u00fcste ayr\u0131 bir koltu\u011fu yoktur. Otob\u00fcs tamamen doluysa, bir yeti\u015fkinin kuca\u011f\u0131na otururlar veya \u00f6nceden ayr\u0131 bir koltuk rezerve edilebilir<\/p>\n<h3 data-start=\"2412\" data-end=\"2436\">\ud83c\udf92 Yan\u0131n\u0131za ne almal\u0131s\u0131n\u0131z<\/h3>\n<p data-start=\"2437\" data-end=\"2609\">\ud83d\udd39 Mayo ve havlu.<br data-start=\"2461\" data-end=\"2464\" \/>\ud83d\udd39 Su ayakkab\u0131s\u0131 (su park\u0131 i\u00e7in \u00f6nerilir)<br data-start=\"2509\" data-end=\"2512\" \/>\ud83d\udd39 Yemek, foto\u011fraf ve ki\u015fisel harcamalar i\u00e7in para<br data-start=\"2566\" data-end=\"2569\" \/>\ud83d\udd39 G\u00fcne\u015f kremi ve \u015fapka<\/p>\n<h3 data-start=\"2611\" data-end=\"2633\">\ud83d\udeab \u015eunlar i\u00e7in uygun de\u011fildir<\/h3>\n<p data-start=\"2634\" data-end=\"2656\">\ud83d\udd39 Hamile kad\u0131nlar<\/p>\n<h3 data-start=\"2428\" data-end=\"2456\">\ud83d\udcb8 Fiyat ve rezervasyon<\/h3>\n<p data-start=\"2457\" data-end=\"2785\"><strong>\ud83d\udd39 \u015eimdi rezervasyon yap\u0131n - tur g\u00fcn\u00fc \u00f6deme yap\u0131n<\/strong><br data-start=\"2693\" data-end=\"2696\" \/>\ud83d\udd39 WhatsApp, Telegram, Viber \u00fczerinden bize ula\u015f\u0131n veya a\u015fa\u011f\u0131daki sipari\u015f formunu doldurun. \ud83d\udc47\ud83c\udffc<\/p>","protected":false},"excerpt":{"rendered":"<p>Alanya'dan The Land of Legends: otel transferi, giri\u015f \u00fccreti, su park\u0131, Hyper Coaster, Nickelodeon Land ve t\u00fcm aile i\u00e7in renkli bir e\u011flence g\u00fcn\u00fc.<\/p>","protected":false},"featured_media":12791,"comment_status":"open","ping_status":"closed","template":"","meta":[],"product_brand":[],"product_cat":[126],"product_tag":[121],"class_list":{"0":"post-14803","1":"product","2":"type-product","3":"status-publish","4":"has-post-thumbnail","6":"tour_phys-ekskursii-v-alanya","7":"product_cat-ekskursii-v-alanya","8":"product_tag-alanya","9":"pa_destination-ekskursii-v-alanya","11":"first","12":"instock","13":"sale","14":"shipping-taxable","15":"purchasable","16":"product-type-tour_phys"},"aioseo_notices":[],"_links":{"self":[{"href":"https:\/\/mirekskursii.com\/tr\/wp-json\/wp\/v2\/product\/14803","targetHints":{"allow":["GET"]}}],"collection":[{"href":"https:\/\/mirekskursii.com\/tr\/wp-json\/wp\/v2\/product"}],"about":[{"href":"https:\/\/mirekskursii.com\/tr\/wp-json\/wp\/v2\/types\/product"}],"replies":[{"embeddable":true,"href":"https:\/\/mirekskursii.com\/tr\/wp-json\/wp\/v2\/comments?post=14803"}],"wp:featuredmedia":[{"embeddable":true,"href":"https:\/\/mirekskursii.com\/tr\/wp-json\/wp\/v2\/media\/12791"}],"wp:attachment":[{"href":"https:\/\/mirekskursii.com\/tr\/wp-json\/wp\/v2\/media?parent=14803"}],"wp:term":[{"taxonomy":"product_brand","embeddable":true,"href":"https:\/\/mirekskursii.com\/tr\/wp-json\/wp\/v2\/product_brand?post=14803"},{"taxonomy":"product_cat","embeddable":true,"href":"https:\/\/mirekskursii.com\/tr\/wp-json\/wp\/v2\/product_cat?post=14803"},{"taxonomy":"product_tag","embeddable":true,"href":"https:\/\/mirekskursii.com\/tr\/wp-json\/wp\/v2\/product_tag?post=14803"}],"curies":[{"name":"wp","href":"https:\/\/api.w.org\/{rel}","templated":true}]}}