{"id":14802,"date":"2025-11-16T12:19:49","date_gmt":"2025-11-16T09:19:49","guid":{"rendered":"https:\/\/mirekskursii.com\/?post_type=product&#038;p=14802\/"},"modified":"2025-12-11T21:45:24","modified_gmt":"2025-12-11T18:45:24","slug":"land-of-legends-gece-sovu-alanya","status":"publish","type":"product","link":"https:\/\/mirekskursii.com\/ekskursii\/nochnoe-shou-legends-iz-alanya\/","title":{"rendered":"Alanya'dan Land of Legends \u2013 Gece \u015eovu Turu"},"content":{"rendered":"<h3 data-start=\"48\" data-end=\"61\">\u2728 \u0130nceleme<\/h3>\n<p data-start=\"62\" data-end=\"284\">Alanya'dan hareketle The Land of Legends'ta b\u00fcy\u00fcl\u00fc bir ak\u015fam ge\u00e7irin. F\u0131skiye ve lazer g\u00f6sterileri, renkli bir tekne ge\u00e7idi ve d\u00fczinelerce ma\u011faza ve kafenin bulundu\u011fu bir al\u0131\u015fveri\u015f bulvar\u0131 boyunca gezinti sizi bekliyor - t\u00fcm aile i\u00e7in m\u00fckemmel bir \u0131\u015f\u0131k ak\u015fam\u0131.<\/p>\n<h3 data-start=\"286\" data-end=\"299\">Dahil:<\/h3>\n<p data-start=\"300\" data-end=\"491\"><span style=\"color: #00ff00;\"><strong>\u2713 <\/strong><\/span>Otel transferi<br data-start=\"327\" data-end=\"330\" \/><span style=\"color: #00ff00;\"><strong>\u2713 <\/strong><\/span>Ak\u015fam g\u00f6sterilerine ve tekne ge\u00e7it t\u00f6renine eri\u015fim<br data-start=\"368\" data-end=\"371\" \/><span style=\"color: #00ff00;\"><strong>\u2713 <\/strong><\/span>Al\u0131\u015fveri\u015f bulvar\u0131nda serbest zaman<br data-start=\"409\" data-end=\"412\" \/><span style=\"color: #00ff00;\"><strong>\u2713 <\/strong><\/span>Transferler s\u0131ras\u0131nda sigorta<br data-start=\"445\" data-end=\"448\" \/><span style=\"color: #00ff00;\"><strong>\u2713 <\/strong><\/span>Klimal\u0131 konforlu otob\u00fcs<\/p>\n<h3 data-start=\"493\" data-end=\"509\">Dahil de\u011fildir:<\/h3>\n<p data-start=\"511\" data-end=\"622\"><span style=\"color: #ff0000;\"><strong>\u2717<\/strong> <\/span>Yiyecek ve i\u00e7ecek<br data-start=\"526\" data-end=\"529\" \/><span style=\"color: #ff0000;\"><strong>\u2717<\/strong> <\/span>Ki\u015fisel harcamalar (hediyelik e\u015fya, al\u0131\u015fveri\u015f)<br data-start=\"595\" data-end=\"598\" \/><span style=\"color: #ff0000;\"><strong>\u2717<\/strong> <\/span>\u00d6zel rehberlik hizmetleri<\/p>\n<h3 data-start=\"624\" data-end=\"647\">\ud83c\udfad \u00d6nemli Noktalar<\/h3>\n<p data-start=\"648\" data-end=\"956\">\ud83d\udd39 F\u0131skiyeler, \u0131\u015f\u0131klar ve lazerlerle d\u00fcnya standartlar\u0131nda bir ak\u015fam g\u00f6sterisi<br data-start=\"710\" data-end=\"713\" \/>\ud83d\udd39 Kost\u00fcml\u00fc karakterler ve m\u00fczik e\u015fli\u011finde tekne ge\u00e7it t\u00f6reni<br data-start=\"768\" data-end=\"771\" \/>\ud83d\udd39 180'den fazla ma\u011faza ve restoran\u0131n bulundu\u011fu al\u0131\u015fveri\u015f bulvar\u0131<br data-start=\"831\" data-end=\"834\" \/>\ud83d\udd39 Alanya ve \u00e7evresindeki otellerden uygun transferler<br data-start=\"892\" data-end=\"895\" \/>\ud83d\udd39 B\u00fcy\u00fcl\u00fc atmosfer ve foto\u011fraf ve videolar i\u00e7in \u00e7ok say\u0131da konum<\/p>\n<h3 data-start=\"958\" data-end=\"980\">\ud83d\udcd6 Tam a\u00e7\u0131klama<\/h3>\n<p data-start=\"981\" data-end=\"1365\">Ak\u015fam, Alanya ve \u00e7evresindeki otelden tema park\u0131na transfer ile ba\u015flar <strong data-start=\"1063\" data-end=\"1086\">Efsaneler Diyar\u0131<\/strong>. Var\u0131\u015fta, m\u00fczik ve canl\u0131 performanslar e\u015fli\u011finde etkileyici bir f\u0131skiye ve lazer g\u00f6sterisinin yer ald\u0131\u011f\u0131 merkez meydana gideceksiniz. Ard\u0131ndan tekne ge\u00e7it t\u00f6reni sizi bekliyor: sanat\u00e7\u0131lar ve karakterlerle s\u00fcslenmi\u015f tekneler kanal boyunca y\u00fczerek masals\u0131 bir karnaval hissi yarat\u0131yor.<\/p>\n<p data-start=\"1367\" data-end=\"1633\">G\u00f6steriden sonra butikler, kafeler ve tatl\u0131lar\u0131n bulundu\u011fu al\u0131\u015fveri\u015f bulvar\u0131nda serbest zaman\u0131n\u0131z olacak - etrafta dola\u015fabilir, bir \u015feyler at\u0131\u015ft\u0131rabilir, atmosferik foto\u011fraflar \u00e7ekebilir ve ak\u015fam \u0131\u015f\u0131kland\u0131rmas\u0131n\u0131n tad\u0131n\u0131 \u00e7\u0131karabilirsiniz. Program\u0131n sonunda bir otob\u00fcs sizi alacak ve Alanya'daki otelinize geri g\u00f6t\u00fcrecektir.<\/p>\n<h3 data-start=\"1635\" data-end=\"1655\">\ud83d\uddfa\ufe0f Tur g\u00fczergah\u0131<\/h3>\n<p data-start=\"1656\" data-end=\"1888\">\ud83d\udd39 Alanya ve yak\u0131n b\u00f6lgelerdeki otellerden ara\u00e7la alma<br data-start=\"1701\" data-end=\"1704\" \/>\ud83d\udd39 Efsaneler \u00dclkesine Var\u0131\u015f<br data-start=\"1737\" data-end=\"1740\" \/>\ud83d\udd39 Ak\u015fam f\u0131skiyesi ve lazer g\u00f6sterisi<br data-start=\"1774\" data-end=\"1777\" \/>\ud83d\udd39 Kanal boyunca tekne ge\u00e7it t\u00f6reni<br data-start=\"1801\" data-end=\"1804\" \/>\ud83d\udd39 Al\u0131\u015fveri\u015f bulvar\u0131nda serbest zaman (~1-2 saat)<br data-start=\"1855\" data-end=\"1858\" \/>\ud83d\udd39 Otele d\u00f6n\u00fc\u015f transferi<\/p>\n<h3 data-start=\"1890\" data-end=\"1916\">\u2139\ufe0f Faydal\u0131 bilgiler<\/h3>\n<p data-start=\"1917\" data-end=\"2351\">\ud83d\udd39 S\u00fcre: ~3-4 saat (ak\u015fam turu)<br data-start=\"1969\" data-end=\"1972\" \/>\ud83d\udd39 Hareket kabiliyeti k\u0131s\u0131tl\u0131 olanlar da dahil olmak \u00fczere farkl\u0131 ya\u015flardaki misafirler i\u00e7in uygundur<br data-start=\"2052\" data-end=\"2055\" \/>\ud83d\udd39 D\u00fc\u015f\u00fck fiziksel aktivite, \u00e7o\u011fu b\u00f6lgede dola\u015fmak<br data-start=\"2127\" data-end=\"2130\" \/>\ud83d\udd39 L\u00fctfen toplant\u0131 saatinden 10 dakika \u00f6nce otel giri\u015finde olunuz.<br data-start=\"2191\" data-end=\"2194\" \/>\ud83d\udd39 S\u00fcr\u00fcc\u00fc en fazla 5 dakika bekler<br data-start=\"2227\" data-end=\"2230\" \/>\ud83d\udd39 \u00dccretsiz seyahat eden 6 ya\u015f\u0131ndan k\u00fc\u00e7\u00fck \u00e7ocuklar\u0131n otob\u00fcste ayr\u0131 bir koltu\u011fu yoktur (koltuk ekstra \u00fccret kar\u015f\u0131l\u0131\u011f\u0131nda rezerve edilebilir)<\/p>\n<h3 data-start=\"2353\" data-end=\"2377\">\ud83c\udf92 Yan\u0131n\u0131za ne almal\u0131s\u0131n\u0131z<\/h3>\n<p data-start=\"2378\" data-end=\"2556\">\ud83d\udd39 Ak\u015fam yeme\u011fi ve al\u0131\u015fveri\u015f i\u00e7in para<br data-start=\"2416\" data-end=\"2419\" \/>\ud83d\udd39 Rahat y\u00fcr\u00fcy\u00fc\u015f ayakkab\u0131lar\u0131<br data-start=\"2448\" data-end=\"2451\" \/>\ud83d\udd39 Hava durumuna uygun giyinin (ak\u015famlar\u0131 daha serin olabilir)<br data-start=\"2502\" data-end=\"2505\" \/>\ud83d\udd39 Foto\u011fraf ve videolar i\u00e7in telefon veya kamera<\/p>\n<h3 data-start=\"2558\" data-end=\"2580\">\ud83d\udeab \u015eunlar i\u00e7in uygun de\u011fildir<\/h3>\n<p data-start=\"2581\" data-end=\"2606\">\ud83d\udd39 95 ya\u015f \u00fcst\u00fc misafirler<\/p>\n<h3 data-start=\"2906\" data-end=\"2932\">\ud83d\udcb8 Fiyat ve rezervasyon<\/h3>\n<p data-start=\"2933\" data-end=\"3071\"><strong>\ud83d\udd39 \u015eimdi rezervasyon yap\u0131n - tur g\u00fcn\u00fc \u00f6deme yap\u0131n<\/strong><br data-start=\"2979\" data-end=\"2982\" \/>\ud83d\udd39 WhatsApp, Telegram, Viber \u00fczerinden bize ula\u015f\u0131n veya a\u015fa\u011f\u0131daki sipari\u015f formunu doldurun. \ud83d\udc47\ud83c\udffc<\/p>","protected":false},"excerpt":{"rendered":"<p>Alanya'dan The Land of Legends gece g\u00f6sterisi: f\u0131skiyeler, lazerler, tekne ge\u00e7idi, al\u0131\u015fveri\u015f bulvar\u0131 y\u00fcr\u00fcy\u00fc\u015f\u00fc ve otel transferi - t\u00fcm aile i\u00e7in muhte\u015fem bir ak\u015fam.<\/p>","protected":false},"featured_media":12777,"comment_status":"open","ping_status":"closed","template":"","meta":[],"product_brand":[],"product_cat":[126],"product_tag":[121],"class_list":{"0":"post-14802","1":"product","2":"type-product","3":"status-publish","4":"has-post-thumbnail","6":"tour_phys-ekskursii-v-alanya","7":"product_cat-ekskursii-v-alanya","8":"product_tag-alanya","10":"first","11":"instock","12":"sale","13":"shipping-taxable","14":"purchasable","15":"product-type-tour_phys"},"aioseo_notices":[],"_links":{"self":[{"href":"https:\/\/mirekskursii.com\/tr\/wp-json\/wp\/v2\/product\/14802","targetHints":{"allow":["GET"]}}],"collection":[{"href":"https:\/\/mirekskursii.com\/tr\/wp-json\/wp\/v2\/product"}],"about":[{"href":"https:\/\/mirekskursii.com\/tr\/wp-json\/wp\/v2\/types\/product"}],"replies":[{"embeddable":true,"href":"https:\/\/mirekskursii.com\/tr\/wp-json\/wp\/v2\/comments?post=14802"}],"wp:featuredmedia":[{"embeddable":true,"href":"https:\/\/mirekskursii.com\/tr\/wp-json\/wp\/v2\/media\/12777"}],"wp:attachment":[{"href":"https:\/\/mirekskursii.com\/tr\/wp-json\/wp\/v2\/media?parent=14802"}],"wp:term":[{"taxonomy":"product_brand","embeddable":true,"href":"https:\/\/mirekskursii.com\/tr\/wp-json\/wp\/v2\/product_brand?post=14802"},{"taxonomy":"product_cat","embeddable":true,"href":"https:\/\/mirekskursii.com\/tr\/wp-json\/wp\/v2\/product_cat?post=14802"},{"taxonomy":"product_tag","embeddable":true,"href":"https:\/\/mirekskursii.com\/tr\/wp-json\/wp\/v2\/product_tag?post=14802"}],"curies":[{"name":"wp","href":"https:\/\/api.w.org\/{rel}","templated":true}]}}