{"id":14786,"date":"2025-11-16T11:54:46","date_gmt":"2025-11-16T08:54:46","guid":{"rendered":"https:\/\/mirekskursii.com\/?post_type=product&#038;p=14786\/"},"modified":"2026-04-02T17:54:12","modified_gmt":"2026-04-02T14:54:12","slug":"tandem-yamac-parasutu-alanya","status":"publish","type":"product","link":"https:\/\/mirekskursii.com\/ekskursii\/tandem-paraplan-v-alanya\/","title":{"rendered":"Alanya Tandem Yama\u00e7 Para\u015f\u00fct\u00fc \u2013 Deniz Manzaras\u0131"},"content":{"rendered":"<h3 data-start=\"0\" data-end=\"15\">\ud83c\udfdd\ufe0f Genel Bak\u0131\u015f<\/h3>\n<p data-start=\"16\" data-end=\"205\">Alanya'daki Kleopatra Plaj\u0131 \u00fczerinde tandem yama\u00e7 para\u015f\u00fct\u00fc u\u00e7u\u015funu deneyimleyin. Yass\u0131 Tepe'den (700 m) kalk\u0131\u015f, kale, deniz ve Toros Da\u011flar\u0131 manzaras\u0131 - deneyim gerekmez, lisansl\u0131 bir pilot sorumludur.<\/p>\n<h3 data-start=\"207\" data-end=\"220\">Dahil:<\/h3>\n<p data-start=\"221\" data-end=\"446\"><span style=\"color: #00ff00;\"><strong>\u2713<\/strong> <\/span>Otelde tan\u0131\u015fma ve kar\u015f\u0131lama<br data-start=\"248\" data-end=\"251\" \/><span style=\"color: #00ff00;\"><strong>\u2713<\/strong> <\/span>Lisansl\u0131 profesyonel pilot ve e\u011fitmen<br data-start=\"304\" data-end=\"307\" \/><span style=\"color: #00ff00;\"><strong>\u2713<\/strong> <\/span>Tam sigorta kapsam\u0131<br data-start=\"334\" data-end=\"337\" \/><span style=\"color: #00ff00;\"><strong>\u2713<\/strong> <\/span>T\u00fcm u\u00e7u\u015f ve g\u00fcvenlik ekipmanlar\u0131<br data-start=\"373\" data-end=\"376\" \/><span style=\"color: #00ff00;\"><strong>\u2713<\/strong> <\/span>Kalk\u0131\u015f noktas\u0131na 4\u00d74 transfer<br data-start=\"405\" data-end=\"408\" \/><span style=\"color: #00ff00;\"><strong>\u2713<\/strong> <\/span>U\u00e7ak pistine giri\u015f bileti<\/p>\n<h3 data-start=\"448\" data-end=\"464\">Dahil de\u011fildir:<\/h3>\n<p data-start=\"465\" data-end=\"583\"><span style=\"color: #ff0000;\"><strong>\u2717<\/strong> <\/span>Ki\u015fisel harcamalar<br data-start=\"481\" data-end=\"484\" \/><span style=\"color: #ff0000;\"><strong>\u2717<\/strong> <\/span>Profesyonel foto\u011fraflar ve videolar<br data-start=\"521\" data-end=\"524\" \/><span style=\"color: #ff0000;\"><strong>\u2717<\/strong> <\/span>Talep \u00fczerine kad\u0131n pilot (+15\u20ac ekstra \u00fccret)<\/p>\n<h3 data-start=\"585\" data-end=\"613\">\ud83c\udf1f Turun \u00f6ne \u00e7\u0131kan \u00f6zellikleri<\/h3>\n<p data-start=\"614\" data-end=\"901\">\ud83d\udd39 Kleopatra Plaj\u0131 \u00fczerinde tandem yama\u00e7 para\u015f\u00fct\u00fc<br data-start=\"666\" data-end=\"669\" \/>\ud83d\udd39 Alanya Kalesi ve Akdeniz'in muhte\u015fem manzaras\u0131<br data-start=\"722\" data-end=\"725\" \/>\ud83d\udd39 Yakla\u015f\u0131k 700 m y\u00fckseklikteki Iasi-Tepe tepesinden yumu\u015fak t\u0131rman\u0131\u015f<br data-start=\"779\" data-end=\"782\" \/>\ud83d\udd39 Deneyimli bir pilot ile sahile g\u00fcvenli ini\u015f<br data-start=\"836\" data-end=\"839\" \/>\ud83d\udd39 Yeni ba\u015flayanlar i\u00e7in ideal - \u00f6nceden deneyim gerekmez<\/p>\n<h3 data-start=\"903\" data-end=\"925\">\ud83d\udcd6 Tam a\u00e7\u0131klama<\/h3>\n<p data-start=\"926\" data-end=\"1515\">Tur, Alanya ve yak\u0131n b\u00f6lgelerdeki otelinizden yama\u00e7 para\u015f\u00fct\u00fc istasyonuna transfer ile ba\u015flar. Buradan 4\u00d74 jeep ile Yass\u0131 Tepe'ye \u00e7\u0131k\u0131yorsunuz ve burada lisansl\u0131 bir e\u011fitmen taraf\u0131ndan kar\u015f\u0131lan\u0131yorsunuz. K\u0131sa bir g\u00fcvenlik brifingi ve ekipman kontrol\u00fcnden sonra, birka\u00e7 ad\u0131m at\u0131p sahil \u00fczerinde s\u00fcz\u00fclerek Kleopatra Plaj\u0131, Alanya Kalesi ve Toros Da\u011flar\u0131 manzaras\u0131n\u0131n tad\u0131n\u0131 \u00e7\u0131karacaks\u0131n\u0131z.<br data-start=\"1311\" data-end=\"1314\" \/>U\u00e7u\u015f, hava ko\u015fullar\u0131na ba\u011fl\u0131 olarak yakla\u015f\u0131k 15-20 dakika s\u00fcrmektedir. Sahile yumu\u015fak bir ini\u015f yapt\u0131ktan sonra profesyonel foto\u011fraflar ve videolar sat\u0131n alabilir ve ard\u0131ndan canl\u0131 izlenimlerle otele d\u00f6nebilirsiniz.<\/p>\n<h3 data-start=\"1517\" data-end=\"1537\">\ud83d\uddfa\ufe0f Tur g\u00fczergah\u0131<\/h3>\n<p data-start=\"1538\" data-end=\"1847\">\ud83d\udd39 Alanya ve \u00e7evresindeki otellerden \u00e7it<br data-start=\"1580\" data-end=\"1583\" \/>\ud83d\udd39 Yama\u00e7 para\u015f\u00fct\u00fc istasyonuna var\u0131\u015f<br data-start=\"1619\" data-end=\"1622\" \/>\ud83d\udd39 Iasi Tepe tepesine 4\u00d74 jeep t\u0131rman\u0131\u015f\u0131 (yakla\u015f\u0131k 700 m)<br data-start=\"1676\" data-end=\"1679\" \/>\ud83d\udd39 G\u00fcvenlik brifingi ve u\u00e7u\u015f haz\u0131rl\u0131\u011f\u0131<br data-start=\"1738\" data-end=\"1741\" \/>\ud83d\udd39 Tandem u\u00e7u\u015f (yakla\u015f\u0131k 15-20 dakika)<br data-start=\"1782\" data-end=\"1785\" \/>\ud83d\udd39 Kleopatra Plaj\u0131'na ini\u015f.<br data-start=\"1814\" data-end=\"1817\" \/>\ud83d\udd39 Otele d\u00f6n\u00fc\u015f transferi<\/p>\n<h3 data-start=\"1849\" data-end=\"1875\">\u2139\ufe0f Faydal\u0131 bilgiler<\/h3>\n<p data-start=\"1876\" data-end=\"2213\">\ud83d\udd39 Tur s\u00fcresi: transferlerle birlikte yakla\u015f\u0131k 2-3 saat<br data-start=\"1931\" data-end=\"1934\" \/>\ud83d\udd39 Havada kalma s\u00fcresi: yakla\u015f\u0131k 15-20 dakika<br data-start=\"1980\" data-end=\"1983\" \/>\ud83d\udd39 Her g\u00fcn 09:00 - 17:00 saatleri aras\u0131nda mevcuttur (hava durumuna ba\u011fl\u0131)<br data-start=\"2041\" data-end=\"2044\" \/>\ud83d\udd39 Tur t\u00fcm y\u0131l boyunca elveri\u015fli ko\u015fullar alt\u0131nda ger\u00e7ekle\u015fir<br data-start=\"2100\" data-end=\"2103\" \/>\ud83d\udd39 Rahat k\u0131yafetler ve kapal\u0131 spor ayakkab\u0131lar tavsiye edilir<br data-start=\"2162\" data-end=\"2165\" \/>\ud83d\udd39 Yan\u0131n\u0131zda g\u00fcne\u015f g\u00f6zl\u00fc\u011f\u00fc ve su getirin<\/p>\n<h3 data-start=\"2215\" data-end=\"2239\">\ud83c\udf92 Yan\u0131n\u0131za ne almal\u0131s\u0131n\u0131z<\/h3>\n<p data-start=\"2240\" data-end=\"2396\">\ud83d\udd39 Rahat k\u0131yafetler (\u015fort veya hafif pantolon)<br data-start=\"2282\" data-end=\"2285\" \/>\ud83d\udd39 Atletik veya kapal\u0131 ayakkab\u0131lar<br data-start=\"2317\" data-end=\"2320\" \/>\ud83d\udd39 G\u00fcne\u015f G\u00f6zl\u00fc\u011f\u00fc<br data-start=\"2342\" data-end=\"2345\" \/>\ud83d\udd39 Foto\u011fraflar ve ki\u015fisel harcamalar i\u00e7in k\u00fc\u00e7\u00fck bir miktar para<\/p>\n<h3 data-start=\"2398\" data-end=\"2420\">\ud83d\udeab \u015eunlar i\u00e7in uygun de\u011fildir<\/h3>\n<p data-start=\"2421\" data-end=\"2555\">\ud83d\udd39 Alkol veya uyu\u015fturucu etkisi alt\u0131ndaki misafirler<br data-start=\"2484\" data-end=\"2487\" \/>\ud83d\udd39 Ciddi kalp, s\u0131rt veya omurga rahats\u0131zl\u0131klar\u0131 olan ki\u015filer<\/p>\n<h3 data-start=\"2704\" data-end=\"2732\">\ud83d\udcb8 Fiyat ve rezervasyon<\/h3>\n<p data-start=\"2733\" data-end=\"2882\"><strong>\ud83d\udd39 \u015eimdi rezervasyon yap\u0131n, tur g\u00fcn\u00fc \u00f6deyin<\/strong><br data-start=\"2782\" data-end=\"2785\" \/>\ud83d\udd39 WhatsApp, Telegram, Viber \u00fczerinden bize ula\u015f\u0131n veya a\u015fa\u011f\u0131daki rezervasyon formunu doldurun. \ud83d\udc47\ud83c\udffc<\/p>","protected":false},"excerpt":{"rendered":"<p>Alanya'da Kleopatra Plaj\u0131 \u00fczerinde yama\u00e7 para\u015f\u00fct\u00fc tandem u\u00e7u\u015fu: 700m tepeden kalk\u0131\u015f, lisansl\u0131 pilot, otel transferi ve gerekli t\u00fcm ekipmanlar.<\/p>","protected":false},"featured_media":14787,"comment_status":"open","ping_status":"closed","template":"","meta":[],"product_brand":[],"product_cat":[126],"product_tag":[121],"class_list":{"0":"post-14786","1":"product","2":"type-product","3":"status-publish","4":"has-post-thumbnail","6":"tour_phys-ekskursii-v-alanya","7":"product_cat-ekskursii-v-alanya","8":"product_tag-alanya","9":"pa_destination-ekskursii-v-alanya","11":"first","12":"instock","13":"sale","14":"shipping-taxable","15":"purchasable","16":"product-type-tour_phys"},"aioseo_notices":[],"_links":{"self":[{"href":"https:\/\/mirekskursii.com\/tr\/wp-json\/wp\/v2\/product\/14786","targetHints":{"allow":["GET"]}}],"collection":[{"href":"https:\/\/mirekskursii.com\/tr\/wp-json\/wp\/v2\/product"}],"about":[{"href":"https:\/\/mirekskursii.com\/tr\/wp-json\/wp\/v2\/types\/product"}],"replies":[{"embeddable":true,"href":"https:\/\/mirekskursii.com\/tr\/wp-json\/wp\/v2\/comments?post=14786"}],"wp:featuredmedia":[{"embeddable":true,"href":"https:\/\/mirekskursii.com\/tr\/wp-json\/wp\/v2\/media\/14787"}],"wp:attachment":[{"href":"https:\/\/mirekskursii.com\/tr\/wp-json\/wp\/v2\/media?parent=14786"}],"wp:term":[{"taxonomy":"product_brand","embeddable":true,"href":"https:\/\/mirekskursii.com\/tr\/wp-json\/wp\/v2\/product_brand?post=14786"},{"taxonomy":"product_cat","embeddable":true,"href":"https:\/\/mirekskursii.com\/tr\/wp-json\/wp\/v2\/product_cat?post=14786"},{"taxonomy":"product_tag","embeddable":true,"href":"https:\/\/mirekskursii.com\/tr\/wp-json\/wp\/v2\/product_tag?post=14786"}],"curies":[{"name":"wp","href":"https:\/\/api.w.org\/{rel}","templated":true}]}}