{"id":14782,"date":"2025-11-16T11:35:06","date_gmt":"2025-11-16T08:35:06","guid":{"rendered":"https:\/\/mirekskursii.com\/?post_type=product&#038;p=14782\/"},"modified":"2025-12-11T21:46:05","modified_gmt":"2025-12-11T18:46:05","slug":"yunus-gosterisi-yunuslarla-yuzme-alanya","status":"publish","type":"product","link":"https:\/\/mirekskursii.com\/ekskursii\/shou-delfinov-v-alanya\/","title":{"rendered":"Alanya Yunus G\u00f6sterisi ve Yunuslarla Y\u00fczme"},"content":{"rendered":"<h3 data-start=\"0\" data-end=\"14\">\ud83d\udc2c \u0130nceleme<\/h3>\n<p data-start=\"15\" data-end=\"312\">Yunus akvaryumunda renkli bir g\u00fcn ge\u00e7irin <strong data-start=\"50\" data-end=\"74\">Sealanya Yunus Park\u0131<\/strong> Alanya yak\u0131nlar\u0131nda. Muhte\u015fem bir yunus ve deniz aslan\u0131 g\u00f6sterisi ve dilerseniz yunuslarla unutulmaz bir y\u00fczme sizi bekliyor. Bu tur \u00e7ocuklu aileler, \u00e7iftler ve s\u0131cak bir atmosferden ve deniz hayvanlar\u0131yla canl\u0131 ileti\u015fimden ho\u015flananlar i\u00e7in m\u00fckemmeldir.<\/p>\n<h3 data-start=\"314\" data-end=\"327\">Dahil:<\/h3>\n<p data-start=\"329\" data-end=\"489\"><span style=\"color: #00ff00;\"><strong>\u2713<\/strong> <\/span>Otelde tan\u0131\u015fma ve kar\u015f\u0131lama<br data-start=\"356\" data-end=\"359\" \/><span style=\"color: #00ff00;\"><strong>\u2713<\/strong> <\/span>Yunus ve deniz aslan\u0131 g\u00f6sterisine giri\u015f bileti<br data-start=\"407\" data-end=\"410\" \/><span style=\"color: #00ff00;\"><strong>\u2713<\/strong> <\/span>Profesyonel rehber ve park personelinden yard\u0131m<br data-start=\"457\" data-end=\"460\" \/><span style=\"color: #00ff00;\"><strong>\u2713<\/strong> <\/span>Tam sigorta kapsam\u0131<\/p>\n<h3 data-start=\"491\" data-end=\"507\">Dahil de\u011fil:<\/h3>\n<p data-start=\"509\" data-end=\"583\"><span style=\"color: #ff0000;\"><strong>\u2717<\/strong> <\/span>Yunuslarla y\u00fczme (iste\u011fe ba\u011fl\u0131)<br data-start=\"545\" data-end=\"548\" \/><span style=\"color: #ff0000;\"><strong>\u2717<\/strong> <\/span>Ki\u015fisel harcamalar<br data-start=\"564\" data-end=\"567\" \/><span style=\"color: #ff0000;\"><strong>\u2717<\/strong> <\/span>Foto\u011fraf ve video<\/p>\n<h3 data-start=\"585\" data-end=\"615\">\ud83c\udf1f Turun \u00f6ne \u00e7\u0131kan \u00f6zellikleri<\/h3>\n<p data-start=\"616\" data-end=\"887\">\ud83d\udd39 1 saatlik muhte\u015fem bir yunus ve deniz aslan\u0131 g\u00f6sterisi<br data-start=\"668\" data-end=\"671\" \/>\ud83d\udd39 Yunuslarla 30 dakikal\u0131k y\u00fczme ekleme se\u00e7ene\u011fi<br data-start=\"728\" data-end=\"731\" \/>\ud83d\udd39 Alanya b\u00f6lgesindeki otellerden uygun transfer<br data-start=\"777\" data-end=\"780\" \/>\ud83d\udd39 Aileler ve \u00e7ocuklar i\u00e7in ideal se\u00e7im<br data-start=\"816\" data-end=\"819\" \/>\ud83d\udd39 Yunuslar\u0131n zekas\u0131 ve davran\u0131\u015flar\u0131 hakk\u0131nda daha fazla bilgi edinin<\/p>\n<h3 data-start=\"889\" data-end=\"913\">\ud83d\udcd6 Tam a\u00e7\u0131klama<\/h3>\n<p data-start=\"914\" data-end=\"1287\">Tur, Alanya ve \u00e7evresindeki otelinizden Dolphinarium'a konforlu bir transfer ile ba\u015flar <strong data-start=\"1007\" data-end=\"1019\">Sealanya<\/strong>. Var\u0131\u015fta, check-in yapt\u0131r\u0131r ve arenay\u0131 iyi bir \u015fekilde g\u00f6rebilece\u011finiz trib\u00fcnlerde yerinizi al\u0131rs\u0131n\u0131z. G\u00f6steri yakla\u015f\u0131k bir saat s\u00fcrer: yunuslar ve deniz aslanlar\u0131 z\u0131plar, toplarla ve \u00e7emberlerle oynar, numaralar yapar ve m\u00fczik e\u015fli\u011finde \u201cdans eder\u201d, hem yeti\u015fkinleri hem de \u00e7ocuklar\u0131 memnun eder.<\/p>\n<p data-start=\"1289\" data-end=\"1636\">Se\u00e7ene\u011fi \u00f6nceden se\u00e7mi\u015f olan konuklar <em data-start=\"1320\" data-end=\"1343\">yunus y\u00fcz\u00fc\u015f\u00fc<\/em>, G\u00f6steriden sonra ayr\u0131 bir programa gideceksiniz: bir e\u011fitmen g\u00f6zetiminde y\u00fczebilecek, bir yunusa dokunabilecek ve unutulmaz foto\u011fraflar \u00e7ekebileceksiniz. Sonunda i\u00e7ecekler, at\u0131\u015ft\u0131rmal\u0131klar veya ek foto\u011fraflar i\u00e7in biraz serbest zaman olacak ve ard\u0131ndan otelinize geri g\u00f6t\u00fcr\u00fcleceksiniz.<\/p>\n<h3 data-start=\"1638\" data-end=\"1660\">\ud83d\uddfa\ufe0f Tur g\u00fczergah\u0131<\/h3>\n<p data-start=\"1661\" data-end=\"2016\">\ud83d\udd39 Alanya ve \u00e7evresindeki otel ve apartmanlardan ara\u00e7la alma<br data-start=\"1725\" data-end=\"1728\" \/>\ud83d\udd39 Sealanya Dolphinpark'a var\u0131\u015f ve check-in<br data-start=\"1788\" data-end=\"1791\" \/>\ud83d\udd39 1 saatlik yunus ve deniz aslan\u0131 g\u00f6sterisi<br data-start=\"1833\" data-end=\"1836\" \/>\ud83d\udd39 \u0130ste\u011fe ba\u011fl\u0131: ~30 dakika yunuslarla y\u00fczme (\u00f6nceden rezervasyona tabidir)<br data-start=\"1920\" data-end=\"1923\" \/>\ud83d\udd39 Foto\u011fraf ve ikramlar i\u00e7in serbest zaman<br data-start=\"1983\" data-end=\"1986\" \/>\ud83d\udd39 Otele d\u00f6n\u00fc\u015f transferi<\/p>\n<h3 data-start=\"2018\" data-end=\"2046\">\u2139\ufe0f Faydal\u0131 bilgiler<\/h3>\n<p data-start=\"2047\" data-end=\"2322\">\ud83d\udd39 G\u00f6steriler g\u00fcnde iki kez yap\u0131l\u0131r: 09:00 ve 14:00'te.<br data-start=\"2095\" data-end=\"2098\" \/>\ud83d\udd39 Toplam tur s\u00fcresi: transferlerle birlikte yakla\u015f\u0131k 3-4 saat<br data-start=\"2159\" data-end=\"2162\" \/>\ud83d\udd39 Yunuslarla y\u00fczmek i\u00e7in \u00f6nceden rezervasyon yap\u0131lmal\u0131d\u0131r<br data-start=\"2217\" data-end=\"2220\" \/>\ud83d\udd39 4-6 ya\u015f aras\u0131 \u00e7ocuklar sadece bir yeti\u015fkinle birlikte y\u00fczebilir<br data-start=\"2275\" data-end=\"2278\" \/>\ud83d\udd39 Park\u0131n \u00e7al\u0131\u015fma sezonu: Nisan - Ekim<\/p>\n<h3 data-start=\"2324\" data-end=\"2350\">\ud83c\udf92 Yan\u0131n\u0131za ne almal\u0131s\u0131n\u0131z<\/h3>\n<p data-start=\"2351\" data-end=\"2558\">\ud83d\udd39 Mayo ve havlu (y\u00fczecek olanlar i\u00e7in)<br data-start=\"2404\" data-end=\"2407\" \/>\ud83d\udd39 G\u00fcne\u015f g\u00f6zl\u00fckleri ve ba\u015fl\u0131klar<br data-start=\"2445\" data-end=\"2448\" \/>\ud83d\udd39 Ki\u015fisel foto\u011fraflar i\u00e7in kamera veya telefon<br data-start=\"2490\" data-end=\"2493\" \/>\ud83d\udd39 \u0130\u00e7ecekler ve ekstralar i\u00e7in az miktarda nakit para<\/p>\n<h3 data-start=\"2560\" data-end=\"2584\">\ud83d\udeab \u015eunlar i\u00e7in uygun de\u011fildir<\/h3>\n<p data-start=\"2585\" data-end=\"2702\">\ud83d\udd39 3 ya\u015f\u0131ndan k\u00fc\u00e7\u00fck \u00e7ocuklar (y\u00fczmelerine izin verilmez)<br data-start=\"2630\" data-end=\"2633\" \/>\ud83d\udd39 Ciddi hayvan alerjisi veya derin su korkusu olan misafirler<\/p>\n<h3 data-start=\"2704\" data-end=\"2732\">\ud83d\udcb8 Fiyat ve rezervasyon<\/h3>\n<p data-start=\"2733\" data-end=\"2882\"><strong>\ud83d\udd39 \u015eimdi rezervasyon yap\u0131n, tur g\u00fcn\u00fc \u00f6deyin<\/strong><br data-start=\"2782\" data-end=\"2785\" \/>\ud83d\udd39 WhatsApp, Telegram, Viber \u00fczerinden bize ula\u015f\u0131n veya a\u015fa\u011f\u0131daki rezervasyon formunu doldurun. \ud83d\udc47\ud83c\udffc<\/p>","protected":false},"excerpt":{"rendered":"<p>Alanya Sealanya'da Yunus G\u00f6sterisi: transfer, g\u00f6steri bileti, iste\u011fe ba\u011fl\u0131 yunuslarla y\u00fczme, \u00e7ocuklu aileler ve deniz hayvanlar\u0131 sevenler i\u00e7in ideal tur.<\/p>","protected":false},"featured_media":12886,"comment_status":"open","ping_status":"closed","template":"","meta":[],"product_brand":[],"product_cat":[126],"product_tag":[121],"class_list":{"0":"post-14782","1":"product","2":"type-product","3":"status-publish","4":"has-post-thumbnail","6":"tour_phys-ekskursii-v-alanya","7":"product_cat-ekskursii-v-alanya","8":"product_tag-alanya","9":"pa_destination-ekskursii-v-alanya","11":"first","12":"instock","13":"sale","14":"shipping-taxable","15":"purchasable","16":"product-type-tour_phys"},"aioseo_notices":[],"_links":{"self":[{"href":"https:\/\/mirekskursii.com\/tr\/wp-json\/wp\/v2\/product\/14782","targetHints":{"allow":["GET"]}}],"collection":[{"href":"https:\/\/mirekskursii.com\/tr\/wp-json\/wp\/v2\/product"}],"about":[{"href":"https:\/\/mirekskursii.com\/tr\/wp-json\/wp\/v2\/types\/product"}],"replies":[{"embeddable":true,"href":"https:\/\/mirekskursii.com\/tr\/wp-json\/wp\/v2\/comments?post=14782"}],"wp:featuredmedia":[{"embeddable":true,"href":"https:\/\/mirekskursii.com\/tr\/wp-json\/wp\/v2\/media\/12886"}],"wp:attachment":[{"href":"https:\/\/mirekskursii.com\/tr\/wp-json\/wp\/v2\/media?parent=14782"}],"wp:term":[{"taxonomy":"product_brand","embeddable":true,"href":"https:\/\/mirekskursii.com\/tr\/wp-json\/wp\/v2\/product_brand?post=14782"},{"taxonomy":"product_cat","embeddable":true,"href":"https:\/\/mirekskursii.com\/tr\/wp-json\/wp\/v2\/product_cat?post=14782"},{"taxonomy":"product_tag","embeddable":true,"href":"https:\/\/mirekskursii.com\/tr\/wp-json\/wp\/v2\/product_tag?post=14782"}],"curies":[{"name":"wp","href":"https:\/\/api.w.org\/{rel}","templated":true}]}}