{"id":14778,"date":"2025-11-16T11:17:15","date_gmt":"2025-11-16T08:17:15","guid":{"rendered":"https:\/\/mirekskursii.com\/?post_type=product&#038;p=14778\/"},"modified":"2025-12-11T21:46:31","modified_gmt":"2025-12-11T18:46:31","slug":"alanya-at-turu","status":"publish","type":"product","link":"https:\/\/mirekskursii.com\/ekskursii\/progulka-na-loshadyah-v-alanya\/","title":{"rendered":"Alanya At Turu \u2013 Do\u011fa Gezisi"},"content":{"rendered":"<h3 data-start=\"0\" data-end=\"14\">\ud83d\udc34 \u0130nceleme<\/h3>\n<p data-start=\"15\" data-end=\"338\">Alanya'da sakin ama tatmin edici bir at binme tatiline \u00e7\u0131k\u0131n. Toros Da\u011flar\u0131, muz bah\u00e7eleri ve Siedra \u015fehrinin antik kal\u0131nt\u0131lar\u0131 sizi bekliyor. 2,5 saatlik tur, do\u011fay\u0131, tarihi ve Akdeniz'in panoramik manzaralar\u0131n\u0131 birle\u015ftirmek isteyen yeni ba\u015flayanlar ve kendine g\u00fcvenen biniciler i\u00e7in uygundur.<\/p>\n<h3 data-start=\"340\" data-end=\"566\">Dahil:<\/h3>\n<p data-start=\"340\" data-end=\"566\"><span style=\"color: #00ff00;\"><strong>\u2713<\/strong> <\/span>Otelde tan\u0131\u015fma ve kar\u015f\u0131lama<br data-start=\"377\" data-end=\"380\" \/><span style=\"color: #00ff00;\"><strong>\u2713<\/strong> <\/span>Profesyonel rehber ve e\u011fitmen hizmetleri<br data-start=\"425\" data-end=\"428\" \/><span style=\"color: #00ff00;\"><strong>\u2713<\/strong> <\/span>2,5 saatlik s\u00fcr\u00fc\u015f<br data-start=\"452\" data-end=\"455\" \/><span style=\"color: #00ff00;\"><strong>\u2713<\/strong> <\/span>T\u00fcm s\u00fcr\u00fc\u015f ekipmanlar\u0131 (kask, vb.)<br data-start=\"497\" data-end=\"500\" \/><span style=\"color: #00ff00;\"><strong>\u2713<\/strong> <\/span>T\u00fcrk \u00e7ay\u0131 ve elma \u00e7ay\u0131 (\u00fccretsiz)<br data-start=\"541\" data-end=\"544\" \/><span style=\"color: #00ff00;\"><strong>\u2713<\/strong> <\/span>Tam sigortal\u0131<\/p>\n<h3 data-start=\"568\" data-end=\"617\">Dahil de\u011fildir:<\/h3>\n<p data-start=\"568\" data-end=\"617\"><span style=\"color: #ff0000;\"><strong>\u2717<\/strong> <\/span>\u0130\u00e7ecekler ve yiyecekler<br data-start=\"596\" data-end=\"599\" \/><span style=\"color: #ff0000;\"><strong>\u2717<\/strong> <\/span>Ki\u015fisel harcamalar<\/p>\n<h3 data-start=\"619\" data-end=\"649\">\ud83c\udf1f Turun \u00f6ne \u00e7\u0131kan \u00f6zellikleri<\/h3>\n<p data-start=\"650\" data-end=\"990\">\ud83d\udd39 Do\u011fal orman yollar\u0131ndan ve muz tarlalar\u0131 aras\u0131ndan ge\u00e7en bir rota<br data-start=\"716\" data-end=\"719\" \/>\ud83d\udd39 Alanya ve deniz panoramas\u0131 e\u015fli\u011finde Siedra antik kal\u0131nt\u0131lar\u0131n\u0131 ve kalesini ziyaret<br data-start=\"788\" data-end=\"791\" \/>\ud83d\udd39 Deneyimi olmayan misafirler i\u00e7in uygun sakin, e\u011fitimli atlar<br data-start=\"854\" data-end=\"857\" \/>\ud83d\udd39 \u00c7iftlikte havuz ba\u015f\u0131nda \u00fccretsiz T\u00fcrk ve elma \u00e7ay\u0131 ile rahatlama<br data-start=\"923\" data-end=\"926\" \/>\ud83d\udd39 K\u00fc\u00e7\u00fck gruplar ve tatil k\u00f6y\u00fcn\u00fcn karma\u015fas\u0131ndan uzak, duygusal bir atmosfer<\/p>\n<h3 data-start=\"992\" data-end=\"1016\">\ud83d\udcd6 Tam a\u00e7\u0131klama<\/h3>\n<p data-start=\"1017\" data-end=\"1366\">Tur, Alanya ve \u00e7evresindeki otellerden Demirta\u015f yak\u0131nlar\u0131ndaki Seki k\u00f6y\u00fcnde (merkezden arabayla yakla\u015f\u0131k 30 dakika) bulunan rahat bir at \u00e7iftli\u011fine transferle ba\u015flar. K\u0131sa bir g\u00fcvenlik brifingi ve at\u0131n teslim al\u0131nmas\u0131ndan sonra 2,5 saatlik bir at s\u0131rt\u0131nda gezintiye \u00e7\u0131kacaks\u0131n\u0131z: \u00e7am ormanlar\u0131, muz bah\u00e7eleri ve Siedra antik kentinin kal\u0131nt\u0131lar\u0131.<\/p>\n<p data-start=\"1368\" data-end=\"1624\">Yol boyunca Alanya ve Akdeniz'in panoramik manzaras\u0131n\u0131n tad\u0131n\u0131 \u00e7\u0131karacaks\u0131n\u0131z - foto\u011fraflar i\u00e7in harika kareler. \u00c7iftli\u011fe d\u00f6nd\u00fckten sonra havuz ba\u015f\u0131nda dinlenebilir, T\u00fcrk veya elma \u00e7ay\u0131 i\u00e7ebilir ve otele geri g\u00f6t\u00fcr\u00fclmeden \u00f6nce k\u0131rsal sessizli\u011fin tad\u0131n\u0131 \u00e7\u0131karabilirsiniz.<\/p>\n<h3 data-start=\"1626\" data-end=\"1648\">\ud83d\uddfa\ufe0f Tur g\u00fczergah\u0131<\/h3>\n<p data-start=\"1649\" data-end=\"1960\">\ud83d\udd39 Alanya ve \u00e7evresindeki otellerden transferler<br data-start=\"1699\" data-end=\"1702\" \/>\ud83d\udd39 Seki K\u00f6y\u00fc'ndeki at \u00e7iftli\u011fine var\u0131\u015f<br data-start=\"1744\" data-end=\"1747\" \/>\ud83d\udd39 G\u00fcvenlik brifingi ve y\u00fcr\u00fcy\u00fc\u015fe haz\u0131rl\u0131k<br data-start=\"1808\" data-end=\"1811\" \/>\ud83d\udd39 Da\u011flarda, ormanda ve Ciedra harabelerinde at gezintisi (yakla\u015f\u0131k 2,5 saat)<br data-start=\"1880\" data-end=\"1883\" \/>\ud83d\udd39 \u00c7iftli\u011fe d\u00f6n\u00fc\u015f, \u00e7ay molas\u0131 ve dinlenme<br data-start=\"1928\" data-end=\"1931\" \/>\ud83d\udd39 Otele geri transfer<\/p>\n<h3 data-start=\"1962\" data-end=\"1990\">\u2139\ufe0f Faydal\u0131 bilgiler<\/h3>\n<p data-start=\"1991\" data-end=\"2347\">\ud83d\udd39 Toplam s\u00fcre: yakla\u015f\u0131k 4 saat (yol ile)<br data-start=\"2044\" data-end=\"2047\" \/>\ud83d\udd39 S\u00fcr\u00fc\u015f s\u00fcresi: yakla\u015f\u0131k 2,5 saat<br data-start=\"2088\" data-end=\"2091\" \/>\ud83d\udd39 Maksimum s\u00fcr\u00fcc\u00fc a\u011f\u0131rl\u0131\u011f\u0131: 100 kg<br data-start=\"2127\" data-end=\"2130\" \/>\ud83d\udd39 Tur t\u00fcm y\u0131l boyunca d\u00fczenlenmektedir (kalk\u0131\u015f saati mevsime ba\u011fl\u0131d\u0131r)<br data-start=\"2192\" data-end=\"2195\" \/>\ud83d\udd39 Atlar sakin ve e\u011fitilebilirdir, bir e\u011fitmen g\u00f6zetiminde yeni ba\u015flayanlar i\u00e7in uygundur<br data-start=\"2275\" data-end=\"2278\" \/>\ud83d\udd39 \u00c7ocuklar\u0131n sadece ebeveynleri e\u015fli\u011finde kat\u0131lmalar\u0131 tavsiye edilir<\/p>\n<h3 data-start=\"2349\" data-end=\"2375\">\ud83c\udf92 Yan\u0131n\u0131za ne almal\u0131s\u0131n\u0131z<\/h3>\n<p data-start=\"2376\" data-end=\"2561\">\ud83d\udd39 Rahat k\u0131yafetler ve kapal\u0131 ayakkab\u0131lar<br data-start=\"2410\" data-end=\"2413\" \/>\ud83d\udd39 G\u00fcne\u015f g\u00f6zl\u00fc\u011f\u00fc ve g\u00fcne\u015f kremi<br data-start=\"2452\" data-end=\"2455\" \/>\ud83d\udd39 Foto\u011fraf \u00e7ekmek i\u00e7in telefon veya kamera<br data-start=\"2493\" data-end=\"2496\" \/>\ud83d\udd39 Ekstra i\u00e7ecekler veya ki\u015fisel harcamalar i\u00e7in nakit<\/p>\n<h3 data-start=\"2563\" data-end=\"2587\">\ud83d\udeab \u015eunlar i\u00e7in uygun de\u011fildir<\/h3>\n<p data-start=\"2588\" data-end=\"2707\">\ud83d\udd39 Hamile kad\u0131nlar<br data-start=\"2608\" data-end=\"2611\" \/>\ud83d\udd39 100 kg'dan a\u011f\u0131r ki\u015filer<br data-start=\"2638\" data-end=\"2641\" \/>\ud83d\udd39 Ciddi hareket k\u0131s\u0131tl\u0131l\u0131\u011f\u0131 olan misafirler<\/p>\n<h3 data-start=\"2709\" data-end=\"2737\">\ud83d\udcb8 Fiyat ve rezervasyon<\/h3>\n<p data-start=\"2738\" data-end=\"2887\"><strong>\ud83d\udd39 \u015eimdi rezervasyon yap\u0131n, tur g\u00fcn\u00fc \u00f6deyin<\/strong><br data-start=\"2787\" data-end=\"2790\" \/>\ud83d\udd39 WhatsApp, Telegram, Viber \u00fczerinden bize ula\u015f\u0131n veya a\u015fa\u011f\u0131daki rezervasyon formunu doldurun. \ud83d\udc47\ud83c\udffc<\/p>","protected":false},"excerpt":{"rendered":"<p>Alanya'da Siedra harabelerine at binme: Da\u011flarda ve muz bah\u00e7elerinde 2,5 saat at binme, otel transferi, ekipman ve \u00e7ay dahil.<\/p>","protected":false},"featured_media":12868,"comment_status":"open","ping_status":"closed","template":"","meta":[],"product_brand":[],"product_cat":[126],"product_tag":[121],"class_list":{"0":"post-14778","1":"product","2":"type-product","3":"status-publish","4":"has-post-thumbnail","6":"tour_phys-ekskursii-v-alanya","7":"product_cat-ekskursii-v-alanya","8":"product_tag-alanya","9":"pa_destination-ekskursii-v-alanya","11":"first","12":"instock","13":"sale","14":"featured","15":"shipping-taxable","16":"purchasable","17":"product-type-tour_phys"},"aioseo_notices":[],"_links":{"self":[{"href":"https:\/\/mirekskursii.com\/tr\/wp-json\/wp\/v2\/product\/14778","targetHints":{"allow":["GET"]}}],"collection":[{"href":"https:\/\/mirekskursii.com\/tr\/wp-json\/wp\/v2\/product"}],"about":[{"href":"https:\/\/mirekskursii.com\/tr\/wp-json\/wp\/v2\/types\/product"}],"replies":[{"embeddable":true,"href":"https:\/\/mirekskursii.com\/tr\/wp-json\/wp\/v2\/comments?post=14778"}],"wp:featuredmedia":[{"embeddable":true,"href":"https:\/\/mirekskursii.com\/tr\/wp-json\/wp\/v2\/media\/12868"}],"wp:attachment":[{"href":"https:\/\/mirekskursii.com\/tr\/wp-json\/wp\/v2\/media?parent=14778"}],"wp:term":[{"taxonomy":"product_brand","embeddable":true,"href":"https:\/\/mirekskursii.com\/tr\/wp-json\/wp\/v2\/product_brand?post=14778"},{"taxonomy":"product_cat","embeddable":true,"href":"https:\/\/mirekskursii.com\/tr\/wp-json\/wp\/v2\/product_cat?post=14778"},{"taxonomy":"product_tag","embeddable":true,"href":"https:\/\/mirekskursii.com\/tr\/wp-json\/wp\/v2\/product_tag?post=14778"}],"curies":[{"name":"wp","href":"https:\/\/api.w.org\/{rel}","templated":true}]}}