{"id":14776,"date":"2025-11-15T23:31:25","date_gmt":"2025-11-15T20:31:25","guid":{"rendered":"https:\/\/mirekskursii.com\/?post_type=product&#038;p=14776\/"},"modified":"2026-04-03T12:20:08","modified_gmt":"2026-04-03T09:20:08","slug":"antalya-sehir-turu-tahtali-teleferik","status":"publish","type":"product","link":"https:\/\/mirekskursii.com\/ekskursii\/antalya-staryy-gorod-kanatnaya-doroga\/","title":{"rendered":"Antalya \u015eehir Turu, \u015eelale ve Tahtal\u0131 Teleferik Gezisi"},"content":{"rendered":"<h3 data-start=\"0\" data-end=\"15\">\ud83c\udfd9\ufe0f Genel Bak\u0131\u015f<\/h3>\n<p data-start=\"16\" data-end=\"325\">Antalya'y\u0131 bir g\u00fcnde ke\u015ffedin: Kalei\u00e7i Eski Kenti, A\u015fa\u011f\u0131 ve Yukar\u0131 D\u00fcden \u015eelaleleri ve ek bir deneyim se\u00e7ene\u011fi - Kemer'deki Olympos Teleferik teleferi\u011fi veya Kalei\u00e7i liman\u0131ndan tekne turu. Antalya, Lara, Kundu ve Konyaalta'dan otel transferleri turu konforlu ve kayg\u0131s\u0131z hale getirir.<\/p>\n<h3 data-start=\"327\" data-end=\"340\">Dahil:<\/h3>\n<div data-start=\"341\" data-end=\"546\"><span style=\"color: #00ff00;\"><strong>\u2713<\/strong> <\/span>Otel transferi<\/div>\n<div data-start=\"341\" data-end=\"546\"><span style=\"color: #00ff00;\"><strong>\u2713<\/strong>\u00a0<\/span>Olympos teleferik<br data-start=\"363\" data-end=\"366\" \/><span style=\"color: #00ff00;\"><strong>\u2713<\/strong> <\/span>D\u00fcden \u015eelaleleri'ne giri\u015f biletleri\u00a0<br data-start=\"419\" data-end=\"422\" \/><span style=\"color: #00ff00;\"><strong>\u2713<\/strong> <\/span>Konforlu otob\u00fcs\u00a0<br data-start=\"463\" data-end=\"466\" \/><span style=\"color: #00ff00;\"><strong>\u2713<\/strong> <\/span>Rehber: Rus\u00e7a, \u0130ngilizce<br data-start=\"492\" data-end=\"495\" \/><span style=\"color: #00ff00;\"><strong>\u2713<\/strong> <\/span>Yerel bir restoranda \u00f6\u011fle yeme\u011fi<br data-start=\"521\" data-end=\"524\" \/><span style=\"color: #00ff00;\"><strong>\u2713<\/strong> <\/span>Tam sigortal\u0131<\/div>\n<h3 data-start=\"548\" data-end=\"564\">Dahil de\u011fil:<\/h3>\n<p data-start=\"565\" data-end=\"722\"><span style=\"color: #ff0000;\"><strong>\u2717<\/strong> <\/span>Yat gezisi (iste\u011fe ba\u011fl\u0131)<br data-start=\"608\" data-end=\"611\" \/><span style=\"color: #ff0000;\"><strong>\u2717<\/strong> <\/span>Ki\u015fisel harcamalar<br data-start=\"708\" data-end=\"711\" \/><span style=\"color: #ff0000;\"><strong>\u2717<\/strong> <\/span>\u0130\u00e7ecekler<\/p>\n<h3 data-start=\"724\" data-end=\"752\">\ud83c\udf1f Turun \u00f6ne \u00e7\u0131kan \u00f6zellikleri<\/h3>\n<p data-start=\"753\" data-end=\"1186\">\ud83d\udd39 Antalya Eski \u015eehir (Kalei\u00e7i): Hadrian Kap\u0131s\u0131, Yivli Minare, Saat Kulesi<br data-start=\"835\" data-end=\"838\" \/>\ud83d\udd39 A\u015fa\u011f\u0131 D\u00fcden \u015eelalesi - do\u011frudan Akdeniz'e d\u00f6k\u00fclen 40 metrelik bir \u00e7a\u011flayan<br data-start=\"917\" data-end=\"920\" \/>\ud83d\udd39 Yukar\u0131 D\u00fcden \u015eelalesi - ye\u015fil park ve pitoresk foto\u011fraf yerleri<br data-start=\"984\" data-end=\"987\" \/>\ud83d\udd39 Kemer'deki Olympos Teleferik teleferi\u011fine asans\u00f6r ekleme imkan\u0131 (2365 m)<br data-start=\"1072\" data-end=\"1075\" \/>\ud83d\udd39 Kemer'deki Dinopark'a iste\u011fe ba\u011fl\u0131 ziyaret<br data-start=\"1121\" data-end=\"1124\" \/>\ud83d\udd39 Kalei\u00e7i liman\u0131ndan iste\u011fe ba\u011fl\u0131 1 saatlik tekne turu<\/p>\n<h3 data-start=\"1188\" data-end=\"1210\">\ud83d\udcd6 Tam a\u00e7\u0131klama<\/h3>\n<p data-start=\"1211\" data-end=\"1850\">Sabah otelinizden al\u0131nacak ve Antalya'n\u0131n merkezine g\u00f6t\u00fcr\u00fcleceksiniz, burada Kalei\u00e7i Eski \u015eehir'de y\u00fcr\u00fcy\u00fc\u015f\u00fcn\u00fcze ba\u015flayacaks\u0131n\u0131z: Hadrian Kap\u0131s\u0131'n\u0131, antik sokaklar\u0131, Saat Kulesi'ni ve yivli minareyi g\u00f6receksiniz. Program daha sonra se\u00e7ilen se\u00e7ene\u011fe ba\u011fl\u0131d\u0131r: Kemer'de panoramik deniz ve da\u011f manzaral\u0131 Olympos Teleferik teleferi\u011fine binebilir ve isterseniz Dinopark'ta durabilir veya Antalya'da kalabilir ve Kalei\u00e7i Liman\u0131'ndan sahil boyunca 1 saatlik bir tekne turuna \u00e7\u0131kabilirsiniz. Yerel bir restoranda \u00f6\u011fle yeme\u011finden sonra tur, otele geri transfer edilmeden \u00f6nce foto\u011fraf \u00e7ekmek ve dinlenmek i\u00e7in zaman\u0131n olaca\u011f\u0131 A\u015fa\u011f\u0131 ve Yukar\u0131 D\u00fcden \u015eelaleleri ziyareti ile devam eder.<\/p>\n<h3 data-start=\"1852\" data-end=\"1872\">\ud83d\uddfa\ufe0f Tur g\u00fczergah\u0131<\/h3>\n<p data-start=\"1873\" data-end=\"2388\">\ud83d\udd39 Antalya ve \u00e7evresindeki otellerden ara\u00e7la alma<br data-start=\"1921\" data-end=\"1924\" \/>\ud83d\udd39 Klimal\u0131 otob\u00fcs ile Antalya \u015fehir merkezi gezisi<br data-start=\"1978\" data-end=\"1981\" \/>\ud83d\udd39 Eski \u015eehir (Kalei\u00e7i) \u00e7evresinde y\u00fcr\u00fcy\u00fc\u015f: Hadrian Kap\u0131s\u0131, Yivli Minare, Saat Kulesi<br data-start=\"2069\" data-end=\"2072\" \/>\ud83d\udd39 A\u015fa\u011f\u0131 D\u00fcden \u015eelaleleri Ziyareti (yakla\u015f\u0131k 30 dakika)<br data-start=\"2128\" data-end=\"2131\" \/>\ud83d\udd39 Yukar\u0131 D\u00fcden \u015eelaleleri ziyareti (yakla\u015f\u0131k 45 dakika)<br data-start=\"2188\" data-end=\"2191\" \/>\ud83d\udd39 Se\u00e7enek 1: Kemer'de Olympos Teleferik teleferi\u011fine binmek (+ istenirse Dinopark)<br data-start=\"2283\" data-end=\"2286\" \/>\ud83d\udd39 Se\u00e7enek 2: Kalei\u00e7i Yat Liman\u0131'ndan 1 saatlik tekne turu<br data-start=\"2347\" data-end=\"2350\" \/>\ud83d\udd39 Antalya otellerine d\u00f6n\u00fc\u015f transferi<\/p>\n<h3 data-start=\"2390\" data-end=\"2416\">\u2139\ufe0f Faydal\u0131 bilgiler<\/h3>\n<p data-start=\"2417\" data-end=\"2804\">\ud83d\udd39 S\u00fcre: yakla\u015f\u0131k 8-9 saat<br data-start=\"2454\" data-end=\"2457\" \/>\ud83d\udd39 Antalya b\u00f6lgesinden her g\u00fcn tur d\u00fczenlenmektedir<br data-start=\"2501\" data-end=\"2504\" \/>\ud83d\udd39 Rus\u00e7a konu\u015fan, \u0130ngilizce konu\u015fan ve genellikle Almanca konu\u015fan rehberler mevcuttur<br data-start=\"2583\" data-end=\"2586\" \/>\ud83d\udd39 Tekne yolculu\u011fu ve teleferik hava durumuna ba\u011fl\u0131d\u0131r<br data-start=\"2652\" data-end=\"2655\" \/>\ud83d\udd39 Kalei\u00e7i Arnavut kald\u0131r\u0131ml\u0131 sokaklarda orta derecede y\u00fcr\u00fcy\u00fc\u015f gerektirir<br data-start=\"2720\" data-end=\"2723\" \/>\ud83d\udd39 \u0130ki program se\u00e7ene\u011fi mevcuttur: teleferik veya tekne yolculu\u011fu ile<\/p>\n<h3 data-start=\"2806\" data-end=\"2830\">\ud83c\udf92 Yan\u0131n\u0131za ne almal\u0131s\u0131n\u0131z<\/h3>\n<p data-start=\"2831\" data-end=\"3012\">\ud83d\udd39 Rahat y\u00fcr\u00fcy\u00fc\u015f ayakkab\u0131lar\u0131<br data-start=\"2858\" data-end=\"2861\" \/>\ud83d\udd39 \u015eapka, g\u00fcne\u015f g\u00f6zl\u00fc\u011f\u00fc ve g\u00fcne\u015f kremi<br data-start=\"2907\" data-end=\"2910\" \/>\ud83d\udd39 Telefon veya kamera<br data-start=\"2936\" data-end=\"2939\" \/>\ud83d\udd39 \u0130\u00e7ecekler, hediyelik e\u015fyalar ve iste\u011fe ba\u011fl\u0131 ekstralar i\u00e7in az miktarda nakit para<\/p>\n<h3 data-start=\"3014\" data-end=\"3036\">\ud83d\udeab \u015eunlar i\u00e7in uygun de\u011fildir<\/h3>\n<p data-start=\"3037\" data-end=\"3156\">\ud83d\udd39 Hareket kabiliyeti ciddi derecede k\u0131s\u0131tl\u0131 misafirler<br data-start=\"3081\" data-end=\"3084\" \/>\ud83d\udd39 Belirgin bir y\u00fckseklik korkusu olan ki\u015filer (teleferik se\u00e7ene\u011fi i\u00e7in)<\/p>\n<h3 data-start=\"3962\" data-end=\"3986\">\ud83d\udcb8 Fiyat ve rezervasyon<\/h3>\n<p data-start=\"3988\" data-end=\"4111\"><strong>\ud83d\udd39 \u015eimdi rezervasyon yap\u0131n, tur g\u00fcn\u00fc \u00f6deyin<\/strong><br data-start=\"4027\" data-end=\"4030\" \/>\ud83d\udd39 WhatsApp, Telegram, Viber arac\u0131l\u0131\u011f\u0131yla bize ula\u015f\u0131n veya a\u015fa\u011f\u0131daki rezervasyon formunu doldurun.\ud83d\udc47\ud83c\udffc<\/p>","protected":false},"excerpt":{"rendered":"<p>Antalya gezisi: Kalei\u00e7i, D\u00fcden \u015eelaleleri, \u00f6\u011fle yeme\u011fi ve Kemer'de Olympos Teleferik teleferi\u011fi veya tekne turu se\u00e7imi. Otel transferi.<\/p>","protected":false},"featured_media":14777,"comment_status":"open","ping_status":"closed","template":"","meta":[],"product_brand":[],"product_cat":[123],"product_tag":[107],"class_list":{"0":"post-14776","1":"product","2":"type-product","3":"status-publish","4":"has-post-thumbnail","6":"tour_phys-ekskursii-v-antalya","7":"product_cat-ekskursii-v-antalya","8":"product_tag-antalya","9":"pa_destination-ekskursii-v-antalya","11":"first","12":"instock","13":"sale","14":"shipping-taxable","15":"purchasable","16":"product-type-tour_phys"},"aioseo_notices":[],"_links":{"self":[{"href":"https:\/\/mirekskursii.com\/tr\/wp-json\/wp\/v2\/product\/14776","targetHints":{"allow":["GET"]}}],"collection":[{"href":"https:\/\/mirekskursii.com\/tr\/wp-json\/wp\/v2\/product"}],"about":[{"href":"https:\/\/mirekskursii.com\/tr\/wp-json\/wp\/v2\/types\/product"}],"replies":[{"embeddable":true,"href":"https:\/\/mirekskursii.com\/tr\/wp-json\/wp\/v2\/comments?post=14776"}],"wp:featuredmedia":[{"embeddable":true,"href":"https:\/\/mirekskursii.com\/tr\/wp-json\/wp\/v2\/media\/14777"}],"wp:attachment":[{"href":"https:\/\/mirekskursii.com\/tr\/wp-json\/wp\/v2\/media?parent=14776"}],"wp:term":[{"taxonomy":"product_brand","embeddable":true,"href":"https:\/\/mirekskursii.com\/tr\/wp-json\/wp\/v2\/product_brand?post=14776"},{"taxonomy":"product_cat","embeddable":true,"href":"https:\/\/mirekskursii.com\/tr\/wp-json\/wp\/v2\/product_cat?post=14776"},{"taxonomy":"product_tag","embeddable":true,"href":"https:\/\/mirekskursii.com\/tr\/wp-json\/wp\/v2\/product_tag?post=14776"}],"curies":[{"name":"wp","href":"https:\/\/api.w.org\/{rel}","templated":true}]}}