{"id":14775,"date":"2025-11-15T23:26:27","date_gmt":"2025-11-15T20:26:27","guid":{"rendered":"https:\/\/mirekskursii.com\/?post_type=product&#038;p=14775\/"},"modified":"2026-01-18T17:25:44","modified_gmt":"2026-01-18T14:25:44","slug":"pamukkale-hierapolis-turu-antalya","status":"publish","type":"product","link":"https:\/\/mirekskursii.com\/ekskursii\/pamukkale-ierapolis-iz-antalya\/","title":{"rendered":"Antalya'dan Pamukkale ve Hierapolis Turu \u2013 G\u00fcn\u00fcbirlik"},"content":{"rendered":"<h3 data-start=\"331\" data-end=\"346\">\ud83c\udfdd\ufe0f Genel Bak\u0131\u015f<\/h3>\n<p data-start=\"347\" data-end=\"628\">Pamukkale'nin beyaz teraslar\u0131n\u0131 ve Hierapolis antik kentini g\u00f6rmek i\u00e7in Antalya'dan ve Kadriye, Kundu, Lara, G\u00fcll\u00fck ve Konyaalt\u0131 il\u00e7elerinden g\u00fcn\u00fcbirlik bir geziye \u00e7\u0131k\u0131n. Termal havuzlar, zengin tarih ve lezzetli bir \u00f6\u011fle yeme\u011fi sizi bekliyor - do\u011fa ve k\u00fclt\u00fcr severler i\u00e7in m\u00fckemmel bir tur.<\/p>\n<h3 data-start=\"630\" data-end=\"643\">Dahil:<\/h3>\n<p data-start=\"644\" data-end=\"810\"><span style=\"color: #00ff00;\"><strong>\u2713<\/strong> <\/span>Otel transferi<br data-start=\"666\" data-end=\"669\" \/><span style=\"color: #00ff00;\"><strong>\u2713<\/strong> <\/span>Klimal\u0131 otob\u00fcs<br data-start=\"694\" data-end=\"697\" \/><span style=\"color: #00ff00;\"><strong>\u2713<\/strong> <\/span>Pamukkale ve Hierapolis Giri\u015f Biletleri<br data-start=\"735\" data-end=\"738\" \/><span style=\"color: #00ff00;\"><strong>\u2713<\/strong> <\/span>Tam sigorta<br data-start=\"756\" data-end=\"759\" \/><span style=\"color: #00ff00;\"><strong>\u2713<\/strong> <\/span>Rehber: Rus\u00e7a, \u0130ngilizce<br data-start=\"785\" data-end=\"788\" \/><span style=\"color: #00ff00;\"><strong>\u2713<\/strong> <\/span>\u00d6\u011fle yeme\u011fi (a\u00e7\u0131k b\u00fcfe)<\/p>\n<h3 data-start=\"812\" data-end=\"828\">Dahil de\u011fil:<\/h3>\n<p data-start=\"829\" data-end=\"888\"><span style=\"color: #ff0000;\"><strong>\u2717<\/strong> <\/span>Kleopatra'n\u0131n havuzunun giri\u015fi<br data-start=\"855\" data-end=\"858\" \/><span style=\"color: #ff0000;\"><strong>\u2717<\/strong> <\/span>Ki\u015fisel harcamalar<br data-start=\"874\" data-end=\"877\" \/><span style=\"color: #ff0000;\"><strong>\u2717<\/strong> <\/span>\u0130\u00e7ecekler<\/p>\n<h3 data-start=\"890\" data-end=\"920\">\ud83c\udf1f Turun \u00f6ne \u00e7\u0131kan \u00f6zellikleri<\/h3>\n<p data-start=\"921\" data-end=\"1212\">\ud83d\udd39 Pamukkale'nin beyaz travertenleri T\u00fcrkiye'nin harikalar\u0131ndan biri<br data-start=\"979\" data-end=\"982\" \/>\ud83d\udd39 Antik Hierapolis ve Roma tiyatrosunda bir y\u00fcr\u00fcy\u00fc\u015f<br data-start=\"1038\" data-end=\"1041\" \/>\ud83d\udd39 Kapl\u0131calarda banyo yapma imkan\u0131<br data-start=\"1087\" data-end=\"1090\" \/>\ud83d\udd39 Kleopatra'n\u0131n havuzunda y\u00fczme (iste\u011fe ba\u011fl\u0131)<br data-start=\"1134\" data-end=\"1137\" \/>\ud83d\udd39 A\u00e7\u0131k b\u00fcfe \u00f6\u011fle yeme\u011fi\u00ab<br data-start=\"1171\" data-end=\"1174\" \/>\ud83d\udd39 UNESCO D\u00fcnya Miras\u0131 Alan\u0131<\/p>\n<h3 data-start=\"1214\" data-end=\"1238\">\ud83d\udcd6 Tam a\u00e7\u0131klama<\/h3>\n<div data-start=\"1239\" data-end=\"1375\">Turunuz Antalya ve kom\u015fu b\u00f6lgelerden uygun bir transfer ile ba\u015flar. Yol, pitoresk manzaralar ve k\u0131rsal alanlardan ge\u00e7er.<\/div>\n<div data-start=\"1377\" data-end=\"1554\">Pamukkale'ye vard\u0131ktan sonra a\u00e7\u0131k b\u00fcfe \u00f6\u011fle yeme\u011fine gideceksiniz. Daha sonra tur, maden suyu ile dolu do\u011fal travertenler boyunca bir y\u00fcr\u00fcy\u00fc\u015fle devam edecektir.<\/div>\n<div data-start=\"1556\" data-end=\"1785\">Ard\u0131ndan Hierapolis antik kentini ziyaret edecek, Roma tiyatrosunu, Apollon Tap\u0131na\u011f\u0131'n\u0131 ve nekropol\u00fc g\u00f6receksiniz. Termal havuzlarda dinlenmek veya Kleopatra'n\u0131n havuzuna dalmak i\u00e7in serbest zaman\u0131n\u0131z olacak (giri\u015f \u00fccreti uygulan\u0131r).<\/div>\n<div data-start=\"1787\" data-end=\"1851\">G\u00fcn\u00fcn sonunda - canl\u0131 izlenimlerle Antalya'ya d\u00f6n\u00fc\u015f yolculu\u011fu.<\/div>\n<h3 data-start=\"1853\" data-end=\"1877\">\ud83d\uddfa\ufe0f Tur Program\u0131<\/h3>\n<p data-start=\"1878\" data-end=\"2190\">\ud83d\udd39 Antalya'dan Transfer<br data-start=\"1949\" data-end=\"1952\" \/>\ud83d\udd39 Pamukkale'ye Transfer<br data-start=\"1974\" data-end=\"1977\" \/>\ud83d\udd39 \u00d6\u011fle yeme\u011fi (a\u00e7\u0131k b\u00fcfe)<br data-start=\"2000\" data-end=\"2003\" \/>\ud83d\udd39 Pamukkale'nin teraslar\u0131nda y\u00fcr\u00fcy\u00fc\u015f<br data-start=\"2036\" data-end=\"2039\" \/>\ud83d\udd39 Antik Hierapolis turu<br data-start=\"2074\" data-end=\"2077\" \/>\ud83d\udd39 Serbest zaman ve Kleopatra'n\u0131n havuzunda y\u00fczme (iste\u011fe ba\u011fl\u0131)<br data-start=\"2139\" data-end=\"2142\" \/>\ud83d\udd39 Antalya'ya D\u00f6n\u00fc\u015f<br data-start=\"2166\" data-end=\"2169\" \/>\ud83d\udd39 Otele transfer<\/p>\n<h3 data-start=\"2192\" data-end=\"2220\">\u2139\ufe0f Faydal\u0131 bilgiler<\/h3>\n<p data-start=\"2221\" data-end=\"2516\">\ud83d\udd39 S\u00fcre: yakla\u015f\u0131k 12 saat<br data-start=\"2257\" data-end=\"2260\" \/>\ud83d\udd39 Program hava ko\u015fullar\u0131na ba\u011fl\u0131 olarak de\u011fi\u015febilir<br data-start=\"2310\" data-end=\"2313\" \/>\ud83d\udd39 Orta d\u00fczeyde fiziksel aktivite: y\u00fcr\u00fcme ve kald\u0131rma<br data-start=\"2367\" data-end=\"2370\" \/>\ud83d\udd39 Rahat ayakkab\u0131lar ve g\u00fcne\u015f korumas\u0131 tavsiye edilir<br data-start=\"2419\" data-end=\"2422\" \/>\ud83d\udd39 04 ya\u015f\u0131na kadar olan \u00e7ocuklar \u00fccretsiz, ancak otob\u00fcste ayr\u0131 bir koltuk olmadan (koltuk \u00f6nceden rezerve edilebilir)<\/p>\n<h3 data-start=\"2518\" data-end=\"2544\">\ud83c\udf92 Yan\u0131n\u0131za ne almal\u0131s\u0131n\u0131z<\/h3>\n<p data-start=\"2545\" data-end=\"2713\">\ud83d\udd39 Pasaport veya kimlik kart\u0131<br data-start=\"2582\" data-end=\"2585\" \/>\ud83d\udd39 Rahat ayakkab\u0131lar<br data-start=\"2601\" data-end=\"2604\" \/>\ud83d\udd39 G\u00f6zl\u00fckler, ba\u015fl\u0131klar<br data-start=\"2626\" data-end=\"2629\" \/>\ud83d\udd39 Mayo ve havlu.<br data-start=\"2653\" data-end=\"2656\" \/>\ud83d\udd39 G\u00fcne\u015f Kremi<br data-start=\"2678\" data-end=\"2681\" \/>\ud83d\udd39 \u0130\u00e7ecekler ve se\u00e7enekler i\u00e7in nakit<\/p>\n<h3 data-start=\"2715\" data-end=\"2739\">\ud83d\udeab \u015eunlar i\u00e7in uygun de\u011fildir<\/h3>\n<p data-start=\"2740\" data-end=\"2816\">\ud83d\udd39 Hareket kabiliyeti k\u0131s\u0131tl\u0131 ki\u015filer<br data-start=\"2776\" data-end=\"2779\" \/>\ud83d\udd39 Ciddi hastal\u0131klar\u0131 olan ki\u015filer<\/p>\n<h3 data-start=\"2818\" data-end=\"2846\">\ud83d\udcb8 Fiyat ve rezervasyon<\/h3>\n<p data-start=\"2847\" data-end=\"2987\"><strong>\ud83d\udd39 \u015eimdi rezervasyon yap\u0131n - tur g\u00fcn\u00fc \u00f6deme yap\u0131n<\/strong><br data-start=\"2893\" data-end=\"2896\" \/>\ud83d\udd39 WhatsApp, Telegram, Viber \u00fczerinden bize ula\u015f\u0131n veya a\u015fa\u011f\u0131daki sipari\u015f formunu doldurun. \ud83d\udc47\ud83c\udffc<\/p>","protected":false},"excerpt":{"rendered":"<p>Antalya'dan Pamukkale ve Hierapolis'e teraslar, kal\u0131nt\u0131lar, termal havuzlar ve \u00f6\u011fle yeme\u011fi ile gezi Transfer, rehber, sigorta ve biletler fiyata dahildir<\/p>","protected":false},"featured_media":12575,"comment_status":"open","ping_status":"closed","template":"","meta":[],"product_brand":[],"product_cat":[123],"product_tag":[107],"class_list":{"0":"post-14775","1":"product","2":"type-product","3":"status-publish","4":"has-post-thumbnail","6":"tour_phys-ekskursii-v-antalya","7":"product_cat-ekskursii-v-antalya","8":"product_tag-antalya","9":"pa_destination-ekskursii-v-antalya","11":"first","12":"instock","13":"sale","14":"shipping-taxable","15":"purchasable","16":"product-type-tour_phys"},"aioseo_notices":[],"_links":{"self":[{"href":"https:\/\/mirekskursii.com\/tr\/wp-json\/wp\/v2\/product\/14775","targetHints":{"allow":["GET"]}}],"collection":[{"href":"https:\/\/mirekskursii.com\/tr\/wp-json\/wp\/v2\/product"}],"about":[{"href":"https:\/\/mirekskursii.com\/tr\/wp-json\/wp\/v2\/types\/product"}],"replies":[{"embeddable":true,"href":"https:\/\/mirekskursii.com\/tr\/wp-json\/wp\/v2\/comments?post=14775"}],"wp:featuredmedia":[{"embeddable":true,"href":"https:\/\/mirekskursii.com\/tr\/wp-json\/wp\/v2\/media\/12575"}],"wp:attachment":[{"href":"https:\/\/mirekskursii.com\/tr\/wp-json\/wp\/v2\/media?parent=14775"}],"wp:term":[{"taxonomy":"product_brand","embeddable":true,"href":"https:\/\/mirekskursii.com\/tr\/wp-json\/wp\/v2\/product_brand?post=14775"},{"taxonomy":"product_cat","embeddable":true,"href":"https:\/\/mirekskursii.com\/tr\/wp-json\/wp\/v2\/product_cat?post=14775"},{"taxonomy":"product_tag","embeddable":true,"href":"https:\/\/mirekskursii.com\/tr\/wp-json\/wp\/v2\/product_tag?post=14775"}],"curies":[{"name":"wp","href":"https:\/\/api.w.org\/{rel}","templated":true}]}}