{"id":14774,"date":"2025-11-15T23:25:07","date_gmt":"2025-11-15T20:25:07","guid":{"rendered":"https:\/\/mirekskursii.com\/?post_type=product&#038;p=14774\/"},"modified":"2026-01-18T17:21:03","modified_gmt":"2026-01-18T14:21:03","slug":"demre-myra-kekova-turu-antalya","status":"publish","type":"product","link":"https:\/\/mirekskursii.com\/ekskursii\/demre-mira-kekova-iz-antalya\/","title":{"rendered":"Demre Myra Kekova Turu Antalya \u00c7\u0131k\u0131\u015fl\u0131 \u2013 Noel Baba Kilisesi"},"content":{"rendered":"<h3 data-start=\"192\" data-end=\"205\">\ud83c\udfdb\ufe0f \u0130nceleme<\/h3>\n<p data-start=\"206\" data-end=\"466\">Antalya'dan ve Kundu, Lara, G\u00fcll\u00fck ve Konyaalt\u0131 il\u00e7elerinden antik Likya'ya b\u00fcy\u00fcleyici bir g\u00fcnl\u00fck gezi i\u00e7in yola \u00e7\u0131k\u0131n. Myra'n\u0131n kaya mezarlar\u0131, Demre'deki Aziz Nikolaos Kilisesi ve bat\u0131k \u015fehir Kekova \u00fczerinde \u015feffaf tabanl\u0131 bir yatta yolculuk sizi bekliyor.<\/p>\n<h3 data-start=\"468\" data-end=\"481\">Dahil:<\/h3>\n<p data-start=\"482\" data-end=\"659\"><span style=\"color: #00ff00;\"><strong>\u2713<\/strong> <\/span>Otel transferi<br data-start=\"504\" data-end=\"507\" \/><span style=\"color: #00ff00;\"><strong>\u2713<\/strong> <\/span>Konforlu otob\u00fcs<br data-start=\"532\" data-end=\"535\" \/><span style=\"color: #00ff00;\"><strong>\u2713<\/strong> <\/span>\u015eeffaf tabanl\u0131 bir yatta gezi<br data-start=\"572\" data-end=\"575\" \/><span style=\"color: #00ff00;\"><strong>\u2713<\/strong> <\/span>Mira'ya giri\u015f biletleri<br data-start=\"598\" data-end=\"601\" \/><span style=\"color: #00ff00;\"><strong>\u2713<\/strong> <\/span>Rehber: Rus\u00e7a, \u0130ngilizce<br data-start=\"627\" data-end=\"630\" \/><span style=\"color: #00ff00;\"><strong>\u2713<\/strong> <\/span>Tam sigorta<br data-start=\"648\" data-end=\"651\" \/><span style=\"color: #00ff00;\"><strong>\u2713<\/strong> <\/span>\u00d6\u011fle Yeme\u011fi<\/p>\n<h3 data-start=\"661\" data-end=\"677\">Dahil de\u011fil:<\/h3>\n<p data-start=\"678\" data-end=\"769\"><span style=\"color: #ff0000;\"><strong>\u2717<\/strong> <\/span>Aziz Nikolaos Kilisesi'ne giri\u015f bileti<br data-start=\"719\" data-end=\"722\" \/><span style=\"color: #ff0000;\"><strong>\u2717<\/strong> <\/span>Ki\u015fisel harcamalar<br data-start=\"738\" data-end=\"741\" \/><span style=\"color: #ff0000;\"><strong>\u2717<\/strong> <\/span>Foto\u011fraf ve video<br data-start=\"755\" data-end=\"758\" \/><span style=\"color: #ff0000;\"><strong>\u2717<\/strong> <\/span>\u0130\u00e7ecekler<\/p>\n<h3 data-start=\"771\" data-end=\"799\">\ud83c\udf1f Turun \u00f6ne \u00e7\u0131kan \u00f6zellikleri<\/h3>\n<p data-start=\"800\" data-end=\"1158\">\ud83d\udd39 Bat\u0131k \u015fehir Kekova'n\u0131n \u00fczerinde \u015feffaf tabanl\u0131 bir yatta yolculuk<br data-start=\"864\" data-end=\"867\" \/>\ud83d\udd39 Myra'da kaya mezarlar\u0131 ve Roma tiyatrosu ziyareti<br data-start=\"921\" data-end=\"924\" \/>\ud83d\udd39 Demre'deki Aziz Nikolaos Kilisesi - Noel Baba efsanesiyle ili\u015fkilendirilen bir yer<br data-start=\"1003\" data-end=\"1006\" \/>\ud83d\udd39 Akdeniz'in turkuaz sular\u0131nda y\u00fczme (hava izin verdi\u011fi s\u00fcrece)<br data-start=\"1064\" data-end=\"1067\" \/>\ud83d\udd39 Simena Kalesi'nin denizden g\u00f6r\u00fcn\u00fcm\u00fc<br data-start=\"1100\" data-end=\"1103\" \/>\ud83d\udd39 Antalya'dan konforlu transfer ile bir g\u00fcnl\u00fck tur<\/p>\n<h3 data-start=\"1160\" data-end=\"1182\">\ud83d\udcd6 Tam a\u00e7\u0131klama<\/h3>\n<div data-start=\"1183\" data-end=\"1391\">Yolculu\u011funuz Antalya ve \u00e7evresindeki otelinizden transfer ile ba\u015flayacakt\u0131r. \u0130lk durak, etkileyici Likya kaya mezarlar\u0131n\u0131 ve iyi korunmu\u015f bir Roma tiyatrosunu g\u00f6rece\u011finiz antik Myra'd\u0131r.<\/div>\n<div data-start=\"1393\" data-end=\"1558\">Daha sonra Noel Baba'n\u0131n prototipi olan Aziz Nikolaos Kilisesi'ni ziyaret edece\u011finiz Demre'ye seyahat edeceksiniz. Turdan sonra yerel spesiyalitelerle \u00f6\u011fle yeme\u011fi yiyeceksiniz.<\/div>\n<div data-start=\"1560\" data-end=\"1851\">Turun ikinci b\u00f6l\u00fcm\u00fcnde \u00c7aya\u011fz\u0131 liman\u0131na varacak ve \u015feffaf tabanl\u0131 bir yata bineceksiniz. 2,5 saatlik seyir s\u0131ras\u0131nda bat\u0131k \u015fehir Kekova'n\u0131n sualt\u0131 kal\u0131nt\u0131lar\u0131n\u0131 g\u00f6recek, Simena kalesinin manzaralar\u0131na hayran kalacak ve hava izin verdi\u011fi takdirde Akdeniz'in berrak sular\u0131nda y\u00fczeceksiniz.<\/div>\n<div data-start=\"1853\" data-end=\"1932\">Turun sonunda yat limana geri d\u00f6necek ve buradan bir otob\u00fcs sizi otelinize geri g\u00f6t\u00fcrecektir.<\/div>\n<h3 data-start=\"1934\" data-end=\"1956\">\ud83d\uddfa\ufe0f Tur Program\u0131<\/h3>\n<p data-start=\"1957\" data-end=\"2339\">\ud83d\udd39 Antalya'dan Transfer: Kadriye, Kundu, Lara, G\u00fcll\u00fck, Antalya, Konyaalt\u0131<br data-start=\"2028\" data-end=\"2031\" \/>\ud83d\udd39 Mira ziyareti: kaya mezarlar\u0131 ve Roma tiyatrosu<br data-start=\"2083\" data-end=\"2086\" \/>\ud83d\udd39 Demre'deki Aziz Nikolaos Kilisesi gezisi (iste\u011fe ba\u011fl\u0131 giri\u015f)<br data-start=\"2150\" data-end=\"2153\" \/>\ud83d\udd39 Yerel mutfaktan \u00f6\u011fle yeme\u011fi<br data-start=\"2177\" data-end=\"2180\" \/>\ud83d\udd39 Kekova adas\u0131na \u015feffaf tabanl\u0131 bir yatla yolculuk<br data-start=\"2231\" data-end=\"2234\" \/>\ud83d\udd39 Bat\u0131k \u015fehir gezisi ve y\u00fczme (hava m\u00fcsaitse)<br data-start=\"2284\" data-end=\"2287\" \/>\ud83d\udd39 Chayagza liman\u0131na d\u00f6n\u00fc\u015f<br data-start=\"2315\" data-end=\"2318\" \/>\ud83d\udd39 Otele transfer<\/p>\n<h3 data-start=\"2341\" data-end=\"2367\">\u2139\ufe0f Faydal\u0131 bilgiler<\/h3>\n<p data-start=\"2368\" data-end=\"2797\">\ud83d\udd39 Tur s\u00fcresi: yakla\u015f\u0131k 10-12 saat<br data-start=\"2412\" data-end=\"2415\" \/>\ud83d\udd39 Program hava ve deniz ko\u015fullar\u0131na ba\u011fl\u0131 olarak de\u011fi\u015febilir<br data-start=\"2483\" data-end=\"2486\" \/>\ud83d\udd39 Orta d\u00fczeyde fiziksel aktivite (y\u00fcr\u00fcme ve merdiven \u00e7\u0131kma)<br data-start=\"2553\" data-end=\"2556\" \/>\ud83d\udd39 Rahat ayakkab\u0131lar ve mevsime uygun k\u0131yafetler tavsiye edilir<br data-start=\"2605\" data-end=\"2608\" \/>\ud83d\udd39 \u00dccretsiz seyahat eden 04 ya\u015f\u0131n alt\u0131ndaki \u00e7ocuklar\u0131n otob\u00fcste ayr\u0131 bir koltu\u011fu yoktur. Tamamen dolu olduklar\u0131nda, bir yeti\u015fkinin kuca\u011f\u0131nda otururlar veya rezervasyon yaparken ayr\u0131 bir koltuk rezerve edilebilir<\/p>\n<h3 data-start=\"2799\" data-end=\"2823\">\ud83c\udf92 Yan\u0131n\u0131za ne almal\u0131s\u0131n\u0131z<\/h3>\n<p data-start=\"2824\" data-end=\"3066\">\ud83d\udd39 Rahat y\u00fcr\u00fcy\u00fc\u015f ayakkab\u0131lar\u0131<br data-start=\"2853\" data-end=\"2856\" \/>\ud83d\udd39 G\u00fcne\u015f g\u00f6zl\u00fc\u011f\u00fc ve krem<br data-start=\"2885\" data-end=\"2888\" \/>\ud83d\udd39 Ba\u015fl\u0131k<br data-start=\"2904\" data-end=\"2907\" \/>\ud83d\udd39 Mayo ve havlu (Kekova'da y\u00fczmek i\u00e7in)<br data-start=\"2954\" data-end=\"2957\" \/>\ud83d\udd39 Ki\u015fisel harcamalar ve St Nicholas Kilisesi'ne giri\u015f i\u00e7in nakit<br data-start=\"3022\" data-end=\"3025\" \/>\ud83d\udd39 Su ge\u00e7irmez bir kamera veya telefon<\/p>\n<h3 data-start=\"3068\" data-end=\"3090\">\ud83d\udeab \u015eunlar i\u00e7in uygun de\u011fildir<\/h3>\n<p data-start=\"3091\" data-end=\"3174\">\ud83d\udd39 Ciddi hastal\u0131klar\u0131 olan ki\u015filer<br data-start=\"3126\" data-end=\"3129\" \/>\ud83d\udd39 Hareket kabiliyeti ciddi derecede k\u0131s\u0131tl\u0131 olan ki\u015filer<\/p>\n<h3 data-start=\"3176\" data-end=\"3202\">\ud83d\udcb8 Fiyat ve rezervasyon<\/h3>\n<p data-start=\"3203\" data-end=\"3343\"><strong>\ud83d\udd39 \u015eimdi rezervasyon yap\u0131n - tur g\u00fcn\u00fc \u00f6deme yap\u0131n<\/strong><br data-start=\"3249\" data-end=\"3252\" \/>\ud83d\udd39 WhatsApp, Telegram, Viber \u00fczerinden bize ula\u015f\u0131n veya a\u015fa\u011f\u0131daki sipari\u015f formunu doldurun. \ud83d\udc47\ud83c\udffc<\/p>","protected":false},"excerpt":{"rendered":"<p>Antalya'dan Demre-Mira-Kekova gezisi: Likya mezarlar\u0131, Aziz Nikolaos Kilisesi, Kekova bat\u0131k \u015fehri \u00fczerinde \u015feffaf tabanl\u0131 bir yatta seyir ve denizde y\u00fczme.<\/p>","protected":false},"featured_media":12563,"comment_status":"open","ping_status":"closed","template":"","meta":[],"product_brand":[],"product_cat":[123],"product_tag":[107],"class_list":{"0":"post-14774","1":"product","2":"type-product","3":"status-publish","4":"has-post-thumbnail","6":"tour_phys-ekskursii-v-antalya","7":"product_cat-ekskursii-v-antalya","8":"product_tag-antalya","9":"pa_destination-ekskursii-v-antalya","11":"first","12":"instock","13":"sale","14":"shipping-taxable","15":"purchasable","16":"product-type-tour_phys"},"aioseo_notices":[],"_links":{"self":[{"href":"https:\/\/mirekskursii.com\/tr\/wp-json\/wp\/v2\/product\/14774","targetHints":{"allow":["GET"]}}],"collection":[{"href":"https:\/\/mirekskursii.com\/tr\/wp-json\/wp\/v2\/product"}],"about":[{"href":"https:\/\/mirekskursii.com\/tr\/wp-json\/wp\/v2\/types\/product"}],"replies":[{"embeddable":true,"href":"https:\/\/mirekskursii.com\/tr\/wp-json\/wp\/v2\/comments?post=14774"}],"wp:featuredmedia":[{"embeddable":true,"href":"https:\/\/mirekskursii.com\/tr\/wp-json\/wp\/v2\/media\/12563"}],"wp:attachment":[{"href":"https:\/\/mirekskursii.com\/tr\/wp-json\/wp\/v2\/media?parent=14774"}],"wp:term":[{"taxonomy":"product_brand","embeddable":true,"href":"https:\/\/mirekskursii.com\/tr\/wp-json\/wp\/v2\/product_brand?post=14774"},{"taxonomy":"product_cat","embeddable":true,"href":"https:\/\/mirekskursii.com\/tr\/wp-json\/wp\/v2\/product_cat?post=14774"},{"taxonomy":"product_tag","embeddable":true,"href":"https:\/\/mirekskursii.com\/tr\/wp-json\/wp\/v2\/product_tag?post=14774"}],"curies":[{"name":"wp","href":"https:\/\/api.w.org\/{rel}","templated":true}]}}