{"id":14772,"date":"2025-11-15T23:04:26","date_gmt":"2025-11-15T20:04:26","guid":{"rendered":"https:\/\/mirekskursii.com\/?post_type=product&#038;p=14772\/"},"modified":"2025-12-11T21:57:02","modified_gmt":"2025-12-11T18:57:02","slug":"green-canyon-tekne-turu-antalya","status":"publish","type":"product","link":"https:\/\/mirekskursii.com\/ekskursii\/zelenyy-kanion-iz-antalya\/","title":{"rendered":"Antalya'dan Green Canyon Tekne Turu  \u00abYe\u015fil Kanyon\u00bb"},"content":{"rendered":"<h3 data-start=\"341\" data-end=\"353\">\ud83c\udf32 \u0130nceleme<\/h3>\n<p data-start=\"354\" data-end=\"492\">Antalya'dan Ye\u015fil Kanyon'da dinlendirici bir yolculu\u011fa \u00e7\u0131k\u0131n: tekne turu, turkuaz sularda y\u00fczme ve Toros Da\u011flar\u0131'n\u0131n g\u00fczel manzaralar\u0131.<\/p>\n<h3 data-start=\"494\" data-end=\"507\">Dahil:<\/h3>\n<p data-start=\"508\" data-end=\"680\"><span style=\"color: #00ff00;\"><strong>\u2713<\/strong> <\/span>Otel transferi<br data-start=\"530\" data-end=\"533\" \/><span style=\"color: #00ff00;\"><strong>\u2713<\/strong> <\/span>Ye\u015fil Kanyon tekne turu<br data-start=\"572\" data-end=\"575\" \/><span style=\"color: #00ff00;\"><strong>\u2713<\/strong> <\/span>Rehber: Rus\u00e7a, \u0130ngilizce<br data-start=\"601\" data-end=\"604\" \/><span style=\"color: #00ff00;\"><strong>\u2713<\/strong> <\/span>G\u00f6l kenar\u0131nda bir restoranda \u00f6\u011fle yeme\u011fi<br data-start=\"630\" data-end=\"633\" \/><span style=\"color: #00ff00;\"><strong>\u2713<\/strong> <\/span>Tam sigorta<br data-start=\"651\" data-end=\"654\" \/><span style=\"color: #00ff00;\"><strong>\u2713<\/strong> <\/span>Alkols\u00fcz i\u00e7ecekler<\/p>\n<h3 data-start=\"682\" data-end=\"698\">Dahil de\u011fil:<\/h3>\n<p data-start=\"699\" data-end=\"734\"><strong><span style=\"color: #ff0000;\">\u2717<\/span> <\/strong>Ki\u015fisel harcamalar<br data-start=\"715\" data-end=\"718\" \/><strong><span style=\"color: #ff0000;\">\u2717<\/span> <\/strong>Foto\u011fraf ve video<\/p>\n<h3 data-start=\"736\" data-end=\"764\">\ud83d\udea4 Turun \u00f6ne \u00e7\u0131kan \u00f6zellikleri<\/h3>\n<p data-start=\"765\" data-end=\"1007\">\ud83d\udd39 Ye\u015fil Kanyon Tekne Turu<br data-start=\"802\" data-end=\"805\" \/>\ud83d\udd39 Toros Da\u011flar\u0131'n\u0131n b\u00fcy\u00fcleyici manzaras\u0131<br data-start=\"837\" data-end=\"840\" \/>\ud83d\udd39 Kanyonun en saf sular\u0131nda y\u00fczmek<br data-start=\"876\" data-end=\"879\" \/>\ud83d\udd39 G\u00f6l kenar\u0131nda g\u00fczel manzaralar e\u015fli\u011finde \u00f6\u011fle yeme\u011fi<br data-start=\"917\" data-end=\"920\" \/>\ud83d\udd39 Do\u011fan\u0131n ortas\u0131nda rahat bir atmosfer ve dinlenme<br data-start=\"961\" data-end=\"964\" \/>\ud83d\udd39 Aileler ve dinlendirici tatiller i\u00e7in ideal<\/p>\n<h3 data-start=\"1009\" data-end=\"1031\">\ud83d\udcd6 Tam a\u00e7\u0131klama<\/h3>\n<p data-start=\"1032\" data-end=\"1236\">Tur, Antalya ve yak\u0131n b\u00f6lgelerden konforlu bir transfer ile ba\u015flar. Yol pitoresk Toros Da\u011flar\u0131'ndan ge\u00e7mektedir. Var\u0131\u015fta, Ye\u015fil Kanyon'un z\u00fcmr\u00fct sular\u0131nda dinlendirici bir gezintiye \u00e7\u0131kacaks\u0131n\u0131z.<\/p>\n<p data-start=\"1238\" data-end=\"1415\">Rota, K\u00fc\u00e7\u00fck ve B\u00fcy\u00fck kanyonlardan ge\u00e7er - durup berrak suda y\u00fczme f\u0131rsat\u0131 ile. Y\u00fczd\u00fckten ve dinlendikten sonra g\u00f6l kenar\u0131ndaki restoranda lezzetli bir \u00f6\u011fle yeme\u011fi yiyeceksiniz.<\/p>\n<p data-start=\"1417\" data-end=\"1523\">Bu tur do\u011fa, rahatlama ve sessizli\u011fin m\u00fckemmel bir dengesidir ve sonras\u0131nda Antalya'ya yenilenmi\u015f olarak d\u00f6neceksiniz.<\/p>\n<h3 data-start=\"1525\" data-end=\"1547\">\ud83d\uddfa\ufe0f Tur Program\u0131<\/h3>\n<p data-start=\"1548\" data-end=\"1724\">\ud83d\udd39 Antalya'dan Transfer<br data-start=\"1570\" data-end=\"1573\" \/>\ud83d\udd39 Ye\u015fil Kanyon'a var\u0131\u015f<br data-start=\"1601\" data-end=\"1604\" \/>\ud83d\udd39 Kanyon tekne turu<br data-start=\"1632\" data-end=\"1635\" \/>\ud83d\udd39 Banyo duraklar\u0131<br data-start=\"1659\" data-end=\"1662\" \/>\ud83d\udd39 G\u00f6l kenar\u0131nda \u00f6\u011fle yeme\u011fi<br data-start=\"1677\" data-end=\"1680\" \/>\ud83d\udd39 D\u00f6n\u00fc\u015f yolculu\u011fu<br data-start=\"1697\" data-end=\"1700\" \/>\ud83d\udd39 Otele d\u00f6n\u00fc\u015f<\/p>\n<h3 data-start=\"1726\" data-end=\"1752\">\u2139\ufe0f Faydal\u0131 bilgiler<\/h3>\n<p data-start=\"1753\" data-end=\"1993\">\ud83d\udd39 Tur s\u00fcresi: 7-8 saat<br data-start=\"1789\" data-end=\"1792\" \/>\ud83d\udd39 Minimal fiziksel aktivite<br data-start=\"1828\" data-end=\"1831\" \/>\ud83d\udd39 Teknede g\u00f6lgelik, tuvalet ve can yelekleri var<br data-start=\"1883\" data-end=\"1886\" \/>\ud83d\udd39 \u00d6\u011fle yeme\u011fi dahil, i\u00e7ecekler ekstra \u00fccretlidir<br data-start=\"1921\" data-end=\"1924\" \/>\ud83d\udd39 Ayr\u0131 bir koltu\u011fu olmayan 05 ya\u015f\u0131ndan k\u00fc\u00e7\u00fck \u00e7ocuklar bir yeti\u015fkinin kuca\u011f\u0131nda oturur<\/p>\n<h3 data-start=\"1995\" data-end=\"2019\">\ud83c\udf92 Yan\u0131n\u0131za ne almal\u0131s\u0131n\u0131z<\/h3>\n<p data-start=\"2020\" data-end=\"2155\">\ud83d\udd39 Mayo ve havlu.<br data-start=\"2044\" data-end=\"2047\" \/>\ud83d\udd39 G\u00fcne\u015f g\u00f6zl\u00fc\u011f\u00fc ve krem<br data-start=\"2076\" data-end=\"2079\" \/>\ud83d\udd39 Kamera veya ak\u0131ll\u0131 telefon<br data-start=\"2101\" data-end=\"2104\" \/>\ud83d\udd39 \u0130\u00e7ecekler veya ek hizmetler i\u00e7in nakit<\/p>\n<h3 data-start=\"2157\" data-end=\"2179\">\ud83d\udeab \u015eunlar i\u00e7in uygun de\u011fildir<\/h3>\n<p data-start=\"2180\" data-end=\"2295\">\ud83d\udd39 Hareket kabiliyeti k\u0131s\u0131tl\u0131 ki\u015filer<br data-start=\"2216\" data-end=\"2219\" \/>\ud83d\udd39 Tekerlekli sandalye kullan\u0131c\u0131lar\u0131<br data-start=\"2254\" data-end=\"2257\" \/>\ud83d\udd39 Deniz tutmas\u0131na yatk\u0131n insanlar<\/p>\n<h3 data-start=\"2297\" data-end=\"2323\">\ud83d\udcb8 Fiyat ve rezervasyon<\/h3>\n<p data-start=\"2324\" data-end=\"2462\"><strong>\ud83d\udd39 \u015eimdi rezervasyon yap\u0131n - tur g\u00fcn\u00fc \u00f6deme yap\u0131n<\/strong><br data-start=\"2370\" data-end=\"2373\" \/>\ud83d\udd39 WhatsApp, Telegram, Viber \u00fczerinden bize ula\u015f\u0131n veya a\u015fa\u011f\u0131daki sipari\u015f formunu doldurun. \ud83d\udc47\ud83c\udffc<\/p>","protected":false},"excerpt":{"rendered":"<p>Antalya'dan tekne turu, y\u00fczme ve g\u00f6l kenar\u0131nda \u00f6\u011fle yeme\u011fi ile Ye\u015fil Kanyon turu. Toros da\u011flar\u0131n\u0131n ve do\u011fan\u0131n manzaras\u0131n\u0131n tad\u0131n\u0131 \u00e7\u0131kar\u0131n! Transfer fiyata dahildir.<\/p>","protected":false},"featured_media":12848,"comment_status":"open","ping_status":"closed","template":"","meta":[],"product_brand":[],"product_cat":[123],"product_tag":[107],"class_list":{"0":"post-14772","1":"product","2":"type-product","3":"status-publish","4":"has-post-thumbnail","6":"tour_phys-ekskursii-v-antalya","7":"tour_phys-yacht-tury","8":"product_cat-ekskursii-v-antalya","9":"product_tag-antalya","10":"pa_destination-ekskursii-v-antalya","12":"first","13":"instock","14":"sale","15":"shipping-taxable","16":"purchasable","17":"product-type-tour_phys"},"aioseo_notices":[],"_links":{"self":[{"href":"https:\/\/mirekskursii.com\/tr\/wp-json\/wp\/v2\/product\/14772","targetHints":{"allow":["GET"]}}],"collection":[{"href":"https:\/\/mirekskursii.com\/tr\/wp-json\/wp\/v2\/product"}],"about":[{"href":"https:\/\/mirekskursii.com\/tr\/wp-json\/wp\/v2\/types\/product"}],"replies":[{"embeddable":true,"href":"https:\/\/mirekskursii.com\/tr\/wp-json\/wp\/v2\/comments?post=14772"}],"wp:featuredmedia":[{"embeddable":true,"href":"https:\/\/mirekskursii.com\/tr\/wp-json\/wp\/v2\/media\/12848"}],"wp:attachment":[{"href":"https:\/\/mirekskursii.com\/tr\/wp-json\/wp\/v2\/media?parent=14772"}],"wp:term":[{"taxonomy":"product_brand","embeddable":true,"href":"https:\/\/mirekskursii.com\/tr\/wp-json\/wp\/v2\/product_brand?post=14772"},{"taxonomy":"product_cat","embeddable":true,"href":"https:\/\/mirekskursii.com\/tr\/wp-json\/wp\/v2\/product_cat?post=14772"},{"taxonomy":"product_tag","embeddable":true,"href":"https:\/\/mirekskursii.com\/tr\/wp-json\/wp\/v2\/product_tag?post=14772"}],"curies":[{"name":"wp","href":"https:\/\/api.w.org\/{rel}","templated":true}]}}