{"id":14770,"date":"2025-11-15T22:55:35","date_gmt":"2025-11-15T19:55:35","guid":{"rendered":"https:\/\/mirekskursii.com\/?post_type=product&#038;p=14770\/"},"modified":"2026-04-15T17:02:04","modified_gmt":"2026-04-15T14:02:04","slug":"korsan-tekne-turu-antalya-red-dragon","status":"publish","type":"product","link":"https:\/\/mirekskursii.com\/ekskursii\/piratskiy-korabl-iz-antalya-red-dragon\/","title":{"rendered":"Antalya'dan Korsan Tekne Turu \u2013 Red Dragon"},"content":{"rendered":"<h3 data-start=\"253\" data-end=\"272\"><strong data-start=\"257\" data-end=\"272\">\ud83c\udff4\u200d\u2620\ufe0f Genel Bak\u0131\u015f<\/strong><\/h3>\n<p data-start=\"274\" data-end=\"461\">Antalya, Lara, Kundu, Belek, Kadriye ve Konyaalta'dan korsan gemisi Red Dragon ile renkli bir deniz yolculu\u011funa \u00e7\u0131k\u0131n! Pitoresk koylar, y\u00fczme, m\u00fczik ve e\u011flenceli animasyonlar sizi bekliyor.<\/p>\n<h3 data-start=\"463\" data-end=\"479\"><strong data-start=\"467\" data-end=\"479\">Dahil:<\/strong><\/h3>\n<p data-start=\"481\" data-end=\"574\"><span style=\"color: #00ff00;\"><strong>\u2713<\/strong> <\/span>Otel transferi<br data-start=\"503\" data-end=\"506\" \/><span style=\"color: #00ff00;\"><strong>\u2713<\/strong> <\/span>Sigorta<br data-start=\"517\" data-end=\"520\" \/><span style=\"color: #00ff00;\"><strong>\u2713<\/strong> <\/span>\u00a0Rehber: Rus\u00e7a ve \u0130ngilizce<br data-start=\"542\" data-end=\"545\" \/><span style=\"color: #00ff00;\"><strong>\u2713<\/strong> <\/span>K\u00f6p\u00fck partisi<br data-start=\"563\" data-end=\"566\" \/><span style=\"color: #00ff00;\"><strong>\u2713<\/strong> <\/span>\u00d6\u011fle Yeme\u011fi<\/p>\n<h3 data-start=\"576\" data-end=\"595\"><strong data-start=\"580\" data-end=\"595\">Dahil de\u011fil:<\/strong><\/h3>\n<p data-start=\"597\" data-end=\"644\"><span style=\"color: #ff0000;\"><strong>\u2717<\/strong> <\/span>Foto\u011fraf ve video<br data-start=\"630\" data-end=\"633\" \/><span style=\"color: #ff0000;\"><strong>\u2717<\/strong> <\/span>\u0130\u00e7ecekler<\/p>\n<h3 data-start=\"646\" data-end=\"678\"><strong data-start=\"650\" data-end=\"678\">\ud83c\udf1f Turun \u00f6ne \u00e7\u0131kan \u00f6zellikleri<\/strong><\/h3>\n<p data-start=\"680\" data-end=\"923\">\ud83d\udd39 Muhte\u015fem tasar\u0131ma sahip korsan gemisi<br data-start=\"721\" data-end=\"724\" \/>\ud83d\udd39 Kemer'in koylar\u0131nda y\u00fczmek<br data-start=\"750\" data-end=\"753\" \/>\ud83d\udd39 Canl\u0131 m\u00fczik ve e\u011flence program\u0131<br data-start=\"796\" data-end=\"799\" \/>\ud83d\udd39 Dinlenmek ve g\u00fcne\u015flenmek i\u00e7in geni\u015f g\u00fcverteler<br data-start=\"839\" data-end=\"842\" \/>\ud83d\udd39 Korsan Ma\u011faras\u0131'nda foto\u011fraf duraklar\u0131<br data-start=\"877\" data-end=\"880\" \/>\ud83d\udd39 B\u00f6lgenin en pop\u00fcler turlar\u0131ndan biri<\/p>\n<h3 data-start=\"925\" data-end=\"951\"><strong data-start=\"929\" data-end=\"951\">\ud83d\udcd6 Tam a\u00e7\u0131klama<\/strong><\/h3>\n<div data-start=\"953\" data-end=\"1170\">Tur, Antalya ve \u00e7evresindeki otelinizden transfer ile ba\u015flar. Kemer Marina'ya vard\u0131\u011f\u0131n\u0131zda, efsanevi deniz yolculuklar\u0131 tarz\u0131nda dekore edilmi\u015f etkileyici korsan gemisi Red Dragon'a bineceksiniz.<\/div>\n<div data-start=\"1172\" data-end=\"1254\">G\u00fczerg\u00e2h boyunca, sahil boyunca uzanan en g\u00fczel koylardan baz\u0131lar\u0131nda y\u00fczme molalar\u0131 vereceksiniz:<\/div>\n<div data-start=\"1256\" data-end=\"1330\"><strong data-start=\"1256\" data-end=\"1273\">Fazelis Koyu<\/strong><br data-start=\"1273\" data-end=\"1276\" \/>\ud83c\udfca\u200d\u2642\ufe0f Antik kal\u0131nt\u0131lar\u0131n yan\u0131nda kristal berrakl\u0131\u011f\u0131nda su.<\/div>\n<div data-start=\"1332\" data-end=\"1396\"><strong data-start=\"1332\" data-end=\"1349\">Cennet Koyu<\/strong><br data-start=\"1349\" data-end=\"1352\" \/>\ud83c\udf3f Parlak turkuaz suyu ile g\u00f6zlerden uzak bir nokta.<\/div>\n<div data-start=\"1398\" data-end=\"1463\"><strong data-start=\"1398\" data-end=\"1415\">Ay\u0131\u015f\u0131\u011f\u0131 Koyu<\/strong><br data-start=\"1415\" data-end=\"1418\" \/>\ud83d\udcf8 Foto\u011fraflar, rahatlama ve y\u00fczme i\u00e7in m\u00fckemmeldir.<\/div>\n<div data-start=\"1465\" data-end=\"1672\">Gemi ayn\u0131 zamanda <strong data-start=\"1495\" data-end=\"1515\">Korsan Ma\u011faras\u0131'n\u0131n<\/strong>, harika foto\u011fraflar \u00e7ekebilece\u011finiz bir yer. Gemide animat\u00f6rler, m\u00fczik ve e\u011flenceli bir k\u00f6p\u00fck partisi vard\u0131r. \u00d6\u011fle yeme\u011fi dahildir, i\u00e7ecekler ayr\u0131ca sat\u0131n al\u0131n\u0131r.<\/div>\n<h3 data-start=\"1674\" data-end=\"1700\"><strong data-start=\"1678\" data-end=\"1700\">\ud83d\uddfa\ufe0f Tur Program\u0131<\/strong><\/h3>\n<p data-start=\"1702\" data-end=\"1978\">\ud83d\udd39 Antalya ve \u00e7evresinden transfer<br data-start=\"1739\" data-end=\"1742\" \/>\ud83d\udd39 Kemer Marina'dan kalk\u0131\u015f<br data-start=\"1773\" data-end=\"1776\" \/>\ud83d\udd39 Fazelis Koyu'nda Y\u00fczme<br data-start=\"1802\" data-end=\"1805\" \/>\ud83d\udd39 Cennet Koyu'nda Y\u00fczme<br data-start=\"1831\" data-end=\"1834\" \/>\ud83d\udd39 Ay\u0131\u015f\u0131\u011f\u0131 Koyu'nda mola<br data-start=\"1862\" data-end=\"1865\" \/>\ud83d\udd39 Korsan Ma\u011faras\u0131'n\u0131n yan\u0131ndan ge\u00e7erken<br data-start=\"1897\" data-end=\"1900\" \/>\ud83d\udd39 Gemide k\u00f6p\u00fck partisi<br data-start=\"1928\" data-end=\"1931\" \/>\ud83d\udd39 Marinaya d\u00f6n\u00fc\u015f<br data-start=\"1954\" data-end=\"1957\" \/>\ud83d\udd39 Otele transfer<\/p>\n<h3 data-start=\"1980\" data-end=\"2010\"><strong data-start=\"1984\" data-end=\"2010\">\u2139\ufe0f Faydal\u0131 bilgiler<\/strong><\/h3>\n<p data-start=\"2012\" data-end=\"2260\">\ud83d\udd39 Tur s\u00fcresi: 5-6 saat<br data-start=\"2048\" data-end=\"2051\" \/>\ud83d\udd39 Gemide g\u00f6lgelik ve g\u00fcne\u015flenme alanlar\u0131 var<br data-start=\"2090\" data-end=\"2093\" \/>\ud83d\udd39 Her ya\u015f i\u00e7in uygundur<br data-start=\"2123\" data-end=\"2126\" \/>\ud83d\udd39 M\u00fcrettebat Rus\u00e7a konu\u015fuyor<br data-start=\"2160\" data-end=\"2163\" \/>\ud83d\udd39 Ayr\u0131 bir koltu\u011fu olmayan 6 ya\u015f\u0131ndan k\u00fc\u00e7\u00fck \u00e7ocuklar bir yeti\u015fkinin kuca\u011f\u0131nda oturur (\u00f6nceden rezervasyon yap\u0131labilir)<\/p>\n<h3 data-start=\"2262\" data-end=\"2290\"><strong data-start=\"2266\" data-end=\"2290\">\ud83c\udf92 Yan\u0131n\u0131za ne almal\u0131s\u0131n\u0131z<\/strong><\/h3>\n<p data-start=\"2292\" data-end=\"2415\">\ud83d\udd39 Mayo ve havlu.<br data-start=\"2316\" data-end=\"2319\" \/>\ud83d\udd39 G\u00fcne\u015f kremi ve g\u00fcne\u015f g\u00f6zl\u00fc\u011f\u00fc<br data-start=\"2348\" data-end=\"2351\" \/>\ud83d\udd39 Bir panama \u015fapkas\u0131 ya da kasket.<br data-start=\"2370\" data-end=\"2373\" \/>\ud83d\udd39 Su ge\u00e7irmez k\u0131l\u0131f<br data-start=\"2399\" data-end=\"2402\" \/>\ud83d\udd39 Nakit<\/p>\n<h3 data-start=\"2417\" data-end=\"2443\"><strong data-start=\"2421\" data-end=\"2443\">\ud83d\udeab \u015eunlar i\u00e7in uygun de\u011fildir<\/strong><\/h3>\n<p data-start=\"2445\" data-end=\"2522\">\ud83d\udd39 \u015eiddetli deniz tutmas\u0131 olan ki\u015filer<br data-start=\"2480\" data-end=\"2483\" \/>\ud83d\udd39 Hareket kabiliyeti k\u0131s\u0131tl\u0131 misafirler<\/p>\n<h3 data-start=\"2524\" data-end=\"2554\"><strong data-start=\"2528\" data-end=\"2554\">\ud83d\udcb8 Fiyat ve rezervasyon<\/strong><\/h3>\n<p data-start=\"2556\" data-end=\"2696\">\ud83d\udd39 \u015eimdi rezervasyon yap\u0131n - tur g\u00fcn\u00fc \u00f6deme yap\u0131n<br data-start=\"2602\" data-end=\"2605\" \/>\ud83d\udd39 WhatsApp, Telegram, Viber \u00fczerinden bize ula\u015f\u0131n veya a\u015fa\u011f\u0131daki sipari\u015f formunu doldurun. \ud83d\udc47\ud83c\udffc<\/p>","protected":false},"excerpt":{"rendered":"<p>Antalya'dan Red Dragon korsan gemisi: koylarda y\u00fczme, m\u00fczik, k\u00f6p\u00fck partisi ve \u00f6\u011fle yeme\u011fi. Transferlerle birlikte t\u00fcm aile i\u00e7in pop\u00fcler deniz turu.<\/p>","protected":false},"featured_media":16209,"comment_status":"open","ping_status":"closed","template":"","meta":[],"product_brand":[],"product_cat":[123],"product_tag":[107],"class_list":{"0":"post-14770","1":"product","2":"type-product","3":"status-publish","4":"has-post-thumbnail","6":"tour_phys-piratskii-korable","7":"tour_phys-ekskursii-v-antalya","8":"product_cat-ekskursii-v-antalya","9":"product_tag-antalya","10":"pa_destination-ekskursii-v-antalya","11":"pa_kategori-piratskii-korable","13":"first","14":"instock","15":"sale","16":"shipping-taxable","17":"purchasable","18":"product-type-tour_phys"},"aioseo_notices":[],"_links":{"self":[{"href":"https:\/\/mirekskursii.com\/tr\/wp-json\/wp\/v2\/product\/14770","targetHints":{"allow":["GET"]}}],"collection":[{"href":"https:\/\/mirekskursii.com\/tr\/wp-json\/wp\/v2\/product"}],"about":[{"href":"https:\/\/mirekskursii.com\/tr\/wp-json\/wp\/v2\/types\/product"}],"replies":[{"embeddable":true,"href":"https:\/\/mirekskursii.com\/tr\/wp-json\/wp\/v2\/comments?post=14770"}],"wp:featuredmedia":[{"embeddable":true,"href":"https:\/\/mirekskursii.com\/tr\/wp-json\/wp\/v2\/media\/16209"}],"wp:attachment":[{"href":"https:\/\/mirekskursii.com\/tr\/wp-json\/wp\/v2\/media?parent=14770"}],"wp:term":[{"taxonomy":"product_brand","embeddable":true,"href":"https:\/\/mirekskursii.com\/tr\/wp-json\/wp\/v2\/product_brand?post=14770"},{"taxonomy":"product_cat","embeddable":true,"href":"https:\/\/mirekskursii.com\/tr\/wp-json\/wp\/v2\/product_cat?post=14770"},{"taxonomy":"product_tag","embeddable":true,"href":"https:\/\/mirekskursii.com\/tr\/wp-json\/wp\/v2\/product_tag?post=14770"}],"curies":[{"name":"wp","href":"https:\/\/api.w.org\/{rel}","templated":true}]}}