{"id":14769,"date":"2025-11-15T22:39:18","date_gmt":"2025-11-15T19:39:18","guid":{"rendered":"https:\/\/mirekskursii.com\/?post_type=product&#038;p=14769\/"},"modified":"2026-03-02T22:18:20","modified_gmt":"2026-03-02T19:18:20","slug":"tazi-kanyonu-rafting-buggy-antalya","status":"publish","type":"product","link":"https:\/\/mirekskursii.com\/ekskursii\/rafting-dzhip-baggi-ziplayn-iz-antalya\/","title":{"rendered":"Antalya'dan Taz\u0131 Kanyonu Rafting Turu \u2013 Buggy &amp; Zipline 4'\u00fc 1 Arada"},"content":{"rendered":"<h3 data-start=\"69\" data-end=\"82\">\ud83c\udfdd\ufe0f Genel Bak\u0131\u015f<\/h3>\n<p data-start=\"83\" data-end=\"373\">Antalya, Lara, Kundu, Belek, Kadriye ve Konyaalta'dan 4'\u00fc 1 arada yo\u011fun bir macera i\u00e7in yola \u00e7\u0131k\u0131n: Taza Kanyonu'nda jeep safari, K\u00f6pr\u00fc\u00e7ay Nehri'nde rafting, buggy\/quad bisiklet ve kanyon \u00fczerinde ziplining. Tur hem adrenalin severler hem de da\u011flar\u0131n ve nehrin do\u011fas\u0131n\u0131n tad\u0131n\u0131 \u00e7\u0131karmak isteyenler i\u00e7in uygundur.<\/p>\n<h3 data-start=\"375\" data-end=\"388\">Dahil:<\/h3>\n<div data-start=\"390\" data-end=\"566\"><span style=\"color: #00ff00;\"><strong>\u2713<\/strong> <\/span>Otel transferi<br data-start=\"412\" data-end=\"415\" \/><span style=\"color: #00ff00;\"><strong>\u2713<\/strong> <\/span>Konforlu otob\u00fcs<\/div>\n<div data-start=\"390\" data-end=\"566\"><span style=\"color: #00ff00;\"><strong>\u2713<\/strong>\u00a0<\/span>Buggy veya d\u00f6rtl\u00fc bisiklet s\u00fcrme<br data-start=\"440\" data-end=\"443\" \/><span style=\"color: #00ff00;\"><strong>\u2713<\/strong> <\/span>Cabrio-jeep safari.<br data-start=\"467\" data-end=\"470\" \/><span style=\"color: #00ff00;\"><strong>\u2713<\/strong> <\/span>10 ki\u015filik sallarda rafting<br data-start=\"500\" data-end=\"503\" \/><span style=\"color: #00ff00;\"><strong>\u2713<\/strong> <\/span>Sigorta<br data-start=\"514\" data-end=\"517\" \/><span style=\"color: #00ff00;\"><strong>\u2713<\/strong> <\/span>Rehber: Rus\u00e7a, \u0130ngilizce<br data-start=\"543\" data-end=\"546\" \/><span style=\"color: #00ff00;\"><strong>\u2713<\/strong> <\/span>\u00d6\u011fle Yeme\u011fi<br data-start=\"552\" data-end=\"555\" \/><span style=\"color: #00ff00;\"><strong>\u2713<\/strong> <\/span>Zipline<\/div>\n<h3 data-start=\"568\" data-end=\"584\">Dahil de\u011fil:<\/h3>\n<p data-start=\"586\" data-end=\"669\"><span style=\"color: #ff0000;\"><strong>\u2717<\/strong> <\/span>2 ki\u015filik kanolar (\u00fccretli)<br data-start=\"638\" data-end=\"641\" \/><span style=\"color: #ff0000;\"><strong>\u2717<\/strong> <\/span>Foto\u011fraf ve video<br data-start=\"655\" data-end=\"658\" \/><span style=\"color: #ff0000;\"><strong>\u2717<\/strong> <\/span>\u0130\u00e7ecekler<\/p>\n<h3 data-start=\"671\" data-end=\"699\">\ud83c\udf1f Turun \u00f6ne \u00e7\u0131kan \u00f6zellikleri<\/h3>\n<p data-start=\"700\" data-end=\"1239\">\ud83d\udd39 4'\u00fc 1 arada kombo program: jeep safari, rafting, buggy\/quad bisiklet ve ziplining<br data-start=\"775\" data-end=\"778\" \/>\ud83d\udd39 \u00dcnl\u00fc Taza Kanyonu'nun manzara noktas\u0131na a\u00e7\u0131k jeep yolculu\u011fu<br data-start=\"853\" data-end=\"856\" \/>\ud83d\udd39 Kartal Kanyonu ve K\u00f6pr\u00fc\u00e7ay Nehri \u00fczerindeki kayal\u0131klar\u0131n etkileyici manzaralar\u0131<br data-start=\"925\" data-end=\"928\" \/>\ud83d\udd39 Yakla\u015f\u0131k 12 km'lik bir b\u00f6l\u00fcmde serinletici ak\u0131nt\u0131larda rafting<br data-start=\"984\" data-end=\"987\" \/>\ud83d\udd39 Kanyon \u00fczerinde yakla\u015f\u0131k 350 metrelik zipline - canl\u0131 bir adrenalin patlamas\u0131.<br data-start=\"1056\" data-end=\"1059\" \/>\ud83d\udd39 Orman ve nehir parkurlar\u0131nda buggy veya quad bike'lara binmek<br data-start=\"1121\" data-end=\"1124\" \/>\ud83d\udd39 Nehir k\u0131y\u0131s\u0131nda barbek\u00fc \u00f6\u011fle yeme\u011fi fiyata dahildir<br data-start=\"1174\" data-end=\"1177\" \/>\ud83d\udd39 Aileler, yeni ba\u015flayanlar ve a\u00e7\u0131k hava merakl\u0131lar\u0131 i\u00e7in uygundur<\/p>\n<h3 data-start=\"1241\" data-end=\"1263\">\ud83d\udcd6 Tam a\u00e7\u0131klama<\/h3>\n<p data-start=\"1264\" data-end=\"2020\">Sabah Antalya, Lara, Kundu, Belek, Kadriye veya Konyaalt\u0131'ndaki otelinizden al\u0131nacak ve K\u00f6pr\u00fcl\u00fc Milli Park\u0131'na g\u00f6t\u00fcr\u00fcleceksiniz. Burada program ba\u015fl\u0131yor: ilk olarak, vadinin \u00fczerinde etkileyici foto\u011fraflar \u00e7ekebilece\u011finiz Taza Kanyonu'nun panoramik alan\u0131na cabrio-jeep ile bir jeep safari. Ard\u0131ndan asfalts\u0131z orman yollar\u0131nda ve nehir boyunca 50 dakikal\u0131k bir buggy veya quad bike s\u00fcr\u00fc\u015f\u00fc yapacaks\u0131n\u0131z.<br data-start=\"1635\" data-end=\"1638\" \/>Rafting ekipman\u0131 sa\u011fland\u0131ktan sonra grup, e\u011fitmenlerin g\u00f6zetiminde K\u00f6pr\u00fc\u00e7ay Nehri \u00fczerinde dalgal\u0131 ve ak\u0131nt\u0131l\u0131 ancak g\u00fcvenli bir rotada 12 km'lik bir rafting gezisine \u00e7\u0131kmaktad\u0131r. Bir b\u00f6l\u00fcmde zipline yer al\u0131yor: kanyon \u00fczerinde yakla\u015f\u0131k 350 metre u\u00e7uyorsunuz. Yo\u011fun bir g\u00fcn\u00fcn sonunda, nehir k\u0131y\u0131s\u0131nda barbek\u00fc \u00f6\u011fle yeme\u011fi servis edilir ve ard\u0131ndan otelinize geri g\u00f6t\u00fcr\u00fcl\u00fcrs\u00fcn\u00fcz.<\/p>\n<h3 data-start=\"2022\" data-end=\"2042\">\ud83d\uddfa\ufe0f Tur g\u00fczergah\u0131<\/h3>\n<p data-start=\"2043\" data-end=\"2423\">\ud83d\udd39 Antalya, Lara, Kundu, Belek, Kadriye ve Konyaalta otellerinden transfer<br data-start=\"2113\" data-end=\"2116\" \/>\ud83d\udd39 K\u00f6pr\u00fcl\u00fc Kanyon'daki rafting merkezine var\u0131\u015f<br data-start=\"2161\" data-end=\"2164\" \/>\ud83d\udd39 Taza Kanyonu manzara noktas\u0131na jeep safari<br data-start=\"2212\" data-end=\"2215\" \/>\ud83d\udd39 Buggy veya d\u00f6rtl\u00fc bisiklet s\u00fcr\u00fc\u015f\u00fc (yakla\u015f\u0131k 50 dakika)<br data-start=\"2271\" data-end=\"2274\" \/>\ud83d\udd39 K\u00f6pr\u00fc\u00e7ay Nehri \u00fczerinde rafting (yakla\u015f\u0131k 12 km)<br data-start=\"2315\" data-end=\"2318\" \/>\ud83d\udd39 Kanyon boyunca zipline (yakla\u015f\u0131k 350 m)<br data-start=\"2355\" data-end=\"2358\" \/>\ud83d\udd39 Nehir k\u0131y\u0131s\u0131nda barbek\u00fc e\u015fli\u011finde \u00f6\u011fle yeme\u011fi<br data-start=\"2390\" data-end=\"2393\" \/>\ud83d\udd39 Otellere d\u00f6n\u00fc\u015f transferi<\/p>\n<h3 data-start=\"2425\" data-end=\"2451\">\u2139\ufe0f Faydal\u0131 bilgiler<\/h3>\n<p data-start=\"2452\" data-end=\"2842\">\ud83d\udd39 S\u00fcre: yakla\u015f\u0131k 10-11 saat (tam g\u00fcn)<br data-start=\"2504\" data-end=\"2507\" \/>\ud83d\udd39 Daha \u00f6nce deneyim gerekmiyor<br data-start=\"2538\" data-end=\"2541\" \/>\ud83d\udd39 Gerekli t\u00fcm koruyucu ekipman sahada sa\u011flan\u0131r<br data-start=\"2597\" data-end=\"2600\" \/>\ud83d\udd39 Rus\u00e7a ve \u0130ngilizce konu\u015fan rehberler mevcuttur<br data-start=\"2647\" data-end=\"2650\" \/>\ud83d\udd39 Su ayakkab\u0131lar\u0131 ve su ge\u00e7irmez telefon k\u0131l\u0131flar\u0131 siteden sat\u0131n al\u0131nabilir<br data-start=\"2727\" data-end=\"2730\" \/>\ud83d\udd39 6 ya\u015f\u0131ndan k\u00fc\u00e7\u00fck \u00e7ocuklar seyahat otob\u00fcs\u00fcnde ayr\u0131 bir koltuk olmadan \u00fccretsiz seyahat eder (koltuk ekstra \u00fccret kar\u015f\u0131l\u0131\u011f\u0131nda rezerve edilebilir)<\/p>\n<h3 data-start=\"2844\" data-end=\"2868\">\ud83c\udf92 Yan\u0131n\u0131za ne almal\u0131s\u0131n\u0131z<\/h3>\n<p data-start=\"2869\" data-end=\"3057\">\ud83d\udd39 Mayo ve havlu.<br data-start=\"2893\" data-end=\"2896\" \/>\ud83d\udd39 K\u0131yafet ve ayakkab\u0131 de\u011fi\u015fimi<br data-start=\"2921\" data-end=\"2924\" \/>\ud83d\udd39 G\u00fcne\u015f kremi ve g\u00fcne\u015f g\u00f6zl\u00fc\u011f\u00fc<br data-start=\"2953\" data-end=\"2956\" \/>\ud83d\udd39 Telefonunuz veya kameran\u0131z i\u00e7in su ge\u00e7irmez k\u0131l\u0131f<br data-start=\"3006\" data-end=\"3009\" \/>\ud83d\udd39 \u0130\u00e7ecekler, foto\u011fraflar ve hediyelik e\u015fyalar i\u00e7in nakit<\/p>\n<h3 data-start=\"3059\" data-end=\"3081\">\ud83d\udeab \u015eunlar i\u00e7in uygun de\u011fildir<\/h3>\n<p data-start=\"3082\" data-end=\"3230\">\ud83d\udd39 Hamile kad\u0131nlar<br data-start=\"3102\" data-end=\"3105\" \/>\ud83d\udd39 Ciddi kalp hastal\u0131\u011f\u0131 olan ki\u015filer<br data-start=\"3151\" data-end=\"3154\" \/>\ud83d\udd39 Hareket kabiliyeti ciddi derecede k\u0131s\u0131tl\u0131 olan yolcular<br data-start=\"3208\" data-end=\"3211\" \/>\ud83d\udd39 4 ya\u015f\u0131ndan k\u00fc\u00e7\u00fck \u00e7ocuklar<\/p>\n<div class=\"elementor-element elementor-element-884d539 e-con-full e-flex e-con e-child\" data-id=\"884d539\" data-element_type=\"container\">\n<div id=\"description\" class=\"elementor-element elementor-element-337037cc elementor-widget elementor-widget-thim-ekits-tours-content\" data-id=\"337037cc\" data-element_type=\"widget\" data-widget_type=\"thim-ekits-tours-content.default\">\n<div class=\"elementor-widget-container\">\n<div class=\"thim-ekit-single-tour__content\">\n<h3 data-start=\"3773\" data-end=\"3801\">\ud83d\udcb8\u00a0<strong data-start=\"3780\" data-end=\"3801\">Fiyat ve rezervasyon<\/strong><\/h3>\n<p data-start=\"3803\" data-end=\"3931\"><strong>\ud83d\udd39 \u015eimdi rezervasyon yap\u0131n, tur g\u00fcn\u00fc \u00f6deyin<\/strong><br data-start=\"3842\" data-end=\"3845\" \/>\ud83d\udd39 WhatsApp, Telegram, Viber arac\u0131l\u0131\u011f\u0131yla bize ula\u015f\u0131n veya a\u015fa\u011f\u0131daki rezervasyon formunu doldurun \ud83d\udc47\ud83c\udffc<\/p>\n<\/div>\n<\/div>\n<\/div>\n<\/div>","protected":false},"excerpt":{"rendered":"<p>Antalya'dan rafting, Taza Kanyonu, buggy ve ziplane 4'\u00fc 1 arada: jeep safari, K\u00f6pr\u00fc\u00e7ay'da rafting, ziplane u\u00e7u\u015fu, nehir kenar\u0131nda \u00f6\u011fle yeme\u011fi ve otel transferi.<\/p>","protected":false},"featured_media":14745,"comment_status":"open","ping_status":"closed","template":"","meta":[],"product_brand":[],"product_cat":[123],"product_tag":[107],"class_list":{"0":"post-14769","1":"product","2":"type-product","3":"status-publish","4":"has-post-thumbnail","6":"tour_phys-ekskursii-v-antalya","7":"product_cat-ekskursii-v-antalya","8":"product_tag-antalya","9":"pa_destination-ekskursii-v-antalya","11":"first","12":"instock","13":"sale","14":"shipping-taxable","15":"purchasable","16":"product-type-tour_phys"},"aioseo_notices":[],"_links":{"self":[{"href":"https:\/\/mirekskursii.com\/tr\/wp-json\/wp\/v2\/product\/14769","targetHints":{"allow":["GET"]}}],"collection":[{"href":"https:\/\/mirekskursii.com\/tr\/wp-json\/wp\/v2\/product"}],"about":[{"href":"https:\/\/mirekskursii.com\/tr\/wp-json\/wp\/v2\/types\/product"}],"replies":[{"embeddable":true,"href":"https:\/\/mirekskursii.com\/tr\/wp-json\/wp\/v2\/comments?post=14769"}],"wp:featuredmedia":[{"embeddable":true,"href":"https:\/\/mirekskursii.com\/tr\/wp-json\/wp\/v2\/media\/14745"}],"wp:attachment":[{"href":"https:\/\/mirekskursii.com\/tr\/wp-json\/wp\/v2\/media?parent=14769"}],"wp:term":[{"taxonomy":"product_brand","embeddable":true,"href":"https:\/\/mirekskursii.com\/tr\/wp-json\/wp\/v2\/product_brand?post=14769"},{"taxonomy":"product_cat","embeddable":true,"href":"https:\/\/mirekskursii.com\/tr\/wp-json\/wp\/v2\/product_cat?post=14769"},{"taxonomy":"product_tag","embeddable":true,"href":"https:\/\/mirekskursii.com\/tr\/wp-json\/wp\/v2\/product_tag?post=14769"}],"curies":[{"name":"wp","href":"https:\/\/api.w.org\/{rel}","templated":true}]}}