{"id":14768,"date":"2025-11-15T22:32:18","date_gmt":"2025-11-15T19:32:18","guid":{"rendered":"https:\/\/mirekskursii.com\/?post_type=product&#038;p=14768\/"},"modified":"2026-04-13T22:36:55","modified_gmt":"2026-04-13T19:36:55","slug":"suluada-yat-turu-antalya","status":"publish","type":"product","link":"https:\/\/mirekskursii.com\/ekskursii\/suluada-yaht-tur-iz-antalya\/","title":{"rendered":"Antalya'dan Suluada Yat Turu \u2013 T\u00fcrk Maldivleri"},"content":{"rendered":"<h3 data-start=\"293\" data-end=\"310\"><strong data-start=\"297\" data-end=\"310\">\ud83c\udfdd\ufe0f Genel Bak\u0131\u015f<\/strong><\/h3>\n<p data-start=\"312\" data-end=\"535\">Antalya'dan - Kundu, Lara, G\u00fcll\u00fck ve Konyaalt\u0131 - \u00abT\u00fcrkiye'nin Maldivleri\u00bb olarak bilinen Suluada'ya do\u011fru bir deniz yolculu\u011funa \u00e7\u0131k\u0131n. Turkuaz rengi su, bembeyaz kumsallar ve \u00fc\u00e7 y\u00fczme molas\u0131 ile unutulmaz bir g\u00fcn ge\u00e7ireceksiniz.<\/p>\n<h3 data-start=\"537\" data-end=\"553\"><strong data-start=\"541\" data-end=\"553\">Dahil:<\/strong><\/h3>\n<p data-start=\"555\" data-end=\"651\"><span style=\"color: #00ff00;\"><strong>\u2713<\/strong><\/span> Otel transferi<br data-start=\"577\" data-end=\"580\" \/><span style=\"color: #00ff00;\"><strong>\u2713 <\/strong><\/span>Sigorta<br data-start=\"591\" data-end=\"594\" \/><span style=\"color: #00ff00;\"><strong>\u2713<\/strong><\/span>\u00a0Rehber: Rus\u00e7a, \u0130ngilizce<br data-start=\"616\" data-end=\"619\" \/><span style=\"color: #00ff00;\"><strong>\u2713 <\/strong><\/span>\u00d6\u011fle yeme\u011fi ve taze meyve<br data-start=\"641\" data-end=\"644\" \/><span style=\"color: #00ff00;\"><strong>\u2713 <\/strong><\/span>\u00c7ay<\/p>\n<h3 data-start=\"653\" data-end=\"672\"><strong data-start=\"657\" data-end=\"672\">Dahil de\u011fil:<\/strong><\/h3>\n<p data-start=\"674\" data-end=\"721\"><span style=\"color: #ff0000;\"><strong>\u2717<\/strong><\/span> \u0130\u00e7ecekler<br data-start=\"683\" data-end=\"686\" \/><span style=\"color: #ff0000;\"><strong>\u2717 <\/strong><\/span>Ki\u015fisel harcamalar<br data-start=\"702\" data-end=\"705\" \/><span style=\"color: #ff0000;\"><strong>\u2717 <\/strong><\/span>Foto\u011fraf ve video<\/p>\n<h3 data-start=\"723\" data-end=\"755\"><strong data-start=\"727\" data-end=\"755\">\ud83c\udf1f Turun \u00f6ne \u00e7\u0131kan \u00f6zellikleri<\/strong><\/h3>\n<p data-start=\"757\" data-end=\"1008\">\ud83d\udd39 Maldivler'in beyaz kumlu koyunda y\u00fczme<br data-start=\"799\" data-end=\"802\" \/>\ud83d\udd39 Suluada'n\u0131n gizli plajlar\u0131n\u0131 ke\u015ffetmek<br data-start=\"840\" data-end=\"843\" \/>\ud83d\udd39 A\u015fk Ma\u011faras\u0131 pitoresk bir foto\u011fraf konumudur<br data-start=\"883\" data-end=\"886\" \/>\ud83d\udd39 Gemide barbek\u00fc \u00f6\u011fle yeme\u011fi ve meze<br data-start=\"913\" data-end=\"916\" \/>\ud83d\udd39 Akdeniz'in parlak turkuaz sular\u0131<br data-start=\"957\" data-end=\"960\" \/>\ud83d\udd39 \u00c7iftler, aileler ve dinlendirici tatiller i\u00e7in ideal<\/p>\n<h3 data-start=\"1010\" data-end=\"1036\"><strong data-start=\"1014\" data-end=\"1036\">\ud83d\udcd6 Tam a\u00e7\u0131klama<\/strong><\/h3>\n<div data-start=\"1038\" data-end=\"1225\">Turunuz Antalya il\u00e7elerinden - Kundu, Lara, G\u00fcll\u00fck, Konyaalt\u0131 - Adrasan liman\u0131na transfer ile ba\u015flar. Bir katamarana binerek, T\u00fcrkiye'nin en g\u00fczel adalar\u0131ndan biri olan Suluada'ya yelken a\u00e7acaks\u0131n\u0131z.<\/div>\n<div data-start=\"1227\" data-end=\"1428\">\u0130lk durak <strong data-start=\"1246\" data-end=\"1264\">Maldivler koyu<\/strong>, Beyaz kumu ve berrak suyu ile tan\u0131n\u0131r. \u0130kinci durak ise <strong data-start=\"1328\" data-end=\"1353\">Suluad'\u0131n gizli plajlar\u0131<\/strong>, Burada g\u00fcne\u015flenebilir ve sakin turkuaz suda y\u00fczebilirsiniz.<\/div>\n<div data-start=\"1430\" data-end=\"1552\">\u00dc\u00e7\u00fcnc\u00fc durak <strong data-start=\"1449\" data-end=\"1465\">A\u015fk Ma\u011faras\u0131<\/strong>, Suyun mavinin inan\u0131lmaz tonlar\u0131na b\u00fcr\u00fcnd\u00fc\u011f\u00fc ve foto\u011fraflar i\u00e7in m\u00fckemmel oldu\u011fu bir yer.<\/div>\n<div data-start=\"1554\" data-end=\"1682\">Gemide bal\u0131k, tavuk, salata ve mezelerden olu\u015fan lezzetli bir barbek\u00fc \u00f6\u011fle yeme\u011fi servis edilir. \u00d6\u011fle yeme\u011finden sonra Adrasan liman\u0131na d\u00f6nmeden \u00f6nce \u00e7ay ve dinlenme.<\/div>\n<h3 data-start=\"1684\" data-end=\"1710\"><strong data-start=\"1688\" data-end=\"1710\">\ud83d\uddfa\ufe0f Tur Program\u0131<\/strong><\/h3>\n<p data-start=\"1712\" data-end=\"1955\">\ud83d\udd39 Antalya ve \u00e7evresinden transfer<br data-start=\"1749\" data-end=\"1752\" \/>\ud83d\udd39 Adrasan liman\u0131na var\u0131\u015f<br data-start=\"1778\" data-end=\"1781\" \/>\ud83d\udd39 Maldivler K\u00f6rfezi'nde Y\u00fczme<br data-start=\"1808\" data-end=\"1811\" \/>\ud83d\udd39 Gizli plajlarda mola vermek<br data-start=\"1841\" data-end=\"1844\" \/>\ud83d\udd39 A\u015fk Ma\u011faras\u0131'nda durun.<br data-start=\"1871\" data-end=\"1874\" \/>\ud83d\udd39 Gemide \u00f6\u011fle yeme\u011fi<br data-start=\"1890\" data-end=\"1893\" \/>\ud83d\udd39 \u00c7ay ve rahatlama<br data-start=\"1907\" data-end=\"1910\" \/>\ud83d\udd39 Limana geri d\u00f6n\u00fcn<br data-start=\"1931\" data-end=\"1934\" \/>\ud83d\udd39 Otele transfer<\/p>\n<h3 data-start=\"1957\" data-end=\"1983\"><strong data-start=\"1961\" data-end=\"1983\">\ud83d\udeab \u015eunlar i\u00e7in uygun de\u011fildir<\/strong><\/h3>\n<p data-start=\"1985\" data-end=\"2072\">\ud83d\udd39 Hareket kabiliyeti k\u0131s\u0131tl\u0131 ki\u015filer<br data-start=\"2021\" data-end=\"2024\" \/>\ud83d\udd39 Ciddi hastal\u0131\u011f\u0131 olan gezginler<\/p>\n<h3 data-start=\"2074\" data-end=\"2102\"><strong data-start=\"2078\" data-end=\"2102\">\ud83c\udf92 Yan\u0131n\u0131za ne almal\u0131s\u0131n\u0131z<\/strong><\/h3>\n<p data-start=\"2104\" data-end=\"2227\">\ud83d\udd39 Mayo ve havlu.<br data-start=\"2128\" data-end=\"2131\" \/>\ud83d\udd39 G\u00fcne\u015f g\u00f6zl\u00fc\u011f\u00fc ve krem<br data-start=\"2160\" data-end=\"2163\" \/>\ud83d\udd39 \u015eapka veya panama.<br data-start=\"2182\" data-end=\"2185\" \/>\ud83d\udd39 Su ge\u00e7irmez k\u0131l\u0131f<br data-start=\"2211\" data-end=\"2214\" \/>\ud83d\udd39 Nakit<\/p>\n<h3 data-start=\"2229\" data-end=\"2248\"><strong data-start=\"2233\" data-end=\"2248\">Yasakland\u0131<\/strong><\/h3>\n<p data-start=\"2250\" data-end=\"2329\">\ud83d\udd39 Kendi yiyecek ve i\u00e7ecekleri<br data-start=\"2278\" data-end=\"2281\" \/>\ud83d\udd39 Hayvanlar<br data-start=\"2292\" data-end=\"2295\" \/>\ud83d\udd39 Kapal\u0131 alanlarda sigara i\u00e7mek<\/p>\n<h3 data-start=\"2331\" data-end=\"2361\"><strong data-start=\"2335\" data-end=\"2361\">\u2139\ufe0f Faydal\u0131 bilgiler<\/strong><\/h3>\n<p data-start=\"2363\" data-end=\"2581\">\ud83d\udd39 Tur s\u00fcresi: yakla\u015f\u0131k 8 saat<br data-start=\"2403\" data-end=\"2406\" \/>\ud83d\udd39 Rota hava ko\u015fullar\u0131na ba\u011fl\u0131d\u0131r<br data-start=\"2444\" data-end=\"2447\" \/>\ud83d\udd39 Orta d\u00fczeyde fiziksel aktivite<br data-start=\"2481\" data-end=\"2484\" \/>\ud83d\udd39 Ayr\u0131 bir koltu\u011fu olmayan 5 ya\u015f\u0131ndan k\u00fc\u00e7\u00fck \u00e7ocuklar bir yeti\u015fkinin kuca\u011f\u0131nda oturur (\u00f6nceden rezervasyon yap\u0131labilir)<\/p>\n<h3 data-start=\"2583\" data-end=\"2613\"><strong data-start=\"2587\" data-end=\"2613\">\ud83d\udcb8 Fiyat ve rezervasyon<\/strong><\/h3>\n<p data-start=\"2615\" data-end=\"2755\"><strong>\ud83d\udd39 \u015eimdi rezervasyon yap\u0131n - tur g\u00fcn\u00fc \u00f6deme yap\u0131n<\/strong><br data-start=\"2661\" data-end=\"2664\" \/>\ud83d\udd39 WhatsApp, Telegram, Viber \u00fczerinden bize ula\u015f\u0131n veya a\u015fa\u011f\u0131daki sipari\u015f formunu doldurun. \ud83d\udc47\ud83c\udffc<\/p>","protected":false},"excerpt":{"rendered":"<p>Antalya'dan Suluada turu: turkuaz sular, beyaz kumsallar, A\u015fk Ma\u011faras\u0131 ve barbek\u00fc \u00f6\u011fle yeme\u011fi. Aileler ve do\u011fa severler i\u00e7in pop\u00fcler bir deniz turu.<\/p>","protected":false},"featured_media":12423,"comment_status":"open","ping_status":"closed","template":"","meta":[],"product_brand":[],"product_cat":[123],"product_tag":[107],"class_list":{"0":"post-14768","1":"product","2":"type-product","3":"status-publish","4":"has-post-thumbnail","6":"tour_phys-ekskursii-v-antalya","7":"tour_phys-yacht-tury","8":"product_cat-ekskursii-v-antalya","9":"product_tag-antalya","10":"pa_destination-ekskursii-v-antalya","11":"pa_kategori-yacht-tury","13":"first","14":"instock","15":"sale","16":"shipping-taxable","17":"purchasable","18":"product-type-tour_phys"},"aioseo_notices":[],"_links":{"self":[{"href":"https:\/\/mirekskursii.com\/tr\/wp-json\/wp\/v2\/product\/14768","targetHints":{"allow":["GET"]}}],"collection":[{"href":"https:\/\/mirekskursii.com\/tr\/wp-json\/wp\/v2\/product"}],"about":[{"href":"https:\/\/mirekskursii.com\/tr\/wp-json\/wp\/v2\/types\/product"}],"replies":[{"embeddable":true,"href":"https:\/\/mirekskursii.com\/tr\/wp-json\/wp\/v2\/comments?post=14768"}],"wp:featuredmedia":[{"embeddable":true,"href":"https:\/\/mirekskursii.com\/tr\/wp-json\/wp\/v2\/media\/12423"}],"wp:attachment":[{"href":"https:\/\/mirekskursii.com\/tr\/wp-json\/wp\/v2\/media?parent=14768"}],"wp:term":[{"taxonomy":"product_brand","embeddable":true,"href":"https:\/\/mirekskursii.com\/tr\/wp-json\/wp\/v2\/product_brand?post=14768"},{"taxonomy":"product_cat","embeddable":true,"href":"https:\/\/mirekskursii.com\/tr\/wp-json\/wp\/v2\/product_cat?post=14768"},{"taxonomy":"product_tag","embeddable":true,"href":"https:\/\/mirekskursii.com\/tr\/wp-json\/wp\/v2\/product_tag?post=14768"}],"curies":[{"name":"wp","href":"https:\/\/api.w.org\/{rel}","templated":true}]}}