{"id":14767,"date":"2025-11-15T22:30:52","date_gmt":"2025-11-15T19:30:52","guid":{"rendered":"https:\/\/mirekskursii.com\/?post_type=product&#038;p=14767\/"},"modified":"2026-04-06T20:18:20","modified_gmt":"2026-04-06T17:18:20","slug":"porto-ceneviz-yat-turu-antalya","status":"publish","type":"product","link":"https:\/\/mirekskursii.com\/ekskursii\/porto-dzheneviz-golubaya-laguna-iz-antalya\/","title":{"rendered":"Antalya'dan Porto Ceneviz Yat Turu \u2013 Adrasan Sazak Koyu"},"content":{"rendered":"<h3 data-start=\"321\" data-end=\"337\"><strong data-start=\"325\" data-end=\"337\">\u2600\ufe0f \u0130nceleme<\/strong><\/h3>\n<p data-start=\"339\" data-end=\"617\">Antalya, Kundu, Lara, G\u00fcll\u00fck ve Konyaalt\u0131'ndan Adrasan'\u0131n koylar\u0131 olan Porto Genese, Aksek Koyu, Korsan Koyu ve Fosforlu Ma\u011fara'da manzaral\u0131 bir deniz turuna \u00e7\u0131k\u0131n. Parlak turkuaz su, do\u011fan\u0131n huzuru, kil banyosu ve bir yatta lezzetli bir \u00f6\u011fle yeme\u011fi - deniz severler i\u00e7in m\u00fckemmel bir tatil.<\/p>\n<h3 data-start=\"619\" data-end=\"635\"><strong data-start=\"623\" data-end=\"635\">Dahil:<\/strong><\/h3>\n<p data-start=\"637\" data-end=\"763\"><span style=\"color: #00ff00;\"><strong>\u2713<\/strong><\/span> Otel transferi<br data-start=\"659\" data-end=\"662\" \/><span style=\"color: #00ff00;\"><strong>\u2713 <\/strong><\/span>Konforlu otob\u00fcs<br data-start=\"687\" data-end=\"690\" \/><span style=\"color: #00ff00;\"><strong>\u2713 <\/strong><\/span>Sigorta<br data-start=\"701\" data-end=\"704\" \/><span style=\"color: #00ff00;\"><strong>\u2713 <\/strong><\/span>Rehber: Rus\u00e7a, \u0130ngilizce<br data-start=\"726\" data-end=\"729\" \/><span style=\"color: #00ff00;\"><strong>\u2713 <\/strong><\/span>\u00d6\u011fle yeme\u011fi ve meyve<br data-start=\"744\" data-end=\"747\" \/><span style=\"color: #00ff00;\"><strong>\u2713 <\/strong><\/span>Gemide \u00e7ay<\/p>\n<h3 data-start=\"765\" data-end=\"784\"><strong data-start=\"769\" data-end=\"784\">Dahil de\u011fil:<\/strong><\/h3>\n<p data-start=\"786\" data-end=\"833\"><span style=\"color: #ff0000;\"><strong>\u2717<\/strong> <\/span>\u0130\u00e7ecekler<br data-start=\"795\" data-end=\"798\" \/><span style=\"color: #ff0000;\"><strong>\u2717<\/strong> <\/span>Ki\u015fisel harcamalar<br data-start=\"814\" data-end=\"817\" \/><span style=\"color: #ff0000;\"><strong>\u2717<\/strong> <\/span>Foto\u011fraf ve video<\/p>\n<h3 data-start=\"835\" data-end=\"868\"><strong data-start=\"839\" data-end=\"868\">\ud83c\udfdd\ufe0f Turda \u00d6ne \u00c7\u0131kanlar<\/strong><\/h3>\n<p data-start=\"870\" data-end=\"1085\">\ud83d\udd39 Porto Genovese k\u00f6rfezinde y\u00fczme<br data-start=\"904\" data-end=\"907\" \/>\ud83d\udd39 Axe Bay ve Pirate Bay'de Durmak<br data-start=\"950\" data-end=\"953\" \/>\ud83d\udd39 Butik yat gezisi<br data-start=\"982\" data-end=\"985\" \/>\ud83d\udd39 Rahatlat\u0131c\u0131 kil banyosu.<br data-start=\"1016\" data-end=\"1019\" \/>\ud83d\udd39 Fosforlu Ma\u011fara'y\u0131 ziyaret etme f\u0131rsat\u0131<br data-start=\"1058\" data-end=\"1061\" \/>\ud83d\udd39 Gemide \u00f6\u011fle yeme\u011fi ve \u00e7ay<\/p>\n<h3 data-start=\"1087\" data-end=\"1121\"><strong data-start=\"1091\" data-end=\"1121\">\ud83d\udcdc Detayl\u0131 tur a\u00e7\u0131klamas\u0131<\/strong><\/h3>\n<div data-start=\"1123\" data-end=\"1311\">G\u00fcn\u00fcn\u00fcz Antalya'n\u0131n Kundu, Lara, G\u00fcll\u00fck ve Konyaalt\u0131 semtlerinden Adrasan Liman\u0131'na transferle ba\u015flayacak. Burada \u015f\u0131k bir yata binecek ve b\u00f6lgenin en g\u00fczel koylar\u0131na yelken a\u00e7acaks\u0131n\u0131z.<\/div>\n<div data-start=\"1313\" data-end=\"1439\"><strong data-start=\"1313\" data-end=\"1332\">Aksek Koyu<\/strong><br data-start=\"1332\" data-end=\"1335\" \/>\u0130lk durak yakla\u015f\u0131k 30 dakika y\u00fczme ve dinlenmedir. Deniz kestaneleri nedeniyle \u00f6zel ayakkab\u0131lar tavsiye edilir.<\/div>\n<div data-start=\"1441\" data-end=\"1600\"><strong data-start=\"1441\" data-end=\"1460\">Porto Genovese<\/strong><br data-start=\"1460\" data-end=\"1463\" \/>Turkuaz renkli suya sahip pop\u00fcler bir koy. Burada y\u00fczebilir, kil maskesi yapabilir ve \u00f6\u011fle yeme\u011finin tad\u0131n\u0131 \u00e7\u0131karabilirsiniz. Mola yakla\u015f\u0131k 60 dakikad\u0131r.<\/div>\n<div data-start=\"1602\" data-end=\"1710\"><strong data-start=\"1602\" data-end=\"1621\">Pirate Bay<\/strong><br data-start=\"1621\" data-end=\"1624\" \/>Y\u00fczmek i\u00e7in bir ba\u015fka durak - kayalar\u0131n ve berrak suyun aras\u0131nda yakla\u015f\u0131k 40 dakika rahatlama.<\/div>\n<div data-start=\"1712\" data-end=\"1833\"><strong data-start=\"1712\" data-end=\"1731\">Fosforlu Ma\u011fara<\/strong><br data-start=\"1731\" data-end=\"1734\" \/>Hava g\u00fczel oldu\u011funda yat, parlayan suyun b\u00fcy\u00fcl\u00fc etkisiyle \u00fcnl\u00fc parlayan ma\u011faraya girer.<\/div>\n<div data-start=\"1835\" data-end=\"1930\">Seyahat program\u0131n\u0131 tamamlad\u0131ktan sonra, otelinize transferin organize edildi\u011fi limana geri d\u00f6neceksiniz.<\/div>\n<h3 data-start=\"1932\" data-end=\"1958\"><strong data-start=\"1936\" data-end=\"1958\">\ud83d\udeab \u015eunlar i\u00e7in uygun de\u011fildir<\/strong><\/h3>\n<p data-start=\"1960\" data-end=\"2050\">\ud83d\udd39 Hareket kabiliyeti k\u0131s\u0131tl\u0131 ki\u015filer<br data-start=\"1996\" data-end=\"1999\" \/>\ud83d\udd39 \u015eiddetli deniz tutmas\u0131 olan gezginler<\/p>\n<h3 data-start=\"2052\" data-end=\"2080\"><strong data-start=\"2056\" data-end=\"2080\">\ud83c\udf92 Yan\u0131n\u0131za ne almal\u0131s\u0131n\u0131z<\/strong><\/h3>\n<p data-start=\"2082\" data-end=\"2216\">\ud83d\udd39 Mayo ve havlu.<br data-start=\"2106\" data-end=\"2109\" \/>\ud83d\udd39 G\u00fcne\u015f g\u00f6zl\u00fc\u011f\u00fc ve krem<br data-start=\"2138\" data-end=\"2141\" \/>\ud83d\udd39 Panama<br data-start=\"2150\" data-end=\"2153\" \/>\ud83d\udd39 \u0130\u00e7me suyu<br data-start=\"2169\" data-end=\"2172\" \/>\ud83d\udd39 \u015enorkel ekipmanlar\u0131 (iste\u011fe ba\u011fl\u0131)<\/p>\n<h3 data-start=\"2218\" data-end=\"2237\"><strong data-start=\"2222\" data-end=\"2237\">Yasakland\u0131<\/strong><\/h3>\n<p data-start=\"2239\" data-end=\"2354\">\ud83d\udd39 Yat\u0131n kapal\u0131 alanlar\u0131nda sigara i\u00e7mek<br data-start=\"2276\" data-end=\"2279\" \/>\ud83d\udd39 Tekne hareket halindeyken atlamak<br data-start=\"2311\" data-end=\"2314\" \/>\ud83d\udd39 Y\u00fcksek sesli m\u00fczik ve rahats\u0131z edici davran\u0131\u015flar<\/p>\n<h3 data-start=\"2356\" data-end=\"2386\"><strong data-start=\"2360\" data-end=\"2386\">\u2139\ufe0f Faydal\u0131 bilgiler<\/strong><\/h3>\n<p data-start=\"2388\" data-end=\"2652\">\ud83d\udd39 Rota hava ko\u015fullar\u0131na ba\u011fl\u0131d\u0131r<br data-start=\"2426\" data-end=\"2429\" \/>\ud83d\udd39 Baz\u0131 duraklar k\u0131salt\u0131labilir<br data-start=\"2472\" data-end=\"2475\" \/>\ud83d\udd39 Bu \u00f6zel bir \u015fnorkel turu de\u011fildir<br data-start=\"2517\" data-end=\"2520\" \/>\ud83d\udd39 Kaymayan ayakkab\u0131lar tercih edilir<br data-start=\"2552\" data-end=\"2555\" \/>\ud83d\udd39 Ayr\u0131 bir koltu\u011fu olmayan 5 ya\u015f\u0131ndan k\u00fc\u00e7\u00fck \u00e7ocuklar bir yeti\u015fkinin kuca\u011f\u0131nda oturur (\u00f6nceden rezervasyon yap\u0131labilir)<\/p>\n<h3 data-start=\"2654\" data-end=\"2684\"><strong data-start=\"2658\" data-end=\"2684\">\ud83d\udcb8 Fiyat ve rezervasyon<\/strong><\/h3>\n<p data-start=\"2686\" data-end=\"2826\"><strong>\ud83d\udd39 \u015eimdi rezervasyon yap\u0131n - tur g\u00fcn\u00fc \u00f6deme yap\u0131n<\/strong><br data-start=\"2732\" data-end=\"2735\" \/>\ud83d\udd39 WhatsApp, Telegram, Viber \u00fczerinden bize ula\u015f\u0131n veya a\u015fa\u011f\u0131daki sipari\u015f formunu doldurun. \ud83d\udc47\ud83c\udffc<\/p>","protected":false},"excerpt":{"rendered":"<p>Antalya'dan Adrasan koylar\u0131na yat turu: Porto Genese, Aksek Koyu, Korsan Koyu, Fosforlu Ma\u011fara. Y\u00fczme, \u00f6\u011fle yeme\u011fi, kil banyosu ve turkuaz deniz.<\/p>","protected":false},"featured_media":12442,"comment_status":"open","ping_status":"closed","template":"","meta":[],"product_brand":[],"product_cat":[123],"product_tag":[107],"class_list":{"0":"post-14767","1":"product","2":"type-product","3":"status-publish","4":"has-post-thumbnail","6":"tour_phys-ekskursii-v-antalya","7":"tour_phys-yacht-tury","8":"product_cat-ekskursii-v-antalya","9":"product_tag-antalya","10":"pa_destination-ekskursii-v-antalya","11":"pa_kategori-yacht-tury","13":"first","14":"instock","15":"sale","16":"shipping-taxable","17":"purchasable","18":"product-type-tour_phys"},"aioseo_notices":[],"_links":{"self":[{"href":"https:\/\/mirekskursii.com\/tr\/wp-json\/wp\/v2\/product\/14767","targetHints":{"allow":["GET"]}}],"collection":[{"href":"https:\/\/mirekskursii.com\/tr\/wp-json\/wp\/v2\/product"}],"about":[{"href":"https:\/\/mirekskursii.com\/tr\/wp-json\/wp\/v2\/types\/product"}],"replies":[{"embeddable":true,"href":"https:\/\/mirekskursii.com\/tr\/wp-json\/wp\/v2\/comments?post=14767"}],"wp:featuredmedia":[{"embeddable":true,"href":"https:\/\/mirekskursii.com\/tr\/wp-json\/wp\/v2\/media\/12442"}],"wp:attachment":[{"href":"https:\/\/mirekskursii.com\/tr\/wp-json\/wp\/v2\/media?parent=14767"}],"wp:term":[{"taxonomy":"product_brand","embeddable":true,"href":"https:\/\/mirekskursii.com\/tr\/wp-json\/wp\/v2\/product_brand?post=14767"},{"taxonomy":"product_cat","embeddable":true,"href":"https:\/\/mirekskursii.com\/tr\/wp-json\/wp\/v2\/product_cat?post=14767"},{"taxonomy":"product_tag","embeddable":true,"href":"https:\/\/mirekskursii.com\/tr\/wp-json\/wp\/v2\/product_tag?post=14767"}],"curies":[{"name":"wp","href":"https:\/\/api.w.org\/{rel}","templated":true}]}}