{"id":14766,"date":"2025-11-15T22:26:26","date_gmt":"2025-11-15T19:26:26","guid":{"rendered":"https:\/\/mirekskursii.com\/?post_type=product&#038;p=14766\/"},"modified":"2025-12-11T22:10:02","modified_gmt":"2025-12-11T19:10:02","slug":"relax-yat-turu-antalya","status":"publish","type":"product","link":"https:\/\/mirekskursii.com\/ekskursii\/relaks-yaht-tur-iz-antalya\/","title":{"rendered":"Antalya'dan Relax Yat Turu \u2013 K\u00fc\u00e7\u00fck Grup Yat Gezisi"},"content":{"rendered":"<h3 data-start=\"312\" data-end=\"328\"><strong data-start=\"316\" data-end=\"328\">\ud83d\udea4 \u0130nceleme<\/strong><\/h3>\n<p data-start=\"330\" data-end=\"535\">Antalya'dan - Kundu, Lara, G\u00fcll\u00fck ve Konyaalt\u0131 - VIP bir yatla huzurlu bir deniz yolculu\u011funa \u00e7\u0131k\u0131n. G\u00f6zlerden uzak koylarda y\u00fczme, sessizlik, konfor ve lezzetli yemekler aileler ve \u00e7iftler i\u00e7in m\u00fckemmel bir tatil yarat\u0131yor.<\/p>\n<h3 data-start=\"537\" data-end=\"554\"><strong data-start=\"541\" data-end=\"554\">Dahil:<\/strong><\/h3>\n<p data-start=\"556\" data-end=\"730\"><span style=\"color: #00ff00;\"><strong>\u2713<\/strong> <\/span>Otel transferi<br data-start=\"578\" data-end=\"581\" \/><span style=\"color: #00ff00;\"><strong>\u2713<\/strong> <\/span>Konforlu ta\u015f\u0131ma<br data-start=\"608\" data-end=\"611\" \/><span style=\"color: #00ff00;\"><strong>\u2713<\/strong> <\/span>Rehber: Rus\u00e7a, \u0130ngilizce<br data-start=\"637\" data-end=\"640\" \/><span style=\"color: #00ff00;\"><strong>\u2713<\/strong> <\/span>Tam sigorta<br data-start=\"658\" data-end=\"661\" \/><span style=\"color: #00ff00;\"><strong>\u2713<\/strong> <\/span>\u00d6\u011fle yeme\u011fi (\u0131zgara levrek).<br data-start=\"683\" data-end=\"686\" \/><span style=\"color: #00ff00;\"><strong>\u2713<\/strong> <\/span>Her misafir i\u00e7in ayr\u0131 \u015fezlong<\/p>\n<h3 data-start=\"732\" data-end=\"752\"><strong data-start=\"736\" data-end=\"752\">Dahil de\u011fil:<\/strong><\/h3>\n<p data-start=\"754\" data-end=\"801\"><strong><span style=\"color: #ff0000;\">\u2717<\/span> <\/strong>\u0130\u00e7ecekler<br data-start=\"763\" data-end=\"766\" \/><strong><span style=\"color: #ff0000;\">\u2717<\/span> <\/strong>Ki\u015fisel harcamalar<br data-start=\"782\" data-end=\"785\" \/><strong><span style=\"color: #ff0000;\">\u2717<\/span> <\/strong>Foto\u011fraf ve video<\/p>\n<h3 data-start=\"803\" data-end=\"835\"><strong data-start=\"807\" data-end=\"835\">\ud83c\udf1f Turun \u00f6ne \u00e7\u0131kan \u00f6zellikleri<\/strong><\/h3>\n<p data-start=\"837\" data-end=\"1097\">\ud83d\udd39 S\u0131n\u0131rl\u0131 say\u0131da misafir ile VIP yat<br data-start=\"882\" data-end=\"885\" \/>\ud83d\udd39 Tam sessizlik - m\u00fczik veya y\u00fcksek sesli bantlar yok<br data-start=\"930\" data-end=\"933\" \/>\ud83d\udd39 Pitoresk tenha koylarda y\u00fczme<br data-start=\"974\" data-end=\"977\" \/>\ud83d\udd39 Gemide Akdeniz usul\u00fc \u00f6\u011fle yeme\u011fi<br data-start=\"1011\" data-end=\"1014\" \/>\ud83d\udd39 \u00c7iftler ve aileler i\u00e7in harika<br data-start=\"1049\" data-end=\"1052\" \/>\ud83d\udd39 Her misafir i\u00e7in ayr\u0131 \u015fezlong<\/p>\n<h3 data-start=\"1099\" data-end=\"1125\"><strong data-start=\"1103\" data-end=\"1125\">\ud83d\udcd6 Tam a\u00e7\u0131klama<\/strong><\/h3>\n<div data-start=\"1127\" data-end=\"1332\">VIP Relax, Akdeniz'in tad\u0131n\u0131 huzur ve konfor i\u00e7inde \u00e7\u0131karmak isteyenler i\u00e7in birinci s\u0131n\u0131f bir deniz turudur. Gemide y\u00fcksek sesli m\u00fczik, kuyruklar veya kalabal\u0131k yoktur - sadece deniz, g\u00fcne\u015f ve rahatlama vard\u0131r.<\/div>\n<div data-start=\"1334\" data-end=\"1540\">Rota, y\u00fczebilece\u011finiz, g\u00fcne\u015flenebilece\u011finiz ve g\u00fczel foto\u011fraflar \u00e7ekebilece\u011finiz sakin koylarda birka\u00e7 y\u00fczme dura\u011f\u0131 i\u00e7erir.<br data-start=\"1455\" data-end=\"1458\" \/>Gemide \u00f6\u011fle yeme\u011fi taze pi\u015firilmi\u015f levrek, garnit\u00fcr, salata ve meyveden olu\u015fmaktad\u0131r.<\/div>\n<div data-start=\"1542\" data-end=\"1644\">Talep \u00fczerine vejetaryen men\u00fc de sunulmaktad\u0131r. Tur, dinlendirici ve romantik bir tatil i\u00e7in idealdir.<\/div>\n<h3 data-start=\"1646\" data-end=\"1672\"><strong data-start=\"1650\" data-end=\"1672\">\ud83d\uddfa\ufe0f Tur Program\u0131<\/strong><\/h3>\n<p data-start=\"1674\" data-end=\"1917\">\ud83d\udd39 Antalya ve kom\u015fu b\u00f6lgelerden transfer<br data-start=\"1718\" data-end=\"1721\" \/>\ud83d\udd39 Limana var\u0131\u015f ve yata bini\u015f<br data-start=\"1757\" data-end=\"1760\" \/>\ud83d\udd39 K\u0131y\u0131 \u015feridi boyunca tekne turu<br data-start=\"1795\" data-end=\"1798\" \/>\ud83d\udd39 2-3 koyda y\u0131kanma duraklar\u0131<br data-start=\"1835\" data-end=\"1838\" \/>\ud83d\udd39 Deniz manzaral\u0131 \u00f6\u011fle yeme\u011fi<br data-start=\"1861\" data-end=\"1864\" \/>\ud83d\udd39 Dinlenin ve limana d\u00f6n\u00fcn<br data-start=\"1893\" data-end=\"1896\" \/>\ud83d\udd39 Otele transfer<\/p>\n<h3 data-start=\"1919\" data-end=\"1949\"><strong data-start=\"1923\" data-end=\"1949\">\u2139\ufe0f Faydal\u0131 bilgiler<\/strong><\/h3>\n<p data-start=\"1951\" data-end=\"2124\">\ud83d\udd39 Yerler s\u0131n\u0131rl\u0131d\u0131r - erken rezervasyon \u00f6nerilir<br data-start=\"2004\" data-end=\"2007\" \/>\ud83d\udd39 Vejetaryen men\u00fc istek \u00fczerine mevcuttur<br data-start=\"2049\" data-end=\"2052\" \/>\ud83d\udd39 Tur her ya\u015f i\u00e7in uygundur<br data-start=\"2086\" data-end=\"2089\" \/>\ud83d\udd39 Yat \u00fczerinde konforlu salon alanlar\u0131<\/p>\n<h3 data-start=\"2126\" data-end=\"2154\"><strong data-start=\"2130\" data-end=\"2154\">\ud83c\udf92 Yan\u0131n\u0131za ne almal\u0131s\u0131n\u0131z<\/strong><\/h3>\n<p data-start=\"2156\" data-end=\"2244\">\ud83d\udd39 Mayo<br data-start=\"2168\" data-end=\"2171\" \/>\ud83d\udd39 Havlu<br data-start=\"2183\" data-end=\"2186\" \/>\ud83d\udd39 G\u00fcne\u015f G\u00f6zl\u00fc\u011f\u00fc<br data-start=\"2208\" data-end=\"2211\" \/>\ud83d\udd39 G\u00fcne\u015f Kremi<br data-start=\"2228\" data-end=\"2231\" \/>\ud83d\udd39 Nakit<\/p>\n<h3 data-start=\"2246\" data-end=\"2272\"><strong data-start=\"2250\" data-end=\"2272\">\ud83d\udeab \u015eunlar i\u00e7in uygun de\u011fildir<\/strong><\/h3>\n<p data-start=\"2274\" data-end=\"2409\">\ud83d\udd39 Tekerlekli sandalye kullan\u0131c\u0131lar\u0131<br data-start=\"2309\" data-end=\"2312\" \/>\ud83d\udd39 Ciddi t\u0131bbi sorunlar\u0131 olan ki\u015filer<br data-start=\"2357\" data-end=\"2360\" \/>\ud83d\udd39 Uyumak i\u00e7in ayr\u0131 bir yere ihtiya\u00e7 duyan bebekler<\/p>\n<h3 data-start=\"2411\" data-end=\"2441\"><strong data-start=\"2415\" data-end=\"2441\">\ud83d\udcb8 Fiyat ve rezervasyon<\/strong><\/h3>\n<p data-start=\"2443\" data-end=\"2583\"><strong>\ud83d\udd39 \u015eimdi rezervasyon yap\u0131n - tur g\u00fcn\u00fc \u00f6deme yap\u0131n<\/strong><br data-start=\"2489\" data-end=\"2492\" \/>\ud83d\udd39 WhatsApp, Telegram, Viber \u00fczerinden bize ula\u015f\u0131n veya a\u015fa\u011f\u0131daki sipari\u015f formunu doldurun. \ud83d\udc47\ud83c\udffc<\/p>","protected":false},"excerpt":{"rendered":"<p>Antalya'dan VIP bir yatta \u00f6\u011fle yeme\u011fi, levrek, y\u00fczme ve \u015fezlonglarla rahatlay\u0131n. Konfor, tenha koylar ve m\u00fckemmel bir tatil<\/p>","protected":false},"featured_media":14735,"comment_status":"open","ping_status":"closed","template":"","meta":[],"product_brand":[],"product_cat":[123],"product_tag":[107],"class_list":{"0":"post-14766","1":"product","2":"type-product","3":"status-publish","4":"has-post-thumbnail","6":"tour_phys-ekskursii-v-antalya","7":"tour_phys-yacht-tury","8":"product_cat-ekskursii-v-antalya","9":"product_tag-antalya","10":"pa_destination-ekskursii-v-kemer","11":"pa_kategori-yacht-tury","13":"first","14":"instock","15":"sale","16":"shipping-taxable","17":"purchasable","18":"product-type-tour_phys"},"aioseo_notices":[],"_links":{"self":[{"href":"https:\/\/mirekskursii.com\/tr\/wp-json\/wp\/v2\/product\/14766","targetHints":{"allow":["GET"]}}],"collection":[{"href":"https:\/\/mirekskursii.com\/tr\/wp-json\/wp\/v2\/product"}],"about":[{"href":"https:\/\/mirekskursii.com\/tr\/wp-json\/wp\/v2\/types\/product"}],"replies":[{"embeddable":true,"href":"https:\/\/mirekskursii.com\/tr\/wp-json\/wp\/v2\/comments?post=14766"}],"wp:featuredmedia":[{"embeddable":true,"href":"https:\/\/mirekskursii.com\/tr\/wp-json\/wp\/v2\/media\/14735"}],"wp:attachment":[{"href":"https:\/\/mirekskursii.com\/tr\/wp-json\/wp\/v2\/media?parent=14766"}],"wp:term":[{"taxonomy":"product_brand","embeddable":true,"href":"https:\/\/mirekskursii.com\/tr\/wp-json\/wp\/v2\/product_brand?post=14766"},{"taxonomy":"product_cat","embeddable":true,"href":"https:\/\/mirekskursii.com\/tr\/wp-json\/wp\/v2\/product_cat?post=14766"},{"taxonomy":"product_tag","embeddable":true,"href":"https:\/\/mirekskursii.com\/tr\/wp-json\/wp\/v2\/product_tag?post=14766"}],"curies":[{"name":"wp","href":"https:\/\/api.w.org\/{rel}","templated":true}]}}