{"id":14765,"date":"2025-11-15T22:22:47","date_gmt":"2025-11-15T19:22:47","guid":{"rendered":"https:\/\/mirekskursii.com\/?post_type=product&#038;p=14765\/"},"modified":"2026-03-02T22:19:39","modified_gmt":"2026-03-02T19:19:39","slug":"rafting-turu-koprulu-kanyon-antalya","status":"publish","type":"product","link":"https:\/\/mirekskursii.com\/ekskursii\/rafting-koprulu-kanion-iz-antalya\/","title":{"rendered":"Rafting Turu K\u00f6pr\u00fcl\u00fc Kanyon Antalya \u00c7\u0131k\u0131\u015fl\u0131 \u2013 Do\u011fada Macera Gezisi"},"content":{"rendered":"<h3 data-start=\"196\" data-end=\"211\">\ud83d\udea3\u200d\u2642\ufe0f \u0130nceleme<\/h3>\n<p data-start=\"213\" data-end=\"452\">Antalya ve G\u00fcll\u00fck, Kundu, Lara ve Konyaalt\u0131 il\u00e7elerinden hareketle K\u00f6pr\u00fcl\u00fc Kanyon'da heyecan verici bir rafting turuna \u00e7\u0131k\u0131n. A\u00e7\u0131k hava merakl\u0131lar\u0131 i\u00e7in m\u00fckemmel bir se\u00e7im olan 14 km rafting, 10 rapid, nehirde y\u00fczme ve do\u011fada \u00f6\u011fle yeme\u011finin tad\u0131n\u0131 \u00e7\u0131karacaks\u0131n\u0131z.<\/p>\n<h3 data-start=\"454\" data-end=\"466\">Dahil:<\/h3>\n<p data-start=\"468\" data-end=\"591\"><span style=\"color: #00ff00;\"><strong>\u2713<\/strong> <\/span>Otel transferi<br data-start=\"490\" data-end=\"493\" \/><span style=\"color: #00ff00;\"><strong>\u2713<\/strong> <\/span>Konforlu otob\u00fcs<br data-start=\"518\" data-end=\"521\" \/><span style=\"color: #00ff00;\"><strong>\u2713<\/strong> <\/span>10 ki\u015filik sallar<br data-start=\"539\" data-end=\"542\" \/><span style=\"color: #00ff00;\"><strong>\u2713<\/strong> <\/span>Sigorta<br data-start=\"553\" data-end=\"556\" \/><span style=\"color: #00ff00;\"><strong>\u2713<\/strong> <\/span>Rehber: Rus\u00e7a, \u0130ngilizce<br data-start=\"582\" data-end=\"585\" \/><span style=\"color: #00ff00;\"><strong>\u2713<\/strong> <\/span>\u00d6\u011fle Yeme\u011fi<\/p>\n<h3 data-start=\"593\" data-end=\"608\">Dahil de\u011fil:<\/h3>\n<p data-start=\"610\" data-end=\"711\"><span style=\"color: #ff0000;\"><strong>\u2717<\/strong> <\/span>2 yatakl\u0131 sallar (ekstra \u00fccret)<br data-start=\"640\" data-end=\"643\" \/><span style=\"color: #ff0000;\"><strong>\u2717<\/strong> <\/span>Ki\u015fisel harcamalar, foto\u011fraflar ve videolar<br data-start=\"673\" data-end=\"676\" \/><span style=\"color: #ff0000;\"><strong>\u2717<\/strong> <\/span>\u0130\u00e7ecekler<br data-start=\"685\" data-end=\"688\" \/><span style=\"color: #ff0000;\"><strong>\u2717<\/strong> <\/span>Zipline (iste\u011fe ba\u011fl\u0131)<\/p>\n<h3 data-start=\"713\" data-end=\"741\">\ud83c\udf1f Turun \u00f6ne \u00e7\u0131kan \u00f6zellikleri<\/h3>\n<p data-start=\"743\" data-end=\"979\">\ud83d\udd39 10 rapid ile 14 km nehir raftingi<br data-start=\"780\" data-end=\"783\" \/>\ud83d\udd39 K\u00f6pr\u00fcl\u00fc Kanyon'un muhte\u015fem manzaras\u0131<br data-start=\"821\" data-end=\"824\" \/>\ud83d\udd39 Nehrin sakin k\u0131s\u0131mlar\u0131nda y\u00fczmek<br data-start=\"860\" data-end=\"863\" \/>\ud83d\udd39 Profesyonel rehberler ve ekipmanlar<br data-start=\"900\" data-end=\"903\" \/>\ud83d\udd39 Nehir kenar\u0131nda \u00f6\u011fle yeme\u011fi<br data-start=\"917\" data-end=\"920\" \/>\ud83d\udd39 \u0130ste\u011fe ba\u011fl\u0131 aktiviteler: ziplining, dal\u0131\u015f (\u00fccretli)<\/p>\n<h3 data-start=\"981\" data-end=\"1003\">\ud83d\udcd6 Tam a\u00e7\u0131klama<\/h3>\n<div data-start=\"1005\" data-end=\"1180\">G\u00fcn\u00fcn\u00fcz Antalya ve \u00e7evresinden K\u00f6pr\u00fcl\u00fc Kanyon'daki rafting \u00fcss\u00fcne transfer ile ba\u015flayacakt\u0131r. Var\u0131\u015fta, e\u011fitmenler size g\u00fcvenlik e\u011fitimi ve ekipman verecektir.<\/div>\n<div data-start=\"1182\" data-end=\"1486\">Daha sonra 10 ak\u0131nt\u0131 boyunca 14 kilometrelik bir rafting gezisine \u00e7\u0131kacaks\u0131n\u0131z. Tur hem yeni ba\u015flayanlar hem de deneyimli kat\u0131l\u0131mc\u0131lar i\u00e7in uygundur - y\u00fczme becerisi gerekmez. Rapidler aras\u0131nda y\u00fczmek ve dinlenmek i\u00e7in duraklar vard\u0131r. Dilerseniz ziplining veya dal\u0131\u015f (ekstra \u00fccret) gibi ek aktiviteleri deneyebilirsiniz.<\/div>\n<div data-start=\"1488\" data-end=\"1669\">Turun aktif b\u00f6l\u00fcm\u00fcnden sonra nehir kenar\u0131nda \u00f6\u011fle yeme\u011fi yiyeceksiniz. Daha sonra turdan video izleyebilece\u011finiz ve foto\u011fraf sat\u0131n alabilece\u011finiz biti\u015f \u00e7izgisine kadar raftinge devam edin. Sonunda - otelinize geri transfer.<\/div>\n<h3 data-start=\"1671\" data-end=\"1693\">\ud83d\uddfa\ufe0f Tur Program\u0131<\/h3>\n<p data-start=\"1695\" data-end=\"1999\">\ud83d\udd39 Antalya'dan Transfer<br data-start=\"1749\" data-end=\"1752\" \/>\ud83d\udd39 K\u00f6pr\u00fcl\u00fc Kanyon'daki \u00fcsse var\u0131\u015f<br data-start=\"1789\" data-end=\"1792\" \/>\ud83d\udd39 Talimat ve ekipman\u0131n haz\u0131rlanmas\u0131<br data-start=\"1829\" data-end=\"1832\" \/>\ud83d\udd39 10 ak\u0131nt\u0131 boyunca 14 km rafting<br data-start=\"1866\" data-end=\"1869\" \/>\ud83d\udd39 Banyo ve ek aktiviteler<br data-start=\"1907\" data-end=\"1910\" \/>\ud83d\udd39 Nehir kenar\u0131nda \u00f6\u011fle yeme\u011fi<br data-start=\"1924\" data-end=\"1927\" \/>\ud83d\udd39 Rafting gezisini bitirme ve foto\u011fraflar\u0131\/videolar\u0131 g\u00f6r\u00fcnt\u00fcleme<br data-start=\"1969\" data-end=\"1972\" \/>\ud83d\udd39 Otele geri transfer<\/p>\n<h3 data-start=\"2001\" data-end=\"2027\">\u2139\ufe0f Faydal\u0131 bilgiler<\/h3>\n<p data-start=\"2029\" data-end=\"2297\">\ud83d\udd39 Tur s\u00fcresi ~7-8 saat<br data-start=\"2060\" data-end=\"2063\" \/>\ud83d\udd39 Yeni ba\u015flayanlar i\u00e7in uygundur - y\u00fczme becerisi gerekmez<br data-start=\"2114\" data-end=\"2117\" \/>\ud83d\udd39 Ek \u00fccret kar\u015f\u0131l\u0131\u011f\u0131nda 2 ki\u015filik sallar ve zipline mevcuttur<br data-start=\"2165\" data-end=\"2168\" \/>\ud83d\udd39 Su ayakkab\u0131lar\u0131 ve \u00f6rt\u00fcleri tabanda sat\u0131lmaktad\u0131r<br data-start=\"2209\" data-end=\"2212\" \/>\ud83d\udd39 Orta d\u00fczeyde fiziksel aktivite<br data-start=\"2246\" data-end=\"2249\" \/>\ud83d\udd39 5 ya\u015f alt\u0131 \u00e7ocuklar \u00fccretsiz, ayr\u0131 bir koltuk olmadan<\/p>\n<h3 data-start=\"2299\" data-end=\"2323\">\ud83c\udf92 Yan\u0131n\u0131za ne almal\u0131s\u0131n\u0131z<\/h3>\n<p data-start=\"2325\" data-end=\"2446\">\ud83d\udd39 Mayo ve havlu.<br data-start=\"2349\" data-end=\"2352\" \/>\ud83d\udd39 Su ayakkab\u0131s\u0131<br data-start=\"2367\" data-end=\"2370\" \/>\ud83d\udd39 G\u00fcne\u015f Kremi<br data-start=\"2392\" data-end=\"2395\" \/>\ud83d\udd39 K\u0131yafet de\u011fi\u015fimi<br data-start=\"2412\" data-end=\"2415\" \/>\ud83d\udd39 Ki\u015fisel harcamalar i\u00e7in nakit<\/p>\n<h3 data-start=\"2448\" data-end=\"2470\">\ud83d\udeab \u015eunlar i\u00e7in uygun de\u011fildir<\/h3>\n<p data-start=\"2472\" data-end=\"2618\">\ud83d\udd39 Kalp hastal\u0131\u011f\u0131 olan ki\u015filer<br data-start=\"2507\" data-end=\"2510\" \/>\ud83d\udd39 Hamile kad\u0131nlar<br data-start=\"2530\" data-end=\"2533\" \/>\ud83d\udd39 70 ya\u015f \u00fcst\u00fc ki\u015filer<br data-start=\"2555\" data-end=\"2558\" \/>\ud83d\udd39 4 ya\u015f\u0131ndan k\u00fc\u00e7\u00fck \u00e7ocuklar<br data-start=\"2579\" data-end=\"2582\" \/>\ud83d\udd39 Hareket kabiliyeti k\u0131s\u0131tl\u0131 ki\u015filer<\/p>\n<h3 data-start=\"2620\" data-end=\"2646\">\ud83d\udcb8 Fiyat ve rezervasyon<\/h3>\n<p data-start=\"2648\" data-end=\"2786\"><strong>\ud83d\udd39 \u015eimdi rezervasyon yap\u0131n - tur g\u00fcn\u00fc \u00f6deme yap\u0131n<\/strong><br data-start=\"2694\" data-end=\"2697\" \/>\ud83d\udd39 WhatsApp, Telegram, Viber \u00fczerinden bize ula\u015f\u0131n veya a\u015fa\u011f\u0131daki sipari\u015f formunu doldurun. \ud83d\udc47\ud83c\udffc<\/p>","protected":false},"excerpt":{"rendered":"<p data-start=\"2831\" data-end=\"2974\">Antalya'dan K\u00f6pr\u00fcl\u00fc'ye Rafting: 14 km rafting, 10 rapid, y\u00fczme, \u00f6\u011fle yeme\u011fi, transferler ve rehber. Yeni ba\u015flayanlar ve macera severler i\u00e7in en iyi rafting turu!<\/p>","protected":false},"featured_media":12670,"comment_status":"open","ping_status":"closed","template":"","meta":[],"product_brand":[],"product_cat":[123],"product_tag":[107],"class_list":{"0":"post-14765","1":"product","2":"type-product","3":"status-publish","4":"has-post-thumbnail","6":"tour_phys-ekskursii-v-antalya","7":"product_cat-ekskursii-v-antalya","8":"product_tag-antalya","9":"pa_destination-ekskursii-v-antalya","11":"first","12":"instock","13":"sale","14":"shipping-taxable","15":"purchasable","16":"product-type-tour_phys"},"aioseo_notices":[],"_links":{"self":[{"href":"https:\/\/mirekskursii.com\/tr\/wp-json\/wp\/v2\/product\/14765","targetHints":{"allow":["GET"]}}],"collection":[{"href":"https:\/\/mirekskursii.com\/tr\/wp-json\/wp\/v2\/product"}],"about":[{"href":"https:\/\/mirekskursii.com\/tr\/wp-json\/wp\/v2\/types\/product"}],"replies":[{"embeddable":true,"href":"https:\/\/mirekskursii.com\/tr\/wp-json\/wp\/v2\/comments?post=14765"}],"wp:featuredmedia":[{"embeddable":true,"href":"https:\/\/mirekskursii.com\/tr\/wp-json\/wp\/v2\/media\/12670"}],"wp:attachment":[{"href":"https:\/\/mirekskursii.com\/tr\/wp-json\/wp\/v2\/media?parent=14765"}],"wp:term":[{"taxonomy":"product_brand","embeddable":true,"href":"https:\/\/mirekskursii.com\/tr\/wp-json\/wp\/v2\/product_brand?post=14765"},{"taxonomy":"product_cat","embeddable":true,"href":"https:\/\/mirekskursii.com\/tr\/wp-json\/wp\/v2\/product_cat?post=14765"},{"taxonomy":"product_tag","embeddable":true,"href":"https:\/\/mirekskursii.com\/tr\/wp-json\/wp\/v2\/product_tag?post=14765"}],"curies":[{"name":"wp","href":"https:\/\/api.w.org\/{rel}","templated":true}]}}