{"id":14763,"date":"2025-11-15T22:03:44","date_gmt":"2025-11-15T19:03:44","guid":{"rendered":"https:\/\/mirekskursii.com\/?post_type=product&#038;p=14763\/"},"modified":"2026-03-14T19:32:11","modified_gmt":"2026-03-14T16:32:11","slug":"pamukkale-sicak-hava-balonu-turu-antalya","status":"publish","type":"product","link":"https:\/\/mirekskursii.com\/ekskursii\/pamukkale-vozdushnyy-shar-iz-antalya\/","title":{"rendered":"Antalya'dan Pamukkale S\u0131cak Hava Balonu Turu \u2013 G\u00fcn Do\u011fumu"},"content":{"rendered":"<h3 data-start=\"73\" data-end=\"86\">\ud83c\udfdd\ufe0f Genel Bak\u0131\u015f<\/h3>\n<p data-start=\"87\" data-end=\"398\">G\u00fcn do\u011fumu s\u0131cak hava balonu u\u00e7u\u015fu ve ard\u0131ndan beyaz badanal\u0131 teraslar ve antik Hierapolis turu ile Pamukkale'nin b\u00fcy\u00fcs\u00fcn\u00fc ya\u015fay\u0131n. Lara, Kunda, Konyaalt\u0131 ve Belek dahil olmak \u00fczere Antalya'n\u0131n t\u00fcm b\u00f6lgelerinden uygun otel transferleri mevcuttur. Programa u\u00e7u\u015f, \u00f6\u011fle yeme\u011fi ve profesyonel bir rehberin e\u015flik etmesi dahildir.<\/p>\n<h3 data-start=\"470\" data-end=\"486\"><strong data-start=\"474\" data-end=\"486\">Dahil:<\/strong><\/h3>\n<p data-start=\"488\" data-end=\"714\"><span style=\"color: #00ff00;\"><strong>\u2713<\/strong> <\/span>Otel transferi<br data-start=\"510\" data-end=\"513\" \/><span style=\"color: #00ff00;\"><strong>\u2713<\/strong> <\/span>Konforlu otob\u00fcs<br data-start=\"538\" data-end=\"541\" \/><span style=\"color: #00ff00;\"><strong>\u2713<\/strong> <\/span>Balon u\u00e7u\u015fu<br data-start=\"566\" data-end=\"569\" \/><span style=\"color: #00ff00;\"><strong>\u2713<\/strong> <\/span>Rus\u00e7a konu\u015fan tarihi rehber<br data-start=\"631\" data-end=\"634\" \/><span style=\"color: #00ff00;\"><strong>\u2713<\/strong> <\/span>\u00d6\u011fle Yeme\u011fi<br data-start=\"640\" data-end=\"643\" \/><span style=\"color: #00ff00;\"><strong>\u2713<\/strong> <\/span>Profesyonel bir pilot<br data-start=\"667\" data-end=\"670\" \/><span style=\"color: #00ff00;\"><strong>\u2713<\/strong> <\/span>U\u00e7u\u015f sertifikas\u0131<br data-start=\"691\" data-end=\"694\" \/><span style=\"color: #00ff00;\"><strong>\u2713<\/strong> <\/span>Tam sigorta<\/p>\n<h3 data-start=\"716\" data-end=\"735\"><strong data-start=\"720\" data-end=\"735\">Dahil de\u011fil:<\/strong><\/h3>\n<div data-start=\"737\" data-end=\"796\"><span style=\"color: #ff0000;\"><strong>\u2717 <\/strong><\/span>Pamukkale ve Hierapolis'e giri\u015f (45 $)<\/div>\n<div data-start=\"737\" data-end=\"796\"><span style=\"color: #ff0000;\"><strong>\u2717<\/strong> <\/span>Kleopatra'n\u0131n havuzunun giri\u015fi<br data-start=\"763\" data-end=\"766\" \/><span style=\"color: #ff0000;\"><strong>\u2717<\/strong> <\/span>\u0130\u00e7ecekler<\/div>\n<h3 data-start=\"753\" data-end=\"781\">\ud83c\udf1f Turun \u00f6ne \u00e7\u0131kan \u00f6zellikleri<\/h3>\n<p data-start=\"782\" data-end=\"1104\">\ud83d\udd39 \u015eafak vakti Pamukkale teraslar\u0131 \u00fczerinde s\u0131cak hava balonu yolculu\u011fu<br data-start=\"844\" data-end=\"847\" \/>\ud83d\udd39 Panoramik manzaralar ve e\u015fsiz foto\u011fraf f\u0131rsatlar\u0131<br data-start=\"905\" data-end=\"908\" \/>\ud83d\udd39 \u0130ni\u015ften sonra \u015fampanya ve u\u00e7u\u015f sertifikas\u0131<br data-start=\"961\" data-end=\"964\" \/>\ud83d\udd39 Hierapolis Turu: Roma tiyatrosu, termal banyolar ve nekropol<br data-start=\"1035\" data-end=\"1038\" \/>\ud83d\udd39 Kleopatra'n\u0131n havuzunu ziyaret etmek i\u00e7in serbest zaman (ekstra \u00fccret)<\/p>\n<h3 data-start=\"1106\" data-end=\"1128\">\ud83d\udcd6 Tam a\u00e7\u0131klama<\/h3>\n<p data-start=\"1129\" data-end=\"1704\">G\u00fcn\u00fcn\u00fcz Antalya'daki otelinizden erken \u00e7\u0131k\u0131\u015f ve Pamukkale b\u00f6lgesine transfer (yakla\u015f\u0131k 3,5 saat) ile ba\u015flar. Var\u0131\u015fta, beyaz travertenleri ve antik kal\u0131nt\u0131lar\u0131 ku\u015f bak\u0131\u015f\u0131 izleyece\u011finiz g\u00fcn do\u011fumu s\u0131cak hava balonu u\u00e7u\u015funa \u00e7\u0131kacaks\u0131n\u0131z. \u0130ni\u015fte sizi \u015fampanya ve ki\u015fiselle\u015ftirilmi\u015f bir u\u00e7u\u015f sertifikas\u0131 bekliyor. Daha sonra rehberinizle birlikte Pamukkale ve Hierapolis'i ke\u015ffedeceksiniz: Roma tiyatrosu, kapl\u0131calar ve tarihi yerler. Dileyenler ek bir \u00fccret kar\u015f\u0131l\u0131\u011f\u0131nda Kleopatra'n\u0131n havuzunda y\u00fczebilirler. Sonunda \u00f6\u011fle yeme\u011fi servis edilir ve ard\u0131ndan grup Antalya'ya d\u00f6ner.<\/p>\n<h3 data-start=\"1706\" data-end=\"1726\">\ud83d\uddfa\ufe0f Tur g\u00fczergah\u0131<\/h3>\n<p data-start=\"1727\" data-end=\"2063\">\ud83d\udd39 Antalya ve \u00e7evresindeki otellerden erken \u00e7\u0131k\u0131\u015f<br data-start=\"1775\" data-end=\"1778\" \/>\ud83d\udd39 Pamukkale b\u00f6lgesine transfer<br data-start=\"1807\" data-end=\"1810\" \/>\ud83d\udd39 \u015eafak vakti s\u0131cak hava balonu<br data-start=\"1848\" data-end=\"1851\" \/>\ud83d\udd39 \u015eampanya ve u\u00e7u\u015f sertifikas\u0131n\u0131n takdimi<br data-start=\"1896\" data-end=\"1899\" \/>\ud83d\udd39 Rehberli Pamukkale ve Hierapolis turu<br data-start=\"1945\" data-end=\"1948\" \/>\ud83d\udd39 Kleopatra'n\u0131n havuzunu ziyaret etmek i\u00e7in serbest zaman (iste\u011fe ba\u011fl\u0131)<br data-start=\"2012\" data-end=\"2015\" \/>\ud83d\udd39 \u00d6\u011fle Yeme\u011fi<br data-start=\"2022\" data-end=\"2025\" \/>\ud83d\udd39 Antalya otellerine d\u00f6n\u00fc\u015f transferi<\/p>\n<h3 data-start=\"2065\" data-end=\"2091\">\u2139\ufe0f Faydal\u0131 bilgiler<\/h3>\n<p data-start=\"2092\" data-end=\"2407\">\ud83d\udd39 Tur s\u00fcresi: yakla\u015f\u0131k 12 saat<br data-start=\"2133\" data-end=\"2136\" \/>\ud83d\udd39 Balon u\u00e7u\u015flar\u0131 hava ko\u015fullar\u0131na ba\u011fl\u0131d\u0131r (iptal edilmesi durumunda u\u00e7u\u015f \u00fccretinin bir k\u0131sm\u0131 iade edilir)<br data-start=\"2233\" data-end=\"2236\" \/>\ud83d\udd39 Yol boyunca k\u0131sa duraklar var<br data-start=\"2281\" data-end=\"2284\" \/>\ud83d\udd39 5 ya\u015f\u0131ndan k\u00fc\u00e7\u00fck \u00e7ocuklar \u00fccretsiz seyahat edebilir, ancak ayr\u0131 bir koltuk olmadan (ayr\u0131 bir koltuk ekstra \u00fccret kar\u015f\u0131l\u0131\u011f\u0131nda rezerve edilebilir)<\/p>\n<h3 data-start=\"2409\" data-end=\"2433\">\ud83c\udf92 Yan\u0131n\u0131za ne almal\u0131s\u0131n\u0131z<\/h3>\n<p data-start=\"2434\" data-end=\"2612\">\ud83d\udd39 G\u00fcne\u015f G\u00f6zl\u00fc\u011f\u00fc<br data-start=\"2456\" data-end=\"2459\" \/>\ud83d\udd39 Bir \u015fapka veya kep.<br data-start=\"2477\" data-end=\"2480\" \/>\ud83d\udd39 Mayo ve havlu (Kleopatra'n\u0131n havuzu i\u00e7in)<br data-start=\"2529\" data-end=\"2532\" \/>\ud83d\udd39 Rahat k\u0131yafetler ve spor ayakkab\u0131lar<br data-start=\"2561\" data-end=\"2564\" \/>\ud83d\udd39 \u0130\u00e7ecekler ve ki\u015fisel harcamalar i\u00e7in nakit<\/p>\n<h3 data-start=\"2614\" data-end=\"2636\">\ud83d\udeab \u015eunlar i\u00e7in uygun de\u011fildir<\/h3>\n<p data-start=\"2637\" data-end=\"2679\">\ud83d\udd39 7 ya\u015f\u0131ndan k\u00fc\u00e7\u00fck \u00e7ocuklar<br data-start=\"2654\" data-end=\"2657\" \/>\ud83d\udd39 Hamile kad\u0131nlar<\/p>\n<h3 data-start=\"2757\" data-end=\"2785\">\ud83d\udcb8 Fiyat ve rezervasyon<\/h3>\n<p data-start=\"2787\" data-end=\"2927\"><strong>\ud83d\udd39 \u015eimdi rezervasyon yap\u0131n - tur g\u00fcn\u00fc \u00f6deme yap\u0131n<\/strong><br data-start=\"2833\" data-end=\"2836\" \/>\ud83d\udd39 WhatsApp, Telegram, Viber \u00fczerinden bize ula\u015f\u0131n veya a\u015fa\u011f\u0131daki sipari\u015f formunu doldurun. \ud83d\udc47\ud83c\udffc<\/p>","protected":false},"excerpt":{"rendered":"<p>Antalya'dan Pamukkale s\u0131cak hava balonu yolculu\u011fu: g\u00fcn do\u011fumu u\u00e7u\u015fu, Pamukkale ve Hierapolis turu, \u00f6\u011fle yeme\u011fi, otel transferi ve u\u00e7u\u015f sertifikas\u0131.<\/p>","protected":false},"featured_media":12607,"comment_status":"open","ping_status":"closed","template":"","meta":[],"product_brand":[],"product_cat":[123],"product_tag":[107],"class_list":{"0":"post-14763","1":"product","2":"type-product","3":"status-publish","4":"has-post-thumbnail","6":"tour_phys-ekskursii-v-antalya","7":"product_cat-ekskursii-v-antalya","8":"product_tag-antalya","9":"pa_destination-ekskursii-v-antalya","11":"first","12":"instock","13":"sale","14":"shipping-taxable","15":"purchasable","16":"product-type-tour_phys"},"aioseo_notices":[],"_links":{"self":[{"href":"https:\/\/mirekskursii.com\/tr\/wp-json\/wp\/v2\/product\/14763","targetHints":{"allow":["GET"]}}],"collection":[{"href":"https:\/\/mirekskursii.com\/tr\/wp-json\/wp\/v2\/product"}],"about":[{"href":"https:\/\/mirekskursii.com\/tr\/wp-json\/wp\/v2\/types\/product"}],"replies":[{"embeddable":true,"href":"https:\/\/mirekskursii.com\/tr\/wp-json\/wp\/v2\/comments?post=14763"}],"wp:featuredmedia":[{"embeddable":true,"href":"https:\/\/mirekskursii.com\/tr\/wp-json\/wp\/v2\/media\/12607"}],"wp:attachment":[{"href":"https:\/\/mirekskursii.com\/tr\/wp-json\/wp\/v2\/media?parent=14763"}],"wp:term":[{"taxonomy":"product_brand","embeddable":true,"href":"https:\/\/mirekskursii.com\/tr\/wp-json\/wp\/v2\/product_brand?post=14763"},{"taxonomy":"product_cat","embeddable":true,"href":"https:\/\/mirekskursii.com\/tr\/wp-json\/wp\/v2\/product_cat?post=14763"},{"taxonomy":"product_tag","embeddable":true,"href":"https:\/\/mirekskursii.com\/tr\/wp-json\/wp\/v2\/product_tag?post=14763"}],"curies":[{"name":"wp","href":"https:\/\/api.w.org\/{rel}","templated":true}]}}