{"id":14760,"date":"2025-11-15T15:47:42","date_gmt":"2025-11-15T12:47:42","guid":{"rendered":"https:\/\/mirekskursii.com\/?post_type=product&#038;p=14760\/"},"modified":"2025-12-11T22:23:33","modified_gmt":"2025-12-11T19:23:33","slug":"gun-batimi-korsan-tekne-turu-kemer","status":"publish","type":"product","link":"https:\/\/mirekskursii.com\/ekskursii\/piratskiy-korabl-zakat-v-kemer\/","title":{"rendered":"Kemer G\u00fcn Bat\u0131m\u0131 Korsan Tekne Turu \u2013 Gonster"},"content":{"rendered":"<h3 data-start=\"73\" data-end=\"88\">\ud83c\udff4\u200d\u2620\ufe0f Genel Bak\u0131\u015f<\/h3>\n<p data-start=\"89\" data-end=\"364\">Avrupa'n\u0131n en b\u00fcy\u00fck korsan gemilerinden biriyle Kemer'den yakla\u015f\u0131k 4 saat s\u00fcren Gonster g\u00fcn bat\u0131m\u0131 gezisinde unutulmaz bir ak\u015fam ge\u00e7irin. Cennet Koyu ve Ay Koyu'nda y\u00fczme molalar\u0131, a\u00e7\u0131k b\u00fcfe ak\u015fam yeme\u011fi, s\u0131n\u0131rs\u0131z i\u00e7ecek ve co\u015fkulu bir k\u00f6p\u00fck partisinin tad\u0131n\u0131 \u00e7\u0131karacaks\u0131n\u0131z.<\/p>\n<h3 data-start=\"366\" data-end=\"379\">Dahil:<\/h3>\n<p data-start=\"381\" data-end=\"698\"><span style=\"color: #00ff00;\"><strong>\u2713<\/strong> <\/span>Otel transferi<br data-start=\"403\" data-end=\"406\" \/><span style=\"color: #00ff00;\"><strong>\u2713<\/strong> <\/span>A\u00e7\u0131k b\u00fcfe ak\u015fam yeme\u011fi (tavuk, makarna, pilav, salatalar)<br data-start=\"467\" data-end=\"470\" \/><span style=\"color: #00ff00;\"><strong>\u2713<\/strong> <\/span>S\u0131n\u0131rs\u0131z alkols\u00fcz i\u00e7ecekler, f\u0131\u00e7\u0131 bira (Tuborg), k\u0131rm\u0131z\u0131 ve beyaz \u015farap<br data-start=\"568\" data-end=\"571\" \/><span style=\"color: #00ff00;\"><strong>\u2713<\/strong> <\/span>K\u00f6p\u00fck partisi ve e\u011flence program\u0131<br data-start=\"617\" data-end=\"620\" \/><span style=\"color: #00ff00;\"><strong>\u2713<\/strong> <\/span>Rus\u00e7a, \u0130ngilizce ve T\u00fcrk\u00e7e konu\u015fan m\u00fcrettebat<br data-start=\"673\" data-end=\"676\" \/><span style=\"color: #00ff00;\"><strong>\u2713<\/strong> <\/span>Tam sigortal\u0131<\/p>\n<h3 data-start=\"700\" data-end=\"716\">Dahil de\u011fil:<\/h3>\n<p data-start=\"718\" data-end=\"784\"><span style=\"color: #ff0000;\"><strong>\u2717<\/strong> <\/span>Di\u011fer alkoll\u00fc i\u00e7ecekler<br data-start=\"746\" data-end=\"749\" \/><span style=\"color: #ff0000;\"><strong>\u2717<\/strong> <\/span>Ki\u015fisel harcamalar<br data-start=\"765\" data-end=\"768\" \/><span style=\"color: #ff0000;\"><strong>\u2717<\/strong> <\/span>Foto\u011fraf ve video<\/p>\n<h3 data-start=\"786\" data-end=\"814\">\ud83c\udf1f Turun \u00f6ne \u00e7\u0131kan \u00f6zellikleri<\/h3>\n<p data-start=\"815\" data-end=\"1188\">\ud83d\udd39 D\u00f6rt g\u00fcverteli korsan gemisi Gonster'da yolculuk (394 ki\u015fiye kadar)<br data-start=\"884\" data-end=\"887\" \/>\ud83d\udd39 Y\u00fczmek i\u00e7in iki durak: Cennet Koyu ve Ay\u0131\u015f\u0131\u011f\u0131 Koyu<br data-start=\"952\" data-end=\"955\" \/>\ud83d\udd39 Akdeniz g\u00fcn bat\u0131m\u0131n\u0131 en \u00fcst g\u00fcverteden izlemek<br data-start=\"1014\" data-end=\"1017\" \/>\ud83d\udd39 Gemide a\u00e7\u0131k b\u00fcfe ak\u015fam yeme\u011fi ve s\u0131n\u0131rs\u0131z i\u00e7ecek<br data-start=\"1071\" data-end=\"1074\" \/>\ud83d\udd39 Yeti\u015fkinler ve \u00e7ocuklar i\u00e7in e\u011flenceli k\u00f6p\u00fck partisi ve animasyon<br data-start=\"1133\" data-end=\"1136\" \/>\ud83d\udd39 \u00c7iftler, aileler ve arkada\u015f gruplar\u0131 i\u00e7in m\u00fckemmel bir se\u00e7im<\/p>\n<h3 data-start=\"1190\" data-end=\"1212\">\ud83d\udcd6 Tam a\u00e7\u0131klama<\/h3>\n<p data-start=\"1213\" data-end=\"1788\">Kemer ve yak\u0131n b\u00f6lgelerdeki otelinizden transferin ard\u0131ndan Kemer liman\u0131ndaki d\u00f6rt g\u00fcverteli korsan gemisi Gonster'e binersiniz. Gemi denize a\u00e7\u0131l\u0131yor ve ilk durak turkuaz suda y\u00fczebilece\u011finiz pitoresk Cennet Koyu. G\u00fcn bat\u0131m\u0131 s\u0131ras\u0131nda gemide geleneksel spesiyaliteler ve s\u0131n\u0131rs\u0131z i\u00e7ecek i\u00e7eren bir a\u00e7\u0131k b\u00fcfe ak\u015fam yeme\u011fi servis edilir. Ak\u015fam, \u00fcst g\u00fcvertede m\u00fczik ve dans e\u015fli\u011finde co\u015fkulu bir k\u00f6p\u00fck partisi ile devam eder. Limana d\u00f6nmeden \u00f6nce gemi, ak\u015fam foto\u011fraflar\u0131 i\u00e7in m\u00fckemmel olan Moonlight Koyu'nda y\u00fczmek i\u00e7in bir kez daha durur.<\/p>\n<h3 data-start=\"1790\" data-end=\"1810\">\ud83d\uddfa\ufe0f Tur g\u00fczergah\u0131<\/h3>\n<p data-start=\"1811\" data-end=\"2265\">\ud83d\udd39 16:00-17:00 - Kemer ve \u00e7evresindeki otellerden transfer<br data-start=\"1875\" data-end=\"1878\" \/>\ud83d\udd39 17:30-17:45 - Kemer liman\u0131nda gemiye bini\u015f<br data-start=\"1928\" data-end=\"1931\" \/>\ud83d\udd39 18:00 - kalk\u0131\u015f ve k\u0131sa g\u00fcvenlik brifingi<br data-start=\"1991\" data-end=\"1994\" \/>\ud83d\udd39 19:00 - Cennet Koyu'nda y\u00fczmek i\u00e7in mola<br data-start=\"2042\" data-end=\"2045\" \/>\ud83d\udd39 20:00 - g\u00fcn bat\u0131m\u0131 s\u0131ras\u0131nda gemide a\u00e7\u0131k b\u00fcfe ak\u015fam yeme\u011fi<br data-start=\"2101\" data-end=\"2104\" \/>\ud83d\udd39 20:30-21:00 - k\u00f6p\u00fck partisi ve animasyon<br data-start=\"2148\" data-end=\"2151\" \/>\ud83d\udd39 21:15 - Moonlight Cove'da y\u00fczmek i\u00e7in mola<br data-start=\"2205\" data-end=\"2208\" \/>\ud83d\udd39 21:45 - Kemer liman\u0131na d\u00f6n\u00fc\u015f ve otele transfer<\/p>\n<h3 data-start=\"2267\" data-end=\"2293\">\u2139\ufe0f Faydal\u0131 bilgiler<\/h3>\n<p data-start=\"2294\" data-end=\"2571\">\ud83d\udd39 S\u00fcre: gemide yakla\u015f\u0131k 4 saat (+ transfer s\u00fcresi)<br data-start=\"2360\" data-end=\"2363\" \/>\ud83d\udd39 Hareket saati: 18:00 (limana 30 dakika \u00f6nceden gelinmesi tavsiye edilir)<br data-start=\"2434\" data-end=\"2437\" \/>\ud83d\udd39 Format: aile tatili, \u00e7o\u011fu ya\u015f i\u00e7in uygun<br data-start=\"2498\" data-end=\"2501\" \/>\ud83d\udd39 Gemide a\u00e7\u0131k ve kapal\u0131 g\u00fcverteler, oturma ve dans alanlar\u0131 bulunmaktad\u0131r<\/p>\n<h3 data-start=\"2573\" data-end=\"2597\">\ud83c\udf92 Yan\u0131n\u0131za ne almal\u0131s\u0131n\u0131z<\/h3>\n<p data-start=\"2598\" data-end=\"2807\">\ud83d\udd39 Mayo ve havlu.<br data-start=\"2622\" data-end=\"2625\" \/>\ud83d\udd39 G\u00fcne\u015f kremi, g\u00fcne\u015f g\u00f6zl\u00fc\u011f\u00fc ve \u015fapka<br data-start=\"2661\" data-end=\"2664\" \/>\ud83d\udd39 Rahat sandaletler veya parmak aras\u0131 terlikler<br data-start=\"2696\" data-end=\"2699\" \/>\ud83d\udd39 Foto\u011fraflar i\u00e7in telefon veya kamera<br data-start=\"2740\" data-end=\"2743\" \/>\ud83d\udd39 Ek i\u00e7ecekler ve hizmetler i\u00e7in k\u00fc\u00e7\u00fck bir miktar nakit para<\/p>\n<h3 data-start=\"2809\" data-end=\"2831\">\ud83d\udeab \u015eunlar i\u00e7in uygun de\u011fildir<\/h3>\n<p data-start=\"2832\" data-end=\"2909\">\ud83d\udd39 Hamile kad\u0131nlar<br data-start=\"2852\" data-end=\"2855\" \/>\ud83d\udd39 Belirgin bir deniz tutmas\u0131 e\u011filimi olan konuklar<\/p>\n<h3 data-start=\"2638\" data-end=\"2660\"><span style=\"color: #000000;\"><strong>\ud83d\udcb8 Fiyat ve rezervasyon<\/strong><\/span><\/h3>\n<div data-start=\"2662\" data-end=\"2894\"><strong>\ud83d\udd39 \u015eimdi rezervasyon yap\u0131n - tur g\u00fcn\u00fc \u00f6deme yap\u0131n<\/strong><\/div>\n<div data-start=\"2662\" data-end=\"2894\">\ud83d\udd39 WhatsApp, Telegram, Viber \u00fczerinden bize ula\u015f\u0131n veya a\u015fa\u011f\u0131daki sipari\u015f formunu doldurun. \ud83d\udc47\ud83c\udffc<\/div>","protected":false},"excerpt":{"rendered":"<p>Kemer'den Gonster g\u00fcn bat\u0131m\u0131 gezisi: korsan gemisi, koylarda y\u00fczme, a\u00e7\u0131k b\u00fcfe ak\u015fam yeme\u011fi, s\u0131n\u0131rs\u0131z i\u00e7ecek ve t\u00fcm aile i\u00e7in k\u00f6p\u00fck partisi.<\/p>","protected":false},"featured_media":14761,"comment_status":"open","ping_status":"closed","template":"","meta":[],"product_brand":[],"product_cat":[122],"product_tag":[105],"class_list":{"0":"post-14760","1":"product","2":"type-product","3":"status-publish","4":"has-post-thumbnail","6":"tour_phys-piratskii-korable","7":"tour_phys-ekskursii-v-kemer","8":"product_cat-ekskursii-v-kemer","9":"product_tag-kemer","10":"pa_destination-ekskursii-v-kemer","11":"pa_kategori-piratskii-korable","13":"first","14":"instock","15":"sale","16":"shipping-taxable","17":"purchasable","18":"product-type-tour_phys"},"aioseo_notices":[],"_links":{"self":[{"href":"https:\/\/mirekskursii.com\/tr\/wp-json\/wp\/v2\/product\/14760","targetHints":{"allow":["GET"]}}],"collection":[{"href":"https:\/\/mirekskursii.com\/tr\/wp-json\/wp\/v2\/product"}],"about":[{"href":"https:\/\/mirekskursii.com\/tr\/wp-json\/wp\/v2\/types\/product"}],"replies":[{"embeddable":true,"href":"https:\/\/mirekskursii.com\/tr\/wp-json\/wp\/v2\/comments?post=14760"}],"wp:featuredmedia":[{"embeddable":true,"href":"https:\/\/mirekskursii.com\/tr\/wp-json\/wp\/v2\/media\/14761"}],"wp:attachment":[{"href":"https:\/\/mirekskursii.com\/tr\/wp-json\/wp\/v2\/media?parent=14760"}],"wp:term":[{"taxonomy":"product_brand","embeddable":true,"href":"https:\/\/mirekskursii.com\/tr\/wp-json\/wp\/v2\/product_brand?post=14760"},{"taxonomy":"product_cat","embeddable":true,"href":"https:\/\/mirekskursii.com\/tr\/wp-json\/wp\/v2\/product_cat?post=14760"},{"taxonomy":"product_tag","embeddable":true,"href":"https:\/\/mirekskursii.com\/tr\/wp-json\/wp\/v2\/product_tag?post=14760"}],"curies":[{"name":"wp","href":"https:\/\/api.w.org\/{rel}","templated":true}]}}