{"id":14759,"date":"2025-11-15T15:30:34","date_gmt":"2025-11-15T12:30:34","guid":{"rendered":"https:\/\/mirekskursii.com\/?post_type=product&#038;p=14759\/"},"modified":"2026-02-21T15:06:47","modified_gmt":"2026-02-21T12:06:47","slug":"kapadokya-2-gunluk-turu-antalya","status":"publish","type":"product","link":"https:\/\/mirekskursii.com\/ekskursii\/kappadokiya-2-dnya-iz-antalya\/","title":{"rendered":"Antalya'dan 2 g\u00fcnl\u00fck Kapadokya Turu \u2013 S\u0131cak Hava Balonu"},"content":{"rendered":"<h3 data-start=\"0\" data-end=\"12\">\ud83c\udf04 \u0130nceleme<\/h3>\n<p data-start=\"13\" data-end=\"300\">Kapadokya'n\u0131n b\u00fcy\u00fcl\u00fc manzaralar\u0131n\u0131 g\u00f6rmek i\u00e7in Antalya, Lara, Kundu, Kalei\u00e7i ve Konyaalta'dan 2 g\u00fcnl\u00fck bir tura \u00e7\u0131k\u0131n. Muhte\u015fem bacalar, yeralt\u0131 \u015fehri, ma\u011fara kiliseleri ve panoramik manzara noktalar\u0131 sizi bekliyor. \u0130ste\u011fe ba\u011fl\u0131 olarak g\u00fcn do\u011fumu s\u0131cak hava balonu u\u00e7u\u015fu eklenebilir (ekstra \u00fccret).<\/p>\n<h3 data-start=\"151\" data-end=\"378\"><strong data-start=\"151\" data-end=\"164\">Dahil:<\/strong><\/h3>\n<p data-start=\"151\" data-end=\"378\"><span style=\"color: #00ff00;\"><strong>\u2713<\/strong> <\/span>Otelden\/otele transfer<br data-start=\"188\" data-end=\"191\" \/><span style=\"color: #00ff00;\"><strong>\u2713<\/strong> <\/span>Konaklama 1 gece (standart)<br data-start=\"221\" data-end=\"224\" \/><span style=\"color: #00ff00;\"><strong>\u2713<\/strong> <\/span>\u0130lk gece ak\u015fam yeme\u011fi<br data-start=\"245\" data-end=\"248\" \/><span style=\"color: #00ff00;\"><strong>\u2713<\/strong> <\/span>Kahvalt\u0131 (2. g\u00fcn, otelde)<br data-start=\"277\" data-end=\"280\" \/><span style=\"color: #00ff00;\"><strong>\u2713<\/strong> <\/span>Programa g\u00f6re giri\u015f biletleri<br data-start=\"309\" data-end=\"312\" \/><span style=\"color: #00ff00;\"><strong>\u2713<\/strong> <\/span>Profesyonel rehber<br data-start=\"334\" data-end=\"337\" \/><span style=\"color: #00ff00;\"><strong>\u2713<\/strong> <\/span>Sigorta<br data-start=\"348\" data-end=\"351\" \/><span style=\"color: #00ff00;\"><strong>\u2713<\/strong> <\/span>Klimal\u0131 otob\u00fcs<\/p>\n<h3 data-start=\"380\" data-end=\"601\"><strong data-start=\"380\" data-end=\"396\">Dahil de\u011fil:<\/strong><\/h3>\n<p data-start=\"380\" data-end=\"601\"><span style=\"color: #ff0000;\"><strong>\u2717<\/strong> <\/span>Yemeklerle birlikte i\u00e7ecekler<br data-start=\"421\" data-end=\"424\" \/><span style=\"color: #ff0000;\"><strong>\u2717<\/strong> <\/span>Tek ki\u015filik oda ilavesi<br data-start=\"454\" data-end=\"457\" \/><span style=\"color: #ff0000;\"><strong>\u2717<\/strong> <\/span>Her iki g\u00fcnde de \u00f6\u011fle yeme\u011fi<br data-start=\"474\" data-end=\"477\" \/><span style=\"color: #ff0000;\"><strong>\u2717<\/strong> <\/span><strong>Ek Se\u00e7enekler:<\/strong><br data-start=\"500\" data-end=\"503\" \/><strong>\u2022<\/strong> T\u00fcrk Gecesi - 35 $<br data-start=\"524\" data-end=\"527\" \/><strong>\u2022<\/strong> Panoramik tur - otob\u00fcs ile - 35 $<br data-start=\"563\" data-end=\"566\" \/><strong>\u2022<\/strong> Panoramik tur - jeep ile - 55 $<\/p>\n<h3 data-start=\"828\" data-end=\"856\">\ud83c\udff0 Turun \u00f6nemli noktalar\u0131<\/h3>\n<p data-start=\"857\" data-end=\"1214\">\ud83d\udd39 Kendine \u00f6zg\u00fc \u201cperi bacalar\u0131\u201d ile A\u015fk Vadisi\u201d<br data-start=\"911\" data-end=\"914\" \/>\ud83d\udd39 Antik bir yeralt\u0131 \u015fehrine ziyaret<br data-start=\"953\" data-end=\"956\" \/>\ud83d\udd39 Mantar \u015feklindeki kayalar\u0131n bulundu\u011fu Pa\u015faba\u011f Vadisi<br data-start=\"999\" data-end=\"1002\" \/>\ud83d\udd39 Panoramik Kapadokya manzaral\u0131 U\u00e7hisar Kalesi<br data-start=\"1051\" data-end=\"1054\" \/>\ud83d\udd39 S\u0131ra d\u0131\u015f\u0131 kaya \u015fekillerine sahip Zelve ve Devrent Vadileri<br data-start=\"1111\" data-end=\"1114\" \/>\ud83d\udd39 Avanos \u00c7\u00f6mlek\u00e7ilik<br data-start=\"1145\" data-end=\"1148\" \/>\ud83d\udd39 \u015eafak vakti s\u0131cak hava balonuna binme imkan\u0131 (ekstra \u00fccret)<\/p>\n<h3 data-start=\"1216\" data-end=\"1238\">\ud83d\udcd6 Tam a\u00e7\u0131klama<\/h3>\n<p data-start=\"1239\" data-end=\"1778\">Tur, Antalya'dan erken bir kalk\u0131\u015fla ba\u015flar ve \u0130\u00e7 Anadolu'nun pitoresk manzaralar\u0131 boyunca Kapadokya'ya transfer olur. \u0130lk g\u00fcn Yeralt\u0131 \u015eehri, A\u015fk Vadisi, U\u00e7hisar Kalesi, G\u00f6reme Vadisi, Pa\u015faba\u011f ve Avanos'u \u00e7\u00f6mlek g\u00f6sterisi e\u015fli\u011finde ziyaret ettikten sonra otelinize yerle\u015fip ak\u015fam yeme\u011fi yiyeceksiniz.<br data-start=\"1531\" data-end=\"1534\" \/>\u0130kinci g\u00fcn, program \u015fafak vakti iste\u011fe ba\u011fl\u0131 bir s\u0131cak hava balonu yolculu\u011funu i\u00e7erebilir, ard\u0131ndan vadileri, ma\u011fara kiliselerini ke\u015ffetmeye devam edebilir, bir hal\u0131 merkezini ve bir kervansaray\u0131 ziyaret edebilir. Konya b\u00f6lgesinde \u00f6\u011fle yeme\u011finden sonra grup Antalya'ya d\u00f6ner.<\/p>\n<h3 data-start=\"1780\" data-end=\"1800\">\ud83d\uddfa\ufe0f Tur g\u00fczergah\u0131<\/h3>\n<p data-start=\"1802\" data-end=\"2151\"><strong data-start=\"1802\" data-end=\"1812\">1. G\u00fcn<\/strong><br data-start=\"1812\" data-end=\"1815\" \/>\ud83d\udd39 Antalya ve \u00e7evresindeki otellerden \u00e7it<br data-start=\"1861\" data-end=\"1864\" \/>\ud83d\udd39 Yol boyunca kahvalt\u0131 i\u00e7in durun<br data-start=\"1895\" data-end=\"1898\" \/>\ud83d\udd39 Yeralt\u0131 \u015fehrine bir ziyaret<br data-start=\"1928\" data-end=\"1931\" \/>\ud83d\udd39 U\u00e7hisar b\u00f6lgesinde \u00f6\u011fle yeme\u011fi (program dahilinde)<br data-start=\"1971\" data-end=\"1974\" \/>\ud83d\udd39 U\u00e7hisar Kalesi ve G\u00f6reme Vadisi panoramas\u0131<br data-start=\"2015\" data-end=\"2018\" \/>\ud83d\udd39 Pa\u015faba\u011f ve Avanos ziyareti (\u00e7\u00f6mlek at\u00f6lyesi)<br data-start=\"2072\" data-end=\"2075\" \/>\ud83d\udd39 Otele giri\u015f, ak\u015fam yeme\u011fi, serbest zaman veya T\u00fcrk gecesi (iste\u011fe ba\u011fl\u0131)<\/p>\n<p data-start=\"2153\" data-end=\"2344\"><strong data-start=\"2153\" data-end=\"2163\">2. G\u00fcn<\/strong><br data-start=\"2163\" data-end=\"2166\" \/>\ud83d\udd39 Otelde kahvalt\u0131<br data-start=\"2184\" data-end=\"2187\" \/>\ud83d\udd39 A\u015fk Vadisi ve ma\u011fara kiliseler (program dahilinde)<br data-start=\"2235\" data-end=\"2238\" \/>\ud83d\udd39 Hal\u0131 merkezi ve kervansarayda mola verin<br data-start=\"2284\" data-end=\"2287\" \/>\ud83d\udd39 Konya b\u00f6lgesinde \u00f6\u011fle yeme\u011fi<br data-start=\"2309\" data-end=\"2312\" \/>\ud83d\udd39 Antalya otellerine geri d\u00f6n<\/p>\n<h3 data-start=\"2346\" data-end=\"2372\">\u2139\ufe0f Faydal\u0131 bilgiler<\/h3>\n<p data-start=\"2373\" data-end=\"2801\">\ud83d\udd39 Tur s\u00fcresi: 2 g\u00fcn \/ 1 gece<br data-start=\"2414\" data-end=\"2417\" \/>\ud83d\udd39 Orta d\u00fczeyde fiziksel aktivite (vadilerde y\u00fcr\u00fcy\u00fc\u015fler ve manzara noktalar\u0131na t\u0131rmanma)<br data-start=\"2505\" data-end=\"2508\" \/>\ud83d\udd39 Balonla u\u00e7u\u015f ek \u00fccrete ve hava ko\u015fullar\u0131na tabidir.<br data-start=\"2586\" data-end=\"2589\" \/>\ud83d\udd39 Konaklama - standart oda, ek \u00fccret kar\u015f\u0131l\u0131\u011f\u0131nda tek ki\u015filik konaklama<br data-start=\"2657\" data-end=\"2660\" \/>\ud83d\udd39 6 ya\u015f\u0131ndan k\u00fc\u00e7\u00fck \u00e7ocuklar \u00fccretsiz seyahat edebilir, ancak ayr\u0131 bir koltuk yaln\u0131zca rezervasyon s\u0131ras\u0131nda mevcuttur<br data-start=\"2767\" data-end=\"2770\" \/>\ud83d\udd39 \u2713 Rehber: Rus\u00e7a, \u0130ngilizce<\/p>\n<h3 data-start=\"2803\" data-end=\"2827\">\ud83c\udf92 Yan\u0131n\u0131za ne almal\u0131s\u0131n\u0131z<\/h3>\n<p data-start=\"2828\" data-end=\"3108\">\ud83d\udd39 Pasaport veya kimlik kart\u0131<br data-start=\"2865\" data-end=\"2868\" \/>\ud83d\udd39 Engebeli arazide y\u00fcr\u00fcmek i\u00e7in rahat ayakkab\u0131lar<br data-start=\"2919\" data-end=\"2922\" \/>\ud83d\udd39 G\u00fcne\u015f g\u00f6zl\u00fc\u011f\u00fc, \u015fapka ve g\u00fcne\u015f kremi<br data-start=\"2968\" data-end=\"2971\" \/>\ud83d\udd39 Serin ak\u015famlar i\u00e7in hafif bir ceket veya sweatshirt<br data-start=\"3020\" data-end=\"3023\" \/>\ud83d\udd39 Kamera veya ak\u0131ll\u0131 telefon<br data-start=\"3050\" data-end=\"3053\" \/>\ud83d\udd39 Ek hizmetler ve i\u00e7ecekler i\u00e7in nakit<\/p>\n<h3 data-start=\"3110\" data-end=\"3132\">\ud83d\udeab \u015eunlar i\u00e7in uygun de\u011fildir<\/h3>\n<p data-start=\"3133\" data-end=\"3219\">\ud83d\udd39 Hareket kabiliyeti ciddi derecede k\u0131s\u0131tl\u0131 misafirler<br data-start=\"3179\" data-end=\"3182\" \/>\ud83d\udd39 \u00c7ok k\u00fc\u00e7\u00fck \u00e7ocuklar\u0131 olan aileler<\/p>\n<h3 data-start=\"3302\" data-end=\"3330\">\ud83d\udcb8 Fiyat ve rezervasyon<\/h3>\n<p data-start=\"3331\" data-end=\"3471\"><strong>\ud83d\udd39 \u015eimdi rezervasyon yap\u0131n - tur g\u00fcn\u00fc \u00f6deme yap\u0131n<\/strong><br data-start=\"3377\" data-end=\"3380\" \/>\ud83d\udd39 WhatsApp, Telegram, Viber \u00fczerinden bize ula\u015f\u0131n veya a\u015fa\u011f\u0131daki sipari\u015f formunu doldurun. \ud83d\udc47\ud83c\udffc<\/p>","protected":false},"excerpt":{"rendered":"<p>Antalya'dan Kapadokya'ya 2 g\u00fcnl\u00fck tur: yeralt\u0131 \u015fehri, vadiler, U\u00e7hisar, Avanos ve iste\u011fe ba\u011fl\u0131 s\u0131cak hava balonu yolculu\u011fu. Konaklama, ak\u015fam yeme\u011fi ve kahvalt\u0131 dahildir.<\/p>","protected":false},"featured_media":12798,"comment_status":"open","ping_status":"closed","template":"","meta":[],"product_brand":[],"product_cat":[123],"product_tag":[107],"class_list":{"0":"post-14759","1":"product","2":"type-product","3":"status-publish","4":"has-post-thumbnail","6":"tour_phys-ekskursii-v-antalya","7":"product_cat-ekskursii-v-antalya","8":"product_tag-antalya","9":"pa_destination-ekskursii-v-antalya","11":"first","12":"instock","13":"sale","14":"shipping-taxable","15":"purchasable","16":"product-type-tour_phys"},"aioseo_notices":[],"_links":{"self":[{"href":"https:\/\/mirekskursii.com\/tr\/wp-json\/wp\/v2\/product\/14759","targetHints":{"allow":["GET"]}}],"collection":[{"href":"https:\/\/mirekskursii.com\/tr\/wp-json\/wp\/v2\/product"}],"about":[{"href":"https:\/\/mirekskursii.com\/tr\/wp-json\/wp\/v2\/types\/product"}],"replies":[{"embeddable":true,"href":"https:\/\/mirekskursii.com\/tr\/wp-json\/wp\/v2\/comments?post=14759"}],"wp:featuredmedia":[{"embeddable":true,"href":"https:\/\/mirekskursii.com\/tr\/wp-json\/wp\/v2\/media\/12798"}],"wp:attachment":[{"href":"https:\/\/mirekskursii.com\/tr\/wp-json\/wp\/v2\/media?parent=14759"}],"wp:term":[{"taxonomy":"product_brand","embeddable":true,"href":"https:\/\/mirekskursii.com\/tr\/wp-json\/wp\/v2\/product_brand?post=14759"},{"taxonomy":"product_cat","embeddable":true,"href":"https:\/\/mirekskursii.com\/tr\/wp-json\/wp\/v2\/product_cat?post=14759"},{"taxonomy":"product_tag","embeddable":true,"href":"https:\/\/mirekskursii.com\/tr\/wp-json\/wp\/v2\/product_tag?post=14759"}],"curies":[{"name":"wp","href":"https:\/\/api.w.org\/{rel}","templated":true}]}}