{"id":14758,"date":"2025-11-15T15:18:07","date_gmt":"2025-11-15T12:18:07","guid":{"rendered":"https:\/\/mirekskursii.com\/?post_type=product&#038;p=14758\/"},"modified":"2025-12-11T22:28:37","modified_gmt":"2025-12-11T19:28:37","slug":"istanbul-turu-antalya-gunubirlik","status":"publish","type":"product","link":"https:\/\/mirekskursii.com\/ekskursii\/stambul-samolet-iz-antalya\/","title":{"rendered":"Antalya'dan U\u00e7akla \u0130stanbul Turu \u2013 Bir G\u00fcnl\u00fck Gezi"},"content":{"rendered":"<h3 data-start=\"77\" data-end=\"89\">\ud83d\udd4c \u0130nceleme<\/h3>\n<p data-start=\"90\" data-end=\"399\">Antalya'dan \u0130stanbul'a u\u00e7akla g\u00fcn\u00fcbirlik bir geziye \u00e7\u0131k\u0131n ve \u015fehrin ba\u015fl\u0131ca turistik yerlerini ke\u015ffedin. Ayasofya, Sultanahmet Camii, Topkap\u0131 Saray\u0131, M\u0131s\u0131r \u00c7ar\u015f\u0131s\u0131 ve Kapal\u0131 \u00c7ar\u015f\u0131'n\u0131n yan\u0131 s\u0131ra Bo\u011faz'da \u00f6\u011fle ve ak\u015fam yemekli bir tekne turu sizi bekliyor. Tur s\u00fcresi yakla\u015f\u0131k 14-16 saattir.<\/p>\n<h3 data-start=\"401\" data-end=\"414\">Dahil:<\/h3>\n<p data-start=\"416\" data-end=\"662\"><span style=\"color: #00ff00;\"><strong>\u2713<\/strong> <\/span>Otel transferi<br data-start=\"438\" data-end=\"441\" \/><span style=\"color: #00ff00;\"><strong>\u2713<\/strong> <\/span>Antalya-Stambul-Antalya u\u00e7u\u015flar\u0131<br data-start=\"477\" data-end=\"480\" \/><span style=\"color: #00ff00;\"><strong>\u2713<\/strong> <\/span>Tam sigortal\u0131<br data-start=\"500\" data-end=\"503\" \/><span style=\"color: #00ff00;\"><strong>\u2713<\/strong> <\/span>Lisansl\u0131 \u0130ngilizce konu\u015fan rehber<br data-start=\"539\" data-end=\"542\" \/><span style=\"color: #00ff00;\"><strong>\u2713<\/strong> <\/span>Klimal\u0131 konforlu otob\u00fcs<br data-start=\"583\" data-end=\"586\" \/><span style=\"color: #00ff00;\"><strong>\u2713<\/strong> <\/span>Programa g\u00f6re giri\u015f biletleri<br data-start=\"615\" data-end=\"618\" \/><span style=\"color: #00ff00;\"><strong>\u2713<\/strong> <\/span>\u00d6\u011fle ve ak\u015fam yeme\u011fi<br data-start=\"631\" data-end=\"634\" \/><span style=\"color: #00ff00;\"><strong>\u2713<\/strong> <\/span>\u0130stanbul Bo\u011faz\u0131'nda yat gezisi<\/p>\n<h3 data-start=\"664\" data-end=\"680\">Dahil de\u011fil:<\/h3>\n<p data-start=\"682\" data-end=\"742\"><span style=\"color: #ff0000;\"><strong>\u2717<\/strong> <\/span>Ki\u015fisel harcamalar<br data-start=\"698\" data-end=\"701\" \/><span style=\"color: #ff0000;\"><strong>\u2717<\/strong> <\/span>Foto\u011fraf ve video (iste\u011fe ba\u011fl\u0131)<br data-start=\"728\" data-end=\"731\" \/><span style=\"color: #ff0000;\"><strong>\u2717<\/strong> <\/span>\u0130\u00e7ecekler<\/p>\n<h3 data-start=\"744\" data-end=\"772\">\u2708\ufe0f Turda \u00d6ne \u00c7\u0131kanlar<\/h3>\n<p data-start=\"773\" data-end=\"1056\">\ud83d\udd39 Ayasofya, Sultanahmet Camii ve Hipodrom Turu<br data-start=\"823\" data-end=\"826\" \/>\ud83d\udd39 Topkap\u0131 Saray\u0131 ve M\u0131s\u0131r \u00c7ar\u015f\u0131s\u0131 Ziyareti<br data-start=\"874\" data-end=\"877\" \/>\ud83d\udd39 Avrupa ve Asya aras\u0131ndaki \u0130stanbul Bo\u011faz\u0131'nda manzaral\u0131 bir yat gezisi<br data-start=\"937\" data-end=\"940\" \/>\ud83d\udd39 \u0130stanbul'un renkli atmosferini bir g\u00fcnde ke\u015ffedin<br data-start=\"999\" data-end=\"1002\" \/>\ud83d\udd39 \u00d6\u011fle ve ak\u015fam yemekleri tur program\u0131na dahildir<\/p>\n<h3 data-start=\"1058\" data-end=\"1080\">\ud83d\udcd6 Tam a\u00e7\u0131klama<\/h3>\n<p data-start=\"1081\" data-end=\"1623\">Sabah erken saatlerde otelinizden al\u0131nacak ve \u0130stanbul'a k\u0131sa bir u\u00e7u\u015f i\u00e7in Antalya Havaliman\u0131'na transfer edileceksiniz. Var\u0131\u015ftan sonra tarihi yar\u0131mada turu ba\u015flayacak: Ayasofya, Sultanahmet Camii ve antik Hipodrom Meydan\u0131'n\u0131 g\u00f6receksiniz. Programda daha sonra Topkap\u0131 Saray\u0131 ve ger\u00e7ek do\u011fu lezzetini hissedebilece\u011finiz canl\u0131 \u00e7ar\u015f\u0131lar ziyaret edilecektir. \u00d6\u011fle yeme\u011finden sonra \u0130stanbul Bo\u011faz\u0131'nda saraylar, k\u00f6pr\u00fcler ve \u015fehir panoramas\u0131 manzaral\u0131 bir yat gezisi yapacaks\u0131n\u0131z. G\u00fcn, tarihi b\u00f6lgede ak\u015fam yeme\u011fi, ard\u0131ndan Antalya'ya d\u00f6n\u00fc\u015f u\u00e7u\u015fu ve otele transfer ile sona eriyor.<\/p>\n<h3 data-start=\"1625\" data-end=\"1645\">\ud83d\uddfa\ufe0f Tur g\u00fczergah\u0131<\/h3>\n<p data-start=\"1646\" data-end=\"2015\">\ud83d\udd39 Antalya ve yak\u0131n b\u00f6lgelerdeki otellerden transfer<br data-start=\"1695\" data-end=\"1698\" \/>\ud83d\udd39 Antalya havaalan\u0131na var\u0131\u015f ve \u0130stanbul'a u\u00e7u\u015f (~1 saat)<br data-start=\"1757\" data-end=\"1760\" \/>\ud83d\udd39 Tarihi yar\u0131madada bir gezi turu<br data-start=\"1810\" data-end=\"1813\" \/>\ud83d\udd39 Sultanahmet Camii, Ayasofya ve Hipodrom Meydan\u0131 ziyareti<br data-start=\"1874\" data-end=\"1877\" \/>\ud83d\udd39 \u00d6\u011fle Yeme\u011fi<br data-start=\"1884\" data-end=\"1887\" \/>\ud83d\udd39 Topkap\u0131 Saray\u0131 ve M\u0131s\u0131r \u00c7ar\u015f\u0131s\u0131<br data-start=\"1923\" data-end=\"1926\" \/>\ud83d\udd39 \u0130stanbul Bo\u011faz\u0131'nda tekne turu<br data-start=\"1953\" data-end=\"1956\" \/>\ud83d\udd39 Ak\u015fam Yeme\u011fi<br data-start=\"1963\" data-end=\"1966\" \/>\ud83d\udd39 Antalya'ya geri u\u00e7u\u015f ve otele transfer<\/p>\n<h3 data-start=\"2017\" data-end=\"2043\">\u2139\ufe0f Faydal\u0131 bilgiler<\/h3>\n<p data-start=\"2044\" data-end=\"2511\">\ud83d\udd39 S\u00fcre: yakla\u015f\u0131k 14-16 saat (tam g\u00fcn)<br data-start=\"2100\" data-end=\"2103\" \/>\ud83d\udd39 Orta d\u00fczeyde fiziksel aktivite: uzun s\u00fcreler boyunca y\u00fcr\u00fcmek<br data-start=\"2169\" data-end=\"2172\" \/>\ud83d\udd39 U\u00e7u\u015f her y\u00f6ne yakla\u015f\u0131k 1 saat<br data-start=\"2213\" data-end=\"2216\" \/>\ud83d\udd39 Rahat ayakkab\u0131lar ve hava durumuna uygun k\u0131yafetler tavsiye edilir<br data-start=\"2265\" data-end=\"2268\" \/>\ud83d\udd39 Rota, hava durumu, trafik veya tesis programlar\u0131 nedeniyle biraz de\u011fi\u015febilir<br data-start=\"2353\" data-end=\"2356\" \/>\ud83d\udd39 3 ya\u015f\u0131ndan k\u00fc\u00e7\u00fck \u00e7ocuklar ayr\u0131 bir koltuk olmadan \u00fccretsiz seyahat eder (m\u00fcsaitlik durumuna ba\u011fl\u0131 olarak ek \u00fccret kar\u015f\u0131l\u0131\u011f\u0131nda ekstra koltuk rezervasyonu yap\u0131labilir).<\/p>\n<h3 data-start=\"2513\" data-end=\"2537\">\ud83c\udf92 Yan\u0131n\u0131za ne almal\u0131s\u0131n\u0131z<\/h3>\n<p data-start=\"2538\" data-end=\"2661\">\ud83d\udd39 Pasaport<br data-start=\"2548\" data-end=\"2551\" \/>\ud83d\udd39 Rahat y\u00fcr\u00fcy\u00fc\u015f ayakkab\u0131lar\u0131<br data-start=\"2578\" data-end=\"2581\" \/>\ud83d\udd39 G\u00fcne\u015f g\u00f6zl\u00fckleri ve ba\u015fl\u0131klar<br data-start=\"2619\" data-end=\"2622\" \/>\ud83d\udd39 Ki\u015fisel harcamalar ve i\u00e7ecekler i\u00e7in para<\/p>\n<h3 data-start=\"2663\" data-end=\"2685\">\ud83d\udeab \u015eunlar i\u00e7in uygun de\u011fildir<\/h3>\n<p data-start=\"2686\" data-end=\"2836\">\ud83d\udd39 Ciddi hareketlilik sorunlar\u0131 olan ki\u015filer<br data-start=\"2734\" data-end=\"2737\" \/>\ud83d\udd39 \u015eiddetli klostrofobisi olan yolcular (u\u00e7u\u015f, ula\u015f\u0131m)<br data-start=\"2805\" data-end=\"2808\" \/>\ud83d\udd39 3 ya\u015f\u0131ndan k\u00fc\u00e7\u00fck \u00e7ocu\u011fu olan aileler<\/p>\n<h3 data-start=\"2521\" data-end=\"2547\">\ud83d\udcb8 Fiyat ve rezervasyon<\/h3>\n<p data-start=\"2549\" data-end=\"2687\"><strong>\ud83d\udd39 \u015eimdi rezervasyon yap\u0131n - tur g\u00fcn\u00fc \u00f6deme yap\u0131n<\/strong><br data-start=\"2595\" data-end=\"2598\" \/>\ud83d\udd39 WhatsApp, Telegram, Viber \u00fczerinden bize ula\u015f\u0131n veya a\u015fa\u011f\u0131daki sipari\u015f formunu doldurun. \ud83d\udc47\ud83c\udffc<\/p>","protected":false},"excerpt":{"rendered":"<p data-start=\"2732\" data-end=\"2878\">Antalya'dan u\u00e7akla \u0130stanbul'a bir g\u00fcnl\u00fck gezi: Ayasofya, Sultanahmet Camii, Topkap\u0131, \u00e7ar\u015f\u0131lar, Bo\u011faz gezisi, \u00f6\u011fle ve ak\u015fam yemekleri, transferler ve biletler dahil.<\/p>","protected":false},"featured_media":12902,"comment_status":"open","ping_status":"closed","template":"","meta":[],"product_brand":[],"product_cat":[123],"product_tag":[107],"class_list":{"0":"post-14758","1":"product","2":"type-product","3":"status-publish","4":"has-post-thumbnail","6":"tour_phys-ekskursii-v-antalya","7":"product_cat-ekskursii-v-antalya","8":"product_tag-antalya","9":"pa_destination-ekskursii-v-antalya","11":"first","12":"instock","13":"sale","14":"shipping-taxable","15":"purchasable","16":"product-type-tour_phys"},"aioseo_notices":[],"_links":{"self":[{"href":"https:\/\/mirekskursii.com\/tr\/wp-json\/wp\/v2\/product\/14758","targetHints":{"allow":["GET"]}}],"collection":[{"href":"https:\/\/mirekskursii.com\/tr\/wp-json\/wp\/v2\/product"}],"about":[{"href":"https:\/\/mirekskursii.com\/tr\/wp-json\/wp\/v2\/types\/product"}],"replies":[{"embeddable":true,"href":"https:\/\/mirekskursii.com\/tr\/wp-json\/wp\/v2\/comments?post=14758"}],"wp:featuredmedia":[{"embeddable":true,"href":"https:\/\/mirekskursii.com\/tr\/wp-json\/wp\/v2\/media\/12902"}],"wp:attachment":[{"href":"https:\/\/mirekskursii.com\/tr\/wp-json\/wp\/v2\/media?parent=14758"}],"wp:term":[{"taxonomy":"product_brand","embeddable":true,"href":"https:\/\/mirekskursii.com\/tr\/wp-json\/wp\/v2\/product_brand?post=14758"},{"taxonomy":"product_cat","embeddable":true,"href":"https:\/\/mirekskursii.com\/tr\/wp-json\/wp\/v2\/product_cat?post=14758"},{"taxonomy":"product_tag","embeddable":true,"href":"https:\/\/mirekskursii.com\/tr\/wp-json\/wp\/v2\/product_tag?post=14758"}],"curies":[{"name":"wp","href":"https:\/\/api.w.org\/{rel}","templated":true}]}}