{"id":14757,"date":"2025-11-15T15:14:11","date_gmt":"2025-11-15T12:14:11","guid":{"rendered":"https:\/\/mirekskursii.com\/?post_type=product&#038;p=14757\/"},"modified":"2026-03-30T22:14:27","modified_gmt":"2026-03-30T19:14:27","slug":"tuplu-dalis-turu-antalya","status":"publish","type":"product","link":"https:\/\/mirekskursii.com\/ekskursii\/dayving-iz-antalya\/","title":{"rendered":"Antalya'dan T\u00fcpl\u00fc Dal\u0131\u015f &amp; \u015enorkelli Y\u00fczme Turu"},"content":{"rendered":"<h3 data-start=\"224\" data-end=\"240\"><strong data-start=\"228\" data-end=\"240\">\ud83c\udf0a \u0130nceleme<\/strong><\/h3>\n<p data-start=\"242\" data-end=\"518\">Antalya ve \u00e7evresindeki b\u00f6lgelerden (Kundu, Lara, G\u00fcll\u00fck, Antalya, Konyaalt\u0131) heyecan verici bir sualt\u0131 maceras\u0131na do\u011fru yola \u00e7\u0131k\u0131n. Pitoresk Akvaryum ve Kiri\u015f koylar\u0131nda iki dal\u0131\u015f, \u015fnorkelle y\u00fczme, y\u00fczme ve teknede \u00f6\u011fle yeme\u011fi sizi bekliyor. Tur hem yeni ba\u015flayanlar hem de deneyimli dalg\u0131\u00e7lar i\u00e7in uygundur.<\/p>\n<h3 data-start=\"520\" data-end=\"537\"><strong data-start=\"524\" data-end=\"537\">Dahil:<\/strong><\/h3>\n<p data-start=\"539\" data-end=\"643\"><span style=\"color: #00ff00;\"><strong>\u2713<\/strong> <\/span>Otel transferi<br data-start=\"561\" data-end=\"564\" \/><span style=\"color: #00ff00;\"><strong>\u2713<\/strong> <\/span>Konforlu otob\u00fcs<br data-start=\"589\" data-end=\"592\" \/><span style=\"color: #00ff00;\"><strong>\u2713<\/strong> <\/span>Sigorta<br data-start=\"603\" data-end=\"606\" \/><span style=\"color: #00ff00;\"><strong>\u2713<\/strong> <\/span>Rehber: Rus\u00e7a, \u0130ngilizce<br data-start=\"632\" data-end=\"635\" \/><span style=\"color: #00ff00;\"><strong>\u2713<\/strong> <\/span>\u00d6\u011fle Yeme\u011fi<\/p>\n<h3 data-start=\"645\" data-end=\"665\"><strong data-start=\"649\" data-end=\"665\">Dahil de\u011fil:<\/strong><\/h3>\n<p data-start=\"667\" data-end=\"714\"><span style=\"color: #ff0000;\"><strong>\u2717<\/strong> <\/span>Ki\u015fisel harcamalar<br data-start=\"683\" data-end=\"686\" \/><span style=\"color: #ff0000;\"><strong>\u2717<\/strong> <\/span>Foto\u011fraf ve video<br data-start=\"700\" data-end=\"703\" \/><span style=\"color: #ff0000;\"><strong>\u2717<\/strong> <\/span>\u0130\u00e7ecekler<\/p>\n<h3 data-start=\"716\" data-end=\"748\"><strong data-start=\"720\" data-end=\"748\">\ud83c\udf1f Turun \u00f6ne \u00e7\u0131kan \u00f6zellikleri<\/strong><\/h3>\n<p data-start=\"750\" data-end=\"1058\">\ud83d\udd39 Sertifikal\u0131 e\u011fitmenler e\u015fli\u011finde iki kontroll\u00fc dal\u0131\u015f<br data-start=\"817\" data-end=\"820\" \/>\ud83d\udd39 Akvaryum Koyu (derinlik ~5 m) ve Kiri\u015f Koyu (10-15 m)<br data-start=\"876\" data-end=\"879\" \/>\ud83d\udd39 Kristal berrakl\u0131\u011f\u0131ndaki sularda y\u00fczme ve \u015fnorkelle y\u00fczme<br data-start=\"927\" data-end=\"930\" \/>\ud83d\udd39 Gemide taze \u00f6\u011fle yeme\u011fi<br data-start=\"953\" data-end=\"956\" \/>\ud83d\udd39 Yeni ba\u015flayanlar i\u00e7in uygundur - y\u00fczme becerisi gerekmez<br data-start=\"1007\" data-end=\"1010\" \/>\ud83d\udd39 Akdeniz k\u0131y\u0131 \u015feridinin g\u00fczel manzaralar\u0131<\/p>\n<h3 data-start=\"1060\" data-end=\"1086\"><strong data-start=\"1064\" data-end=\"1086\">\ud83d\udcd6 Tam a\u00e7\u0131klama<\/strong><\/h3>\n<div data-start=\"1088\" data-end=\"1348\">G\u00fcn\u00fcn\u00fcz Antalya'daki otelinizden veya yak\u0131n b\u00f6lgelerden transfer ile ba\u015flayacakt\u0131r: Kundu, Lara, G\u00fcll\u00fck, Antalya, Konyaalt\u0131. Kemer Marina'ya vard\u0131\u011f\u0131n\u0131zda profesyonel e\u011fitmenler taraf\u0131ndan kar\u015f\u0131lanacak ve g\u00fcvenlik ve ekipman kullan\u0131m\u0131 hakk\u0131nda ayr\u0131nt\u0131l\u0131 bir brifing verilecektir.<\/div>\n<div data-start=\"1350\" data-end=\"1550\">\u0130lk dal\u0131\u015f Akvaryum Koyu'nda yakla\u015f\u0131k 5 metre derinlikte ger\u00e7ekle\u015fir ve 20-25 dakika s\u00fcrer. Ard\u0131ndan y\u00fczmek, dinlenmek veya \u015fnorkelle y\u00fczmek i\u00e7in serbest zaman verilir. Bunu teknede taze bir \u00f6\u011fle yeme\u011fi takip eder.<\/div>\n<div data-start=\"1552\" data-end=\"1768\">\u0130kinci dal\u0131\u015f Kiri\u015f Koyu'nda 10-15 metre derinlikte deneyimli e\u011fitmenlerin g\u00f6zetiminde ger\u00e7ekle\u015fir. Dal\u0131\u015flar y\u00fczme bilmeyenler i\u00e7in bile g\u00fcvenli ve uygundur - t\u00fcm s\u00fcre\u00e7 tamamen g\u00f6zetim alt\u0131ndad\u0131r.<\/div>\n<div data-start=\"1770\" data-end=\"1868\">\u0130kinci dal\u0131\u015ftan sonra tekne, Antalya'ya d\u00f6n\u00fc\u015f transferinin sizi bekledi\u011fi marinaya geri d\u00f6ner.<\/div>\n<h3 data-start=\"1870\" data-end=\"1896\"><strong data-start=\"1874\" data-end=\"1896\">\ud83d\uddfa\ufe0f Tur Program\u0131<\/strong><\/h3>\n<p data-start=\"1898\" data-end=\"2182\">\ud83d\udd39 Antalya ve yak\u0131n b\u00f6lgelerden transfer<br data-start=\"1940\" data-end=\"1943\" \/>\ud83d\udd39 Marinaya var\u0131\u015f ve tekneye bini\u015f<br data-start=\"1982\" data-end=\"1985\" \/>\ud83d\udd39 G\u00fcvenlik brifingi<br data-start=\"2014\" data-end=\"2017\" \/>\ud83d\udd39 Akvaryum Koyu'nda ilk dal\u0131\u015f<br data-start=\"2055\" data-end=\"2058\" \/>\ud83d\udd39 \u00d6\u011fle yeme\u011fi ve dinlenme, y\u00fczme, \u015fnorkelle y\u00fczme<br data-start=\"2094\" data-end=\"2097\" \/>\ud83d\udd39 Kiri\u015f Koyu'nda ikinci dal\u0131\u015f<br data-start=\"2132\" data-end=\"2135\" \/>\ud83d\udd39 Marinaya d\u00f6n\u00fc\u015f<br data-start=\"2158\" data-end=\"2161\" \/>\ud83d\udd39 Otele transfer<\/p>\n<h3 data-start=\"2184\" data-end=\"2214\"><strong data-start=\"2188\" data-end=\"2214\">\u2139\ufe0f Faydal\u0131 bilgiler<\/strong><\/h3>\n<p data-start=\"2216\" data-end=\"2479\">\ud83d\udd39 Tur s\u00fcresi: yakla\u015f\u0131k 7-8 saat<br data-start=\"2261\" data-end=\"2264\" \/>\ud83d\udd39 Modern ekipman, d\u00fczenli bak\u0131m<br data-start=\"2314\" data-end=\"2317\" \/>\ud83d\udd39 Y\u00fczme becerisi gerekli de\u011fildir<br data-start=\"2348\" data-end=\"2351\" \/>\ud83d\udd39 Ayr\u0131 bir koltu\u011fu olmayan 5 ya\u015f\u0131ndan k\u00fc\u00e7\u00fck \u00e7ocuklar bir yeti\u015fkinin kuca\u011f\u0131nda oturur<br data-start=\"2417\" data-end=\"2420\" \/>\ud83d\udd39 G\u00fcvenlik gereklilikleri nedeniyle su alt\u0131ndaki kameralar yasakt\u0131r<\/p>\n<h3 data-start=\"2481\" data-end=\"2509\"><strong data-start=\"2485\" data-end=\"2509\">\ud83c\udf92 Yan\u0131n\u0131za ne almal\u0131s\u0131n\u0131z<\/strong><\/h3>\n<p data-start=\"2511\" data-end=\"2616\">\ud83d\udd39 Mayo ve havlu.<br data-start=\"2535\" data-end=\"2538\" \/>\ud83d\udd39 G\u00fcne\u015f g\u00f6zl\u00fc\u011f\u00fc ve krem<br data-start=\"2567\" data-end=\"2570\" \/>\ud83d\udd39 \u0130\u00e7ecekler veya ki\u015fisel harcamalar i\u00e7in nakit<\/p>\n<h3 data-start=\"2618\" data-end=\"2644\"><strong data-start=\"2622\" data-end=\"2644\">\ud83d\udeab \u015eunlar i\u00e7in uygun de\u011fildir<\/strong><\/h3>\n<p data-start=\"2646\" data-end=\"2699\">\ud83d\udd39 Y\u00fcksek tansiyonu olan ki\u015filer<br data-start=\"2674\" data-end=\"2677\" \/>\ud83d\udd39 Hamile kad\u0131nlar<\/p>\n<h3 data-start=\"2701\" data-end=\"2731\"><strong data-start=\"2705\" data-end=\"2731\">\ud83d\udcb8 Fiyat ve rezervasyon<\/strong><\/h3>\n<p data-start=\"2733\" data-end=\"2873\"><strong>\ud83d\udd39 \u015eimdi rezervasyon yap\u0131n - tur g\u00fcn\u00fc \u00f6deme yap\u0131n<\/strong><br data-start=\"2779\" data-end=\"2782\" \/>\ud83d\udd39 WhatsApp, Telegram, Viber \u00fczerinden bize ula\u015f\u0131n veya a\u015fa\u011f\u0131daki sipari\u015f formunu doldurun. \ud83d\udc47\ud83c\udffc<\/p>","protected":false},"excerpt":{"rendered":"<p>Antalya'dan dal\u0131\u015f: iki dal\u0131\u015f, \u015fnorkelle y\u00fczme, \u00f6\u011fle yeme\u011fi ve transferler. En iyi sualt\u0131 gezileri, renkli deniz ya\u015fam\u0131 ve yeni ba\u015flayanlar i\u00e7in g\u00fcvenlik.<\/p>","protected":false},"featured_media":12653,"comment_status":"open","ping_status":"closed","template":"","meta":[],"product_brand":[],"product_cat":[123],"product_tag":[107],"class_list":{"0":"post-14757","1":"product","2":"type-product","3":"status-publish","4":"has-post-thumbnail","6":"tour_phys-ekskursii-v-antalya","7":"product_cat-ekskursii-v-antalya","8":"product_tag-antalya","9":"pa_destination-ekskursii-v-antalya","11":"first","12":"instock","13":"sale","14":"shipping-taxable","15":"purchasable","16":"product-type-tour_phys"},"aioseo_notices":[],"_links":{"self":[{"href":"https:\/\/mirekskursii.com\/tr\/wp-json\/wp\/v2\/product\/14757","targetHints":{"allow":["GET"]}}],"collection":[{"href":"https:\/\/mirekskursii.com\/tr\/wp-json\/wp\/v2\/product"}],"about":[{"href":"https:\/\/mirekskursii.com\/tr\/wp-json\/wp\/v2\/types\/product"}],"replies":[{"embeddable":true,"href":"https:\/\/mirekskursii.com\/tr\/wp-json\/wp\/v2\/comments?post=14757"}],"wp:featuredmedia":[{"embeddable":true,"href":"https:\/\/mirekskursii.com\/tr\/wp-json\/wp\/v2\/media\/12653"}],"wp:attachment":[{"href":"https:\/\/mirekskursii.com\/tr\/wp-json\/wp\/v2\/media?parent=14757"}],"wp:term":[{"taxonomy":"product_brand","embeddable":true,"href":"https:\/\/mirekskursii.com\/tr\/wp-json\/wp\/v2\/product_brand?post=14757"},{"taxonomy":"product_cat","embeddable":true,"href":"https:\/\/mirekskursii.com\/tr\/wp-json\/wp\/v2\/product_cat?post=14757"},{"taxonomy":"product_tag","embeddable":true,"href":"https:\/\/mirekskursii.com\/tr\/wp-json\/wp\/v2\/product_tag?post=14757"}],"curies":[{"name":"wp","href":"https:\/\/api.w.org\/{rel}","templated":true}]}}