{"id":14755,"date":"2025-11-15T14:34:40","date_gmt":"2025-11-15T11:34:40","guid":{"rendered":"https:\/\/mirekskursii.com\/?post_type=product&#038;p=14755\/"},"modified":"2025-12-11T22:30:12","modified_gmt":"2025-12-11T19:30:12","slug":"the-land-of-legends-aquapark-antalya","status":"publish","type":"product","link":"https:\/\/mirekskursii.com\/ekskursii\/land-of-legends-akvapark-iz-antalya\/","title":{"rendered":"Antalya'dan The Land of Legends Aquapark Turu \u2013 Transfer &amp; Bilet Dahil"},"content":{"rendered":"<h3 data-start=\"58\" data-end=\"70\">\ud83c\udfa2 \u0130nceleme<\/h3>\n<p data-start=\"71\" data-end=\"297\">Antalya ve \u00e7evresinden transferlerle Belek'teki The Land of Legends tema park\u0131nda renkli bir g\u00fcn ge\u00e7irin. Ekstrem kayd\u0131raklar, su park\u0131, Nickelodeon Land ve t\u00fcm aile i\u00e7in e\u011flence yakla\u015f\u0131k 7-8 saat boyunca sizi bekliyor.<\/p>\n<h3>Dahil:<\/h3>\n<p data-start=\"314\" data-end=\"458\"><span style=\"color: #00ff00;\"><strong>\u2713<\/strong> <\/span>Otel transferi<br data-start=\"336\" data-end=\"339\" \/><span style=\"color: #00ff00;\"><strong>\u2713<\/strong> <\/span>Efsaneler Diyar\u0131'na giri\u015f bileti<br data-start=\"376\" data-end=\"379\" \/><span style=\"color: #00ff00;\"><strong>\u2713<\/strong> <\/span>Transferler s\u0131ras\u0131nda sigorta<br data-start=\"412\" data-end=\"415\" \/><span style=\"color: #00ff00;\"><strong>\u2713<\/strong> <\/span>Klimal\u0131 konforlu otob\u00fcs<\/p>\n<h3 data-start=\"460\" data-end=\"476\">Dahil de\u011fil:<\/h3>\n<p data-start=\"478\" data-end=\"596\"><span style=\"color: #ff0000;\"><strong>\u2717<\/strong> <\/span>Yiyecek ve i\u00e7ecek<br data-start=\"493\" data-end=\"496\" \/><span style=\"color: #ff0000;\"><strong>\u2717<\/strong> <\/span>Foto\u011fraf ve video<br data-start=\"510\" data-end=\"513\" \/><span style=\"color: #ff0000;\"><strong>\u2717<\/strong> <\/span>Premium atraksiyonlar (\u00f6rn. yunuslarla y\u00fczme)<\/p>\n<h3 data-start=\"598\" data-end=\"626\">\ud83c\udf0a Turun \u00f6nemli noktalar\u0131<\/h3>\n<p data-start=\"628\" data-end=\"910\">\ud83d\udd39 62 metrelik Hyper Coaster dahil heyecan verici kayd\u0131raklar<br data-start=\"685\" data-end=\"688\" \/>\ud83d\udd39 43 metrelik Typhoon Coaster ve 40'\u0131n \u00fczerinde su kayd\u0131ra\u011f\u0131<br data-start=\"742\" data-end=\"745\" \/>\ud83d\udd39 S\u00fcnger Bob ve Paw Patrol karakterleri ile Nickelodeon Land \u00c7ocuk D\u00fcnyas\u0131<br data-start=\"810\" data-end=\"813\" \/>\ud83d\udd39 Y\u00fczme havuzlar\u0131 ve dinlenme alanlar\u0131 i\u00e7eren geni\u015f su park\u0131<br data-start=\"861\" data-end=\"864\" \/>\ud83d\udd39 G\u00fcn boyunca animasyon ve temal\u0131 g\u00f6steriler<\/p>\n<h3 data-start=\"912\" data-end=\"934\">\ud83d\udcd6 Tam a\u00e7\u0131klama<\/h3>\n<p data-start=\"936\" data-end=\"1450\">Tur, Antalya ve yak\u0131n b\u00f6lgelerdeki otellerden Belek'teki The Land of Legends kompleksine transfer ile ba\u015flar. Var\u0131\u015fta, en pop\u00fcler atraksiyonlar\u0131 denemek i\u00e7in t\u00fcm g\u00fcn\u00fcn\u00fcz olacak: ekstrem kayd\u0131raklar Hyper Coaster (62m) ve Typhoon Coaster (43m), \u00e7ok say\u0131da su kayd\u0131ra\u011f\u0131 ve havuz. \u00c7ocuklar ve yeti\u015fkinler, en sevdikleri karakterlerin yan\u0131 s\u0131ra animasyonlar ve g\u00f6sterilerle Nickelodeon Land'i \u00e7ok be\u011feneceklerdir. G\u00fcn boyunca aktif atraksiyonlar ve havuz kenar\u0131nda dinlenme aras\u0131nda ge\u00e7i\u015f yapabilir ve ak\u015famlar\u0131 canl\u0131 bir deneyimle otele d\u00f6nebilirsiniz.<\/p>\n<h3 data-start=\"1452\" data-end=\"1474\">\ud83d\uddfa\ufe0f Tur Program\u0131<\/h3>\n<p data-start=\"1476\" data-end=\"1708\">\ud83d\udd39 Antalya ve \u00e7evresindeki otellerden transfer<br data-start=\"1520\" data-end=\"1523\" \/>\ud83d\udd39 Belek'teki Efsaneler Diyar\u0131'na var\u0131\u015f<br data-start=\"1565\" data-end=\"1568\" \/>\ud83d\udd39 Gezintiler, su park\u0131 ve Nickelodeon Land'i ziyaret etmek i\u00e7in serbest zaman (yakla\u015f\u0131k 5-6 saat)<br data-start=\"1661\" data-end=\"1664\" \/>\ud83d\udd39 Grubu toplay\u0131n ve otele geri transfer edin<\/p>\n<h3 data-start=\"1710\" data-end=\"1736\">\u2139\ufe0f Faydal\u0131 bilgiler<\/h3>\n<p data-start=\"1738\" data-end=\"2144\">\ud83d\udd39 S\u00fcre: yakla\u015f\u0131k 7-8 saat (tam g\u00fcn tur)<br data-start=\"1804\" data-end=\"1807\" \/>\ud83d\udd39 Orta d\u00fczeyde fiziksel aktivite (y\u00fcr\u00fcme, merdiven \u00e7\u0131kma, kayd\u0131rak t\u0131rmanma)<br data-start=\"1886\" data-end=\"1889\" \/>\ud83d\udd39 Kupon, bilet gi\u015fesinde bir giri\u015f bileti ile de\u011fi\u015ftirilmelidir<br data-start=\"1943\" data-end=\"1946\" \/>\ud83d\udd39 Park et ve bin programlar\u0131 mevsime ba\u011fl\u0131 olarak de\u011fi\u015febilir<br data-start=\"2026\" data-end=\"2029\" \/>\ud83d\udd39 \u00dccretsiz seyahat eden 6 ya\u015f\u0131ndan k\u00fc\u00e7\u00fck \u00e7ocuklar\u0131n otob\u00fcste ayr\u0131 bir koltu\u011fu yoktur (ek \u00fccret kar\u015f\u0131l\u0131\u011f\u0131nda rezerve edilebilir)<\/p>\n<h3 data-start=\"2146\" data-end=\"2170\">\ud83c\udf92 Yan\u0131n\u0131za ne almal\u0131s\u0131n\u0131z<\/h3>\n<p data-start=\"2172\" data-end=\"2348\">\ud83d\udd39 Mayo ve havlu.<br data-start=\"2196\" data-end=\"2199\" \/>\ud83d\udd39 Su ayakkab\u0131s\u0131 (iste\u011fe ba\u011fl\u0131)<br data-start=\"2227\" data-end=\"2230\" \/>\ud83d\udd39 Yemekler ve ekstra e\u011flence i\u00e7in nakit veya kart<br data-start=\"2299\" data-end=\"2302\" \/>\ud83d\udd39 G\u00fcne\u015f kremi, g\u00fcne\u015f g\u00f6zl\u00fc\u011f\u00fc ve \u015fapka<\/p>\n<h3 data-start=\"2350\" data-end=\"2372\">\ud83d\udeab \u015eunlar i\u00e7in uygun de\u011fildir<\/h3>\n<p data-start=\"2374\" data-end=\"2535\">\ud83d\udd39 Hamile kad\u0131nlar<br data-start=\"2394\" data-end=\"2397\" \/>\ud83d\udd39 Ciddi kardiyovask\u00fcler veya kronik hastal\u0131\u011f\u0131 olan misafirler<br data-start=\"2471\" data-end=\"2474\" \/>\ud83d\udd39 A\u015f\u0131r\u0131 atraksiyonlar i\u00e7in kontrendike olan ki\u015filer<\/p>\n<h3 data-start=\"2428\" data-end=\"2456\">\ud83d\udcb8 Fiyat ve rezervasyon<\/h3>\n<p data-start=\"2457\" data-end=\"2785\"><strong>\ud83d\udd39 \u015eimdi rezervasyon yap\u0131n - tur g\u00fcn\u00fc \u00f6deme yap\u0131n<\/strong><br data-start=\"2693\" data-end=\"2696\" \/>\ud83d\udd39 WhatsApp, Telegram, Viber \u00fczerinden bize ula\u015f\u0131n veya a\u015fa\u011f\u0131daki sipari\u015f formunu doldurun. \ud83d\udc47\ud83c\udffc<\/p>","protected":false},"excerpt":{"rendered":"<p>Antalya'dan Efsaneler Diyar\u0131: otel transferi, giri\u015f \u00fccreti, kayd\u0131raklar, su park\u0131 ve Nickelodeon Land. Belek'te t\u00fcm aile i\u00e7in e\u011flence dolu bir g\u00fcn.<\/p>","protected":false},"featured_media":12791,"comment_status":"open","ping_status":"closed","template":"","meta":[],"product_brand":[],"product_cat":[123],"product_tag":[107],"class_list":{"0":"post-14755","1":"product","2":"type-product","3":"status-publish","4":"has-post-thumbnail","6":"tour_phys-ekskursii-v-antalya","7":"product_cat-ekskursii-v-antalya","8":"product_tag-antalya","9":"pa_destination-ekskursii-v-antalya","11":"first","12":"instock","13":"sale","14":"shipping-taxable","15":"purchasable","16":"product-type-tour_phys"},"aioseo_notices":[],"_links":{"self":[{"href":"https:\/\/mirekskursii.com\/tr\/wp-json\/wp\/v2\/product\/14755","targetHints":{"allow":["GET"]}}],"collection":[{"href":"https:\/\/mirekskursii.com\/tr\/wp-json\/wp\/v2\/product"}],"about":[{"href":"https:\/\/mirekskursii.com\/tr\/wp-json\/wp\/v2\/types\/product"}],"replies":[{"embeddable":true,"href":"https:\/\/mirekskursii.com\/tr\/wp-json\/wp\/v2\/comments?post=14755"}],"wp:featuredmedia":[{"embeddable":true,"href":"https:\/\/mirekskursii.com\/tr\/wp-json\/wp\/v2\/media\/12791"}],"wp:attachment":[{"href":"https:\/\/mirekskursii.com\/tr\/wp-json\/wp\/v2\/media?parent=14755"}],"wp:term":[{"taxonomy":"product_brand","embeddable":true,"href":"https:\/\/mirekskursii.com\/tr\/wp-json\/wp\/v2\/product_brand?post=14755"},{"taxonomy":"product_cat","embeddable":true,"href":"https:\/\/mirekskursii.com\/tr\/wp-json\/wp\/v2\/product_cat?post=14755"},{"taxonomy":"product_tag","embeddable":true,"href":"https:\/\/mirekskursii.com\/tr\/wp-json\/wp\/v2\/product_tag?post=14755"}],"curies":[{"name":"wp","href":"https:\/\/api.w.org\/{rel}","templated":true}]}}