{"id":14753,"date":"2025-11-15T13:54:39","date_gmt":"2025-11-15T10:54:39","guid":{"rendered":"https:\/\/mirekskursii.com\/?post_type=product&#038;p=14753\/"},"modified":"2025-12-12T11:25:25","modified_gmt":"2025-12-12T08:25:25","slug":"waterhill-aquapark-antalya","status":"publish","type":"product","link":"https:\/\/mirekskursii.com\/ekskursii\/waterhill-akvapark-v-antalya\/","title":{"rendered":"Waterhill Aquapark Antalya \u2013 \u00c7\u0131lg\u0131n Kayd\u0131raklar"},"content":{"rendered":"<h3 data-start=\"0\" data-end=\"12\">\ud83c\udf0a \u0130nceleme<\/h3>\n<p data-start=\"14\" data-end=\"304\">Antalya ve yak\u0131n b\u00f6lgelerden uygun transferlerle Waterhill Water Park'ta t\u00fcm g\u00fcn\u00fcn\u00fcz\u00fc ge\u00e7irin! H\u0131zl\u0131 kayd\u0131raklar, dalga havuzu, \u00e7ocuk alanlar\u0131, animasyon ve fiks men\u00fc \u00f6\u011fle yeme\u011fi sizi bekliyor. Tur yakla\u015f\u0131k 8 saat s\u00fcrmektedir ve aileler ve su e\u011flencesi sevenler i\u00e7in idealdir.<\/p>\n<h3 data-start=\"306\" data-end=\"319\">Dahil:<\/h3>\n<p data-start=\"321\" data-end=\"474\"><span style=\"color: #00ff00;\"><strong>\u2713<\/strong> <\/span>Otel transferi<br data-start=\"343\" data-end=\"346\" \/><span style=\"color: #00ff00;\"><strong>\u2713<\/strong> <\/span>\u00d6\u011fle yeme\u011fi (fiks men\u00fc)<br data-start=\"373\" data-end=\"376\" \/><span style=\"color: #00ff00;\"><strong>\u2713<\/strong> <\/span>Waterhill Su Park\u0131'na giri\u015f bileti<br data-start=\"412\" data-end=\"415\" \/><span style=\"color: #00ff00;\"><strong>\u2713<\/strong> <\/span>Sigorta<br data-start=\"428\" data-end=\"431\" \/><span style=\"color: #00ff00;\"><strong>\u2713<\/strong> <\/span>Klimal\u0131 konforlu otob\u00fcs<\/p>\n<h3 data-start=\"476\" data-end=\"492\">Dahil de\u011fil:<\/h3>\n<p data-start=\"494\" data-end=\"541\">\u2717 Ki\u015fisel harcamalar<br data-start=\"510\" data-end=\"513\" \/>\u2717 Foto\u011fraflar ve videolar<br data-start=\"527\" data-end=\"530\" \/>\u2717 \u0130\u00e7ecekler<\/p>\n<h3 data-start=\"543\" data-end=\"571\">\ud83c\udfa2 Turun \u00f6nemli noktalar\u0131<\/h3>\n<p data-start=\"573\" data-end=\"882\">\ud83d\udd39 Heyecan verici kayd\u0131raklar: Kamikaze, Bumerang, Tropikal Kule<br data-start=\"635\" data-end=\"638\" \/>\ud83d\udd39 Deniz dalgas\u0131 efektli b\u00fcy\u00fck dalga havuzu<br data-start=\"689\" data-end=\"692\" \/>\ud83d\udd39 \u00c7ocuk y\u00fczme havuzlar\u0131 ve su oyun alanlar\u0131<br data-start=\"737\" data-end=\"740\" \/>\ud83d\udd39 Havuz ba\u015f\u0131nda animasyon, yar\u0131\u015fmalar ve m\u00fczik<br data-start=\"781\" data-end=\"784\" \/>\ud83d\udd39 G\u00fcne\u015flenme ve \u015fezlong alanlar\u0131<br data-start=\"824\" data-end=\"827\" \/>\ud83d\udd39 Sabit men\u00fcde bir i\u00e7ecek ve dondurma ile \u00f6\u011fle yeme\u011fi<\/p>\n<h3 data-start=\"884\" data-end=\"906\">\ud83d\udcd6 Tam a\u00e7\u0131klama<\/h3>\n<p data-start=\"908\" data-end=\"1207\">G\u00fcn\u00fcn\u00fcz Antalya ve \u00e7evresindeki otellerden Konyaalt\u0131 b\u00f6lgesinde bulunan Waterhill Su Park\u0131'na organize bir transferle ba\u015flayacakt\u0131r. Var\u0131\u015fta, ekstrem Kamikaze ve Boomerang'dan daha sessiz kayd\u0131raklara ve havuzlara kadar en pop\u00fcler kayd\u0131raklar\u0131 denemek i\u00e7in serbest zaman\u0131n\u0131z olacak.<\/p>\n<p data-start=\"1209\" data-end=\"1550\">Yeti\u015fkinler \u015fezlonglarda dinlenirken veya havuz kenar\u0131ndaki animasyon programlar\u0131na kat\u0131l\u0131rken \u00e7ocuklar s\u0131\u011f \u00e7ocuk alanlar\u0131nda g\u00fcvenle oynayabilir. G\u00fcn ortas\u0131nda, kayd\u0131raklar, y\u00fczme ve foto\u011fraf \u00e7ekimi i\u00e7in zaman b\u0131rakarak, i\u00e7ecek ve dondurma e\u015fli\u011finde sabit bir men\u00fc \u00f6\u011fle yeme\u011fi sizi bekliyor. G\u00fcn\u00fcn sonunda bir transfer sizi otele geri g\u00f6t\u00fcrecektir.<\/p>\n<h3 data-start=\"1552\" data-end=\"1574\">\ud83d\uddfa\ufe0f Tur Program\u0131<\/h3>\n<p data-start=\"1576\" data-end=\"1839\">\ud83d\udd39 Antalya ve yak\u0131n b\u00f6lgelerdeki otellerden misafir toplama<br data-start=\"1628\" data-end=\"1631\" \/>\ud83d\udd39 Waterhill Aquapark'a var\u0131\u015f<br data-start=\"1663\" data-end=\"1666\" \/>\ud83d\udd39 Kayd\u0131raklar, havuzlar ve dinlenmek i\u00e7in serbest zaman<br data-start=\"1714\" data-end=\"1717\" \/>\ud83d\udd39 \u00d6\u011fle yeme\u011fi (fiks men\u00fc, i\u00e7ecek, dondurma)<br data-start=\"1765\" data-end=\"1768\" \/>\ud83d\udd39 Su aktivitelerine ve animasyonlara devam edilmesi<br data-start=\"1812\" data-end=\"1815\" \/>\ud83d\udd39 Otele d\u00f6n\u00fc\u015f<\/p>\n<h3 data-start=\"1841\" data-end=\"1867\">\u2139\ufe0f Faydal\u0131 bilgiler<\/h3>\n<p data-start=\"1869\" data-end=\"2322\">\ud83d\udd39 Tur s\u00fcresi: yakla\u015f\u0131k 8 saat (tam g\u00fcn)<br data-start=\"1922\" data-end=\"1925\" \/>\ud83d\udd39 \u00c7ocuklar ve yeti\u015fkinler i\u00e7in uygundur<br data-start=\"1957\" data-end=\"1960\" \/>\ud83d\udd39 \u00dccretsiz kilitli dolaplar ve soyunma odalar\u0131<br data-start=\"1995\" data-end=\"1998\" \/>\ud83d\udd39 Orta d\u00fczeyde fiziksel aktivite (merdiven, kayd\u0131rak \u00e7\u0131kma)<br data-start=\"2061\" data-end=\"2064\" \/>\ud83d\udd39 S\u00fcr\u00fcc\u00fc belirtilen s\u00fcreden sonra en fazla 5 dakika bekleyebilir<br data-start=\"2129\" data-end=\"2132\" \/>\ud83d\udd39 \u00dccretsiz seyahat eden 6 ya\u015f\u0131ndan k\u00fc\u00e7\u00fck \u00e7ocuklar\u0131n otob\u00fcste ayr\u0131 bir koltu\u011fu yoktur (ek \u00fccret kar\u015f\u0131l\u0131\u011f\u0131nda rezerve edilebilir)<br data-start=\"2245\" data-end=\"2248\" \/>\ud83d\udd39 Waterhill Su Park\u0131 yenilenmi\u015ftir ve Antalya'n\u0131n Konyaalt\u0131 semtinde yer almaktad\u0131r<\/p>\n<h3 data-start=\"2324\" data-end=\"2348\">\ud83c\udf92 Yan\u0131n\u0131za ne almal\u0131s\u0131n\u0131z<\/h3>\n<p data-start=\"2350\" data-end=\"2512\">\ud83d\udd39 Mayo ve havlu.<br data-start=\"2374\" data-end=\"2377\" \/>\ud83d\udd39 G\u00fcne\u015f kremi ve g\u00fcne\u015f g\u00f6zl\u00fc\u011f\u00fc<br data-start=\"2406\" data-end=\"2409\" \/>\ud83d\udd39 \u0130\u00e7ecekler ve ki\u015fisel harcamalar i\u00e7in nakit<br data-start=\"2455\" data-end=\"2458\" \/>\ud83d\udd39 Su ge\u00e7irmez telefon k\u0131l\u0131f\u0131 (iste\u011fe ba\u011fl\u0131)<\/p>\n<h3 data-start=\"2514\" data-end=\"2536\">\ud83d\udeab \u015eunlar i\u00e7in uygun de\u011fildir<\/h3>\n<p data-start=\"2538\" data-end=\"2638\">\ud83d\udd39 Ciddi kronik hastal\u0131\u011f\u0131 olan ki\u015filer<br data-start=\"2586\" data-end=\"2589\" \/>\ud83d\udd39 Hareket kabiliyeti ciddi derecede k\u0131s\u0131tl\u0131 misafirler<\/p>\n<h3 data-start=\"2538\" data-end=\"2638\">\ud83d\udcb8 Fiyat ve rezervasyon<\/h3>\n<p data-start=\"2691\" data-end=\"2831\"><strong>\ud83d\udd39 \u015eimdi rezervasyon yap\u0131n - tur g\u00fcn\u00fc \u00f6deme yap\u0131n<\/strong><br data-start=\"2737\" data-end=\"2740\" \/>\ud83d\udd39 WhatsApp, Telegram, Viber \u00fczerinden bize ula\u015f\u0131n veya a\u015fa\u011f\u0131daki sipari\u015f formunu doldurun. \ud83d\udc47\ud83c\udffc<\/p>","protected":false},"excerpt":{"rendered":"<p data-start=\"2882\" data-end=\"3037\">Antalya'dan Waterhill Su Park\u0131: otel transferi, bilet, \u00f6\u011fle yeme\u011fi, kayd\u0131raklar, dalga havuzu ve \u00e7ocuk alanlar\u0131. T\u00fcm aile i\u00e7in t\u00fcm g\u00fcn s\u00fcren m\u00fckemmel bir su tatili.<\/p>","protected":false},"featured_media":12762,"comment_status":"open","ping_status":"closed","template":"","meta":[],"product_brand":[],"product_cat":[123],"product_tag":[107],"class_list":{"0":"post-14753","1":"product","2":"type-product","3":"status-publish","4":"has-post-thumbnail","6":"tour_phys-ekskursii-v-antalya","7":"product_cat-ekskursii-v-antalya","8":"product_tag-antalya","9":"pa_destination-ekskursii-v-antalya","11":"first","12":"instock","13":"sale","14":"shipping-taxable","15":"purchasable","16":"product-type-tour_phys"},"aioseo_notices":[],"_links":{"self":[{"href":"https:\/\/mirekskursii.com\/tr\/wp-json\/wp\/v2\/product\/14753","targetHints":{"allow":["GET"]}}],"collection":[{"href":"https:\/\/mirekskursii.com\/tr\/wp-json\/wp\/v2\/product"}],"about":[{"href":"https:\/\/mirekskursii.com\/tr\/wp-json\/wp\/v2\/types\/product"}],"replies":[{"embeddable":true,"href":"https:\/\/mirekskursii.com\/tr\/wp-json\/wp\/v2\/comments?post=14753"}],"wp:featuredmedia":[{"embeddable":true,"href":"https:\/\/mirekskursii.com\/tr\/wp-json\/wp\/v2\/media\/12762"}],"wp:attachment":[{"href":"https:\/\/mirekskursii.com\/tr\/wp-json\/wp\/v2\/media?parent=14753"}],"wp:term":[{"taxonomy":"product_brand","embeddable":true,"href":"https:\/\/mirekskursii.com\/tr\/wp-json\/wp\/v2\/product_brand?post=14753"},{"taxonomy":"product_cat","embeddable":true,"href":"https:\/\/mirekskursii.com\/tr\/wp-json\/wp\/v2\/product_cat?post=14753"},{"taxonomy":"product_tag","embeddable":true,"href":"https:\/\/mirekskursii.com\/tr\/wp-json\/wp\/v2\/product_tag?post=14753"}],"curies":[{"name":"wp","href":"https:\/\/api.w.org\/{rel}","templated":true}]}}