{"id":14744,"date":"2025-11-15T12:58:35","date_gmt":"2025-11-15T09:58:35","guid":{"rendered":"https:\/\/mirekskursii.com\/?post_type=product&#038;p=14744\/"},"modified":"2026-04-15T16:59:01","modified_gmt":"2026-04-15T13:59:01","slug":"rafting-tazi-kanyonu-buggy-turu-kemer","status":"publish","type":"product","link":"https:\/\/mirekskursii.com\/ekskursii\/rafting-kanion-tazy-iz-kemer\/","title":{"rendered":"Rafting, Taz\u0131 Kanyonu, Buggy ve Zipline 4\u2019\u00fc 1 Arada Kemer \u00c7\u0131k\u0131\u015fl\u0131"},"content":{"rendered":"<h3 data-start=\"307\" data-end=\"321\">\ud83c\udfdd\ufe0f Genel Bak\u0131\u015f<\/h3>\n<p data-start=\"322\" data-end=\"565\">Kemer'den 4'\u00fc 1 arada yo\u011fun bir maceraya at\u0131l\u0131n: Taza Kanyonu'nda jeep safari, K\u00f6pr\u00fc\u00e7ay Nehri'nde rafting, buggy\/quad bisiklet ve kanyon \u00fczerinde ziplining. Bir tur, t\u00fcm g\u00fcn boyunca do\u011fay\u0131, adrenalini ve g\u00fczel manzaralar\u0131 birle\u015ftirir.<\/p>\n<h3 data-start=\"563\" data-end=\"575\">Dahil:<\/h3>\n<div data-start=\"577\" data-end=\"751\"><span style=\"color: #00ff00;\"><strong>\u2713<\/strong> <\/span>Otel transferi<br data-start=\"599\" data-end=\"602\" \/><span style=\"color: #00ff00;\"><strong>\u2713<\/strong> <\/span>Konforlu otob\u00fcs<br data-start=\"627\" data-end=\"630\" \/><span style=\"color: #00ff00;\"><strong>\u2713<\/strong> <\/span>Cabrio-jeep safari.<br data-start=\"654\" data-end=\"657\" \/><span style=\"color: #00ff00;\"><strong>\u2713<\/strong> <\/span>10 ki\u015filik sallarda rafting<\/div>\n<div data-start=\"577\" data-end=\"751\"><span style=\"color: #00ff00;\"><strong>\u2713<\/strong> <\/span>Buggy veya d\u00f6rtl\u00fc bisiklet s\u00fcrme<br data-start=\"687\" data-end=\"690\" \/><span style=\"color: #00ff00;\"><strong>\u2713<\/strong> <\/span>Sigorta<br data-start=\"701\" data-end=\"704\" \/><span style=\"color: #00ff00;\"><strong>\u2713<\/strong> <\/span>Rehber: Rus\u00e7a, \u0130ngilizce<br data-start=\"730\" data-end=\"733\" \/><span style=\"color: #00ff00;\"><strong>\u2713<\/strong> <\/span>\u00d6\u011fle Yeme\u011fi<br data-start=\"739\" data-end=\"742\" \/><span style=\"color: #00ff00;\"><strong>\u2713<\/strong> <\/span>Zipline<\/div>\n<h3 data-start=\"753\" data-end=\"768\">Dahil de\u011fil:<\/h3>\n<p data-start=\"770\" data-end=\"851\"><span style=\"color: #ff0000;\"><strong>\u2717<\/strong> <\/span>2 ki\u015filik kanolar (\u00fccretli)<br data-start=\"822\" data-end=\"825\" \/><span style=\"color: #ff0000;\"><strong>\u2717<\/strong> <\/span>Foto\u011fraf ve video<br data-start=\"839\" data-end=\"842\" \/><span style=\"color: #ff0000;\"><strong>\u2717<\/strong> <\/span>\u0130\u00e7ecekler<\/p>\n<h3 data-start=\"863\" data-end=\"891\">\ud83c\udf1f Turun \u00f6ne \u00e7\u0131kan \u00f6zellikleri<\/h3>\n<p data-start=\"892\" data-end=\"1377\">\ud83d\udd39 4'\u00fc 1 arada kombo program: jeep safari, rafting, buggy\/quad bisiklet ve ziplining<br data-start=\"967\" data-end=\"970\" \/>\ud83d\udd39 Taza Kanyonu manzara noktas\u0131na a\u00e7\u0131k jeep yolculu\u011fu<br data-start=\"1033\" data-end=\"1036\" \/>\ud83d\udd39 Eagle Canyon'un muhte\u015fem kayal\u0131klar\u0131na bakan foto\u011fraf molalar\u0131<br data-start=\"1097\" data-end=\"1100\" \/>\ud83d\udd39 K\u00f6pr\u00fc\u00e7ay Nehri'nin serinletici ak\u0131nt\u0131lar\u0131nda rafting<br data-start=\"1144\" data-end=\"1147\" \/>\ud83d\udd39 Kanyon \u00fczerinde zipline - canl\u0131 bir adrenalin patlamas\u0131<br data-start=\"1197\" data-end=\"1200\" \/>\ud83d\udd39 Orman yollar\u0131nda ve nehir boyunca buggy veya ATV gezileri<br data-start=\"1267\" data-end=\"1270\" \/>\ud83d\udd39 Nehir kenar\u0131nda barbek\u00fc \u00f6\u011fle yeme\u011fi fiyata dahildir<br data-start=\"1312\" data-end=\"1315\" \/>\ud83d\udd39 Aileler, yeni ba\u015flayanlar ve a\u00e7\u0131k hava merakl\u0131lar\u0131 i\u00e7in uygundur<\/p>\n<h3 data-start=\"1379\" data-end=\"1401\">\ud83d\udcd6 Tam a\u00e7\u0131klama<\/h3>\n<p data-start=\"1402\" data-end=\"1688\">Tur Kemer, \u00c7amyuva, Tekirova ve \u00e7evre b\u00f6lgelerdeki otellerden K\u00f6pr\u00fcl\u00fc Milli Park\u0131'na transfer ile ba\u015flar. \u0130lk olarak a\u00e7\u0131k SUV'larda bir jeep safarisine g\u00f6t\u00fcr\u00fcleceksiniz, burada u\u00e7urumlar\u0131n panoramas\u0131n\u0131n tad\u0131n\u0131 \u00e7\u0131karabilir ve vadi \u00fczerinde muhte\u015fem foto\u011fraflar \u00e7ekebilirsiniz.<\/p>\n<p data-start=\"1690\" data-end=\"2041\">Program daha sonra tozlu orman yollar\u0131nda ve nehir kenarlar\u0131nda 50 dakikal\u0131k bir buggy veya quad bike s\u00fcr\u00fc\u015f\u00fc ile devam eder - deneyim gerekmez, brifing ve rehber dahildir. Daha sonra rafting i\u00e7in \u00fcst\u00fcn\u00fcz\u00fc de\u011fi\u015ftirirsiniz: ekip ekipmanlar\u0131n\u0131 al\u0131r ve K\u00f6pr\u00fc\u00e7ay Nehri'nde e\u011flenceli ak\u0131nt\u0131lar ve su s\u0131\u00e7ramalar\u0131 e\u015fli\u011finde 12 kilometrelik bir rafting gezisine \u00e7\u0131kar.<\/p>\n<p data-start=\"2043\" data-end=\"2260\">Rafting rotas\u0131 bir ziplane i\u00e7erir: kanyon \u00fczerinde yakla\u015f\u0131k 350 metre u\u00e7ars\u0131n\u0131z ve ekstra bir adrenalin dozu al\u0131rs\u0131n\u0131z. G\u00fcn\u00fcn sonunda nehir k\u0131y\u0131s\u0131nda doyurucu bir barbek\u00fc \u00f6\u011fle yeme\u011fi yiyecek ve otele geri transfer olacaks\u0131n\u0131z.<\/p>\n<h3 data-start=\"2262\" data-end=\"2282\">\ud83d\uddfa\ufe0f Tur g\u00fczergah\u0131<\/h3>\n<p data-start=\"2283\" data-end=\"2668\">\ud83d\udd39 Kemer, \u00c7amyuva, Tekirova ve \u00e7evre b\u00f6lgelerdeki otellerden ara\u00e7la alma<br data-start=\"2351\" data-end=\"2354\" \/>\ud83d\udd39 K\u00f6pr\u00fcl\u00fc Kanyon'daki rafting merkezine transfer<br data-start=\"2399\" data-end=\"2402\" \/>\ud83d\udd39 Taza Kanyonu manzara noktas\u0131na jeep safari<br data-start=\"2450\" data-end=\"2453\" \/>\ud83d\udd39 Buggy veya d\u00f6rtl\u00fc bisiklet s\u00fcr\u00fc\u015f\u00fc (yakla\u015f\u0131k 50 dakika)<br data-start=\"2506\" data-end=\"2509\" \/>\ud83d\udd39 K\u00f6pr\u00fc\u00e7ay Nehri \u00fczerinde rafting (yakla\u015f\u0131k 12 km)<br data-start=\"2553\" data-end=\"2556\" \/>\ud83d\udd39 Ziplane - kanyonun yakla\u015f\u0131k 350 m \u00fczerinde u\u00e7mak<br data-start=\"2600\" data-end=\"2603\" \/>\ud83d\udd39 Nehir k\u0131y\u0131s\u0131nda barbek\u00fc e\u015fli\u011finde \u00f6\u011fle yeme\u011fi<br data-start=\"2635\" data-end=\"2638\" \/>\ud83d\udd39 Otele d\u00f6n\u00fc\u015f transferi<\/p>\n<h3 data-start=\"2670\" data-end=\"2696\">\u2139\ufe0f Faydal\u0131 bilgiler<\/h3>\n<p data-start=\"2697\" data-end=\"3065\">\ud83d\udd39 Tur s\u00fcresi: yakla\u015f\u0131k 10 saat<br data-start=\"2738\" data-end=\"2741\" \/>\ud83d\udd39 \u00d6nceki deneyim gerekli de\u011fildir<br data-start=\"2773\" data-end=\"2776\" \/>\ud83d\udd39 Gerekli t\u00fcm koruyucu ekipmanlar sahada sa\u011flan\u0131r<br data-start=\"2839\" data-end=\"2842\" \/>\ud83d\udd39 Rus\u00e7a konu\u015fan, \u0130ngilizce konu\u015fan ve Almanca konu\u015fan rehberler mevcuttur<br data-start=\"2907\" data-end=\"2910\" \/>\ud83d\udd39 Su ayakkab\u0131lar\u0131 ve su ge\u00e7irmez telefon k\u0131l\u0131flar\u0131 siteden sat\u0131n al\u0131nabilir<br data-start=\"2987\" data-end=\"2990\" \/>\ud83d\udd39 6 ya\u015f\u0131ndan k\u00fc\u00e7\u00fck \u00e7ocuklar \u00fccretsiz seyahat eder (otob\u00fcste ayr\u0131 bir koltuk olmadan)<\/p>\n<h3 data-start=\"3067\" data-end=\"3091\">\ud83c\udf92 Yan\u0131n\u0131za ne almal\u0131s\u0131n\u0131z<\/h3>\n<p data-start=\"3092\" data-end=\"3280\">\ud83d\udd39 Mayo ve havlu.<br data-start=\"3116\" data-end=\"3119\" \/>\ud83d\udd39 K\u0131yafet ve ayakkab\u0131 de\u011fi\u015ftirme<br data-start=\"3144\" data-end=\"3147\" \/>\ud83d\udd39 G\u00fcne\u015f kremi ve g\u00fcne\u015f g\u00f6zl\u00fc\u011f\u00fc<br data-start=\"3176\" data-end=\"3179\" \/>\ud83d\udd39 Telefonunuz veya kameran\u0131z i\u00e7in su ge\u00e7irmez k\u0131l\u0131f<br data-start=\"3229\" data-end=\"3232\" \/>\ud83d\udd39 \u0130\u00e7ecekler, foto\u011fraflar ve hediyelik e\u015fyalar i\u00e7in nakit<\/p>\n<h3 data-start=\"3282\" data-end=\"3304\">\ud83d\udeab \u015eunlar i\u00e7in uygun de\u011fildir<\/h3>\n<p data-start=\"3305\" data-end=\"3446\">\ud83d\udd39 Hamile kad\u0131nlar<br data-start=\"3325\" data-end=\"3328\" \/>\ud83d\udd39 Ciddi kalp hastal\u0131\u011f\u0131 olan ki\u015filer<br data-start=\"3374\" data-end=\"3377\" \/>\ud83d\udd39 Hareket kabiliyeti k\u0131s\u0131tl\u0131 gezginler<br data-start=\"3424\" data-end=\"3427\" \/>\ud83d\udd39 4 ya\u015f\u0131ndan k\u00fc\u00e7\u00fck \u00e7ocuklar<\/p>\n<h3 data-start=\"3448\" data-end=\"3474\">\ud83d\udcb8 Fiyat ve rezervasyon<\/h3>\n<p data-start=\"3475\" data-end=\"3623\"><strong>\ud83d\udd39 \u015eimdi rezervasyon yap\u0131n, tur g\u00fcn\u00fc \u00f6deyin<\/strong><br data-start=\"3524\" data-end=\"3527\" \/>\ud83d\udd39 WhatsApp, Telegram, Viber arac\u0131l\u0131\u011f\u0131yla bize ula\u015f\u0131n veya a\u015fa\u011f\u0131daki rezervasyon formunu doldurun \ud83d\udc47\ud83c\udffd<\/p>","protected":false},"excerpt":{"rendered":"<p>Kemer'den rafting, Taza kanyonu ve buggy 4'\u00fc 1 arada: jeep safari, K\u00f6pr\u00fc\u00e7ay'da rafting, ziplining, nehir kenar\u0131nda \u00f6\u011fle yeme\u011fi ve transfer. M\u00fckemmel bir tam g\u00fcn aktif tur.<\/p>","protected":false},"featured_media":14745,"comment_status":"open","ping_status":"closed","template":"","meta":[],"product_brand":[],"product_cat":[122],"product_tag":[105],"class_list":{"0":"post-14744","1":"product","2":"type-product","3":"status-publish","4":"has-post-thumbnail","6":"tour_phys-ekskursii-v-kemer","7":"product_cat-ekskursii-v-kemer","8":"product_tag-kemer","9":"pa_destination-ekskursii-v-kemer","11":"first","12":"instock","13":"sale","14":"featured","15":"shipping-taxable","16":"purchasable","17":"product-type-tour_phys"},"aioseo_notices":[],"_links":{"self":[{"href":"https:\/\/mirekskursii.com\/tr\/wp-json\/wp\/v2\/product\/14744","targetHints":{"allow":["GET"]}}],"collection":[{"href":"https:\/\/mirekskursii.com\/tr\/wp-json\/wp\/v2\/product"}],"about":[{"href":"https:\/\/mirekskursii.com\/tr\/wp-json\/wp\/v2\/types\/product"}],"replies":[{"embeddable":true,"href":"https:\/\/mirekskursii.com\/tr\/wp-json\/wp\/v2\/comments?post=14744"}],"wp:featuredmedia":[{"embeddable":true,"href":"https:\/\/mirekskursii.com\/tr\/wp-json\/wp\/v2\/media\/14745"}],"wp:attachment":[{"href":"https:\/\/mirekskursii.com\/tr\/wp-json\/wp\/v2\/media?parent=14744"}],"wp:term":[{"taxonomy":"product_brand","embeddable":true,"href":"https:\/\/mirekskursii.com\/tr\/wp-json\/wp\/v2\/product_brand?post=14744"},{"taxonomy":"product_cat","embeddable":true,"href":"https:\/\/mirekskursii.com\/tr\/wp-json\/wp\/v2\/product_cat?post=14744"},{"taxonomy":"product_tag","embeddable":true,"href":"https:\/\/mirekskursii.com\/tr\/wp-json\/wp\/v2\/product_tag?post=14744"}],"curies":[{"name":"wp","href":"https:\/\/api.w.org\/{rel}","templated":true}]}}