{"id":14740,"date":"2025-11-15T12:21:45","date_gmt":"2025-11-15T09:21:45","guid":{"rendered":"https:\/\/mirekskursii.com\/?post_type=product&#038;p=14740\/"},"modified":"2026-04-15T17:02:26","modified_gmt":"2026-04-15T14:02:26","slug":"ahtali-dagi-yamac-parasutu-antalya","status":"publish","type":"product","link":"https:\/\/mirekskursii.com\/ekskursii\/paraplan-tahtaly-iz-antalya\/","title":{"rendered":"Tahtal\u0131 Da\u011f\u0131 Yama\u00e7 Para\u015f\u00fct\u00fc Antalya \u00c7\u0131k\u0131\u015fl\u0131 \u2013 2365 m"},"content":{"rendered":"<h3 data-start=\"62\" data-end=\"74\">\ud83e\ude82 \u0130nceleme<\/h3>\n<p data-start=\"75\" data-end=\"328\">Antalya, Kundu ve Lara'dan u\u00e7u\u015flarla Tahtal\u0131 Da\u011f\u0131'n\u0131n (2365m) tepesinden u\u00e7ma hayalinizi ger\u00e7ekle\u015ftirin. Transfer edilecek, Olympos Teleferik teleferi\u011fine bindirilecek, bir e\u011fitmen e\u015fli\u011finde heyecan verici bir u\u00e7u\u015fun ve Tekirova plaj\u0131na y\u00fczerek yumu\u015fak bir ini\u015fin tad\u0131n\u0131 \u00e7\u0131karacaks\u0131n\u0131z.<\/p>\n<h3 data-start=\"330\" data-end=\"343\">Dahil:<\/h3>\n<div data-start=\"345\" data-end=\"572\"><span style=\"color: #00ff00;\"><strong>\u2713<\/strong> <\/span>Otel transferi<br data-start=\"367\" data-end=\"370\" \/><span style=\"color: #00ff00;\"><strong>\u2713<\/strong> <\/span>Profesyonel pilotlar ve sertifikal\u0131 ekipman<br data-start=\"426\" data-end=\"429\" \/><span style=\"color: #00ff00;\"><strong>\u2713<\/strong> <\/span>G\u00fcvenlik brifingi<br data-start=\"465\" data-end=\"468\" \/><span style=\"color: #00ff00;\"><strong>\u2713<\/strong> <\/span>Olympos Teleferik teleferi\u011fi i\u00e7in bilet<br data-start=\"512\" data-end=\"515\" \/><span style=\"color: #00ff00;\"><strong>\u2713<\/strong> <\/span>Sigorta<\/div>\n<div data-start=\"345\" data-end=\"572\"><span style=\"color: #00ff00;\"><strong>\u2713<\/strong> <\/span>Tekirova plaj\u0131nda y\u00fczme molas\u0131<\/div>\n<h3 data-start=\"574\" data-end=\"590\">Dahil de\u011fil:<\/h3>\n<p data-start=\"592\" data-end=\"653\"><span style=\"color: #ff0000;\"><strong>\u2717<\/strong> <\/span>Ki\u015fisel harcamalar<br data-start=\"608\" data-end=\"611\" \/><span style=\"color: #ff0000;\"><strong>\u2717<\/strong> <\/span>Foto\u011fraf ve video (iste\u011fe ba\u011fl\u0131)<br data-start=\"639\" data-end=\"642\" \/><span style=\"color: #ff0000;\"><strong>\u2717<\/strong> <\/span>\u0130\u00e7ecekler<\/p>\n<h3 data-start=\"655\" data-end=\"679\">\ud83c\udfd4\ufe0f \u00d6nemli Noktalar<\/h3>\n<p data-start=\"680\" data-end=\"992\">\ud83d\udd39 Akdeniz'de yama\u00e7 para\u015f\u00fct\u00fc i\u00e7in en y\u00fcksek noktalardan biri olan Tahtal\u0131'n\u0131n zirvesinden ba\u015flay\u0131n<br data-start=\"776\" data-end=\"779\" \/>\ud83d\udd39 Toros Da\u011flar\u0131, ormanlar ve Antalya sahil \u015feridinin panoramik manzaras\u0131<br data-start=\"837\" data-end=\"840\" \/>\ud83d\udd39 Deneyimli bir pilot ile g\u00fcvenli tandem u\u00e7u\u015fu<br data-start=\"884\" data-end=\"887\" \/>\ud83d\udd39 Tekirova sahiline ini\u015f ve dinlenme<br data-start=\"927\" data-end=\"930\" \/>\ud83d\udd39 U\u00e7u\u015fun profesyonel foto\u011fraflar\u0131n\u0131 ve videosunu sipari\u015f etme imkan\u0131<\/p>\n<h3 data-start=\"994\" data-end=\"1016\">\ud83d\udcd6 Tam a\u00e7\u0131klama<\/h3>\n<p data-start=\"1017\" data-end=\"1552\">Tur, Antalya, Kundu ve Lara'daki otellerden Olympos Teleferik istasyonuna rahat bir transfer ile ba\u015flar. Teleferik sizi Tahtal\u0131 Da\u011f\u0131'n\u0131n zirvesine (2365 m) g\u00f6t\u00fcrecek ve burada e\u011fitmenler taraf\u0131ndan kar\u015f\u0131lanacak, bilgilendirilecek ve ekipman\u0131n\u0131z haz\u0131rlanacakt\u0131r. Kalk\u0131\u015ftan sonra \u00e7am ormanlar\u0131, da\u011f yama\u00e7lar\u0131 ve turkuaz sahil \u015feridi \u00fczerinde yumu\u015fak bir \u015fekilde s\u00fcz\u00fclerek Olimpos Milli Park\u0131 manzaras\u0131n\u0131n tad\u0131n\u0131 \u00e7\u0131karacaks\u0131n\u0131z. U\u00e7u\u015f yakla\u015f\u0131k 35-45 dakika s\u00fcrer ve otelinize d\u00f6nmeden \u00f6nce y\u00fczebilece\u011finiz ve biraz dinlenebilece\u011finiz Tekirova plaj\u0131na yumu\u015fak bir ini\u015fle sona erer.<\/p>\n<h3 data-start=\"1554\" data-end=\"1574\">\ud83d\uddfa\ufe0f Tur g\u00fczergah\u0131<\/h3>\n<p data-start=\"1575\" data-end=\"1898\">\ud83d\udd39 Antalya, Kundu ve Lara otellerinden \u00e7it<br data-start=\"1615\" data-end=\"1618\" \/>\ud83d\udd39 Olympos Teleferik istasyonuna var\u0131\u015f<br data-start=\"1674\" data-end=\"1677\" \/>\ud83d\udd39 Takhtala da\u011f\u0131n\u0131n zirvesine t\u0131rman\u0131\u015f (2365 m)<br data-start=\"1719\" data-end=\"1722\" \/>\ud83d\udd39 G\u00fcvenlik brifingi ve ekipman haz\u0131rl\u0131\u011f\u0131<br data-start=\"1777\" data-end=\"1780\" \/>\ud83d\udd39 Yama\u00e7 Para\u015f\u00fct\u00fc (yakla\u015f\u0131k 35-45 dakika)<br data-start=\"1824\" data-end=\"1827\" \/>\ud83d\udd39 Tekirova plaj\u0131nda ini\u015f ve y\u00fczme<br data-start=\"1865\" data-end=\"1868\" \/>\ud83d\udd39 Otele d\u00f6n\u00fc\u015f transferi<\/p>\n<h3 data-start=\"1900\" data-end=\"1926\">\u2139\ufe0f Faydal\u0131 bilgiler<\/h3>\n<p data-start=\"1927\" data-end=\"2284\">\ud83d\udd39 Tur s\u00fcresi: yakla\u015f\u0131k 4-5 saat (yar\u0131m g\u00fcn)<br data-start=\"1978\" data-end=\"1981\" \/>\ud83d\udd39 Orta d\u00fczeyde fiziksel aktivite<br data-start=\"2013\" data-end=\"2016\" \/>\ud83d\udd39 Rezervasyon s\u0131ras\u0131nda otel, kilo ve boy belirtilmelidir<br data-start=\"2072\" data-end=\"2075\" \/>\ud83d\udd39 U\u00e7u\u015flar hava ko\u015fullar\u0131na ba\u011fl\u0131d\u0131r (ertelenebilir)<br data-start=\"2133\" data-end=\"2136\" \/>\ud83d\udd39 Ya\u015f s\u0131n\u0131rlamas\u0131: 5 ya\u015f\u0131ndan k\u00fc\u00e7\u00fck \u00e7ocuklara izin verilmez<br data-start=\"2191\" data-end=\"2194\" \/>\ud83d\udd39 Maksimum a\u011f\u0131rl\u0131k: 110 kg'a kadar erkekler, 90 kg'a kadar kad\u0131nlar<\/p>\n<h3 data-start=\"2286\" data-end=\"2310\">\ud83c\udf92 Yan\u0131n\u0131za ne almal\u0131s\u0131n\u0131z<\/h3>\n<p data-start=\"2311\" data-end=\"2523\">\ud83d\udd39 Rahat spor ayakkab\u0131 ve k\u0131yafetler<br data-start=\"2347\" data-end=\"2350\" \/>\ud83d\udd39 G\u00fcne\u015f g\u00f6zl\u00fc\u011f\u00fc ve g\u00fcne\u015f kremi<br data-start=\"2389\" data-end=\"2392\" \/>\ud83d\udd39 Plaj i\u00e7in mayo ve havlu<br data-start=\"2426\" data-end=\"2429\" \/>\ud83d\udd39 \u0130\u00e7me suyu ve at\u0131\u015ft\u0131rmal\u0131klar<br data-start=\"2462\" data-end=\"2465\" \/>\ud83d\udd39 Ekstralar ve foto\u011fraflar\/videolar i\u00e7in nakit<\/p>\n<h3 data-start=\"2525\" data-end=\"2547\">\ud83d\udeab \u015eunlar i\u00e7in uygun de\u011fildir<\/h3>\n<p data-start=\"2548\" data-end=\"2720\">\ud83d\udd39 5 ya\u015f\u0131ndan k\u00fc\u00e7\u00fck \u00e7ocuklar<br data-start=\"2565\" data-end=\"2568\" \/>\ud83d\udd39 Hamile kad\u0131nlar<br data-start=\"2588\" data-end=\"2591\" \/>\ud83d\udd39 Epilepsi, ciddi kalp veya solunum hastal\u0131\u011f\u0131 olan ki\u015filer<br data-start=\"2666\" data-end=\"2669\" \/>\ud83d\udd39 110 kg \u00fczeri erkekler ve 90 kg \u00fczeri kad\u0131nlar<\/p>\n<h3 data-start=\"2722\" data-end=\"2748\">\ud83d\udcb8 Fiyat ve rezervasyon<\/h3>\n<p data-start=\"2749\" data-end=\"2899\"><strong>\ud83d\udd39 \u015eimdi rezervasyon yap\u0131n - tur g\u00fcn\u00fc \u00f6deme yap\u0131n<\/strong><br data-start=\"2799\" data-end=\"2802\" \/>\ud83d\udd39 WhatsApp, Telegram, Viber \u00fczerinden bize ula\u015f\u0131n veya a\u015fa\u011f\u0131daki rezervasyon formunu doldurun. \ud83d\udc47\ud83c\udffd<\/p>","protected":false},"excerpt":{"rendered":"<p data-start=\"3037\" data-end=\"3180\">Antalya'dan 2365 m uzakl\u0131ktaki Tahtal\u0131 Da\u011f\u0131'ndan yama\u00e7 para\u015f\u00fct\u00fc: transfer, Olympos Teleferik'e t\u0131rman\u0131\u015f, e\u011fitmen e\u015fli\u011finde tandem u\u00e7u\u015f ve Tekirova plaj\u0131na ini\u015f.<\/p>","protected":false},"featured_media":12830,"comment_status":"open","ping_status":"closed","template":"","meta":[],"product_brand":[],"product_cat":[123],"product_tag":[107],"class_list":{"0":"post-14740","1":"product","2":"type-product","3":"status-publish","4":"has-post-thumbnail","6":"tour_phys-ekskursii-v-antalya","7":"product_cat-ekskursii-v-antalya","8":"product_tag-antalya","9":"pa_destination-ekskursii-v-antalya","11":"first","12":"instock","13":"sale","14":"shipping-taxable","15":"purchasable","16":"product-type-tour_phys"},"aioseo_notices":[],"_links":{"self":[{"href":"https:\/\/mirekskursii.com\/tr\/wp-json\/wp\/v2\/product\/14740","targetHints":{"allow":["GET"]}}],"collection":[{"href":"https:\/\/mirekskursii.com\/tr\/wp-json\/wp\/v2\/product"}],"about":[{"href":"https:\/\/mirekskursii.com\/tr\/wp-json\/wp\/v2\/types\/product"}],"replies":[{"embeddable":true,"href":"https:\/\/mirekskursii.com\/tr\/wp-json\/wp\/v2\/comments?post=14740"}],"wp:featuredmedia":[{"embeddable":true,"href":"https:\/\/mirekskursii.com\/tr\/wp-json\/wp\/v2\/media\/12830"}],"wp:attachment":[{"href":"https:\/\/mirekskursii.com\/tr\/wp-json\/wp\/v2\/media?parent=14740"}],"wp:term":[{"taxonomy":"product_brand","embeddable":true,"href":"https:\/\/mirekskursii.com\/tr\/wp-json\/wp\/v2\/product_brand?post=14740"},{"taxonomy":"product_cat","embeddable":true,"href":"https:\/\/mirekskursii.com\/tr\/wp-json\/wp\/v2\/product_cat?post=14740"},{"taxonomy":"product_tag","embeddable":true,"href":"https:\/\/mirekskursii.com\/tr\/wp-json\/wp\/v2\/product_tag?post=14740"}],"curies":[{"name":"wp","href":"https:\/\/api.w.org\/{rel}","templated":true}]}}