{"id":14739,"date":"2025-11-15T11:50:52","date_gmt":"2025-11-15T08:50:52","guid":{"rendered":"https:\/\/mirekskursii.com\/?post_type=product&#038;p=14739\/"},"modified":"2026-04-15T17:02:19","modified_gmt":"2026-04-15T14:02:19","slug":"yunus-gosterisi-yunuslarla-yuzme-antalya","status":"publish","type":"product","link":"https:\/\/mirekskursii.com\/ekskursii\/shou-delfinov-v-antalya\/","title":{"rendered":"Antalya Yunus G\u00f6sterisi ve Yunuslarla Y\u00fczme"},"content":{"rendered":"<h3 data-start=\"50\" data-end=\"62\">\ud83d\udc2c \u0130nceleme<\/h3>\n<p data-start=\"63\" data-end=\"274\">Antalya'daki yunus g\u00f6sterisinde g\u00fczel bir aile g\u00fcn\u00fc ge\u00e7irin! Yunuslar, deniz aslanlar\u0131 ve beluga balinalar\u0131 ile muhte\u015fem bir program\u0131n, uygun bir otel transferinin ve iste\u011fe ba\u011fl\u0131 bir yunus y\u00fczmesi ekleme olana\u011f\u0131n\u0131n tad\u0131n\u0131 \u00e7\u0131karacaks\u0131n\u0131z.<\/p>\n<h3 data-start=\"276\" data-end=\"289\">Dahil:<\/h3>\n<p data-start=\"290\" data-end=\"462\"><span style=\"color: #00ff00;\"><strong>\u2713<\/strong> <\/span>Otelden alma ve otele b\u0131rakma<br data-start=\"318\" data-end=\"321\" \/><span style=\"color: #00ff00;\"><strong>\u2713<\/strong> <\/span>Dolphinarium'a giri\u015f bileti<br data-start=\"350\" data-end=\"353\" \/><span style=\"color: #00ff00;\"><strong>\u2713<\/strong> <\/span>Profesyonel bir rehber e\u015fli\u011finde<br data-start=\"391\" data-end=\"394\" \/><span style=\"color: #00ff00;\"><strong>\u2713<\/strong> <\/span>Konforlu ve klimal\u0131 ula\u015f\u0131m<br data-start=\"437\" data-end=\"440\" \/><span style=\"color: #00ff00;\"><strong>\u2713<\/strong> <\/span>Tam sigortal\u0131<\/p>\n<h3 data-start=\"464\" data-end=\"480\">Dahil de\u011fil:<\/h3>\n<p data-start=\"481\" data-end=\"604\"><span style=\"color: #ff0000;\"><strong>\u2717<\/strong> <\/span>Yunuslarla y\u00fczme (iste\u011fe ba\u011fl\u0131)<br data-start=\"532\" data-end=\"535\" \/><span style=\"color: #ff0000;\"><strong>\u2717<\/strong> <\/span>Yiyecek ve i\u00e7ecek<br data-start=\"550\" data-end=\"553\" \/><span style=\"color: #ff0000;\"><strong>\u2717<\/strong> <\/span>Dolphin foto\u011fraf ve video (ayr\u0131ca sat\u0131n al\u0131n\u0131r)<\/p>\n<h3 data-start=\"606\" data-end=\"634\">\ud83c\udf1f Turun \u00f6ne \u00e7\u0131kan \u00f6zellikleri<\/h3>\n<p data-start=\"635\" data-end=\"1000\">\ud83d\udd39 Yunuslar, deniz aslanlar\u0131 ve beluga balinalar\u0131 ile muhte\u015fem bir g\u00f6steri<br data-start=\"695\" data-end=\"698\" \/>\ud83d\udd39 Akrobatik numaralar, z\u0131plamalar, top oyunlar\u0131 ve \u201cdeniz diskosu\u201d<br data-start=\"766\" data-end=\"769\" \/>\ud83d\udd39 Deniz memelileri ve zekalar\u0131 hakk\u0131nda ilgin\u00e7 ger\u00e7ekler<br data-start=\"828\" data-end=\"831\" \/>\ud83d\udd39 Program sonras\u0131nda yunuslara dokunma, onlar\u0131 besleme veya onlarla foto\u011fraf \u00e7ektirme imkan\u0131 (\u00fccretli)<br data-start=\"931\" data-end=\"934\" \/>\ud83d\udd39 \u00c7ocuklu aileler ve t\u00fcm hayvan severler i\u00e7in harika<\/p>\n<h3 data-start=\"1002\" data-end=\"1024\">\ud83d\udcd6 Tam a\u00e7\u0131klama<\/h3>\n<p data-start=\"1025\" data-end=\"1512\">Antalya'daki yunus g\u00f6sterisi yakla\u015f\u0131k bir saat s\u00fcren renkli numaralar, oyunlar ve deniz memelileri ile e\u011fitmenler aras\u0131ndaki canl\u0131 ileti\u015fimden olu\u015fmaktad\u0131r. Yunuslar, deniz aslanlar\u0131 ve beluga balinalar\u0131 z\u0131plar, \u201cdans eder\u201d ve toplarla oynayarak \u00e7ocuklar ve yeti\u015fkinler i\u00e7in \u015fenlikli bir atmosfer yarat\u0131r. G\u00f6steriden sonra, ek bir \u00fccret kar\u015f\u0131l\u0131\u011f\u0131nda hayvanlarla foto\u011fraf \u00e7ektirebilir veya onlarla k\u0131sa bir etkile\u015fime kat\u0131labilirsiniz. Dolphinarium'daki rahat koltuklar ve organize transferler bu turu endi\u015fesiz bir tatil i\u00e7in kolay ve konforlu bir se\u00e7enek haline getirmektedir.<\/p>\n<h3 data-start=\"1514\" data-end=\"1534\">\ud83d\uddfa\ufe0f Tur g\u00fczergah\u0131<\/h3>\n<p data-start=\"1535\" data-end=\"1827\">\ud83d\udd39 12:30 - Antalya ve yak\u0131n b\u00f6lgelerdeki otellerden ayr\u0131l\u0131\u015f<br data-start=\"1589\" data-end=\"1592\" \/>\ud83d\udd39 Dolphinarium'a var\u0131\u015f, yerel konaklama<br data-start=\"1639\" data-end=\"1642\" \/>\ud83d\udd39 Yunus, deniz aslan\u0131 ve beluga balinas\u0131 g\u00f6sterilerini izleme (yakla\u015f\u0131k 1 saat)<br data-start=\"1705\" data-end=\"1708\" \/>\ud83d\udd39 Foto\u011fraf \u00e7ekmek ve hayvanlarla daha fazla sosyalle\u015fmek i\u00e7in serbest zaman (iste\u011fe ba\u011fl\u0131)<br data-start=\"1786\" data-end=\"1789\" \/>\ud83d\udd39 17:00 - otele d\u00f6n\u00fc\u015f transferi<\/p>\n<h3 data-start=\"1829\" data-end=\"1855\">\u2139\ufe0f Faydal\u0131 bilgiler<\/h3>\n<p data-start=\"1856\" data-end=\"2242\">\ud83d\udd39 S\u00fcre: yakla\u015f\u0131k 4-5 saat (transfer dahil)<br data-start=\"1912\" data-end=\"1915\" \/>\ud83d\udd39 G\u00f6steri s\u00fcresi: yakla\u015f\u0131k 1 saat<br data-start=\"1943\" data-end=\"1946\" \/>\ud83d\udd39 Mekan: Antalya'daki Dolphinarium<br data-start=\"1988\" data-end=\"1991\" \/>\ud83d\udd39 Format: aile tatili, her ya\u015f i\u00e7in uygun<br data-start=\"2045\" data-end=\"2048\" \/>\ud83d\udd39 Tekerlekli sandalye eri\u015fimi vard\u0131r (l\u00fctfen rezervasyon s\u0131ras\u0131nda sorunuz)<br data-start=\"2114\" data-end=\"2117\" \/>\ud83d\udd39 Ek \u00fccret kar\u015f\u0131l\u0131\u011f\u0131nda profesyonel foto\u011fraf\u00e7\u0131l\u0131k ve videografi<br data-start=\"2188\" data-end=\"2191\" \/>\ud83d\udd39 Program, y\u0131l boyunca devam eden bir programla y\u0131l boyunca devam eder<\/p>\n<h3 data-start=\"2244\" data-end=\"2268\">\ud83c\udf92 Yan\u0131n\u0131za ne almal\u0131s\u0131n\u0131z<\/h3>\n<p data-start=\"2269\" data-end=\"2440\">\ud83d\udd39 Rahat k\u0131yafetler ve ayakkab\u0131lar<br data-start=\"2294\" data-end=\"2297\" \/>\ud83d\udd39 Foto\u011fraflar i\u00e7in ak\u0131ll\u0131 telefon veya kamera<br data-start=\"2334\" data-end=\"2337\" \/>\ud83d\udd39 Ek foto\u011fraflar, i\u00e7ecekler ve at\u0131\u015ft\u0131rmal\u0131klar i\u00e7in nakit<br data-start=\"2397\" data-end=\"2400\" \/>\ud83d\udd39 \u015eapkalar ve g\u00fcne\u015f g\u00f6zl\u00fckleri<\/p>\n<h3 data-start=\"2442\" data-end=\"2464\">\ud83d\udeab \u015eunlar i\u00e7in uygun de\u011fildir<\/h3>\n<p data-start=\"2465\" data-end=\"2580\">\ud83d\udd39 Ciddi hayvan alerjisi olan ki\u015filer<br data-start=\"2505\" data-end=\"2508\" \/>\ud83d\udd39 Y\u00fcksek sese ve \u00e7ok say\u0131da insana duyarl\u0131 misafirler<\/p>\n<h3 data-start=\"2582\" data-end=\"2608\">\ud83d\udcb8 Fiyat ve rezervasyon<\/h3>\n<p data-start=\"2609\" data-end=\"2758\"><strong>\ud83d\udd39 \u015eimdi rezervasyon yap\u0131n, tur g\u00fcn\u00fc \u00f6deyin<\/strong><br data-start=\"2658\" data-end=\"2661\" \/>\ud83d\udd39 WhatsApp, Telegram, Viber \u00fczerinden bize ula\u015f\u0131n veya a\u015fa\u011f\u0131daki rezervasyon formunu doldurun. \ud83d\udc47\ud83c\udffd<\/p>","protected":false},"excerpt":{"rendered":"<p>Antalya'da yunus g\u00f6sterisi ve yunuslarla y\u00fczme: renkli g\u00f6steri, otel transferleri ve biletler dahil. \u00c7ocuklu aileler ve d\u00fcnyadaki t\u00fcm hayvanlar\u0131 sevenler i\u00e7in ideal tur.<\/p>","protected":false},"featured_media":12886,"comment_status":"open","ping_status":"closed","template":"","meta":[],"product_brand":[],"product_cat":[123],"product_tag":[107],"class_list":{"0":"post-14739","1":"product","2":"type-product","3":"status-publish","4":"has-post-thumbnail","6":"tour_phys-ekskursii-v-antalya","7":"product_cat-ekskursii-v-antalya","8":"product_tag-antalya","9":"pa_destination-ekskursii-v-kemer","11":"first","12":"instock","13":"sale","14":"shipping-taxable","15":"purchasable","16":"product-type-tour_phys"},"aioseo_notices":[],"_links":{"self":[{"href":"https:\/\/mirekskursii.com\/tr\/wp-json\/wp\/v2\/product\/14739","targetHints":{"allow":["GET"]}}],"collection":[{"href":"https:\/\/mirekskursii.com\/tr\/wp-json\/wp\/v2\/product"}],"about":[{"href":"https:\/\/mirekskursii.com\/tr\/wp-json\/wp\/v2\/types\/product"}],"replies":[{"embeddable":true,"href":"https:\/\/mirekskursii.com\/tr\/wp-json\/wp\/v2\/comments?post=14739"}],"wp:featuredmedia":[{"embeddable":true,"href":"https:\/\/mirekskursii.com\/tr\/wp-json\/wp\/v2\/media\/12886"}],"wp:attachment":[{"href":"https:\/\/mirekskursii.com\/tr\/wp-json\/wp\/v2\/media?parent=14739"}],"wp:term":[{"taxonomy":"product_brand","embeddable":true,"href":"https:\/\/mirekskursii.com\/tr\/wp-json\/wp\/v2\/product_brand?post=14739"},{"taxonomy":"product_cat","embeddable":true,"href":"https:\/\/mirekskursii.com\/tr\/wp-json\/wp\/v2\/product_cat?post=14739"},{"taxonomy":"product_tag","embeddable":true,"href":"https:\/\/mirekskursii.com\/tr\/wp-json\/wp\/v2\/product_tag?post=14739"}],"curies":[{"name":"wp","href":"https:\/\/api.w.org\/{rel}","templated":true}]}}