{"id":14738,"date":"2025-11-15T11:36:33","date_gmt":"2025-11-15T08:36:33","guid":{"rendered":"https:\/\/mirekskursii.com\/?post_type=product&#038;p=14738\/"},"modified":"2025-12-11T22:44:59","modified_gmt":"2025-12-11T19:44:59","slug":"tunel-akvaryum-turu-antalya","status":"publish","type":"product","link":"https:\/\/mirekskursii.com\/ekskursii\/tunnel-akvarium-v-antalya\/","title":{"rendered":"Antalya'da T\u00fcnel Akvaryum Turu - Yar\u0131m G\u00fcnl\u00fck Gezi"},"content":{"rendered":"<h3 data-start=\"55\" data-end=\"68\">\ud83c\udfdd\ufe0f Genel Bak\u0131\u015f<\/h3>\n<p data-start=\"69\" data-end=\"447\">Antalya T\u00fcnel Akvaryum'a yar\u0131m g\u00fcnl\u00fck bir geziyle kendinizi b\u00fcy\u00fcleyici bir su alt\u0131 d\u00fcnyas\u0131na b\u0131rak\u0131n! D\u00fcnyan\u0131n en b\u00fcy\u00fck t\u00fcnel akvaryumlar\u0131ndan biri sizi bekliyor, binlerce deniz canl\u0131s\u0131yla tan\u0131\u015f\u0131n ve Kar D\u00fcnyas\u0131'n\u0131 ziyaret edin. Yakla\u015f\u0131k 4 saat s\u00fcren bu tur aileler ve her ya\u015ftan misafir i\u00e7in ideal olup konfor, kolay \u00f6\u011frenme ve e\u011flenceyi renkli bir yolculukta birle\u015ftirmektedir.<\/p>\n<h3 data-start=\"449\" data-end=\"462\">Dahil:<\/h3>\n<p data-start=\"463\" data-end=\"605\"><span style=\"color: #00ff00;\"><strong>\u2713<\/strong> <\/span>Otelden alma ve otele b\u0131rakma<br data-start=\"491\" data-end=\"494\" \/><span style=\"color: #00ff00;\"><strong>\u2713<\/strong> <\/span>Seyahat sigortas\u0131<br data-start=\"522\" data-end=\"525\" \/><span style=\"color: #00ff00;\"><strong>\u2713<\/strong> <\/span>Klimal\u0131 konforlu otob\u00fcs<br data-start=\"566\" data-end=\"569\" \/><span style=\"color: #00ff00;\"><strong>\u2713<\/strong> <\/span>Antalya Akvaryum'a giri\u015f bileti<\/p>\n<h3 data-start=\"607\" data-end=\"623\">Dahil de\u011fil:<\/h3>\n<p data-start=\"624\" data-end=\"686\"><span style=\"color: #ff0000;\"><strong>\u2717<\/strong> <\/span>\u0130\u00e7ecekler<br data-start=\"633\" data-end=\"636\" \/><span style=\"color: #ff0000;\"><strong>\u2717<\/strong> <\/span>Ki\u015fisel harcamalar<br data-start=\"652\" data-end=\"655\" \/><span style=\"color: #ff0000;\"><strong>\u2717<\/strong> <\/span>Foto\u011fraf\u00e7\u0131l\u0131k ve videografi (\u00fccretli)<\/p>\n<h3 data-start=\"688\" data-end=\"716\">\ud83c\udf0a Turun \u00f6nemli noktalar\u0131<\/h3>\n<p data-start=\"717\" data-end=\"981\">\ud83d\udd39 K\u00f6pekbal\u0131klar\u0131 ve vatozlar\u0131n bulundu\u011fu 131 metrelik t\u00fcnel akvaryum<br data-start=\"772\" data-end=\"775\" \/>\ud83d\udd39 Binlerce egzotik bal\u0131k ve rengarenk deniz ya\u015fam\u0131<br data-start=\"828\" data-end=\"831\" \/>\ud83d\udd39 D\u00fcnyan\u0131n d\u00f6rt bir yan\u0131ndan temal\u0131 akvaryumlar<br data-start=\"879\" data-end=\"882\" \/>\ud83d\udd39 Kar D\u00fcnyas\u0131'nda b\u00fcy\u00fcl\u00fc k\u0131\u015f atmosferi<br data-start=\"926\" data-end=\"929\" \/>\ud83d\udd39 Antalya ve yak\u0131n b\u00f6lgelerden uygun transfer<\/p>\n<h3 data-start=\"983\" data-end=\"1005\">\ud83d\udcd6 Tam a\u00e7\u0131klama<\/h3>\n<div data-start=\"1006\" data-end=\"1212\">Rahatlama ve deneyimin m\u00fckemmel bir \u015fekilde bir araya geldi\u011fi Antalya Akvaryum'a b\u00fcy\u00fcleyici bir geziye \u00e7\u0131k\u0131n. Otelinizden al\u0131nacak ve b\u00f6lgenin en \u00fcnl\u00fclerinden biri olan modern akvaryum kompleksine g\u00f6t\u00fcr\u00fcleceksiniz.<\/div>\n<div data-start=\"1214\" data-end=\"1556\">K\u00f6pekbal\u0131klar\u0131, vatozlar ve y\u00fczlerce tropikal bal\u0131k t\u00fcr\u00fcyle \u00e7evrili 131 metrelik bir t\u00fcnelde y\u00fcr\u00fcy\u00fcn. Ard\u0131ndan Kar D\u00fcnyas\u0131'n\u0131 ziyaret edin: k\u0131\u015f\u0131n so\u011fu\u011funu hissedin, karda oynay\u0131n, buzdan heykelleri g\u00f6r\u00fcn ve renkli foto\u011fraflar \u00e7ekin. Akvaryumda yakla\u015f\u0131k 1,5-2 saat serbest zaman ge\u00e7irdikten sonra otelinize konforlu bir transferle geri d\u00f6neceksiniz.<\/div>\n<h3 data-start=\"1558\" data-end=\"1578\">\ud83d\uddfa\ufe0f Tur g\u00fczergah\u0131<\/h3>\n<p data-start=\"1579\" data-end=\"1800\">\ud83d\udd39 Antalya ve \u00e7evresindeki otellerden ara\u00e7la alma<br data-start=\"1627\" data-end=\"1630\" \/>\ud83d\udd39 Antalya Akvaryum'a var\u0131\u015f<br data-start=\"1660\" data-end=\"1663\" \/>\ud83d\udd39 T\u00fcnel akvaryumu ve Kar D\u00fcnyas\u0131'n\u0131 ziyaret etmek i\u00e7in serbest zaman (yakla\u015f\u0131k 1,5-2 saat)<br data-start=\"1753\" data-end=\"1756\" \/>\ud83d\udd39 Grubu toplay\u0131n ve otele geri transfer edin<\/p>\n<h3 data-start=\"1802\" data-end=\"1828\">\u2139\ufe0f Faydal\u0131 bilgiler<\/h3>\n<p data-start=\"1829\" data-end=\"2134\">\ud83d\udd39 Toplam tur s\u00fcresi: yakla\u015f\u0131k 4 saat (yar\u0131m g\u00fcn)<br data-start=\"1884\" data-end=\"1887\" \/>\ud83d\udd39 Her ya\u015ftan misafir i\u00e7in uygundur<br data-start=\"1924\" data-end=\"1927\" \/>\ud83d\udd39 Az fiziksel aktivite, minimum y\u00fcr\u00fcy\u00fc\u015f<br data-start=\"1975\" data-end=\"1978\" \/>\ud83d\udd39 \u0130\u00e7 mekanlarda fla\u015fl\u0131 foto\u011fraf \u00e7ekimine izin verilmez<br data-start=\"2030\" data-end=\"2033\" \/>\ud83d\udd39 \u00dccretsiz seyahat eden \u00e7ocuklar\u0131n otob\u00fcste ayr\u0131 bir koltu\u011fu yoktur (ek \u00fccret kar\u015f\u0131l\u0131\u011f\u0131nda rezerve edilebilir)<\/p>\n<h3 data-start=\"2136\" data-end=\"2160\">\ud83c\udf92 Yan\u0131n\u0131za ne almal\u0131s\u0131n\u0131z<\/h3>\n<p data-start=\"2161\" data-end=\"2289\">\ud83d\udd39 Rahat y\u00fcr\u00fcy\u00fc\u015f ayakkab\u0131lar\u0131<br data-start=\"2190\" data-end=\"2193\" \/>\ud83d\udd39 Ki\u015fisel harcamalar ve i\u00e7ecekler i\u00e7in nakit<br data-start=\"2239\" data-end=\"2242\" \/>\ud83d\udd39 Foto\u011fraflar i\u00e7in kamera veya ak\u0131ll\u0131 telefon (fla\u015fs\u0131z)<\/p>\n<h3 data-start=\"2291\" data-end=\"2313\">\ud83d\udeab \u015eunlar i\u00e7in uygun de\u011fildir<\/h3>\n<p data-start=\"2314\" data-end=\"2385\">\ud83d\udd39 Hareket kabiliyeti ciddi derecede k\u0131s\u0131tl\u0131 olan ki\u015filer<br data-start=\"2359\" data-end=\"2362\" \/>\ud83d\udd39 2 ya\u015f\u0131ndan k\u00fc\u00e7\u00fck bebekler<\/p>\n<h3 data-start=\"2387\" data-end=\"2413\">\ud83d\udcb8 Fiyat ve rezervasyon<\/h3>\n<p data-start=\"2414\" data-end=\"2554\"><strong>\ud83d\udd39 \u015eimdi rezervasyon yap\u0131n - tur g\u00fcn\u00fc \u00f6deme yap\u0131n<\/strong><br data-start=\"2460\" data-end=\"2463\" \/>\ud83d\udd39 WhatsApp, Telegram, Viber \u00fczerinden bize ula\u015f\u0131n veya a\u015fa\u011f\u0131daki sipari\u015f formunu doldurun. \ud83d\udc47\ud83c\udffd<\/p>","protected":false},"excerpt":{"rendered":"<p data-start=\"2449\" data-end=\"2592\">Antalya T\u00fcnel Akvaryum'a yar\u0131m g\u00fcnl\u00fck gezi: K\u00f6pekbal\u0131klar\u0131n\u0131n bulundu\u011fu 131 metrelik t\u00fcnel, Kar D\u00fcnyas\u0131, otel transferleri ve biletler dahil. \u00c7ocuklu aileler i\u00e7in idealdir.<\/p>","protected":false},"featured_media":12743,"comment_status":"open","ping_status":"closed","template":"","meta":[],"product_brand":[],"product_cat":[123],"product_tag":[107],"class_list":{"0":"post-14738","1":"product","2":"type-product","3":"status-publish","4":"has-post-thumbnail","6":"tour_phys-ekskursii-v-antalya","7":"product_cat-ekskursii-v-antalya","8":"product_tag-antalya","9":"pa_destination-ekskursii-v-antalya","11":"first","12":"instock","13":"sale","14":"shipping-taxable","15":"purchasable","16":"product-type-tour_phys"},"aioseo_notices":[],"_links":{"self":[{"href":"https:\/\/mirekskursii.com\/tr\/wp-json\/wp\/v2\/product\/14738","targetHints":{"allow":["GET"]}}],"collection":[{"href":"https:\/\/mirekskursii.com\/tr\/wp-json\/wp\/v2\/product"}],"about":[{"href":"https:\/\/mirekskursii.com\/tr\/wp-json\/wp\/v2\/types\/product"}],"replies":[{"embeddable":true,"href":"https:\/\/mirekskursii.com\/tr\/wp-json\/wp\/v2\/comments?post=14738"}],"wp:featuredmedia":[{"embeddable":true,"href":"https:\/\/mirekskursii.com\/tr\/wp-json\/wp\/v2\/media\/12743"}],"wp:attachment":[{"href":"https:\/\/mirekskursii.com\/tr\/wp-json\/wp\/v2\/media?parent=14738"}],"wp:term":[{"taxonomy":"product_brand","embeddable":true,"href":"https:\/\/mirekskursii.com\/tr\/wp-json\/wp\/v2\/product_brand?post=14738"},{"taxonomy":"product_cat","embeddable":true,"href":"https:\/\/mirekskursii.com\/tr\/wp-json\/wp\/v2\/product_cat?post=14738"},{"taxonomy":"product_tag","embeddable":true,"href":"https:\/\/mirekskursii.com\/tr\/wp-json\/wp\/v2\/product_tag?post=14738"}],"curies":[{"name":"wp","href":"https:\/\/api.w.org\/{rel}","templated":true}]}}