{"id":14737,"date":"2025-11-15T11:07:53","date_gmt":"2025-11-15T08:07:53","guid":{"rendered":"https:\/\/mirekskursii.com\/?post_type=product&#038;p=14737\/"},"modified":"2026-04-15T17:01:50","modified_gmt":"2026-04-15T14:01:50","slug":"antalya-at-turu","status":"publish","type":"product","link":"https:\/\/mirekskursii.com\/ekskursii\/progulka-na-loshadyah-v-antalya\/","title":{"rendered":"Antalya At Turu \u2013 Do\u011fa ve Plaj Keyfi"},"content":{"rendered":"<h3 data-start=\"41\" data-end=\"53\">\ud83d\udc34 \u0130nceleme<\/h3>\n<p data-start=\"54\" data-end=\"407\">Antalya'n\u0131n Lara b\u00f6lgesinin g\u00fczel i\u011fne yaprakl\u0131 ormanlar\u0131 ve alt\u0131n kumsallar\u0131 aras\u0131nda 60 dakikal\u0131k unutulmaz bir at s\u0131rt\u0131nda gezintiye \u00e7\u0131k\u0131n. Bu kompakt ama yo\u011fun tur, hem ilk kez binenler hem de kendine g\u00fcvenen biniciler i\u00e7in uygundur: Akdeniz k\u0131y\u0131s\u0131nda yumu\u015fak, iyi e\u011fitilmi\u015f atlar \u00fczerinde do\u011fa, temiz hava ve \u00f6zg\u00fcrl\u00fck hissi.<\/p>\n<h3 data-start=\"409\" data-end=\"422\">Dahil:<\/h3>\n<p data-start=\"423\" data-end=\"672\"><span style=\"color: #00ff00;\"><strong>\u2713<\/strong> <\/span>Otel transferi<br data-start=\"445\" data-end=\"448\" \/><span style=\"color: #00ff00;\"><strong>\u2713<\/strong> <\/span>Profesyonel bir e\u011fitmen ve rehber e\u015fli\u011finde<br data-start=\"500\" data-end=\"503\" \/><span style=\"color: #00ff00;\"><strong>\u2713<\/strong> <\/span>60 dakikal\u0131k at binme<br data-start=\"532\" data-end=\"535\" \/><span style=\"color: #00ff00;\"><strong>\u2713<\/strong> <\/span>Gerekli t\u00fcm koruyucu ekipman (kask vb.)<br data-start=\"585\" data-end=\"588\" \/><span style=\"color: #00ff00;\"><strong>\u2713<\/strong> <\/span>Binicili\u011fe giri\u015f niteli\u011finde k\u0131sa e\u011fitim<br data-start=\"633\" data-end=\"636\" \/><span style=\"color: #00ff00;\"><strong>\u2713<\/strong> <\/span>Tur s\u0131ras\u0131nda tam sigorta<\/p>\n<h3 data-start=\"674\" data-end=\"690\">Dahil de\u011fil:<\/h3>\n<p data-start=\"691\" data-end=\"727\"><span style=\"color: #ff0000;\"><strong>\u2717<\/strong> <\/span>\u0130\u00e7ecekler ve yiyecekler<br data-start=\"706\" data-end=\"709\" \/><span style=\"color: #ff0000;\"><strong>\u2717<\/strong> <\/span>Ki\u015fisel harcamalar<\/p>\n<h3 data-start=\"729\" data-end=\"757\">\ud83c\udf1f Turun \u00f6ne \u00e7\u0131kan \u00f6zellikleri<\/h3>\n<p data-start=\"758\" data-end=\"1128\">\ud83d\udd39 Lara mahallesinin g\u00f6lgeli \u00e7am ormanlar\u0131 ve kumlu patikalar\u0131nda bir y\u00fcr\u00fcy\u00fc\u015f<br data-start=\"829\" data-end=\"832\" \/>\ud83d\udd39 Akdeniz k\u0131y\u0131lar\u0131nda sahilde dinlendirici bir tatil<br data-start=\"891\" data-end=\"894\" \/>\ud83d\udd39 Boyunuza ve kondisyon seviyenize uygun, sakin, dost canl\u0131s\u0131 atlar<br data-start=\"973\" data-end=\"976\" \/>\ud83d\udd39 Deneyimli e\u011fitmenlerden temel s\u00fcr\u00fc\u015f becerilerini \u00f6\u011frenme<br data-start=\"1040\" data-end=\"1043\" \/>\ud83d\udd39 Yeti\u015fkinler ve \u00e7ocuklar i\u00e7in uygundur - \u00f6nceden s\u00fcr\u00fc\u015f deneyimi gerekli de\u011fildir<\/p>\n<h3 data-start=\"1130\" data-end=\"1152\">\ud83d\udcd6 Tam a\u00e7\u0131klama<\/h3>\n<p data-start=\"1153\" data-end=\"1428\">Antalya'daki binicilik maceran\u0131z, otelinizden Lara semtindeki profesyonel bir \u00e7iftli\u011fe rahat bir transferle ba\u015flar. Var\u0131\u015fta e\u011fitmenleriniz sizi kar\u015f\u0131layacak, size k\u0131sa bir g\u00fcvenlik brifingi verecek ve at\u0131n\u0131z\u0131 boyunuza ve kondisyon seviyenize g\u00f6re e\u015fle\u015ftirecektir.<\/p>\n<p data-start=\"1430\" data-end=\"1698\">Ard\u0131ndan 60 dakikal\u0131k y\u00fcr\u00fcy\u00fc\u015f ba\u015flar: geni\u015f plaja ula\u015fmadan \u00f6nce do\u011fal orman yollar\u0131 boyunca ilerleyeceksiniz. Burada k\u0131y\u0131 boyunca y\u00fcr\u00fcyebilir veya t\u0131r\u0131s gidebilir, deniz esintisinin ve turkuaz Akdeniz manzaras\u0131n\u0131n tad\u0131n\u0131 \u00e7\u0131karabilirsiniz.<\/p>\n<p data-start=\"1700\" data-end=\"1912\">Program hem rahatlat\u0131c\u0131 hem de e\u011fitici olacak \u015fekilde tasarlanm\u0131\u015ft\u0131r: yeni ba\u015flayanlar i\u00e7in binicili\u011fe g\u00fcvenli bir ilk giri\u015f ve deneyimli biniciler i\u00e7in do\u011fada sakin, huzurlu bir y\u00fcr\u00fcy\u00fc\u015f sa\u011flar.<\/p>\n<h3 data-start=\"1914\" data-end=\"1934\">\ud83d\uddfa\ufe0f Tur g\u00fczergah\u0131<\/h3>\n<p data-start=\"1935\" data-end=\"2295\">\ud83d\udd39 Antalya'daki otellerden transfer (Kundu, Lara, G\u00fcll\u00fck, Antalya merkez, Konyaalt\u0131)<br data-start=\"2014\" data-end=\"2017\" \/>\ud83d\udd39 Lara b\u00f6lgesindeki bir at \u00e7iftli\u011fine var\u0131\u015f<br data-start=\"2058\" data-end=\"2061\" \/>\ud83d\udd39 G\u00fcvenlik brifingi ve deneme kaya\u011f\u0131<br data-start=\"2116\" data-end=\"2119\" \/>\ud83d\udd39 Orman yollar\u0131nda ve sahil boyunca yakla\u015f\u0131k 60 dakikal\u0131k rehberli at binme<br data-start=\"2195\" data-end=\"2198\" \/>\ud83d\udd39 \u00c7iftli\u011fe d\u00f6n\u00fc\u015f, dinlenmek ve foto\u011fraf \u00e7ekmek i\u00e7in serbest zaman<br data-start=\"2262\" data-end=\"2265\" \/>\ud83d\udd39 Otele d\u00f6n\u00fc\u015f transferi<\/p>\n<h3 data-start=\"2297\" data-end=\"2323\">\u2139\ufe0f Faydal\u0131 bilgiler<\/h3>\n<p data-start=\"2324\" data-end=\"2682\">\ud83d\udd39 Toplam s\u00fcre: transferlerle birlikte yakla\u015f\u0131k 2,5-3 saat<br data-start=\"2391\" data-end=\"2394\" \/>\ud83d\udd39 Eyerde ge\u00e7en s\u00fcre: yakla\u015f\u0131k 60 dakika<br data-start=\"2426\" data-end=\"2429\" \/>\ud83d\udd39 Kat\u0131l\u0131mc\u0131n\u0131n izin verilen maksimum a\u011f\u0131rl\u0131\u011f\u0131: 100kg<br data-start=\"2477\" data-end=\"2480\" \/>\ud83d\udd39 Rota t\u00fcm fitness seviyeleri i\u00e7in uygundur<br data-start=\"2528\" data-end=\"2531\" \/>\ud83d\udd39 G\u00fczergahta sakin, iyi e\u011fitilmi\u015f atlar kullan\u0131l\u0131r<br data-start=\"2593\" data-end=\"2596\" \/>\ud83d\udd39 Hamile kad\u0131nlar\u0131n ve alkol etkisi alt\u0131ndaki misafirlerin kat\u0131l\u0131m\u0131 yasakt\u0131r<\/p>\n<h3 data-start=\"2684\" data-end=\"2708\">\ud83c\udf92 Yan\u0131n\u0131za ne almal\u0131s\u0131n\u0131z<\/h3>\n<p data-start=\"2709\" data-end=\"2903\">\ud83d\udd39 Rahat g\u00fcndelik k\u0131yafetler ve topuksuz kapal\u0131 ayakkab\u0131lar<br data-start=\"2768\" data-end=\"2771\" \/>\ud83d\udd39 G\u00fcne\u015f g\u00f6zl\u00fc\u011f\u00fc ve g\u00fcne\u015f kremi<br data-start=\"2810\" data-end=\"2813\" \/>\ud83d\udd39 Foto\u011fraf ve videolar i\u00e7in telefon veya kamera<br data-start=\"2851\" data-end=\"2854\" \/>\ud83d\udd39 Ki\u015fisel harcamalar ve i\u00e7ecekler i\u00e7in bir miktar nakit<\/p>\n<h3 data-start=\"2905\" data-end=\"2927\">\ud83d\udeab \u015eunlar i\u00e7in uygun de\u011fildir<\/h3>\n<p data-start=\"2928\" data-end=\"3032\">\ud83d\udd39 Hamile kad\u0131nlar<br data-start=\"2949\" data-end=\"2952\" \/>\ud83d\udd39 100 kg'dan a\u011f\u0131r misafirler<br data-start=\"2981\" data-end=\"2984\" \/>\ud83d\udd39 Ciddi hareket k\u0131s\u0131tl\u0131l\u0131\u011f\u0131 olan ki\u015filer<\/p>\n<h3 data-start=\"3034\" data-end=\"3060\">\ud83d\udcb8 Fiyat ve rezervasyon<\/h3>\n<p data-start=\"3061\" data-end=\"3199\" data-is-last-node=\"\" data-is-only-node=\"\">\ud83d\udd39 \u015eimdi rezervasyon yap\u0131n - tur g\u00fcn\u00fc \u00f6deme yap\u0131n<br data-start=\"3107\" data-end=\"3110\" \/>\ud83d\udd39 WhatsApp, Telegram, Viber \u00fczerinden bize ula\u015f\u0131n veya a\u015fa\u011f\u0131daki sipari\u015f formunu doldurun. \ud83d\udc47\ud83c\udffd<\/p>","protected":false},"excerpt":{"rendered":"<p>Antalya'da do\u011fal parkurlar boyunca ata binme. Yeni ba\u015flayanlar ve deneyimli biniciler i\u00e7in uygundur. Otelden transfer, g\u00fcvenlik ve unutulmaz bir deneyim.<\/p>","protected":false},"featured_media":12868,"comment_status":"open","ping_status":"closed","template":"","meta":[],"product_brand":[],"product_cat":[123],"product_tag":[107],"class_list":{"0":"post-14737","1":"product","2":"type-product","3":"status-publish","4":"has-post-thumbnail","6":"tour_phys-ekskursii-v-antalya","7":"product_cat-ekskursii-v-antalya","8":"product_tag-antalya","9":"pa_destination-ekskursii-v-antalya","11":"first","12":"instock","13":"sale","14":"shipping-taxable","15":"purchasable","16":"product-type-tour_phys"},"aioseo_notices":[],"_links":{"self":[{"href":"https:\/\/mirekskursii.com\/tr\/wp-json\/wp\/v2\/product\/14737","targetHints":{"allow":["GET"]}}],"collection":[{"href":"https:\/\/mirekskursii.com\/tr\/wp-json\/wp\/v2\/product"}],"about":[{"href":"https:\/\/mirekskursii.com\/tr\/wp-json\/wp\/v2\/types\/product"}],"replies":[{"embeddable":true,"href":"https:\/\/mirekskursii.com\/tr\/wp-json\/wp\/v2\/comments?post=14737"}],"wp:featuredmedia":[{"embeddable":true,"href":"https:\/\/mirekskursii.com\/tr\/wp-json\/wp\/v2\/media\/12868"}],"wp:attachment":[{"href":"https:\/\/mirekskursii.com\/tr\/wp-json\/wp\/v2\/media?parent=14737"}],"wp:term":[{"taxonomy":"product_brand","embeddable":true,"href":"https:\/\/mirekskursii.com\/tr\/wp-json\/wp\/v2\/product_brand?post=14737"},{"taxonomy":"product_cat","embeddable":true,"href":"https:\/\/mirekskursii.com\/tr\/wp-json\/wp\/v2\/product_cat?post=14737"},{"taxonomy":"product_tag","embeddable":true,"href":"https:\/\/mirekskursii.com\/tr\/wp-json\/wp\/v2\/product_tag?post=14737"}],"curies":[{"name":"wp","href":"https:\/\/api.w.org\/{rel}","templated":true}]}}