{"id":13837,"date":"2025-08-19T12:35:49","date_gmt":"2025-08-19T09:35:49","guid":{"rendered":"https:\/\/mirekskursii.com\/?post_type=product&#038;p=13837"},"modified":"2026-04-18T15:50:32","modified_gmt":"2026-04-18T12:50:32","slug":"transfer-antalya-kemer-belek","status":"publish","type":"product","link":"https:\/\/mirekskursii.com\/ekskursii\/transfer-iz-antalya-kemer-belek\/","title":{"rendered":"Antalya Havaliman\u0131 Transferi \u2013 Kemer, Belek, Side, Alanya"},"content":{"rendered":"<p data-start=\"477\" data-end=\"902\">\u00dcst\u00fcn konforun keyfini \u00e7\u0131kar\u0131n <strong data-start=\"522\" data-end=\"540\">VIP transfer<\/strong> Antalya, Kemer, Belek, Side ve Alanya'da. Biz teklif ediyoruz <strong data-start=\"597\" data-end=\"682\">havaalan\u0131 transferleri, ki\u015fiye \u00f6zel turlar ve ki\u015fiselle\u015ftirilmi\u015f seyahat \u00e7\u00f6z\u00fcmleri<\/strong> profesyonel s\u00fcr\u00fcc\u00fcler ve modern ara\u00e7larla. Tatiliniz veya i\u015f seyahatiniz s\u0131ras\u0131nda g\u00fcvenli, \u015f\u0131k ve stressiz seyahat edin. <strong data-start=\"827\" data-end=\"900\">\u00d6zel bir teklif i\u00e7in bug\u00fcn bize ula\u015f\u0131n!<\/strong><\/p>","protected":false},"excerpt":{"rendered":"<p>Antalya, Kemer, Belek, Side ve Alanya'da l\u00fcks VIP transferler ve \u00f6zel turlar. G\u00fcvenilir, konforlu ve profesyonel hizmet. \u015eimdi rezervasyon yap\u0131n!<\/p>","protected":false},"featured_media":13853,"comment_status":"open","ping_status":"closed","template":"","meta":[],"product_brand":[],"product_cat":[15],"product_tag":[105],"class_list":{"0":"post-13837","1":"product","2":"type-product","3":"status-publish","4":"has-post-thumbnail","6":"tour_phys-vip-transfer","7":"product_cat-genel","8":"product_tag-kemer","9":"pa_kategori-vip-transfer","11":"first","12":"instock","13":"sale","14":"shipping-taxable","15":"purchasable","16":"product-type-tour_phys"},"aioseo_notices":[],"_links":{"self":[{"href":"https:\/\/mirekskursii.com\/tr\/wp-json\/wp\/v2\/product\/13837","targetHints":{"allow":["GET"]}}],"collection":[{"href":"https:\/\/mirekskursii.com\/tr\/wp-json\/wp\/v2\/product"}],"about":[{"href":"https:\/\/mirekskursii.com\/tr\/wp-json\/wp\/v2\/types\/product"}],"replies":[{"embeddable":true,"href":"https:\/\/mirekskursii.com\/tr\/wp-json\/wp\/v2\/comments?post=13837"}],"wp:featuredmedia":[{"embeddable":true,"href":"https:\/\/mirekskursii.com\/tr\/wp-json\/wp\/v2\/media\/13853"}],"wp:attachment":[{"href":"https:\/\/mirekskursii.com\/tr\/wp-json\/wp\/v2\/media?parent=13837"}],"wp:term":[{"taxonomy":"product_brand","embeddable":true,"href":"https:\/\/mirekskursii.com\/tr\/wp-json\/wp\/v2\/product_brand?post=13837"},{"taxonomy":"product_cat","embeddable":true,"href":"https:\/\/mirekskursii.com\/tr\/wp-json\/wp\/v2\/product_cat?post=13837"},{"taxonomy":"product_tag","embeddable":true,"href":"https:\/\/mirekskursii.com\/tr\/wp-json\/wp\/v2\/product_tag?post=13837"}],"curies":[{"name":"wp","href":"https:\/\/api.w.org\/{rel}","templated":true}]}}