{"id":13692,"date":"2025-07-01T16:26:44","date_gmt":"2025-07-01T13:26:44","guid":{"rendered":"https:\/\/mirekskursii.com\/?post_type=product&#038;p=13692"},"modified":"2025-12-11T22:49:52","modified_gmt":"2025-12-11T19:49:52","slug":"kemer-ozel-yat-turu","status":"publish","type":"product","link":"https:\/\/mirekskursii.com\/ekskursii\/yaht-tur-v-kemer\/","title":{"rendered":"Kemer \u00d6zel Yat Turu \u2013 2 Saatlik Gezi"},"content":{"rendered":"<h3 data-start=\"165\" data-end=\"182\">\ud83c\udfdd\ufe0f Genel Bak\u0131\u015f<\/h3>\n<p data-start=\"183\" data-end=\"422\">Kalabal\u0131k olmadan rahatlat\u0131c\u0131 bir tekne turu mu ar\u0131yorsunuz? Kemer'den 2 saatlik \u00f6zel motor yat gezimize kat\u0131l\u0131n - yolda tam bir g\u00fcn ge\u00e7irmeden denizin tad\u0131n\u0131 \u00e7\u0131karmak isteyen \u00e7iftler, aileler veya k\u00fc\u00e7\u00fck gruplar i\u00e7in m\u00fckemmel bir k\u0131sa tatil.<\/p>\n<p data-start=\"424\" data-end=\"730\">Rota Kiri\u015f'teki Akvaryum Koyu, Korsan Ma\u011faras\u0131 ve Ay\u0131\u015f\u0131\u011f\u0131 Koyu aras\u0131ndan ge\u00e7mektedir. Bu tur y\u00fczmek, dinlenmek ve T\u00fcrk Rivieras\u0131'n\u0131n do\u011fal g\u00fczelli\u011finin tad\u0131n\u0131 \u00e7\u0131karmak i\u00e7in idealdir. Maksimum 12 misafir ve y\u00fczme i\u00e7in iki durak ile bu, g\u00f6zlerden uzak bir ortamda Akdeniz'de dinlenmenin en iyi yoludur.<\/p>\n<h3 data-start=\"732\" data-end=\"750\">\u2705 Dahil<\/h3>\n<p data-start=\"751\" data-end=\"981\"><span style=\"color: #00ff00;\"><strong>\u2713<\/strong><\/span> Otel transferi<br data-start=\"773\" data-end=\"776\" \/><span style=\"color: #00ff00;\"><strong>\u2713 <\/strong><\/span>2 saatlik \u00f6zel motor yat gezisi<br data-start=\"821\" data-end=\"824\" \/><span style=\"color: #00ff00;\"><strong>\u2713 <\/strong><\/span>Profesyonel ekip<br data-start=\"849\" data-end=\"852\" \/><span style=\"color: #00ff00;\"><strong>\u2713 <\/strong><\/span>gemide alkols\u00fcz i\u00e7ecekler<br data-start=\"958\" data-end=\"961\" \/><span style=\"color: #00ff00;\"><strong>\u2713 <\/strong><\/span>Tam sigorta<\/p>\n<h3 data-start=\"983\" data-end=\"1004\">Dahil de\u011fildir<\/h3>\n<p data-start=\"1005\" data-end=\"1052\"><span style=\"color: #ff0000;\"><strong>\u2717<\/strong><\/span> Beslenme<br data-start=\"1014\" data-end=\"1017\" \/><span style=\"color: #ff0000;\"><strong>\u2717 <\/strong><\/span>Ki\u015fisel harcamalar<br data-start=\"1033\" data-end=\"1036\" \/><span style=\"color: #ff0000;\"><strong>\u2717 <\/strong><\/span>Foto\u011fraf ve video<\/p>\n<h3 data-start=\"1054\" data-end=\"1086\">\ud83c\udf1f Turun \u00f6ne \u00e7\u0131kan \u00f6zellikleri<\/h3>\n<p data-start=\"1087\" data-end=\"1403\">\ud83d\udd39 Kemer'den modern bir motor yatta 2 saatlik rahatlat\u0131c\u0131 bir yolculuk<br data-start=\"1158\" data-end=\"1161\" \/>\ud83d\udd39 K\u00fc\u00e7\u00fck grup - maksimum 12 ki\u015fi<br data-start=\"1202\" data-end=\"1205\" \/>\ud83d\udd39 Kiri\u015f ve Ay\u0131\u015f\u0131\u011f\u0131 koylar\u0131n\u0131n kristal berrakl\u0131\u011f\u0131ndaki sular\u0131nda y\u00fczme<br data-start=\"1268\" data-end=\"1271\" \/>\ud83d\udd39 Gizemli Korsan Ma\u011faras\u0131'n\u0131n yan\u0131ndan ge\u00e7erken<br data-start=\"1318\" data-end=\"1321\" \/>\ud83d\udd39 Tela\u015fs\u0131z ve kalabal\u0131ks\u0131z bir tatil<br data-start=\"1347\" data-end=\"1350\" \/>\ud83d\udd39 K\u0131sa turlar\u0131 tercih edenler i\u00e7in m\u00fckemmel<\/p>\n<h3 data-start=\"1405\" data-end=\"1431\">\ud83d\udcd6 Tam a\u00e7\u0131klama<\/h3>\n<p data-start=\"1432\" data-end=\"1579\">Dinlendirici yolculu\u011funuz saat 16:00'da Kemer Marina'da ba\u015fl\u0131yor. M\u00fcrettebat taraf\u0131ndan s\u0131cak bir kar\u015f\u0131laman\u0131n ard\u0131ndan, pitoresk sahil \u015feridi boyunca yola \u00e7\u0131kacaks\u0131n\u0131z.<\/p>\n<p data-start=\"1581\" data-end=\"1831\">\u0130lk durak, berrak suyu ve sakin atmosferiyle bilinen Kiri\u015f'teki Akvaryum Koyu'dur. Burada serinletici bir y\u00fczmenin tad\u0131n\u0131 \u00e7\u0131karabilirsiniz. Ard\u0131ndan foto\u011fraflar ve hafif bir macera i\u00e7in harika bir yer olan gizemli Korsan Ma\u011faras\u0131'ndan ge\u00e7eceksiniz.<\/p>\n<p data-start=\"1833\" data-end=\"1977\">\u0130kinci durak, bir kez daha y\u00fczebilece\u011finiz ya da elinizde bir i\u00e7kiyle g\u00fcvertede dinlenebilece\u011finiz Moonlight Cove'dur.<\/p>\n<p data-start=\"1979\" data-end=\"2090\">Saat 18:00'e kadar dinlenmi\u015f, rahatlam\u0131\u015f ve bu k\u0131sa deniz ka\u00e7ama\u011f\u0131ndan ilham alm\u0131\u015f olarak Kemer Marina'ya d\u00f6neceksiniz.<\/p>\n<h3 data-start=\"2092\" data-end=\"2118\">\ud83d\uddfa\ufe0f Tur Program\u0131<\/h3>\n<p data-start=\"2119\" data-end=\"2327\">\ud83d\udd39 16:00 - Kemer Marina'dan hareket<br data-start=\"2158\" data-end=\"2161\" \/>\ud83d\udd39 Akvaryum Koyu'na seyir - y\u00fczmek i\u00e7in mola<br data-start=\"2210\" data-end=\"2213\" \/>\ud83d\udd39 Korsan Ma\u011faras\u0131'ndan Ge\u00e7erken<br data-start=\"2249\" data-end=\"2252\" \/>\ud83d\udd39 Ay\u0131\u015f\u0131\u011f\u0131 Koyu'nda Y\u00fczmek<br data-start=\"2284\" data-end=\"2287\" \/>\ud83d\udd39 18:00 - Kemer Marina'ya d\u00f6n\u00fc\u015f<\/p>\n<h3 data-start=\"2656\" data-end=\"2686\">\u2139\ufe0f Faydal\u0131 bilgiler<\/h3>\n<p data-start=\"2687\" data-end=\"2937\">\ud83d\udd39 S\u00fcre: 2 saat (16:00 - 18:00 aras\u0131)<br data-start=\"2734\" data-end=\"2737\" \/>\ud83d\udd39 Yemeksiz k\u0131sa bir gemi seyahati - kalabal\u0131k olmadan dinlendirici bir tatil arayanlar i\u00e7in m\u00fckemmel<br data-start=\"2821\" data-end=\"2824\" \/>\ud83d\udd39 Maksimum kat\u0131l\u0131mc\u0131 say\u0131s\u0131: 12 ki\u015fi<br data-start=\"2873\" data-end=\"2876\" \/>\ud83d\udd39 Uygun hava ko\u015fullar\u0131nda g\u00fcnl\u00fck olarak ger\u00e7ekle\u015ftirilir<\/p>\n<h3 data-start=\"2428\" data-end=\"2456\">\ud83c\udf92 Yan\u0131n\u0131za ne almal\u0131s\u0131n\u0131z<\/h3>\n<p data-start=\"2457\" data-end=\"2589\">\ud83d\udd39 Mayo ve havlu.<br data-start=\"2481\" data-end=\"2484\" \/>\ud83d\udd39 G\u00fcne\u015f kremi ve g\u00fcne\u015f g\u00f6zl\u00fc\u011f\u00fc<br data-start=\"2513\" data-end=\"2516\" \/>\ud83d\udd39 Suya uygun ayakkab\u0131lar<br data-start=\"2545\" data-end=\"2548\" \/>\ud83d\udd39 Su ge\u00e7irmez telefon veya kamera<\/p>\n<h3 data-start=\"2329\" data-end=\"2355\">\ud83d\udeab \u015eunlar i\u00e7in uygun de\u011fildir<\/h3>\n<p data-start=\"2356\" data-end=\"2426\">\ud83d\udd39 Hareket kabiliyeti k\u0131s\u0131tl\u0131 ki\u015filer<br data-start=\"2392\" data-end=\"2395\" \/>\ud83d\udd39 Deniz tutmas\u0131na yatk\u0131n<\/p>\n<h3 data-start=\"2638\" data-end=\"2660\"><strong>\ud83d\udcb8 Fiyat ve rezervasyon<\/strong><\/h3>\n<div data-start=\"2662\" data-end=\"2894\"><strong>\ud83d\udd39 \u015eimdi rezervasyon yap\u0131n - tur g\u00fcn\u00fc \u00f6deme yap\u0131n<\/strong><\/div>\n<div data-start=\"2662\" data-end=\"2894\">\ud83d\udd39 WhatsApp, Telegram, Viber \u00fczerinden bize ula\u015f\u0131n veya a\u015fa\u011f\u0131daki sipari\u015f formunu doldurun. \ud83d\udc47\ud83c\udffc<\/div>","protected":false},"excerpt":{"rendered":"<p>Kemer'den k\u0131sa tekne turu: 2 saat, y\u00fczmek i\u00e7in 2 durak, yemek yok ve kalabal\u0131k yok. En fazla 12 ki\u015fi. Alkols\u00fcz i\u00e7ecekler dahildir.<\/p>","protected":false},"featured_media":13028,"comment_status":"open","ping_status":"closed","template":"","meta":[],"product_brand":[],"product_cat":[122],"product_tag":[105],"class_list":{"0":"post-13692","1":"product","2":"type-product","3":"status-publish","4":"has-post-thumbnail","6":"tour_phys-arenda-yaht","7":"tour_phys-ekskursii-v-kemer","8":"product_cat-ekskursii-v-kemer","9":"product_tag-kemer","10":"pa_destination-ekskursii-v-kemer","11":"pa_kategori-arenda-yacht","13":"first","14":"instock","15":"sale","16":"shipping-taxable","17":"purchasable","18":"product-type-tour_phys"},"aioseo_notices":[],"_links":{"self":[{"href":"https:\/\/mirekskursii.com\/tr\/wp-json\/wp\/v2\/product\/13692","targetHints":{"allow":["GET"]}}],"collection":[{"href":"https:\/\/mirekskursii.com\/tr\/wp-json\/wp\/v2\/product"}],"about":[{"href":"https:\/\/mirekskursii.com\/tr\/wp-json\/wp\/v2\/types\/product"}],"replies":[{"embeddable":true,"href":"https:\/\/mirekskursii.com\/tr\/wp-json\/wp\/v2\/comments?post=13692"}],"wp:featuredmedia":[{"embeddable":true,"href":"https:\/\/mirekskursii.com\/tr\/wp-json\/wp\/v2\/media\/13028"}],"wp:attachment":[{"href":"https:\/\/mirekskursii.com\/tr\/wp-json\/wp\/v2\/media?parent=13692"}],"wp:term":[{"taxonomy":"product_brand","embeddable":true,"href":"https:\/\/mirekskursii.com\/tr\/wp-json\/wp\/v2\/product_brand?post=13692"},{"taxonomy":"product_cat","embeddable":true,"href":"https:\/\/mirekskursii.com\/tr\/wp-json\/wp\/v2\/product_cat?post=13692"},{"taxonomy":"product_tag","embeddable":true,"href":"https:\/\/mirekskursii.com\/tr\/wp-json\/wp\/v2\/product_tag?post=13692"}],"curies":[{"name":"wp","href":"https:\/\/api.w.org\/{rel}","templated":true}]}}