{"id":13691,"date":"2025-07-01T13:28:29","date_gmt":"2025-07-01T10:28:29","guid":{"rendered":"https:\/\/mirekskursii.com\/?post_type=product&#038;p=13691"},"modified":"2025-12-11T22:55:40","modified_gmt":"2025-12-11T19:55:40","slug":"belek-gun-batimi-yat-kiralama","status":"publish","type":"product","link":"https:\/\/mirekskursii.com\/ekskursii\/arenda-yaht-zakat-v-belek\/","title":{"rendered":"Belek G\u00fcn Bat\u0131m\u0131 \u00d6zel Yat Kiralama \u2013 Teknede Ak\u015fam Yemekli"},"content":{"rendered":"<h3>\ud83c\udfdd\ufe0f Genel Bak\u0131\u015f<\/h3>\n<p data-start=\"111\" data-end=\"559\">Muhte\u015fem T\u00fcrk Rivieras\u0131 boyunca 14,5 metrelik \u00f6zel bir motor yatta l\u00fcks bir VIP ak\u015fam gezisinin keyfini \u00e7\u0131kar\u0131n. Romantik ak\u015famlar, aile bulu\u015fmalar\u0131 veya \u00f6zel etkinlikler i\u00e7in m\u00fckemmeldir. Bu \u00f6zel tur nefes kesici deniz manzaralar\u0131, serinletici y\u00fczmeler ve teknede lezzetli bir ak\u015fam yeme\u011fi sunmaktad\u0131r. Belek'teki Ac\u0131su Marina'dan 16:30'da hareket, Lara Plaj\u0131 yak\u0131nlar\u0131ndaki berrak sulara seyir ve Akdeniz'in alt\u0131n g\u00f6ky\u00fcz\u00fc alt\u0131nda 20:30'da d\u00f6n\u00fc\u015f.<\/p>\n<h3 dir=\"auto\">Dahil<\/h3>\n<div><span style=\"color: #00ff00;\"><strong>\u2713<\/strong> \u00a0<\/span>Otelden ve otele transfer<\/div>\n<div><span style=\"color: #00ff00;\"><strong>\u2713\u00a0<\/strong> <\/span>Rehberlik hizmetleri<\/div>\n<div><span style=\"color: #00ff00;\"><strong>\u2713<\/strong><\/span>\u00a0 Sigorta<\/div>\n<div><span style=\"color: #00ff00;\"><strong>\u2713<\/strong><\/span> Yatta ak\u015fam yeme\u011fi<\/div>\n<div><span style=\"color: #00ff00;\"><strong>\u2713 <\/strong><\/span>Taze meyve<\/div>\n<div><span style=\"color: #00ff00;\"><strong>\u2713 <\/strong><\/span>Alkols\u00fcz i\u00e7ecekler<\/div>\n<h3 dir=\"auto\">Dahil de\u011fildir<\/h3>\n<div><span style=\"color: #ff0000;\"><strong>\u2717<\/strong><\/span> Alkoll\u00fc i\u00e7ecekler<\/div>\n<div><span style=\"color: #ff0000;\"><strong>\u2717<\/strong><\/span> Ki\u015fisel harcamalar, foto\u011fraflar ve videolar<\/div>\n<h3 data-start=\"821\" data-end=\"853\">\ud83c\udf1f Turun \u00f6ne \u00e7\u0131kan \u00f6zellikleri<\/h3>\n<p data-start=\"854\" data-end=\"1178\">\ud83d\udd39 14,5 metrelik motor yatta \u00f6zel ak\u015fam gezisi<br data-start=\"914\" data-end=\"917\" \/>\ud83d\udd39 Lara Plaj\u0131 yak\u0131nlar\u0131ndaki sakin bir koyda y\u00fczme<br data-start=\"961\" data-end=\"964\" \/>\ud83d\udd39 Gemide taze pi\u015firilmi\u015f ak\u015fam yeme\u011fi<br data-start=\"1000\" data-end=\"1003\" \/>\ud83d\udd39 \u00c7iftler ve k\u00fc\u00e7\u00fck gruplar i\u00e7in samimi ve rahatlat\u0131c\u0131 atmosfer<br data-start=\"1066\" data-end=\"1069\" \/>\ud83d\udd39 Akdeniz \u00fczerinde g\u00fcn bat\u0131m\u0131n\u0131 izlemek<br data-start=\"1111\" data-end=\"1114\" \/>\ud83d\udd39 Profesyonel bir ekiple ki\u015fiselle\u015ftirilmi\u015f VIP hizmeti<\/p>\n<h3 data-start=\"1180\" data-end=\"1206\">\ud83d\udcd6 Tam a\u00e7\u0131klama<\/h3>\n<p data-start=\"1207\" data-end=\"1432\">Unutulmaz ak\u015fam\u0131n\u0131z, \u00f6zel yat\u0131n\u0131z ve g\u00fcler y\u00fczl\u00fc m\u00fcrettebat\u0131n\u0131z taraf\u0131ndan kar\u015f\u0131lanaca\u011f\u0131n\u0131z Belek'teki Ac\u0131su Marina'da saat 16:30'da ba\u015fl\u0131yor. Sahil boyunca Lara Plaj\u0131'na do\u011fru ilerlerken g\u00fcne\u015flenme g\u00fcvertesinde serinletici bir i\u00e7ecekle rahatlay\u0131n.<\/p>\n<p data-start=\"1434\" data-end=\"1763\">Sakin bir koya demirleyecek ve turkuaz sularda kendinizi yenileyeceksiniz. Teknede, g\u00fcn bat\u0131m\u0131n\u0131n ihti\u015fam\u0131 alt\u0131nda \u00f6zenle haz\u0131rlanm\u0131\u015f yerel spesiyalitelerden olu\u015fan bir ak\u015fam yeme\u011finin, meyve ve alkols\u00fcz i\u00e7eceklerin tad\u0131n\u0131 \u00e7\u0131karacaks\u0131n\u0131z. \u0130ster \u00f6zel bir g\u00fcn\u00fc kutlamak ister sakin bir inzivaya \u00e7ekilmek i\u00e7in olsun, bu ak\u015fam gezisi m\u00fckemmel bir atmosfer sa\u011flar.<\/p>\n<p data-start=\"1765\" data-end=\"2014\">G\u00fcne\u015f ufkun alt\u0131nda batarken hafif deniz melteminin, harika arkada\u015fl\u0131\u011f\u0131n ve huzurlu bir atmosferin tad\u0131n\u0131 \u00e7\u0131kar\u0131n. Saat 20:30'da Ac\u0131su Marina'ya d\u00f6n\u00fcn ve Akdeniz tatilinizin unutulmaz an\u0131lar\u0131yla g\u00fcn\u00fc sonland\u0131r\u0131n.<\/p>\n<h3 data-start=\"2016\" data-end=\"2040\">\ud83d\uddfa\ufe0f Tur g\u00fczergah\u0131<\/h3>\n<p data-start=\"2041\" data-end=\"2289\">\ud83d\udd39 16:30 - Ac\u0131su Marina, Belek'ten hareket<br data-start=\"2087\" data-end=\"2090\" \/>\ud83d\udd39 Sahil boyunca Lara Plaj\u0131'na yolculuk<br data-start=\"2127\" data-end=\"2130\" \/>\ud83d\udd39 G\u00f6zlerden uzak bir koyda y\u00fczmek<br data-start=\"2159\" data-end=\"2162\" \/>\ud83d\udd39 G\u00fcn bat\u0131m\u0131 s\u0131ras\u0131nda gemide ak\u015fam yeme\u011fi<br data-start=\"2194\" data-end=\"2197\" \/>\ud83d\udd39 Manzaral\u0131 deniz manzaras\u0131 ile d\u00f6n\u00fc\u015f<br data-start=\"2241\" data-end=\"2244\" \/>\ud83d\udd39 20:30 - Adjisu Marina'ya geri var\u0131\u015f<\/p>\n<h3 data-start=\"2653\" data-end=\"2683\">\u2139\ufe0f Faydal\u0131 bilgiler<\/h3>\n<p data-start=\"2684\" data-end=\"2886\">\ud83d\udd39 S\u00fcre: yakla\u015f\u0131k 4 saat (16:30-20:30)<br data-start=\"2735\" data-end=\"2738\" \/>\ud83d\udd39 Tur, m\u00fcsaitlik durumuna ba\u011fl\u0131 olarak g\u00fcnl\u00fck olarak ger\u00e7ekle\u015ftirilir<br data-start=\"2793\" data-end=\"2796\" \/>\ud83d\udd39 Hava ko\u015fullar\u0131 nedeniyle g\u00fczergah de\u011fi\u015febilir<br data-start=\"2846\" data-end=\"2849\" \/>\ud83d\udd39 Maksimum 12 misafir - \u00f6zel tur<\/p>\n<h3><strong>\ud83c\udf92 Yan\u0131n\u0131za ne almal\u0131s\u0131n\u0131z<\/strong><\/h3>\n<p data-start=\"2419\" data-end=\"2581\">\ud83d\udd39 Mayo ve havlu.<br data-start=\"2443\" data-end=\"2446\" \/>\ud83d\udd39 G\u00fcne\u015f kremi ve g\u00fcne\u015f g\u00f6zl\u00fc\u011f\u00fc<br data-start=\"2475\" data-end=\"2478\" \/>\ud83d\udd39 Ak\u015fam i\u00e7in hafif bir ceket.<br data-start=\"2503\" data-end=\"2506\" \/>\ud83d\udd39 Ki\u015fisel harcamalar i\u00e7in nakit<br data-start=\"2537\" data-end=\"2540\" \/>\ud83d\udd39 Su ge\u00e7irmez bir kamera veya telefon<\/p>\n<h3 data-start=\"2291\" data-end=\"2317\">\ud83d\udeab \u015eunlar i\u00e7in uygun de\u011fildir<\/h3>\n<p data-start=\"2318\" data-end=\"2388\">\ud83d\udd39 Hareket kabiliyeti k\u0131s\u0131tl\u0131 ki\u015filer<br data-start=\"2354\" data-end=\"2357\" \/>\ud83d\udd39 Deniz tutmas\u0131na yatk\u0131n<\/p>\n<div class=\"elementor-element elementor-element-884d539 e-con-full e-flex e-con e-child\" data-id=\"884d539\" data-element_type=\"container\">\n<div id=\"description\" class=\"elementor-element elementor-element-337037cc elementor-widget elementor-widget-thim-ekits-tours-content\" data-id=\"337037cc\" data-element_type=\"widget\" data-widget_type=\"thim-ekits-tours-content.default\">\n<div class=\"elementor-widget-container\">\n<div class=\"thim-ekit-single-tour__content\">\n<h3 data-start=\"2638\" data-end=\"2660\"><strong>\ud83d\udcb8 Fiyat ve rezervasyon<\/strong><\/h3>\n<div data-start=\"2662\" data-end=\"2894\"><strong>\ud83d\udd39 \u015eimdi rezervasyon yap\u0131n - tur g\u00fcn\u00fc \u00f6deme yap\u0131n<\/strong><\/div>\n<div data-start=\"2662\" data-end=\"2894\">\ud83d\udd39 WhatsApp, Telegram, Viber \u00fczerinden bize ula\u015f\u0131n veya a\u015fa\u011f\u0131daki sipari\u015f formunu doldurun. \ud83d\udc47\ud83c\udffc<\/div>\n<\/div>\n<\/div>\n<\/div>\n<\/div>\n<div class=\"elementor-element elementor-element-57a2f74 elementor-widget-divider--view-line elementor-widget elementor-widget-divider\" data-id=\"57a2f74\" data-element_type=\"widget\" data-widget_type=\"divider.default\">\n<div class=\"elementor-widget-container\">\n<div class=\"elementor-divider\"><\/div>\n<\/div>\n<\/div>","protected":false},"excerpt":{"rendered":"<p>Ak\u015fam yeme\u011fi, Lara Plaj\u0131'nda y\u00fczme ve \u00e7iftler ve gruplar i\u00e7in rahatlat\u0131c\u0131 bir atmosfer e\u015fli\u011finde Belek'te ki\u015fiselle\u015ftirilmi\u015f bir g\u00fcn bat\u0131m\u0131 tekne turunun keyfini \u00e7\u0131kar\u0131n.<\/p>","protected":false},"featured_media":13685,"comment_status":"open","ping_status":"closed","template":"","meta":[],"product_brand":[],"product_cat":[127],"product_tag":[128],"class_list":{"0":"post-13691","1":"product","2":"type-product","3":"status-publish","4":"has-post-thumbnail","6":"tour_phys-arenda-yaht","7":"product_cat-arenda-yacht","8":"product_tag-arenda-yacht","9":"pa_kategori-arenda-yacht","11":"first","12":"instock","13":"sale","14":"shipping-taxable","15":"purchasable","16":"product-type-tour_phys"},"aioseo_notices":[],"_links":{"self":[{"href":"https:\/\/mirekskursii.com\/tr\/wp-json\/wp\/v2\/product\/13691","targetHints":{"allow":["GET"]}}],"collection":[{"href":"https:\/\/mirekskursii.com\/tr\/wp-json\/wp\/v2\/product"}],"about":[{"href":"https:\/\/mirekskursii.com\/tr\/wp-json\/wp\/v2\/types\/product"}],"replies":[{"embeddable":true,"href":"https:\/\/mirekskursii.com\/tr\/wp-json\/wp\/v2\/comments?post=13691"}],"wp:featuredmedia":[{"embeddable":true,"href":"https:\/\/mirekskursii.com\/tr\/wp-json\/wp\/v2\/media\/13685"}],"wp:attachment":[{"href":"https:\/\/mirekskursii.com\/tr\/wp-json\/wp\/v2\/media?parent=13691"}],"wp:term":[{"taxonomy":"product_brand","embeddable":true,"href":"https:\/\/mirekskursii.com\/tr\/wp-json\/wp\/v2\/product_brand?post=13691"},{"taxonomy":"product_cat","embeddable":true,"href":"https:\/\/mirekskursii.com\/tr\/wp-json\/wp\/v2\/product_cat?post=13691"},{"taxonomy":"product_tag","embeddable":true,"href":"https:\/\/mirekskursii.com\/tr\/wp-json\/wp\/v2\/product_tag?post=13691"}],"curies":[{"name":"wp","href":"https:\/\/api.w.org\/{rel}","templated":true}]}}